{"id":35988,"date":"2024-08-10T23:34:35","date_gmt":"2024-08-10T23:34:35","guid":{"rendered":"https:\/\/sakaba.mghosteur.com\/?post_type=product&#038;p=35988"},"modified":"2024-08-14T03:53:53","modified_gmt":"2024-08-14T03:53:53","slug":"medix-5-5-argan-oil-vitamin-e-body-treatmen-444ml","status":"publish","type":"product","link":"https:\/\/sakaba.mghosteur.com\/en\/product\/medix-5-5-argan-oil-vitamin-e-body-treatmen-444ml\/","title":{"rendered":"MEDIX 5.5 ARGAN OIL+ VITAMIN E BODY TREATMEN 444ML"},"content":{"rendered":"<p>Le soin corporel \u00e0 l&#8217;huile d&#8217;argan et \u00e0 la vitamine E Medix 5.5 est une cr\u00e8me de 15 fl oz qui utilise des ingr\u00e9dients naturels pour aider \u00e0 r\u00e9duire l&#8217;apparence des rides, des ridules, de la cellulite, du rel\u00e2chement cutan\u00e9 et des imperfections. Il est sans alcool, sans paraben et sans cruaut\u00e9.<\/p>","protected":false},"excerpt":{"rendered":"<p>Le soin corporel \u00e0 l&#8217;huile d&#8217;argan et \u00e0 la vitamine E Medix 5.5 est une cr\u00e8me de 15 fl oz qui utilise des ingr\u00e9dients naturels pour aider \u00e0 r\u00e9duire l&#8217;apparence des rides, des ridules, de la cellulite, du rel\u00e2chement cutan\u00e9 et des imperfections. Il est sans alcool, sans paraben et sans cruaut\u00e9.<\/p>","protected":false},"featured_media":0,"comment_status":"open","ping_status":"closed","template":"","meta":[],"product_brand":[1029],"product_cat":[1095,447,1061],"product_tag":[],"class_list":{"0":"post-35988","1":"product","2":"type-product","3":"status-publish","5":"product_brand-medix-5-5","6":"product_cat-anti-age","7":"product_cat-aac-bain-et-corps","8":"product_cat-lait-huile_corporelle","10":"first","11":"instock","12":"shipping-taxable","13":"product-type-simple"},"jetpack-related-posts":[{"id":35982,"url":"https:\/\/sakaba.mghosteur.com\/en\/product\/medix-5-5-collagen-peptides-plump-lift-444ml\/","url_meta":{"origin":35988,"position":0},"title":"MEDIX 5.5 COLLAGEN + PEPTIDES PLUMP + LIFT 444ML","author":"admin","date":"August 10, 2024","format":false,"excerpt":"La cr\u00e8me pour le corps Medix 5.5 Collag\u00e8ne + Peptide aide \u00e0 renforcer l\u2019\u00e9lasticit\u00e9 de la peau, \u00e0 restaurer le collag\u00e8ne dans votre peau, \u00e0 hydrater et nourrir votre peau, la laissant plus douce, souple et radieuse. Elle aide \u00e0 am\u00e9liorer la texture et le teint de la peau, \u00e0\u2026","rel":"","context":"Similar post","block_context":{"text":"Similar post","link":""},"img":{"alt_text":"","src":"","width":0,"height":0},"classes":[]},{"id":35978,"url":"https:\/\/sakaba.mghosteur.com\/en\/product\/medix-5-5-retinol-ferulic-acid-age-rewind-444ml\/","url_meta":{"origin":35988,"position":1},"title":"MEDIX 5.5 RETINOL FERULIC ACID AGE REWIND 444ML","author":"admin","date":"August 10, 2024","format":false,"excerpt":"MEDIX 5.5 \u2013 RETINOL CREAM contient d\u2019autres ingr\u00e9dients actifs tels que l\u2019acide f\u00e9rulique, le th\u00e9 vert, la vitamine E, le beurre de karit\u00e9 et l\u2019aloe vera qui agissent en synergie pour am\u00e9liorer la sant\u00e9 globale et l\u2019apparence de votre peau afin de donner \u00e0 votre peau un \u00e9clat jeune et\u2026","rel":"","context":"Similar post","block_context":{"text":"Similar post","link":""},"img":{"alt_text":"","src":"","width":0,"height":0},"classes":[]},{"id":33122,"url":"https:\/\/sakaba.mghosteur.com\/en\/product\/medix-5-5-20-vitamin-f-barrier-booster-serum-50ml-15\/","url_meta":{"origin":35988,"position":2},"title":"MEDIX 5.5 20% VITAMIN F BARRIER BOOSTER SERUM 50ML 15","author":"admin","date":"May 20, 2024","format":false,"excerpt":"Le s\u00e9rum Medix 5.5 20% Vitamin F Barrier Booster 50 ml est un s\u00e9rum qui contient de la vitamine F, un acide gras qui aide \u00e0 maintenir l'hydratation et l'int\u00e9grit\u00e9 de la barri\u00e8re cutan\u00e9e. Il est sans paraben, sans cruaut\u00e9 et convient \u00e0 tous les types de peau. Le s\u00e9rum\u2026","rel":"","context":"Similar post","block_context":{"text":"Similar post","link":""},"img":{"alt_text":"","src":"","width":0,"height":0},"classes":[]},{"id":35992,"url":"https:\/\/sakaba.mghosteur.com\/en\/product\/medix-5-5-vitamin-c-tumeric-brighten-film-444ml-18500\/","url_meta":{"origin":35988,"position":3},"title":"MEDIX 5.5 VITAMIN C + TUMERIC BRIGHTEN +FILM 444ML 18500","author":"admin","date":"August 10, 2024","format":false,"excerpt":"L\u2019incorporation d\u2019une lotion pour le corps infus\u00e9e de vitamine C dans votre routine quotidienne de soins de la peau peut aider \u00e0 promouvoir un teint plus sain, plus radieux et plus jeune. La vitamine C aide \u00e0 favoriser un teint uniforme, tout en aidant \u00e9galement \u00e0 stimuler la production de\u2026","rel":"","context":"Similar post","block_context":{"text":"Similar post","link":""},"img":{"alt_text":"","src":"","width":0,"height":0},"classes":[]},{"id":33119,"url":"https:\/\/sakaba.mghosteur.com\/en\/product\/medix-5-5-3-hyaluronic-hydrate-booster-serum-50ml\/","url_meta":{"origin":35988,"position":4},"title":"MEDIX 5.5 3% HYALURONIC HYDRATE BOOSTER SERUM 50ML","author":"admin","date":"May 20, 2024","format":false,"excerpt":"Le s\u00e9rum \u00e0 l'acide hyaluronique est formul\u00e9 avec trois poids mol\u00e9culaires diff\u00e9rents, ainsi que de la vitamine B5, de l'alo\u00e8s et du varech, laissant la peau extr\u00eamement hydrat\u00e9e et rebondie.","rel":"","context":"Similar post","block_context":{"text":"Similar post","link":""},"img":{"alt_text":"","src":"","width":0,"height":0},"classes":[]},{"id":31729,"url":"https:\/\/sakaba.mghosteur.com\/en\/product\/medix-5-5-vitamin-c-tumeric-brighten-film-444ml\/","url_meta":{"origin":35988,"position":5},"title":"MEDIX 5.5 VITAMIN C + TUMERIC BRIGHTEN +FILM 444ML","author":"admin","date":"May 10, 2024","format":false,"excerpt":"VITAMINE C \u2013 Int\u00e9grez une lotion corporelle infus\u00e9e de vitamine C dans votre routine de soins quotidiens pour favoriser un teint plus sain, plus radieux et plus jeune. La vitamine C aide \u00e0 uniformiser le teint, tout en stimulant la production de collag\u00e8ne pour am\u00e9liorer l'\u00e9lasticit\u00e9 et la fermet\u00e9 de\u2026","rel":"","context":"Similar post","block_context":{"text":"Similar post","link":""},"img":{"alt_text":"","src":"","width":0,"height":0},"classes":[]}],"_links":{"self":[{"href":"https:\/\/sakaba.mghosteur.com\/en\/wp-json\/wp\/v2\/product\/35988","targetHints":{"allow":["GET"]}}],"collection":[{"href":"https:\/\/sakaba.mghosteur.com\/en\/wp-json\/wp\/v2\/product"}],"about":[{"href":"https:\/\/sakaba.mghosteur.com\/en\/wp-json\/wp\/v2\/types\/product"}],"replies":[{"embeddable":true,"href":"https:\/\/sakaba.mghosteur.com\/en\/wp-json\/wp\/v2\/comments?post=35988"}],"version-history":[{"count":0,"href":"https:\/\/sakaba.mghosteur.com\/en\/wp-json\/wp\/v2\/product\/35988\/revisions"}],"wp:attachment":[{"href":"https:\/\/sakaba.mghosteur.com\/en\/wp-json\/wp\/v2\/media?parent=35988"}],"wp:term":[{"taxonomy":"product_brand","embeddable":true,"href":"https:\/\/sakaba.mghosteur.com\/en\/wp-json\/wp\/v2\/product_brand?post=35988"},{"taxonomy":"product_cat","embeddable":true,"href":"https:\/\/sakaba.mghosteur.com\/en\/wp-json\/wp\/v2\/product_cat?post=35988"},{"taxonomy":"product_tag","embeddable":true,"href":"https:\/\/sakaba.mghosteur.com\/en\/wp-json\/wp\/v2\/product_tag?post=35988"}],"curies":[{"name":"wp","href":"https:\/\/api.w.org\/{rel}","templated":true}]}}