{"id":35998,"date":"2024-08-11T00:01:19","date_gmt":"2024-08-11T00:01:19","guid":{"rendered":"https:\/\/sakaba.mghosteur.com\/?post_type=product&#038;p=35998"},"modified":"2024-08-28T03:18:47","modified_gmt":"2024-08-28T03:18:47","slug":"mielle-rice-water-collection-shine-mist-118ml","status":"publish","type":"product","link":"https:\/\/sakaba.mghosteur.com\/en\/product\/mielle-rice-water-collection-shine-mist-118ml\/","title":{"rendered":"MIELLE RICE WATER COLLECTION SHINE MIST 118ML"},"content":{"rendered":"<div class=\"rte\">\n<p>Id\u00e9al pour r\u00e9hydrater et rafra\u00eechir les boucles. L&#8217;eau de riz et le yuzu sont la combinaison parfaite pour plus de brillance et d&#8217;hydratation.&nbsp;&nbsp;Cette brume l\u00e9g\u00e8re ajoute non seulement de la brillance, mais hydrate \u00e9galement et aide \u00e0 pr\u00e9venir les m\u00e8ches rebelles.<\/p>\n<p><button id=\"product-tab-How To Use\" class=\"accordion-button event_button_click active\" aria-controls=\"product-tab-How To Use\" aria-expanded=\"false\" data-action-detail=\"How To Use\"><span class=\"acco-title\">Comment utiliser<\/span><\/button><\/p>\n<div class=\"rte\">\n<p>Appliquer sur cheveux humides ou secs, coiffer comme vous le souhaitez. Peut \u00eatre utilis\u00e9 pour rafra\u00eechir les boucles ou la coiffure souhait\u00e9e<\/p>\n<\/div>\n<\/div>","protected":false},"excerpt":{"rendered":"<p>Id\u00e9al pour r\u00e9hydrater et rafra\u00eechir les boucles. L&#8217;eau de riz et le yuzu sont la combinaison parfaite pour plus de brillance et d&#8217;hydratation.&nbsp;&nbsp;Cette brume l\u00e9g\u00e8re ajoute non seulement de la brillance, mais hydrate \u00e9galement et aide \u00e0 pr\u00e9venir les m\u00e8ches rebelles. Comment utiliser Appliquer sur cheveux humides ou secs, coiffer comme vous le souhaitez. Peut<span class=\"read-more-faq\"><a href=\"https:\/\/sakaba.mghosteur.com\/en\/product\/mielle-rice-water-collection-shine-mist-118ml\/\">Read More<\/a><\/span><\/p>","protected":false},"featured_media":0,"comment_status":"open","ping_status":"closed","template":"","meta":[],"product_brand":[916],"product_cat":[284,336],"product_tag":[],"class_list":{"0":"post-35998","1":"product","2":"type-product","3":"status-publish","5":"product_brand-mielle","6":"product_cat-aad-cheveux","7":"product_cat-coiffant-fixant","9":"first","10":"instock","11":"shipping-taxable","12":"product-type-simple"},"jetpack-related-posts":[{"id":26094,"url":"https:\/\/sakaba.mghosteur.com\/en\/product\/mielle-pomegranate-honey-coil-sculpting-custard\/","url_meta":{"origin":35998,"position":0},"title":"MIELLE POMEGRANATE &amp; HONEY COIL SCULPTING CUSTARD","author":"admin","date":"November 24, 2022","format":false,"excerpt":"Vous avez des probl\u00e8mes de boucles s\u00e8ches et assoiff\u00e9es? Le gel coiffant sculptant pour boucles \u00e0 la grenade et au miel de Mielle est une bouff\u00e9e d\u2019air frais! Hydratation, d\u00e9finition des boucles, brillance longue dur\u00e9e : tout y est. Cette formule \u00e9paisse et d\u00e9licieusement parfum\u00e9e est con\u00e7ue pour les cheveux\u2026","rel":"","context":"Similar post","block_context":{"text":"Similar post","link":""},"img":{"alt_text":"","src":"","width":0,"height":0},"classes":[]},{"id":26106,"url":"https:\/\/sakaba.mghosteur.com\/en\/product\/mielle-avocado-moisturizing-hair-milk\/","url_meta":{"origin":35998,"position":1},"title":"MIELLE AVOCADO MOISTURIZING HAIR MILK","author":"admin","date":"November 24, 2022","format":false,"excerpt":"Ce lait capillaire hydratant peut offrir une hydratation importante aux cheveux secs et assoiff\u00e9s. Infus\u00e9 d'un m\u00e9lange d'extraits de plantes et d'ingr\u00e9dients certifi\u00e9s biologiques, vous pouvez enfin respirer en toute tranquillit\u00e9 en sachant que vous avez trouv\u00e9 un produit \u00e0 la fois s\u00fbr et efficace. Utilisez ce produit comme hydratant\u2026","rel":"","context":"Similar post","block_context":{"text":"Similar post","link":""},"img":{"alt_text":"","src":"","width":0,"height":0},"classes":[]},{"id":25927,"url":"https:\/\/sakaba.mghosteur.com\/en\/product\/carols-daughter-cream-serum-moisturizer\/","url_meta":{"origin":35998,"position":2},"title":"CAROL&#8217;S DAUGHTER CREAM SERUM MOISTURIZER","author":"admin","date":"November 23, 2022","format":false,"excerpt":"La cr\u00e8me hydratante pour cheveux Carol\u2019s Daughter Wash Day Delight \u00e0 l\u2019eau de rose et \u00e0 la glyc\u00e9rine aide \u00e0 pr\u00e9venir les frisottis, \u00e0 d\u00e9m\u00ealer et \u00e0 adoucir. S\u00e9rum hydratant l\u00e9ger pour cheveux boucl\u00e9s m\u00e9lang\u00e9 \u00e0 de l\u2019eau de rose et \u00e0 de la glyc\u00e9rine pour fournir une hydratation et\u2026","rel":"","context":"Similar post","block_context":{"text":"Similar post","link":""},"img":{"alt_text":"","src":"","width":0,"height":0},"classes":[]},{"id":32056,"url":"https:\/\/sakaba.mghosteur.com\/en\/product\/mielle-rosemary-mint-strengtening-scalp-hair-quencher\/","url_meta":{"origin":35998,"position":3},"title":"MIELLE ROSEMARY MINT STRENGTENING SCALP HAIR QUENCHER","author":"admin","date":"May 13, 2024","format":false,"excerpt":"La pommade-\u00e0-huile pour le cuir chevelu et les cheveux au romarin et \u00e0 la menthe de Mielle\u00a0est une coiffure revitalisante qui se transforme d'une pommade en une huile. Il d\u00e9salt\u00e8re le cuir chevelu, hydrate les cheveux secs et assoiff\u00e9s et aide \u00e0\u00a0\u00a0prot\u00e9ger du dess\u00e8chement. Cette coiffure lisse les m\u00e8ches rebelles\u2026","rel":"","context":"Similar post","block_context":{"text":"Similar post","link":""},"img":{"alt_text":"","src":"","width":0,"height":0},"classes":[]},{"id":29700,"url":"https:\/\/sakaba.mghosteur.com\/en\/product\/palmers-length-retention-conditioner-2\/","url_meta":{"origin":35998,"position":4},"title":"PALMERS LENGTH RETENTION CONDITIONER","author":"admin","date":"April 14, 2023","format":false,"excerpt":"Le conditionneur de r\u00e9tention de longueur de la marque Palmer's est un produit de soin capillaire de haute qualit\u00e9 qui convient \u00e0 tous les motifs et textures de boucles. Ce revitalisant cr\u00e9meux et riche ne contient pas de silicone, de parab\u00e8nes, de phtalates, d'huile min\u00e9rale, de gluten ou de colorants,\u2026","rel":"","context":"Similar post","block_context":{"text":"Similar post","link":""},"img":{"alt_text":"","src":"","width":0,"height":0},"classes":[]},{"id":25784,"url":"https:\/\/sakaba.mghosteur.com\/en\/product\/ogx-finishing-mist-locking-coconut-curls\/","url_meta":{"origin":35998,"position":5},"title":"OGX Finishing Mist, Locking + Coconut Curls","author":"admin","date":"November 22, 2022","format":false,"excerpt":"Resserrez vos boucles avec notre brume de finition OGX Locking + Coconut Curls, \u00e0 base d'huile de coco et d'extrait de jasmin pour une finition lisse et une tenue solide sans craquement ! Utilisez-la pour terminer votre coiffure boucl\u00e9e ou rafra\u00eechir les boucles du deuxi\u00e8me jour. M\u00e9lang\u00e9 avec de l'huile\u2026","rel":"","context":"Similar post","block_context":{"text":"Similar post","link":""},"img":{"alt_text":"","src":"","width":0,"height":0},"classes":[]}],"_links":{"self":[{"href":"https:\/\/sakaba.mghosteur.com\/en\/wp-json\/wp\/v2\/product\/35998","targetHints":{"allow":["GET"]}}],"collection":[{"href":"https:\/\/sakaba.mghosteur.com\/en\/wp-json\/wp\/v2\/product"}],"about":[{"href":"https:\/\/sakaba.mghosteur.com\/en\/wp-json\/wp\/v2\/types\/product"}],"replies":[{"embeddable":true,"href":"https:\/\/sakaba.mghosteur.com\/en\/wp-json\/wp\/v2\/comments?post=35998"}],"version-history":[{"count":0,"href":"https:\/\/sakaba.mghosteur.com\/en\/wp-json\/wp\/v2\/product\/35998\/revisions"}],"wp:attachment":[{"href":"https:\/\/sakaba.mghosteur.com\/en\/wp-json\/wp\/v2\/media?parent=35998"}],"wp:term":[{"taxonomy":"product_brand","embeddable":true,"href":"https:\/\/sakaba.mghosteur.com\/en\/wp-json\/wp\/v2\/product_brand?post=35998"},{"taxonomy":"product_cat","embeddable":true,"href":"https:\/\/sakaba.mghosteur.com\/en\/wp-json\/wp\/v2\/product_cat?post=35998"},{"taxonomy":"product_tag","embeddable":true,"href":"https:\/\/sakaba.mghosteur.com\/en\/wp-json\/wp\/v2\/product_tag?post=35998"}],"curies":[{"name":"wp","href":"https:\/\/api.w.org\/{rel}","templated":true}]}}