{"id":36002,"date":"2024-08-11T00:09:06","date_gmt":"2024-08-11T00:09:06","guid":{"rendered":"https:\/\/sakaba.mghosteur.com\/?post_type=product&#038;p=36002"},"modified":"2024-08-28T03:18:14","modified_gmt":"2024-08-28T03:18:14","slug":"mielle-rice-water-collection-moisturizing-milk","status":"publish","type":"product","link":"https:\/\/sakaba.mghosteur.com\/en\/product\/mielle-rice-water-collection-moisturizing-milk\/","title":{"rendered":"MIELLE RICE WATER COLLECTION MOISTURIZING MILK"},"content":{"rendered":"<div class=\"rte\">\n<p>Enrichi d&#8217;ingr\u00e9dients cl\u00e9s tels que l&#8217;huile de carthame,&nbsp;&nbsp;<span><a href=\"https:\/\/mielleorganics.com\/collections\/rice-water\">l&#8217;eau de riz pour les cheveux&nbsp;<\/a><\/span>, le yuzu, l&#8217;huile de ricin et l&#8217;huile de coco pour renforcer et retenir l&#8217;humidit\u00e9,&nbsp;<span>&nbsp;cet hydratant quotidien est la solution parfaite pour redonner vie aux cheveux secs et assoiff\u00e9s.<\/span><\/p>\n<p><span><strong>Principaux avantages :<\/strong><\/span><\/p>\n<ul>\n<li><span>Cr\u00e8me hydratante quotidienne<\/span><\/li>\n<li><span>Ravive les cheveux secs et assoiff\u00e9s<\/span><\/li>\n<li><span>Renforce et ajoute de la brillance<\/span><\/li>\n<\/ul>\n<p><span><strong>8 fl oz | Id\u00e9al pour la r\u00e9tention de la longueur<\/strong><\/span>Comment utiliser<\/p>\n<\/div>\n<div class=\"rte\">\n<p><span>Appliquer une noisette de produit de la racine \u00e0 la pointe sur cheveux secs ou mouill\u00e9s. Peut \u00eatre utilis\u00e9 pour le coiffage et l&#8217;hydratation.<\/span><\/p>\n<\/div>","protected":false},"excerpt":{"rendered":"<p>Enrichi d&#8217;ingr\u00e9dients cl\u00e9s tels que l&#8217;huile de carthame,&nbsp;&nbsp;l&#8217;eau de riz pour les cheveux&nbsp;, le yuzu, l&#8217;huile de ricin et l&#8217;huile de coco pour renforcer et retenir l&#8217;humidit\u00e9,&nbsp;&nbsp;cet hydratant quotidien est la solution parfaite pour redonner vie aux cheveux secs et assoiff\u00e9s. Principaux avantages : Cr\u00e8me hydratante quotidienne Ravive les cheveux secs et assoiff\u00e9s Renforce et<span class=\"read-more-faq\"><a href=\"https:\/\/sakaba.mghosteur.com\/en\/product\/mielle-rice-water-collection-moisturizing-milk\/\">Read More<\/a><\/span><\/p>","protected":false},"featured_media":0,"comment_status":"open","ping_status":"closed","template":"","meta":[],"product_brand":[916],"product_cat":[284,1063],"product_tag":[],"class_list":{"0":"post-36002","1":"product","2":"type-product","3":"status-publish","5":"product_brand-mielle","6":"product_cat-aad-cheveux","7":"product_cat-traitement-capilaire","9":"first","10":"instock","11":"shipping-taxable","12":"product-type-simple"},"jetpack-related-posts":[{"id":26106,"url":"https:\/\/sakaba.mghosteur.com\/en\/product\/mielle-avocado-moisturizing-hair-milk\/","url_meta":{"origin":36002,"position":0},"title":"MIELLE AVOCADO MOISTURIZING HAIR MILK","author":"admin","date":"November 24, 2022","format":false,"excerpt":"Ce lait capillaire hydratant peut offrir une hydratation importante aux cheveux secs et assoiff\u00e9s. Infus\u00e9 d'un m\u00e9lange d'extraits de plantes et d'ingr\u00e9dients certifi\u00e9s biologiques, vous pouvez enfin respirer en toute tranquillit\u00e9 en sachant que vous avez trouv\u00e9 un produit \u00e0 la fois s\u00fbr et efficace. Utilisez ce produit comme hydratant\u2026","rel":"","context":"Similar post","block_context":{"text":"Similar post","link":""},"img":{"alt_text":"","src":"","width":0,"height":0},"classes":[]},{"id":36005,"url":"https:\/\/sakaba.mghosteur.com\/en\/product\/mielle-rice-water-collection-hydrating-shampoo\/","url_meta":{"origin":36002,"position":1},"title":"MIELLE RICE WATER COLLECTION HYDRATING SHAMPOO","author":"admin","date":"August 11, 2024","format":false,"excerpt":"Description Des ingr\u00e9dients tels que l'eau de riz et le yuzu renforcent les cheveux, leur apportent de la brillance et aident \u00e0 r\u00e9duire les pointes fourchues. Ce shampooing sent non seulement bon, mais donnera \u00e9galement \u00e0 vos cheveux le coup de pouce dont ils ont besoin et qu'ils m\u00e9ritent. Principaux\u2026","rel":"","context":"Similar post","block_context":{"text":"Similar post","link":""},"img":{"alt_text":"","src":"","width":0,"height":0},"classes":[]},{"id":32056,"url":"https:\/\/sakaba.mghosteur.com\/en\/product\/mielle-rosemary-mint-strengtening-scalp-hair-quencher\/","url_meta":{"origin":36002,"position":2},"title":"MIELLE ROSEMARY MINT STRENGTENING SCALP HAIR QUENCHER","author":"admin","date":"May 13, 2024","format":false,"excerpt":"La pommade-\u00e0-huile pour le cuir chevelu et les cheveux au romarin et \u00e0 la menthe de Mielle\u00a0est une coiffure revitalisante qui se transforme d'une pommade en une huile. Il d\u00e9salt\u00e8re le cuir chevelu, hydrate les cheveux secs et assoiff\u00e9s et aide \u00e0\u00a0\u00a0prot\u00e9ger du dess\u00e8chement. Cette coiffure lisse les m\u00e8ches rebelles\u2026","rel":"","context":"Similar post","block_context":{"text":"Similar post","link":""},"img":{"alt_text":"","src":"","width":0,"height":0},"classes":[]},{"id":26104,"url":"https:\/\/sakaba.mghosteur.com\/en\/product\/mielle-babassu-conditioning-shampoo\/","url_meta":{"origin":36002,"position":3},"title":"MIELLE BABASSU CONDITIONING SHAMPOO","author":"admin","date":"November 24, 2022","format":false,"excerpt":"Le shampooing revitalisant Babassu est un nettoyant doux qui adoucit et renforce vos cheveux avec de riches agents hydratants, en utilisant de l'huile de babassu certifi\u00e9e biologique pour de beaux r\u00e9sultats Avantages cl\u00e9s: formule l\u00e9g\u00e8re et sans sulfate formul\u00e9e pour les cheveux secs et boucl\u00e9s fabriqu\u00e9e avec de l'huile de\u2026","rel":"","context":"Similar post","block_context":{"text":"Similar post","link":""},"img":{"alt_text":"","src":"","width":0,"height":0},"classes":[]},{"id":33975,"url":"https:\/\/sakaba.mghosteur.com\/en\/product\/carol-s-daughter-7-oil-blend-hair-scalp-oil\/","url_meta":{"origin":36002,"position":4},"title":"CAROL\u2019S DAUGHTER 7 OIL BLEND HAIR &amp; SCALP OIL","author":"admin","date":"May 24, 2024","format":false,"excerpt":"Offrez \u00e0 vos cheveux secs et fragiles un traitement de d\u00e9esse avec l'huile pour cuir chevelu et cheveux Goddess Strength de Carol's Daughter. Compos\u00e9e d'un m\u00e9lange de 7 huiles, dont de l'huile de ricin et de l'huile de cumin noir, cette formule hydrate en douceur le cuir chevelu et les\u2026","rel":"","context":"Similar post","block_context":{"text":"Similar post","link":""},"img":{"alt_text":"","src":"","width":0,"height":0},"classes":[]},{"id":32380,"url":"https:\/\/sakaba.mghosteur.com\/en\/product\/sheamoisture-moisturizing-shampoo\/","url_meta":{"origin":36002,"position":5},"title":"SheaMoisture MOISTURIZING SHAMPOO","author":"admin","date":"May 14, 2024","format":false,"excerpt":"Le Shampooing Hydratant SheaMoisture pour Hommes est sp\u00e9cialement con\u00e7u pour prendre soin des cheveux masculins et restaure d\u00e9licatement l'hydratation des cheveux secs. Fabriqu\u00e9 avec des ingr\u00e9dients naturels comme le beurre de karit\u00e9 brut \u00e9quitable et l'huile de Mafura, ce shampooing pour hommes transforme les cheveux secs en cheveux sains. Profitez\u2026","rel":"","context":"Similar post","block_context":{"text":"Similar post","link":""},"img":{"alt_text":"","src":"","width":0,"height":0},"classes":[]}],"_links":{"self":[{"href":"https:\/\/sakaba.mghosteur.com\/en\/wp-json\/wp\/v2\/product\/36002","targetHints":{"allow":["GET"]}}],"collection":[{"href":"https:\/\/sakaba.mghosteur.com\/en\/wp-json\/wp\/v2\/product"}],"about":[{"href":"https:\/\/sakaba.mghosteur.com\/en\/wp-json\/wp\/v2\/types\/product"}],"replies":[{"embeddable":true,"href":"https:\/\/sakaba.mghosteur.com\/en\/wp-json\/wp\/v2\/comments?post=36002"}],"version-history":[{"count":0,"href":"https:\/\/sakaba.mghosteur.com\/en\/wp-json\/wp\/v2\/product\/36002\/revisions"}],"wp:attachment":[{"href":"https:\/\/sakaba.mghosteur.com\/en\/wp-json\/wp\/v2\/media?parent=36002"}],"wp:term":[{"taxonomy":"product_brand","embeddable":true,"href":"https:\/\/sakaba.mghosteur.com\/en\/wp-json\/wp\/v2\/product_brand?post=36002"},{"taxonomy":"product_cat","embeddable":true,"href":"https:\/\/sakaba.mghosteur.com\/en\/wp-json\/wp\/v2\/product_cat?post=36002"},{"taxonomy":"product_tag","embeddable":true,"href":"https:\/\/sakaba.mghosteur.com\/en\/wp-json\/wp\/v2\/product_tag?post=36002"}],"curies":[{"name":"wp","href":"https:\/\/api.w.org\/{rel}","templated":true}]}}