{"id":36005,"date":"2024-08-11T00:11:40","date_gmt":"2024-08-11T00:11:40","guid":{"rendered":"https:\/\/sakaba.mghosteur.com\/?post_type=product&#038;p=36005"},"modified":"2024-08-11T00:11:41","modified_gmt":"2024-08-11T00:11:41","slug":"mielle-rice-water-collection-hydrating-shampoo","status":"publish","type":"product","link":"https:\/\/sakaba.mghosteur.com\/en\/product\/mielle-rice-water-collection-hydrating-shampoo\/","title":{"rendered":"MIELLE RICE WATER COLLECTION HYDRATING SHAMPOO"},"content":{"rendered":"<p><button id=\"product-tab-Description\" class=\"accordion-button event_button_click active\" aria-controls=\"product-tab-Description\" aria-expanded=\"false\" data-action-detail=\"Description\"><span class=\"acco-title\"><span>Description<\/span><\/span><\/button><\/p>\n<div class=\"rte\">\n<p>Des ingr\u00e9dients tels que l&#8217;eau de riz et le yuzu renforcent les cheveux, leur apportent de la brillance et aident \u00e0 r\u00e9duire les pointes fourchues. Ce shampooing sent non seulement bon, mais donnera \u00e9galement \u00e0 vos cheveux le coup de pouce dont ils ont besoin et qu&#8217;ils m\u00e9ritent.<\/p>\n<p><strong><span>Principaux avantages :<\/span><\/strong><\/p>\n<ul>\n<li><span>Cr\u00e8me hydratante quotidienne<\/span><\/li>\n<li><span>Ravive les cheveux secs et assoiff\u00e9s<\/span><\/li>\n<li><span>Renforce et ajoute de la brillance<\/span><\/li>\n<\/ul>\n<p><strong><span>8 fl oz | Con\u00e7u pour tous les types de cheveux<\/span><\/strong><\/p>\n<\/div>\n<p><button id=\"product-tab-How To Use\" class=\"accordion-button event_button_click active\" aria-controls=\"product-tab-How To Use\" aria-expanded=\"false\" data-action-detail=\"How To Use\"><span class=\"acco-title\"><span>Comment utiliser<\/span><\/span><\/button><\/p>\n<div class=\"rte\">\n<p><span>Appliquez une quantit\u00e9 g\u00e9n\u00e9reuse de notre shampoing hydratant \u00e0 l&#8217;eau de riz sur vos mains et massez les cheveux et le cuir chevelu mouill\u00e9s jusqu&#8217;\u00e0 ce qu&#8217;ils moussent. Pour de meilleurs r\u00e9sultats, faites deux shampooings. Appliquez ensuite notre masque \u00e0 l&#8217;argile \u00e0 l&#8217;eau de riz et d&#8217;autres excellents produits \u00e0 base d&#8217;\u00a0<\/span><a href=\"https:\/\/mielleorganics.com\/collections\/rice-water\"><span>eau de riz pour les cheveux<\/span><\/a><span>\u00a0.<\/span><\/p>\n<\/div>","protected":false},"excerpt":{"rendered":"<p>Description Des ingr\u00e9dients tels que l&#8217;eau de riz et le yuzu renforcent les cheveux, leur apportent de la brillance et aident \u00e0 r\u00e9duire les pointes fourchues. Ce shampooing sent non seulement bon, mais donnera \u00e9galement \u00e0 vos cheveux le coup de pouce dont ils ont besoin et qu&#8217;ils m\u00e9ritent. Principaux avantages : Cr\u00e8me hydratante quotidienne<span class=\"read-more-faq\"><a href=\"https:\/\/sakaba.mghosteur.com\/en\/product\/mielle-rice-water-collection-hydrating-shampoo\/\">Read More<\/a><\/span><\/p>","protected":false},"featured_media":0,"comment_status":"open","ping_status":"closed","template":"","meta":[],"product_brand":[916],"product_cat":[284],"product_tag":[],"class_list":{"0":"post-36005","1":"product","2":"type-product","3":"status-publish","5":"product_brand-mielle","6":"product_cat-aad-cheveux","8":"first","9":"instock","10":"shipping-taxable","11":"product-type-simple"},"jetpack-related-posts":[{"id":32056,"url":"https:\/\/sakaba.mghosteur.com\/en\/product\/mielle-rosemary-mint-strengtening-scalp-hair-quencher\/","url_meta":{"origin":36005,"position":0},"title":"MIELLE ROSEMARY MINT STRENGTENING SCALP HAIR QUENCHER","author":"admin","date":"May 13, 2024","format":false,"excerpt":"La pommade-\u00e0-huile pour le cuir chevelu et les cheveux au romarin et \u00e0 la menthe de Mielle\u00a0est une coiffure revitalisante qui se transforme d'une pommade en une huile. Il d\u00e9salt\u00e8re le cuir chevelu, hydrate les cheveux secs et assoiff\u00e9s et aide \u00e0\u00a0\u00a0prot\u00e9ger du dess\u00e8chement. Cette coiffure lisse les m\u00e8ches rebelles\u2026","rel":"","context":"Similar post","block_context":{"text":"Similar post","link":""},"img":{"alt_text":"","src":"","width":0,"height":0},"classes":[]},{"id":35998,"url":"https:\/\/sakaba.mghosteur.com\/en\/product\/mielle-rice-water-collection-shine-mist-118ml\/","url_meta":{"origin":36005,"position":1},"title":"MIELLE RICE WATER COLLECTION SHINE MIST 118ML","author":"admin","date":"August 11, 2024","format":false,"excerpt":"Id\u00e9al pour r\u00e9hydrater et rafra\u00eechir les boucles. L'eau de riz et le yuzu sont la combinaison parfaite pour plus de brillance et d'hydratation.\u00a0\u00a0Cette brume l\u00e9g\u00e8re ajoute non seulement de la brillance, mais hydrate \u00e9galement et aide \u00e0 pr\u00e9venir les m\u00e8ches rebelles. Comment utiliser Appliquer sur cheveux humides ou secs, coiffer\u2026","rel":"","context":"Similar post","block_context":{"text":"Similar post","link":""},"img":{"alt_text":"","src":"","width":0,"height":0},"classes":[]},{"id":31683,"url":"https:\/\/sakaba.mghosteur.com\/en\/product\/sulfur8-medicated-light-formula-anti-dandruff\/","url_meta":{"origin":36005,"position":2},"title":"SULFUR8 MEDICATED LIGHT FORMULA ANTI DANDRUFF","author":"admin","date":"May 10, 2024","format":false,"excerpt":"Shampooing m\u00e9dicamenteux et revitalisant du cuir chevelu Sulfur 8. Sa formule l\u00e9g\u00e8re au soufre-8 offre une hydratation et un adoucissement aux cheveux secs et au cuir chevelu, sans les alourdir. Cette solution embellit les cheveux tout en les rendant plus faciles \u00e0 coiffer et en ajoutant de la brillance. Adapt\u00e9\u2026","rel":"","context":"Similar post","block_context":{"text":"Similar post","link":""},"img":{"alt_text":"","src":"","width":0,"height":0},"classes":[]},{"id":31958,"url":"https:\/\/sakaba.mghosteur.com\/en\/product\/camille-rose-black-castor-oil-chebe-cleanse\/","url_meta":{"origin":36005,"position":3},"title":"CAMILLE ROSE BLACK CASTOR OIL + CHEBE CLEANSE","author":"admin","date":"May 13, 2024","format":false,"excerpt":"Un nettoyant capillaire infus\u00e9 d'huile con\u00e7u pour renforcer les m\u00e8ches, restaurer la brillance et am\u00e9liorer la maniabilit\u00e9. Mode d'emploi : Trempez les cheveux sous la douche et appliquez le shampooing nettoyant sur toute la longueur des cheveux. Pour des textures plus \u00e9paisses, s\u00e9parez d'abord les m\u00e8ches avant d'appliquer pour vous\u2026","rel":"","context":"Similar post","block_context":{"text":"Similar post","link":""},"img":{"alt_text":"","src":"","width":0,"height":0},"classes":[]},{"id":36002,"url":"https:\/\/sakaba.mghosteur.com\/en\/product\/mielle-rice-water-collection-moisturizing-milk\/","url_meta":{"origin":36005,"position":4},"title":"MIELLE RICE WATER COLLECTION MOISTURIZING MILK","author":"admin","date":"August 11, 2024","format":false,"excerpt":"Enrichi d'ingr\u00e9dients cl\u00e9s tels que l'huile de carthame,\u00a0\u00a0l'eau de riz pour les cheveux\u00a0, le yuzu, l'huile de ricin et l'huile de coco pour renforcer et retenir l'humidit\u00e9,\u00a0\u00a0cet hydratant quotidien est la solution parfaite pour redonner vie aux cheveux secs et assoiff\u00e9s. Principaux avantages : Cr\u00e8me hydratante quotidienne Ravive les cheveux\u2026","rel":"","context":"Similar post","block_context":{"text":"Similar post","link":""},"img":{"alt_text":"","src":"","width":0,"height":0},"classes":[]},{"id":29704,"url":"https:\/\/sakaba.mghosteur.com\/en\/product\/palmers-length-retention-hair-scalp-oil\/","url_meta":{"origin":36005,"position":5},"title":"PALMERS LENGTH RETENTION HAIR + SCALP OIL","author":"admin","date":"April 14, 2023","format":false,"excerpt":"D\u00e9couvrez l'huile de r\u00e9tention des cheveux et du cuir chevelu Palmer's, une solution nourrissante pour vos cheveux. Cette huile est con\u00e7ue pour tous les types de boucles et textures de cheveux, et est assez douce pour un usage quotidien. Enrichie d'ingr\u00e9dients naturels, cette huile hydrate et ajoute une brillance durable\u2026","rel":"","context":"Similar post","block_context":{"text":"Similar post","link":""},"img":{"alt_text":"","src":"","width":0,"height":0},"classes":[]}],"_links":{"self":[{"href":"https:\/\/sakaba.mghosteur.com\/en\/wp-json\/wp\/v2\/product\/36005","targetHints":{"allow":["GET"]}}],"collection":[{"href":"https:\/\/sakaba.mghosteur.com\/en\/wp-json\/wp\/v2\/product"}],"about":[{"href":"https:\/\/sakaba.mghosteur.com\/en\/wp-json\/wp\/v2\/types\/product"}],"replies":[{"embeddable":true,"href":"https:\/\/sakaba.mghosteur.com\/en\/wp-json\/wp\/v2\/comments?post=36005"}],"version-history":[{"count":0,"href":"https:\/\/sakaba.mghosteur.com\/en\/wp-json\/wp\/v2\/product\/36005\/revisions"}],"wp:attachment":[{"href":"https:\/\/sakaba.mghosteur.com\/en\/wp-json\/wp\/v2\/media?parent=36005"}],"wp:term":[{"taxonomy":"product_brand","embeddable":true,"href":"https:\/\/sakaba.mghosteur.com\/en\/wp-json\/wp\/v2\/product_brand?post=36005"},{"taxonomy":"product_cat","embeddable":true,"href":"https:\/\/sakaba.mghosteur.com\/en\/wp-json\/wp\/v2\/product_cat?post=36005"},{"taxonomy":"product_tag","embeddable":true,"href":"https:\/\/sakaba.mghosteur.com\/en\/wp-json\/wp\/v2\/product_tag?post=36005"}],"curies":[{"name":"wp","href":"https:\/\/api.w.org\/{rel}","templated":true}]}}