{"id":36008,"date":"2024-08-11T00:14:28","date_gmt":"2024-08-11T00:14:28","guid":{"rendered":"https:\/\/sakaba.mghosteur.com\/?post_type=product&#038;p=36008"},"modified":"2024-10-24T16:02:10","modified_gmt":"2024-10-24T16:02:10","slug":"mielle-rice-water-aloe-vera-deep-conditioner-227g","status":"publish","type":"product","link":"https:\/\/sakaba.mghosteur.com\/en\/product\/mielle-rice-water-aloe-vera-deep-conditioner-227g\/","title":{"rendered":"MIELLE RICE WATER &amp; ALOE VERA DEEP CONDITIONER 227G"},"content":{"rendered":"<p><button id=\"product-tab-Description\" class=\"accordion-button event_button_click active\" aria-controls=\"product-tab-Description\" aria-expanded=\"false\" data-action-detail=\"Description\"><span class=\"acco-title\">Description<\/span><\/button><\/p>\n<div class=\"rte\">\n<p>Donnez \u00e0 vos cheveux secs ou ab\u00eem\u00e9s un coup de pouce avec de l&#8217;eau de riz, du yuzu et de l&#8217;aloe vera. Ces ingr\u00e9dients aident \u00e0 r\u00e9duire les pointes fourchues, les frisottis et les cassures. Hydratez et prot\u00e9gez vos cheveux en ajoutant des nutriments \u00e0 chaque m\u00e8che pour des cheveux brillants et soyeux.<\/p>\n<p><strong>Principaux avantages :<\/strong><\/p>\n<ul>\n<li>L&#8217;eau de riz et l&#8217;alo\u00e8s hydratent les cheveux, les laissant brillants et soyeux<\/li>\n<li>Les cheveux sont r\u00e9g\u00e9n\u00e9r\u00e9s et hydrat\u00e9s<\/li>\n<li>Aide \u00e0 r\u00e9duire les pointes fourchues<\/li>\n<\/ul>\n<p><strong>8 oz | Con\u00e7u pour tous les types de cheveux<\/strong><\/p>\n<\/div>\n<p><button id=\"product-tab-How To Use\" class=\"accordion-button event_button_click active\" aria-controls=\"product-tab-How To Use\" aria-expanded=\"false\" data-action-detail=\"How To Use\"><span class=\"acco-title\"><span>Comment utiliser<\/span><\/span><\/button><\/p>\n<div class=\"rte\">\n<p><span>Appliquer sur cheveux mouill\u00e9s apr\u00e8s le shampooing ou apr\u00e8s l&#8217;utilisation du Masque \u00e0 l&#8217;Argile et \u00e0 l&#8217;Eau de Riz, laisser agir 15 \u00e0 20 minutes et rincer abondamment.<\/span><\/p>\n<\/div>","protected":false},"excerpt":{"rendered":"<p>Description Donnez \u00e0 vos cheveux secs ou ab\u00eem\u00e9s un coup de pouce avec de l&#8217;eau de riz, du yuzu et de l&#8217;aloe vera. Ces ingr\u00e9dients aident \u00e0 r\u00e9duire les pointes fourchues, les frisottis et les cassures. Hydratez et prot\u00e9gez vos cheveux en ajoutant des nutriments \u00e0 chaque m\u00e8che pour des cheveux brillants et soyeux. Principaux<span class=\"read-more-faq\"><a href=\"https:\/\/sakaba.mghosteur.com\/en\/product\/mielle-rice-water-aloe-vera-deep-conditioner-227g\/\">Read More<\/a><\/span><\/p>","protected":false},"featured_media":0,"comment_status":"open","ping_status":"closed","template":"","meta":[],"product_brand":[916],"product_cat":[284,1063],"product_tag":[],"class_list":{"0":"post-36008","1":"product","2":"type-product","3":"status-publish","5":"product_brand-mielle","6":"product_cat-aad-cheveux","7":"product_cat-traitement-capilaire","9":"first","10":"instock","11":"shipping-taxable","12":"product-type-simple"},"jetpack-related-posts":[{"id":36005,"url":"https:\/\/sakaba.mghosteur.com\/en\/product\/mielle-rice-water-collection-hydrating-shampoo\/","url_meta":{"origin":36008,"position":0},"title":"MIELLE RICE WATER COLLECTION HYDRATING SHAMPOO","author":"admin","date":"August 11, 2024","format":false,"excerpt":"Description Des ingr\u00e9dients tels que l'eau de riz et le yuzu renforcent les cheveux, leur apportent de la brillance et aident \u00e0 r\u00e9duire les pointes fourchues. Ce shampooing sent non seulement bon, mais donnera \u00e9galement \u00e0 vos cheveux le coup de pouce dont ils ont besoin et qu'ils m\u00e9ritent. Principaux\u2026","rel":"","context":"Similar post","block_context":{"text":"Similar post","link":""},"img":{"alt_text":"","src":"","width":0,"height":0},"classes":[]},{"id":36011,"url":"https:\/\/sakaba.mghosteur.com\/en\/product\/mielle-rice-water-collection-split-end-therapy-59ml\/","url_meta":{"origin":36008,"position":1},"title":"MIELLE RICE WATER COLLECTION SPLIT END THERAPY 59ML","author":"admin","date":"August 11, 2024","format":false,"excerpt":"Des ingr\u00e9dients tels que l'eau de riz et le yuzu aident \u00e0 nourrir les cheveux et \u00e0 pr\u00e9venir les dommages futurs. Assez l\u00e9ger pour \u00eatre utilis\u00e9 quotidiennement.\u00a0\u00a0Ce produit l\u00e9ger est con\u00e7u pour renforcer les pointes fourchues. Principaux avantages : Renforce contre les pointes fourchues Nourrit et pr\u00e9vient les dommages futurs\u2026","rel":"","context":"Similar post","block_context":{"text":"Similar post","link":""},"img":{"alt_text":"","src":"","width":0,"height":0},"classes":[]},{"id":26098,"url":"https:\/\/sakaba.mghosteur.com\/en\/product\/mielle-pomegranate-honey-conditioner\/","url_meta":{"origin":36008,"position":2},"title":"MIELLE POMEGRANATE &amp; HONEY CONDITIONER","author":"admin","date":"November 24, 2022","format":false,"excerpt":"Un syst\u00e8me de coiffage Prime + Define formul\u00e9 pour les cheveux \u00e9pais, cr\u00e9pus et boucl\u00e9s, qui procure une hydratation intense et une douceur soyeuse. L'apr\u00e8s-shampoing hydratant et d\u00e9m\u00ealant \u00e0 la grenade et au miel de Mielle Organics offre cela et plus encore. Cet apr\u00e8s-shampoing retient l'humidit\u00e9, renforce les cheveux \u00e9pais\u2026","rel":"","context":"Similar post","block_context":{"text":"Similar post","link":""},"img":{"alt_text":"","src":"","width":0,"height":0},"classes":[]},{"id":29708,"url":"https:\/\/sakaba.mghosteur.com\/en\/product\/palmers-length-retention-leave-in-conditioner\/","url_meta":{"origin":36008,"position":3},"title":"PALMERS LENGTH RETENTION LEAVE IN CONDITIONER","author":"admin","date":"April 14, 2023","format":false,"excerpt":"Le revitalisant sans rin\u00e7age pour la r\u00e9tention de la longueur de la marque Palmer's est un produit de soin capillaire instantan\u00e9 et cr\u00e9meux, con\u00e7u pour tous les types de cheveux boucl\u00e9s. Formul\u00e9 sans silicone, il \u00e9limine les n\u0153uds et les enchev\u00eatrements, tout en renfor\u00e7ant les m\u00e8ches pour prot\u00e9ger contre la\u2026","rel":"","context":"Similar post","block_context":{"text":"Similar post","link":""},"img":{"alt_text":"","src":"","width":0,"height":0},"classes":[]},{"id":36002,"url":"https:\/\/sakaba.mghosteur.com\/en\/product\/mielle-rice-water-collection-moisturizing-milk\/","url_meta":{"origin":36008,"position":4},"title":"MIELLE RICE WATER COLLECTION MOISTURIZING MILK","author":"admin","date":"August 11, 2024","format":false,"excerpt":"Enrichi d'ingr\u00e9dients cl\u00e9s tels que l'huile de carthame,\u00a0\u00a0l'eau de riz pour les cheveux\u00a0, le yuzu, l'huile de ricin et l'huile de coco pour renforcer et retenir l'humidit\u00e9,\u00a0\u00a0cet hydratant quotidien est la solution parfaite pour redonner vie aux cheveux secs et assoiff\u00e9s. Principaux avantages : Cr\u00e8me hydratante quotidienne Ravive les cheveux\u2026","rel":"","context":"Similar post","block_context":{"text":"Similar post","link":""},"img":{"alt_text":"","src":"","width":0,"height":0},"classes":[]},{"id":26018,"url":"https:\/\/sakaba.mghosteur.com\/en\/product\/wild-growth-hair-oil\/","url_meta":{"origin":36008,"position":5},"title":"Wild Growth Hair Oil","author":"admin","date":"November 24, 2022","format":false,"excerpt":"L'huile capillaire Wild Growth est une formule \u00e0 base de plantes qui hydrate, revitalise et adoucit les cheveux. Elle peut \u00eatre utilis\u00e9e sur les cheveux secs, emm\u00eal\u00e9s et difficiles \u00e0 coiffer pour les rendre plus doux, plus sains et moins sujets aux pointes fourchues et aux cassures. Elle favorise \u00e9galement\u2026","rel":"","context":"Similar post","block_context":{"text":"Similar post","link":""},"img":{"alt_text":"","src":"","width":0,"height":0},"classes":[]}],"_links":{"self":[{"href":"https:\/\/sakaba.mghosteur.com\/en\/wp-json\/wp\/v2\/product\/36008","targetHints":{"allow":["GET"]}}],"collection":[{"href":"https:\/\/sakaba.mghosteur.com\/en\/wp-json\/wp\/v2\/product"}],"about":[{"href":"https:\/\/sakaba.mghosteur.com\/en\/wp-json\/wp\/v2\/types\/product"}],"replies":[{"embeddable":true,"href":"https:\/\/sakaba.mghosteur.com\/en\/wp-json\/wp\/v2\/comments?post=36008"}],"version-history":[{"count":0,"href":"https:\/\/sakaba.mghosteur.com\/en\/wp-json\/wp\/v2\/product\/36008\/revisions"}],"wp:attachment":[{"href":"https:\/\/sakaba.mghosteur.com\/en\/wp-json\/wp\/v2\/media?parent=36008"}],"wp:term":[{"taxonomy":"product_brand","embeddable":true,"href":"https:\/\/sakaba.mghosteur.com\/en\/wp-json\/wp\/v2\/product_brand?post=36008"},{"taxonomy":"product_cat","embeddable":true,"href":"https:\/\/sakaba.mghosteur.com\/en\/wp-json\/wp\/v2\/product_cat?post=36008"},{"taxonomy":"product_tag","embeddable":true,"href":"https:\/\/sakaba.mghosteur.com\/en\/wp-json\/wp\/v2\/product_tag?post=36008"}],"curies":[{"name":"wp","href":"https:\/\/api.w.org\/{rel}","templated":true}]}}