{"id":36011,"date":"2024-08-11T00:21:37","date_gmt":"2024-08-11T00:21:37","guid":{"rendered":"https:\/\/sakaba.mghosteur.com\/?post_type=product&#038;p=36011"},"modified":"2024-09-01T03:26:20","modified_gmt":"2024-09-01T03:26:20","slug":"mielle-rice-water-collection-split-end-therapy-59ml","status":"publish","type":"product","link":"https:\/\/sakaba.mghosteur.com\/en\/product\/mielle-rice-water-collection-split-end-therapy-59ml\/","title":{"rendered":"MIELLE RICE WATER COLLECTION SPLIT END THERAPY 59ML"},"content":{"rendered":"<div class=\"rte\">\n<p>Des ingr\u00e9dients tels que l&#8217;eau de riz et le yuzu aident \u00e0 nourrir les cheveux et \u00e0 pr\u00e9venir les dommages futurs. Assez l\u00e9ger pour \u00eatre utilis\u00e9 quotidiennement.&nbsp;&nbsp;Ce produit l\u00e9ger est con\u00e7u pour renforcer les pointes fourchues.<\/p>\n<p><strong>Principaux avantages :<\/strong><\/p>\n<ul>\n<li>Renforce contre les pointes fourchues<\/li>\n<li>Nourrit et pr\u00e9vient les dommages futurs<\/li>\n<li>Assez l\u00e9ger pour une utilisation quotidienne<\/li>\n<\/ul>\n<p><strong>2 fl oz | Excellent pour la r\u00e9tention de la longueur<\/strong><\/p>\n<p><button id=\"product-tab-How To Use\" class=\"accordion-button event_button_click active\" aria-controls=\"product-tab-How To Use\" aria-expanded=\"false\" data-action-detail=\"How To Use\"><span class=\"acco-title\"><span>Comment utiliser<\/span><\/span><\/button><\/p>\n<div class=\"rte\">\n<p><span><strong>Soin Pr\u00e9vention Pointes Fourchues<\/strong><\/span><span>&nbsp;: Appliquez sur les pointes, placez un bonnet en plastique sur la t\u00eate et laissez agir 10 minutes. Rincez et proc\u00e9dez au shampooing.<\/span><\/p>\n<\/div>\n<\/div>","protected":false},"excerpt":{"rendered":"<p>Des ingr\u00e9dients tels que l&#8217;eau de riz et le yuzu aident \u00e0 nourrir les cheveux et \u00e0 pr\u00e9venir les dommages futurs. Assez l\u00e9ger pour \u00eatre utilis\u00e9 quotidiennement.&nbsp;&nbsp;Ce produit l\u00e9ger est con\u00e7u pour renforcer les pointes fourchues. Principaux avantages : Renforce contre les pointes fourchues Nourrit et pr\u00e9vient les dommages futurs Assez l\u00e9ger pour une utilisation<span class=\"read-more-faq\"><a href=\"https:\/\/sakaba.mghosteur.com\/en\/product\/mielle-rice-water-collection-split-end-therapy-59ml\/\">Read More<\/a><\/span><\/p>","protected":false},"featured_media":0,"comment_status":"open","ping_status":"closed","template":"","meta":[],"product_brand":[916],"product_cat":[284,1063],"product_tag":[],"class_list":{"0":"post-36011","1":"product","2":"type-product","3":"status-publish","5":"product_brand-mielle","6":"product_cat-aad-cheveux","7":"product_cat-traitement-capilaire","9":"first","10":"instock","11":"shipping-taxable","12":"product-type-simple"},"jetpack-related-posts":[{"id":29704,"url":"https:\/\/sakaba.mghosteur.com\/en\/product\/palmers-length-retention-hair-scalp-oil\/","url_meta":{"origin":36011,"position":0},"title":"PALMERS LENGTH RETENTION HAIR + SCALP OIL","author":"admin","date":"April 14, 2023","format":false,"excerpt":"D\u00e9couvrez l'huile de r\u00e9tention des cheveux et du cuir chevelu Palmer's, une solution nourrissante pour vos cheveux. Cette huile est con\u00e7ue pour tous les types de boucles et textures de cheveux, et est assez douce pour un usage quotidien. Enrichie d'ingr\u00e9dients naturels, cette huile hydrate et ajoute une brillance durable\u2026","rel":"","context":"Similar post","block_context":{"text":"Similar post","link":""},"img":{"alt_text":"","src":"","width":0,"height":0},"classes":[]},{"id":36005,"url":"https:\/\/sakaba.mghosteur.com\/en\/product\/mielle-rice-water-collection-hydrating-shampoo\/","url_meta":{"origin":36011,"position":1},"title":"MIELLE RICE WATER COLLECTION HYDRATING SHAMPOO","author":"admin","date":"August 11, 2024","format":false,"excerpt":"Description Des ingr\u00e9dients tels que l'eau de riz et le yuzu renforcent les cheveux, leur apportent de la brillance et aident \u00e0 r\u00e9duire les pointes fourchues. Ce shampooing sent non seulement bon, mais donnera \u00e9galement \u00e0 vos cheveux le coup de pouce dont ils ont besoin et qu'ils m\u00e9ritent. Principaux\u2026","rel":"","context":"Similar post","block_context":{"text":"Similar post","link":""},"img":{"alt_text":"","src":"","width":0,"height":0},"classes":[]},{"id":36008,"url":"https:\/\/sakaba.mghosteur.com\/en\/product\/mielle-rice-water-aloe-vera-deep-conditioner-227g\/","url_meta":{"origin":36011,"position":2},"title":"MIELLE RICE WATER &amp; ALOE VERA DEEP CONDITIONER 227G","author":"admin","date":"August 11, 2024","format":false,"excerpt":"Description Donnez \u00e0 vos cheveux secs ou ab\u00eem\u00e9s un coup de pouce avec de l'eau de riz, du yuzu et de l'aloe vera. Ces ingr\u00e9dients aident \u00e0 r\u00e9duire les pointes fourchues, les frisottis et les cassures. Hydratez et prot\u00e9gez vos cheveux en ajoutant des nutriments \u00e0 chaque m\u00e8che pour des\u2026","rel":"","context":"Similar post","block_context":{"text":"Similar post","link":""},"img":{"alt_text":"","src":"","width":0,"height":0},"classes":[]},{"id":29708,"url":"https:\/\/sakaba.mghosteur.com\/en\/product\/palmers-length-retention-leave-in-conditioner\/","url_meta":{"origin":36011,"position":3},"title":"PALMERS LENGTH RETENTION LEAVE IN CONDITIONER","author":"admin","date":"April 14, 2023","format":false,"excerpt":"Le revitalisant sans rin\u00e7age pour la r\u00e9tention de la longueur de la marque Palmer's est un produit de soin capillaire instantan\u00e9 et cr\u00e9meux, con\u00e7u pour tous les types de cheveux boucl\u00e9s. Formul\u00e9 sans silicone, il \u00e9limine les n\u0153uds et les enchev\u00eatrements, tout en renfor\u00e7ant les m\u00e8ches pour prot\u00e9ger contre la\u2026","rel":"","context":"Similar post","block_context":{"text":"Similar post","link":""},"img":{"alt_text":"","src":"","width":0,"height":0},"classes":[]},{"id":33975,"url":"https:\/\/sakaba.mghosteur.com\/en\/product\/carol-s-daughter-7-oil-blend-hair-scalp-oil\/","url_meta":{"origin":36011,"position":4},"title":"CAROL\u2019S DAUGHTER 7 OIL BLEND HAIR &amp; SCALP OIL","author":"admin","date":"May 24, 2024","format":false,"excerpt":"Offrez \u00e0 vos cheveux secs et fragiles un traitement de d\u00e9esse avec l'huile pour cuir chevelu et cheveux Goddess Strength de Carol's Daughter. Compos\u00e9e d'un m\u00e9lange de 7 huiles, dont de l'huile de ricin et de l'huile de cumin noir, cette formule hydrate en douceur le cuir chevelu et les\u2026","rel":"","context":"Similar post","block_context":{"text":"Similar post","link":""},"img":{"alt_text":"","src":"","width":0,"height":0},"classes":[]},{"id":26098,"url":"https:\/\/sakaba.mghosteur.com\/en\/product\/mielle-pomegranate-honey-conditioner\/","url_meta":{"origin":36011,"position":5},"title":"MIELLE POMEGRANATE &amp; HONEY CONDITIONER","author":"admin","date":"November 24, 2022","format":false,"excerpt":"Un syst\u00e8me de coiffage Prime + Define formul\u00e9 pour les cheveux \u00e9pais, cr\u00e9pus et boucl\u00e9s, qui procure une hydratation intense et une douceur soyeuse. L'apr\u00e8s-shampoing hydratant et d\u00e9m\u00ealant \u00e0 la grenade et au miel de Mielle Organics offre cela et plus encore. Cet apr\u00e8s-shampoing retient l'humidit\u00e9, renforce les cheveux \u00e9pais\u2026","rel":"","context":"Similar post","block_context":{"text":"Similar post","link":""},"img":{"alt_text":"","src":"","width":0,"height":0},"classes":[]}],"_links":{"self":[{"href":"https:\/\/sakaba.mghosteur.com\/en\/wp-json\/wp\/v2\/product\/36011","targetHints":{"allow":["GET"]}}],"collection":[{"href":"https:\/\/sakaba.mghosteur.com\/en\/wp-json\/wp\/v2\/product"}],"about":[{"href":"https:\/\/sakaba.mghosteur.com\/en\/wp-json\/wp\/v2\/types\/product"}],"replies":[{"embeddable":true,"href":"https:\/\/sakaba.mghosteur.com\/en\/wp-json\/wp\/v2\/comments?post=36011"}],"version-history":[{"count":0,"href":"https:\/\/sakaba.mghosteur.com\/en\/wp-json\/wp\/v2\/product\/36011\/revisions"}],"wp:attachment":[{"href":"https:\/\/sakaba.mghosteur.com\/en\/wp-json\/wp\/v2\/media?parent=36011"}],"wp:term":[{"taxonomy":"product_brand","embeddable":true,"href":"https:\/\/sakaba.mghosteur.com\/en\/wp-json\/wp\/v2\/product_brand?post=36011"},{"taxonomy":"product_cat","embeddable":true,"href":"https:\/\/sakaba.mghosteur.com\/en\/wp-json\/wp\/v2\/product_cat?post=36011"},{"taxonomy":"product_tag","embeddable":true,"href":"https:\/\/sakaba.mghosteur.com\/en\/wp-json\/wp\/v2\/product_tag?post=36011"}],"curies":[{"name":"wp","href":"https:\/\/api.w.org\/{rel}","templated":true}]}}