{"id":36851,"date":"2024-09-12T00:13:29","date_gmt":"2024-09-12T00:13:29","guid":{"rendered":"https:\/\/sakaba.mghosteur.com\/?post_type=product&#038;p=36851"},"modified":"2024-09-12T00:14:23","modified_gmt":"2024-09-12T00:14:23","slug":"medix-5-5-coconut-oil-manuka-honey-444ml","status":"publish","type":"product","link":"https:\/\/sakaba.mghosteur.com\/en\/product\/medix-5-5-coconut-oil-manuka-honey-444ml\/","title":{"rendered":"MEDIX 5.5 COCONUT OIL + MANUKA HONEY 444ML"},"content":{"rendered":"<p><strong>Cr\u00e8me pour le corps Replenish &amp; Recover 15oz<\/strong><\/p>\n<p><span class=\"EOP SCXW212708974 BCX8\" data-ccp-props=\"{&quot;201341983&quot;:0,&quot;335551550&quot;:2,&quot;335551620&quot;:2,&quot;335559739&quot;:160,&quot;335559740&quot;:259}\">Plongez dans le bonheur avec notre luxueuse cr\u00e8me pour le corps infus\u00e9e de l&#8217;essence tropicale de l&#8217;huile de coco et de la touche dor\u00e9e du miel de Manuka. Riche en antioxydants et en acides gras essentiels, l&#8217;huile de coco et le miel de Manuka nourriront et hydrateront votre peau, la laissant irr\u00e9sistiblement douce et revitalis\u00e9e.<\/span><\/p>","protected":false},"excerpt":{"rendered":"<p>Cr\u00e8me pour le corps Replenish &amp; Recover 15oz Plongez dans le bonheur avec notre luxueuse cr\u00e8me pour le corps infus\u00e9e de l&#8217;essence tropicale de l&#8217;huile de coco et de la touche dor\u00e9e du miel de Manuka. Riche en antioxydants et en acides gras essentiels, l&#8217;huile de coco et le miel de Manuka nourriront et hydrateront<span class=\"read-more-faq\"><a href=\"https:\/\/sakaba.mghosteur.com\/en\/product\/medix-5-5-coconut-oil-manuka-honey-444ml\/\">Read More<\/a><\/span><\/p>","protected":false},"featured_media":0,"comment_status":"open","ping_status":"closed","template":"","meta":[],"product_brand":[1029],"product_cat":[1061],"product_tag":[],"class_list":{"0":"post-36851","1":"product","2":"type-product","3":"status-publish","5":"product_brand-medix-5-5","6":"product_cat-lait-huile_corporelle","8":"first","9":"instock","10":"shipping-taxable","11":"product-type-simple"},"jetpack-related-posts":[{"id":32371,"url":"https:\/\/sakaba.mghosteur.com\/en\/product\/sheamoisture-deep-conditioner\/","url_meta":{"origin":36851,"position":0},"title":"SheaMoisture DEEP CONDITIONER","author":"admin","date":"May 14, 2024","format":false,"excerpt":"Apr\u00e8s-shampooing profond SheaMoisture - Beurre d'avocat et miel de Manuka Le revitalisant capillaire en profondeur SheaMoisture Men Avocado Butter and Manuka Honey est un essentiel pour les hommes soucieux de leurs cheveux. Con\u00e7u pour r\u00e9pondre aux besoins des cheveux boucl\u00e9s, il offre une hydratation intense sans compromettre le bien-\u00eatre animal.\u2026","rel":"","context":"Similar post","block_context":{"text":"Similar post","link":""},"img":{"alt_text":"","src":"","width":0,"height":0},"classes":[]},{"id":32368,"url":"https:\/\/sakaba.mghosteur.com\/en\/product\/sheamoisture-coconut-hibiscus-curl-enhancing-smoothie-57g\/","url_meta":{"origin":36851,"position":1},"title":"SHEAMOISTURE COCONUT HIBISCUS CURL ENHANCING SMOOTHIE 57G","author":"admin","date":"May 14, 2024","format":false,"excerpt":"Apr\u00e8s-shampooing profond SheaMoisture - Beurre d'avocat et miel de Manuka Le revitalisant capillaire en profondeur SheaMoisture Men Avocado Butter and Manuka Honey est un essentiel pour les hommes soucieux de leurs cheveux. Con\u00e7u pour r\u00e9pondre aux besoins des cheveux boucl\u00e9s, il offre une hydratation intense sans compromettre le bien-\u00eatre animal.\u2026","rel":"","context":"Similar post","block_context":{"text":"Similar post","link":""},"img":{"alt_text":"","src":"","width":0,"height":0},"classes":[]},{"id":25104,"url":"https:\/\/sakaba.mghosteur.com\/en\/product\/immune-support-manuka-honey-vitamin-c-zinc\/","url_meta":{"origin":36851,"position":2},"title":"IMMUNE SUPPORT MANUKA HONEY +VITAMIN C ZINC","author":"admin","date":"November 11, 2022","format":false,"excerpt":"","rel":"","context":"Similar post","block_context":{"text":"Similar post","link":""},"img":{"alt_text":"","src":"","width":0,"height":0},"classes":[]},{"id":32377,"url":"https:\/\/sakaba.mghosteur.com\/en\/product\/sheamoisture-intensive-hydration-hair-masque-57g\/","url_meta":{"origin":36851,"position":3},"title":"SHEAMOISTURE INTENSIVE HYDRATION HAIR MASQUE 57g","author":"admin","date":"May 14, 2024","format":false,"excerpt":"D\u00e9couvrez ce produit enrichi d'extrait de figue et d'huile de baobab, con\u00e7u pour hydrater et revitaliser les cheveux extra secs et ab\u00eem\u00e9s. \u00c9labor\u00e9 avec du beurre de karit\u00e9 issu du commerce \u00e9quitable, ce produit est formul\u00e9 sans phtalates, parab\u00e8nes, huile min\u00e9rale, et n'est pas test\u00e9 sur les animaux, ni ne\u2026","rel":"","context":"Similar post","block_context":{"text":"Similar post","link":""},"img":{"alt_text":"","src":"","width":0,"height":0},"classes":[]},{"id":36002,"url":"https:\/\/sakaba.mghosteur.com\/en\/product\/mielle-rice-water-collection-moisturizing-milk\/","url_meta":{"origin":36851,"position":4},"title":"MIELLE RICE WATER COLLECTION MOISTURIZING MILK","author":"admin","date":"August 11, 2024","format":false,"excerpt":"Enrichi d'ingr\u00e9dients cl\u00e9s tels que l'huile de carthame,\u00a0\u00a0l'eau de riz pour les cheveux\u00a0, le yuzu, l'huile de ricin et l'huile de coco pour renforcer et retenir l'humidit\u00e9,\u00a0\u00a0cet hydratant quotidien est la solution parfaite pour redonner vie aux cheveux secs et assoiff\u00e9s. Principaux avantages : Cr\u00e8me hydratante quotidienne Ravive les cheveux\u2026","rel":"","context":"Similar post","block_context":{"text":"Similar post","link":""},"img":{"alt_text":"","src":"","width":0,"height":0},"classes":[]},{"id":32489,"url":"https:\/\/sakaba.mghosteur.com\/en\/product\/sol-janeiro-rio-radiance-cream-75ml\/","url_meta":{"origin":36851,"position":5},"title":"SOL JANEIRO RIO RADIANCE CREAM 75ML","author":"admin","date":"May 14, 2024","format":false,"excerpt":"D\u00e9couvrez la cr\u00e8me pour le corps Rio Radiance de Sol de Janeiro, un essentiel pour une peau resplendissante toute l'ann\u00e9e. Envelopp\u00e9e dans des notes envo\u00fbtantes de tub\u00e9reuse solaire et de lait de coco, cette cr\u00e8me capture l'essence du soleil sur votre peau, vous transportant instantan\u00e9ment vers des vacances tropicales. Cette\u2026","rel":"","context":"Similar post","block_context":{"text":"Similar post","link":""},"img":{"alt_text":"","src":"","width":0,"height":0},"classes":[]}],"_links":{"self":[{"href":"https:\/\/sakaba.mghosteur.com\/en\/wp-json\/wp\/v2\/product\/36851","targetHints":{"allow":["GET"]}}],"collection":[{"href":"https:\/\/sakaba.mghosteur.com\/en\/wp-json\/wp\/v2\/product"}],"about":[{"href":"https:\/\/sakaba.mghosteur.com\/en\/wp-json\/wp\/v2\/types\/product"}],"replies":[{"embeddable":true,"href":"https:\/\/sakaba.mghosteur.com\/en\/wp-json\/wp\/v2\/comments?post=36851"}],"version-history":[{"count":0,"href":"https:\/\/sakaba.mghosteur.com\/en\/wp-json\/wp\/v2\/product\/36851\/revisions"}],"wp:attachment":[{"href":"https:\/\/sakaba.mghosteur.com\/en\/wp-json\/wp\/v2\/media?parent=36851"}],"wp:term":[{"taxonomy":"product_brand","embeddable":true,"href":"https:\/\/sakaba.mghosteur.com\/en\/wp-json\/wp\/v2\/product_brand?post=36851"},{"taxonomy":"product_cat","embeddable":true,"href":"https:\/\/sakaba.mghosteur.com\/en\/wp-json\/wp\/v2\/product_cat?post=36851"},{"taxonomy":"product_tag","embeddable":true,"href":"https:\/\/sakaba.mghosteur.com\/en\/wp-json\/wp\/v2\/product_tag?post=36851"}],"curies":[{"name":"wp","href":"https:\/\/api.w.org\/{rel}","templated":true}]}}