{"id":36855,"date":"2024-09-12T00:23:49","date_gmt":"2024-09-12T00:23:49","guid":{"rendered":"https:\/\/sakaba.mghosteur.com\/?post_type=product&#038;p=36855"},"modified":"2026-03-12T08:50:51","modified_gmt":"2026-03-12T08:50:51","slug":"torriden-lip-essence","status":"publish","type":"product","link":"https:\/\/sakaba.mghosteur.com\/en\/product\/torriden-lip-essence\/","title":{"rendered":"TORRIDEN LIP ESSENCE"},"content":{"rendered":"<p>Ce traitement des l\u00e8vres enrichie en c\u00e9ramides va apporter une v\u00e9ritable hydratation aux l\u00e8vres dess\u00e9ch\u00e9es et ou gerc\u00e9es. Elle donnera un aspect glossy tout en traitant intens\u00e9ment vos l\u00e8vres. Gr\u00e2ce \u00e0 la pr\u00e9sence d&#8217;huile de jojoba, l&#8217;hydratation est scell\u00e9e pour un effet durable.<\/p>","protected":false},"excerpt":{"rendered":"<p>Ce traitement des l\u00e8vres enrichie en c\u00e9ramides va apporter une v\u00e9ritable hydratation aux l\u00e8vres dess\u00e9ch\u00e9es et ou gerc\u00e9es. Elle donnera un aspect glossy tout en traitant intens\u00e9ment vos l\u00e8vres. Gr\u00e2ce \u00e0 la pr\u00e9sence d&#8217;huile de jojoba, l&#8217;hydratation est scell\u00e9e pour un effet durable.<\/p>","protected":false},"featured_media":0,"comment_status":"open","ping_status":"closed","template":"","meta":[],"product_brand":[1099],"product_cat":[1018,1054,451],"product_tag":[],"class_list":{"0":"post-36855","1":"product","2":"type-product","3":"status-publish","5":"product_brand-torriden","6":"product_cat-aai-produis-coreens","7":"product_cat-soins-des-levres","8":"product_cat-aab-soin-du-visage","10":"first","11":"instock","12":"shipping-taxable","13":"product-type-simple"},"jetpack-related-posts":[{"id":32063,"url":"https:\/\/sakaba.mghosteur.com\/en\/product\/naturium-phyto-glow-lip-mask-15g\/","url_meta":{"origin":36855,"position":0},"title":"NATURIUM PHYTO GLOW LIP MASK 15g","author":"admin","date":"May 13, 2024","format":false,"excerpt":"Ce masque pour les l\u00e8vres intens\u00e9ment hydratant offre une hydratation essentielle pour restaurer et reconstituer les l\u00e8vres. Formul\u00e9 avec du beurre de karit\u00e9, de l'huile d'avocat et de l'huile de jojoba, ce soin nourrissant apaise pour des l\u00e8vres d'apparence plus saine. AVANTAGES Revitalise et nourrit les l\u00e8vres en profondeur. Laisse\u2026","rel":"","context":"Similar post","block_context":{"text":"Similar post","link":""},"img":{"alt_text":"","src":"","width":0,"height":0},"classes":[]},{"id":34646,"url":"https:\/\/sakaba.mghosteur.com\/en\/product\/fenty-pro-kissr-coffret-soin-du-levres\/","url_meta":{"origin":36855,"position":1},"title":"FENTY PRO KISS&#8217;R COFFRET SOIN DU LEVRES","author":"admin","date":"May 30, 2024","format":false,"excerpt":"Fenty Beauty Pro Kiss'r Duo Scrubstick + Lip Balm Set est un\u00a0ensemble de deux produits essentiels pour\u00a0le soin des\u00a0l\u00e8vres.\u00a0Offrez\u00a0\u00e0 vos l\u00e8vres le traitement qu'elles m\u00e9ritent! Pr\u00e9parez vos l\u00e8vres en les exfoliant \u00e0 l'aide du Pro Kiss'r scrub pour les lisser instantan\u00e9ment. Faites les ensuite briller gr\u00e2ce au mini Pro Kiss'r\u2026","rel":"","context":"Similar post","block_context":{"text":"Similar post","link":""},"img":{"alt_text":"","src":"","width":0,"height":0},"classes":[]},{"id":34652,"url":"https:\/\/sakaba.mghosteur.com\/en\/product\/fenty-skin-melon-treat-hydrating-stengrethening-lip-oil\/","url_meta":{"origin":36855,"position":2},"title":"FENTY SKIN MELON TREAT HYDRATING + STENGRETHENING LIP OIL","author":"admin","date":"May 30, 2024","format":false,"excerpt":"Votre barri\u00e8re d'hydratation est la premi\u00e8re ligne de d\u00e9fense de vos l\u00e8vres contre les \u00e9l\u00e9ments. Gardez-la forte et elle restera plus hydrat\u00e9e, plus lisse et sans squames. Cette huile pour les l\u00e8vres ultra-hydratante et non collante est transparente et maintient la barri\u00e8re d'hydratation des l\u00e8vres sous contr\u00f4le Hydrate et renforce\u2026","rel":"","context":"Similar post","block_context":{"text":"Similar post","link":""},"img":{"alt_text":"","src":"","width":0,"height":0},"classes":[]},{"id":29555,"url":"https:\/\/sakaba.mghosteur.com\/en\/product\/fenty-cherry-treat\/","url_meta":{"origin":36855,"position":3},"title":"FENTY CHERRY TREAT","author":"admin","date":"April 7, 2023","format":false,"excerpt":"D\u00e9couvrez CHERRY TREAT de la marque FENTY ! Offrez \u00e0 vos l\u00e8vres une barri\u00e8re d'hydratation renforc\u00e9e gr\u00e2ce \u00e0 ce merveilleux produit. Vos l\u00e8vres sont votre premi\u00e8re ligne de d\u00e9fense contre les \u00e9l\u00e9ments ext\u00e9rieurs, alors gardez-les hydrat\u00e9es, douces et sans pellicules. Cette huile \u00e0 l\u00e8vres ultra-hydratante et non collante nourrit vos\u2026","rel":"","context":"Similar post","block_context":{"text":"Similar post","link":""},"img":{"alt_text":"","src":"","width":0,"height":0},"classes":[]},{"id":34621,"url":"https:\/\/sakaba.mghosteur.com\/en\/product\/fenty-plush-puddin-melon-masque-reparateur-levres\/","url_meta":{"origin":36855,"position":4},"title":"FENTY PLUSH PUDDIN&#8217; MELON MASQUE REPARATEUR LEVRES","author":"admin","date":"May 29, 2024","format":false,"excerpt":"Cette texture moelleuse, semblable \u00e0 du pudding, enrobe les l\u00e8vres d'une hydratation suraliment\u00e9e pour une moue plus lisse, plus ferme et plus pulpeuse. Description: Hydrate et nourrit instantan\u00e9ment, et offre une hydratation longue dur\u00e9e jour et nuit Lisse la texture et r\u00e9duit l'apparence des rides et ridules en seulement 1\u2026","rel":"","context":"Similar post","block_context":{"text":"Similar post","link":""},"img":{"alt_text":"","src":"","width":0,"height":0},"classes":[]},{"id":31505,"url":"https:\/\/sakaba.mghosteur.com\/en\/product\/laneige-lip-sleeping-mask-mango\/","url_meta":{"origin":36855,"position":5},"title":"LANEIGE LIP SLEEPING MASK MANGO","author":"admin","date":"May 10, 2024","format":false,"excerpt":"D\u00e9couvrez le masque de nuit phare de LANEIGE, une formule ultra nourrissante qui favorise des l\u00e8vres douces et pulpeuses. Avec sa saveur de mangue juteuse, ce masque pour les l\u00e8vres repulpe les l\u00e8vres en les hydratant intens\u00e9ment, en aidant \u00e0 minimiser les rugosit\u00e9s et les fissures dues \u00e0 la s\u00e9cheresse.\u2026","rel":"","context":"Similar post","block_context":{"text":"Similar post","link":""},"img":{"alt_text":"","src":"","width":0,"height":0},"classes":[]}],"_links":{"self":[{"href":"https:\/\/sakaba.mghosteur.com\/en\/wp-json\/wp\/v2\/product\/36855","targetHints":{"allow":["GET"]}}],"collection":[{"href":"https:\/\/sakaba.mghosteur.com\/en\/wp-json\/wp\/v2\/product"}],"about":[{"href":"https:\/\/sakaba.mghosteur.com\/en\/wp-json\/wp\/v2\/types\/product"}],"replies":[{"embeddable":true,"href":"https:\/\/sakaba.mghosteur.com\/en\/wp-json\/wp\/v2\/comments?post=36855"}],"version-history":[{"count":0,"href":"https:\/\/sakaba.mghosteur.com\/en\/wp-json\/wp\/v2\/product\/36855\/revisions"}],"wp:attachment":[{"href":"https:\/\/sakaba.mghosteur.com\/en\/wp-json\/wp\/v2\/media?parent=36855"}],"wp:term":[{"taxonomy":"product_brand","embeddable":true,"href":"https:\/\/sakaba.mghosteur.com\/en\/wp-json\/wp\/v2\/product_brand?post=36855"},{"taxonomy":"product_cat","embeddable":true,"href":"https:\/\/sakaba.mghosteur.com\/en\/wp-json\/wp\/v2\/product_cat?post=36855"},{"taxonomy":"product_tag","embeddable":true,"href":"https:\/\/sakaba.mghosteur.com\/en\/wp-json\/wp\/v2\/product_tag?post=36855"}],"curies":[{"name":"wp","href":"https:\/\/api.w.org\/{rel}","templated":true}]}}