{"id":37135,"date":"2024-10-09T15:22:45","date_gmt":"2024-10-09T15:22:45","guid":{"rendered":"https:\/\/sakaba.mghosteur.com\/?post_type=product&#038;p=37135"},"modified":"2024-10-09T15:22:46","modified_gmt":"2024-10-09T15:22:46","slug":"lip-sleeping-mask-candy-cane-sucre-d-orge","status":"publish","type":"product","link":"https:\/\/sakaba.mghosteur.com\/en\/product\/lip-sleeping-mask-candy-cane-sucre-d-orge\/","title":{"rendered":"LIP SLEEPING MASK CANDY CANE SUCRE D ORGE"},"content":{"rendered":"","protected":false},"excerpt":{"rendered":"","protected":false},"featured_media":0,"comment_status":"open","ping_status":"closed","template":"","meta":[],"product_brand":[903],"product_cat":[305,289],"product_tag":[],"class_list":{"0":"post-37135","1":"product","2":"type-product","3":"status-publish","5":"product_brand-laneige","6":"product_cat-levres","7":"product_cat-aaa-maquillage","9":"first","10":"instock","11":"shipping-taxable","12":"product-type-simple"},"jetpack-related-posts":[{"id":27255,"url":"https:\/\/sakaba.mghosteur.com\/en\/product\/lip-sleeping-mask-sweet-candy\/","url_meta":{"origin":37135,"position":0},"title":"LIP SLEEPING MASK SWEET CANDY","author":"admin","date":"November 29, 2022","format":false,"excerpt":"","rel":"","context":"Similar post","block_context":{"text":"Similar post","link":""},"img":{"alt_text":"","src":"","width":0,"height":0},"classes":[]},{"id":31512,"url":"https:\/\/sakaba.mghosteur.com\/en\/product\/laneige-lip-sleeping-mask-sweet-candy\/","url_meta":{"origin":37135,"position":1},"title":"LANEIGE LIP SLEEPING MASK SWEET CANDY","author":"admin","date":"May 10, 2024","format":false,"excerpt":"D\u00e9couvrez ce masque de sommeil pour les l\u00e8vres, un essentiel pris\u00e9 par les passionn\u00e9s de beaut\u00e9. Sp\u00e9cialement con\u00e7u pour un soin intensif des l\u00e8vres, ce produit embl\u00e9matique est enrichi d'un complexe nourrissant \u00e0 base de petits fruits, de graines de Murumuru et de beurre de karit\u00e9. Offrant une hydratation profonde\u2026","rel":"","context":"Similar post","block_context":{"text":"Similar post","link":""},"img":{"alt_text":"","src":"","width":0,"height":0},"classes":[]},{"id":27211,"url":"https:\/\/sakaba.mghosteur.com\/en\/product\/lip-sleeping-mask-mango\/","url_meta":{"origin":37135,"position":2},"title":"LIP SLEEPING MASK MANGO","author":"admin","date":"November 29, 2022","format":false,"excerpt":"","rel":"","context":"Similar post","block_context":{"text":"Similar post","link":""},"img":{"alt_text":"","src":"","width":0,"height":0},"classes":[]},{"id":27337,"url":"https:\/\/sakaba.mghosteur.com\/en\/product\/lip-sleeping-mask-vanilla\/","url_meta":{"origin":37135,"position":3},"title":"LIP SLEEPING MASK VANILLA","author":"admin","date":"November 29, 2022","format":false,"excerpt":"","rel":"","context":"Similar post","block_context":{"text":"Similar post","link":""},"img":{"alt_text":"","src":"","width":0,"height":0},"classes":[]},{"id":27196,"url":"https:\/\/sakaba.mghosteur.com\/en\/product\/lip-sleeping-mask-gummy-bear\/","url_meta":{"origin":37135,"position":4},"title":"LIP SLEEPING MASK GUMMY BEAR","author":"admin","date":"November 29, 2022","format":false,"excerpt":"","rel":"","context":"Similar post","block_context":{"text":"Similar post","link":""},"img":{"alt_text":"","src":"","width":0,"height":0},"classes":[]},{"id":27206,"url":"https:\/\/sakaba.mghosteur.com\/en\/product\/laneige-lip-sleeping-mask\/","url_meta":{"origin":37135,"position":5},"title":"LANEIGE LIP SLEEPING MASK","author":"admin","date":"November 29, 2022","format":false,"excerpt":"","rel":"","context":"Similar post","block_context":{"text":"Similar post","link":""},"img":{"alt_text":"","src":"","width":0,"height":0},"classes":[]}],"_links":{"self":[{"href":"https:\/\/sakaba.mghosteur.com\/en\/wp-json\/wp\/v2\/product\/37135","targetHints":{"allow":["GET"]}}],"collection":[{"href":"https:\/\/sakaba.mghosteur.com\/en\/wp-json\/wp\/v2\/product"}],"about":[{"href":"https:\/\/sakaba.mghosteur.com\/en\/wp-json\/wp\/v2\/types\/product"}],"replies":[{"embeddable":true,"href":"https:\/\/sakaba.mghosteur.com\/en\/wp-json\/wp\/v2\/comments?post=37135"}],"version-history":[{"count":0,"href":"https:\/\/sakaba.mghosteur.com\/en\/wp-json\/wp\/v2\/product\/37135\/revisions"}],"wp:attachment":[{"href":"https:\/\/sakaba.mghosteur.com\/en\/wp-json\/wp\/v2\/media?parent=37135"}],"wp:term":[{"taxonomy":"product_brand","embeddable":true,"href":"https:\/\/sakaba.mghosteur.com\/en\/wp-json\/wp\/v2\/product_brand?post=37135"},{"taxonomy":"product_cat","embeddable":true,"href":"https:\/\/sakaba.mghosteur.com\/en\/wp-json\/wp\/v2\/product_cat?post=37135"},{"taxonomy":"product_tag","embeddable":true,"href":"https:\/\/sakaba.mghosteur.com\/en\/wp-json\/wp\/v2\/product_tag?post=37135"}],"curies":[{"name":"wp","href":"https:\/\/api.w.org\/{rel}","templated":true}]}}