{"id":37144,"date":"2024-10-09T15:26:40","date_gmt":"2024-10-09T15:26:40","guid":{"rendered":"https:\/\/sakaba.mghosteur.com\/?post_type=product&#038;p=37144"},"modified":"2024-10-09T15:26:40","modified_gmt":"2024-10-09T15:26:40","slug":"nyx-matte-finish-fini-mat-60ml","status":"publish","type":"product","link":"https:\/\/sakaba.mghosteur.com\/en\/product\/nyx-matte-finish-fini-mat-60ml\/","title":{"rendered":"NYX MATTE FINISH FINI MAT 60ML"},"content":{"rendered":"","protected":false},"excerpt":{"rendered":"","protected":false},"featured_media":0,"comment_status":"open","ping_status":"closed","template":"","meta":[],"product_brand":[935],"product_cat":[289,311],"product_tag":[],"class_list":{"0":"post-37144","1":"product","2":"type-product","3":"status-publish","5":"product_brand-nyx","6":"product_cat-aaa-maquillage","7":"product_cat-teint","9":"first","10":"instock","11":"shipping-taxable","12":"product-type-simple"},"jetpack-related-posts":[{"id":31422,"url":"https:\/\/sakaba.mghosteur.com\/en\/product\/paula-choice-clear-60ml\/","url_meta":{"origin":37144,"position":0},"title":"PAULA CHOICE CLEAR 60ML","author":"admin","date":"May 10, 2024","format":false,"excerpt":"D\u00e9couvrez notre hydratant le plus l\u00e9ger, parfaitement adapt\u00e9 aux peaux grasses sujettes aux imperfections. Cette cr\u00e8me fluide ultra-l\u00e9g\u00e8re agit en plusieurs \u00e9tapes pour offrir \u00e0 votre peau une protection et une hydratation optimales : Matifie la peau : Sa formule sp\u00e9ciale aide \u00e0 r\u00e9duire l'exc\u00e8s de s\u00e9bum, laissant votre peau\u2026","rel":"","context":"Similar post","block_context":{"text":"Similar post","link":""},"img":{"alt_text":"","src":"","width":0,"height":0},"classes":[]},{"id":29605,"url":"https:\/\/sakaba.mghosteur.com\/en\/product\/fenty-the-fill-semi-matte-lipstick\/","url_meta":{"origin":37144,"position":1},"title":"FENTY THE FILL SEMI MATTE LIPSTICK","author":"admin","date":"April 10, 2023","format":false,"excerpt":"D\u00e9couvrez le Rouge \u00e0 L\u00e8vres Semi-Mat Rechargeable Fenty Icon de la marque Fenty. Chaque nuance a \u00e9t\u00e9 soigneusement s\u00e9lectionn\u00e9e par Rihanna pour cr\u00e9er la collection parfaite de rouges et de tons neutres \u00e0 haute pigmentation et facile \u00e0 porter. Sa formule semi-mate cr\u00e9meuse assure un confort optimal tout en offrant\u2026","rel":"","context":"Similar post","block_context":{"text":"Similar post","link":""},"img":{"alt_text":"","src":"","width":0,"height":0},"classes":[]},{"id":23075,"url":"https:\/\/sakaba.mghosteur.com\/en\/product\/fenty-beauty-pro-filtr-soft-matte-longwear-foundation-2\/","url_meta":{"origin":37144,"position":2},"title":"Fenty Beauty Pro Filt&#8217;r Soft Matte Longwear Foundation","author":"admin","date":"October 25, 2022","format":false,"excerpt":"D\u00e9couvrez le fond de teint Pro Filt\u2019r Soft Matte Longwear de Fenty Beauty, le choix parfait pour un teint frais et mat tout au long de la journ\u00e9e et de la nuit. Avec sa technologie adaptative au climat, ce fond de teint r\u00e9siste \u00e0 la chaleur, la sueur et les\u2026","rel":"","context":"Similar post","block_context":{"text":"Similar post","link":""},"img":{"alt_text":"","src":"","width":0,"height":0},"classes":[]},{"id":31384,"url":"https:\/\/sakaba.mghosteur.com\/en\/product\/beauty-of-joseon-matte-sun-stick-mugwort-camelia\/","url_meta":{"origin":37144,"position":3},"title":"BEAUTY OF JOSEON MATTE SUN STICK MUGWORT + CAMELIA","author":"admin","date":"May 10, 2024","format":false,"excerpt":"Matte Sun Stick : Mugwort+Camelia (SPF 50+ PA+++) Contrairement \u00e0 la plupart des sticks solaires con\u00e7us principalement pour les activit\u00e9s en ext\u00e9rieur, notre Matte Sun Stick est sp\u00e9cialement formul\u00e9 pour r\u00e9pondre aux besoins des environnements urbains quotidiens. Il est crucial de r\u00e9appliquer r\u00e9guli\u00e8rement une protection solaire toutes les 2 \u00e0\u2026","rel":"","context":"Similar post","block_context":{"text":"Similar post","link":""},"img":{"alt_text":"","src":"","width":0,"height":0},"classes":[]},{"id":22992,"url":"https:\/\/sakaba.mghosteur.com\/en\/product\/fenty-beauty-pro-filtr-soft-matte-longwear-foundation\/","url_meta":{"origin":37144,"position":4},"title":"Fenty Beauty Pro Filt&#8217;r Soft Matte Longwear Foundation","author":"admin","date":"October 25, 2022","format":false,"excerpt":"Le fond de teint prim\u00e9 qui a chang\u00e9 la donne pour toujours, d\u00e9sormais disponible en poudre longue tenue, l\u00e9g\u00e8re comme l'air, pour une couvrance l\u00e9g\u00e8re \u00e0 totale dans un fini mat doux et non p\u00e2teux. C'est rapide, impeccable et facile. Description; Longue tenue, l\u00e9g\u00e8re comme l'air, sans effet flashback Complexe\u2026","rel":"","context":"Similar post","block_context":{"text":"Similar post","link":""},"img":{"alt_text":"","src":"","width":0,"height":0},"classes":[]},{"id":25152,"url":"https:\/\/sakaba.mghosteur.com\/en\/product\/bh-cosmetics-matte-finish-pressed-powder\/","url_meta":{"origin":37144,"position":5},"title":"Bh Cosmetics Matte Finish Pressed Powder","author":"admin","date":"November 11, 2022","format":false,"excerpt":"","rel":"","context":"Similar post","block_context":{"text":"Similar post","link":""},"img":{"alt_text":"","src":"","width":0,"height":0},"classes":[]}],"_links":{"self":[{"href":"https:\/\/sakaba.mghosteur.com\/en\/wp-json\/wp\/v2\/product\/37144","targetHints":{"allow":["GET"]}}],"collection":[{"href":"https:\/\/sakaba.mghosteur.com\/en\/wp-json\/wp\/v2\/product"}],"about":[{"href":"https:\/\/sakaba.mghosteur.com\/en\/wp-json\/wp\/v2\/types\/product"}],"replies":[{"embeddable":true,"href":"https:\/\/sakaba.mghosteur.com\/en\/wp-json\/wp\/v2\/comments?post=37144"}],"version-history":[{"count":0,"href":"https:\/\/sakaba.mghosteur.com\/en\/wp-json\/wp\/v2\/product\/37144\/revisions"}],"wp:attachment":[{"href":"https:\/\/sakaba.mghosteur.com\/en\/wp-json\/wp\/v2\/media?parent=37144"}],"wp:term":[{"taxonomy":"product_brand","embeddable":true,"href":"https:\/\/sakaba.mghosteur.com\/en\/wp-json\/wp\/v2\/product_brand?post=37144"},{"taxonomy":"product_cat","embeddable":true,"href":"https:\/\/sakaba.mghosteur.com\/en\/wp-json\/wp\/v2\/product_cat?post=37144"},{"taxonomy":"product_tag","embeddable":true,"href":"https:\/\/sakaba.mghosteur.com\/en\/wp-json\/wp\/v2\/product_tag?post=37144"}],"curies":[{"name":"wp","href":"https:\/\/api.w.org\/{rel}","templated":true}]}}