{"id":37162,"date":"2024-10-09T15:36:32","date_gmt":"2024-10-09T15:36:32","guid":{"rendered":"https:\/\/sakaba.mghosteur.com\/?post_type=product&#038;p=37162"},"modified":"2025-04-04T03:46:43","modified_gmt":"2025-04-04T03:46:43","slug":"sol-janeiro-fragrance-cheirosa-76-90ml","status":"publish","type":"product","link":"https:\/\/sakaba.mghosteur.com\/en\/product\/sol-janeiro-fragrance-cheirosa-76-90ml\/","title":{"rendered":"SOL JANEIRO FRAGRANCE CHEIROSA 76 90ML"},"content":{"rendered":"","protected":false},"excerpt":{"rendered":"","protected":false},"featured_media":0,"comment_status":"open","ping_status":"closed","template":"","meta":[],"product_brand":[974],"product_cat":[410,283],"product_tag":[],"class_list":{"0":"post-37162","1":"product","2":"type-product","3":"status-publish","5":"product_brand-sol-de-janeiro","6":"product_cat-fragrance","7":"product_cat-aah-parfums","9":"first","10":"instock","11":"shipping-taxable","12":"product-type-simple"},"jetpack-related-posts":[{"id":37159,"url":"https:\/\/sakaba.mghosteur.com\/en\/product\/sol-janeiro-cheirosa-76-240ml\/","url_meta":{"origin":37162,"position":0},"title":"SOL JANEIRO CHEIROSA 76 240ML","author":"admin","date":"October 9, 2024","format":false,"excerpt":"","rel":"","context":"Similar post","block_context":{"text":"Similar post","link":""},"img":{"alt_text":"","src":"","width":0,"height":0},"classes":[]},{"id":32483,"url":"https:\/\/sakaba.mghosteur.com\/en\/product\/sol-janeiro-fragrance-cheirosa-59-90ml\/","url_meta":{"origin":37162,"position":1},"title":"SOL JANEIRO FRAGRANCE CHEIROSA 59 90ML","author":"admin","date":"May 14, 2024","format":false,"excerpt":"D\u00e9couvrez le Brazilian Crush Cheirosa 59, une brume parfum\u00e9e captivante pour le corps et les cheveux. Transportez-vous vers les chaudes soir\u00e9es br\u00e9siliennes avec ses accords envo\u00fbtants d\u2019orchid\u00e9e vanille, de violette sucr\u00e9e et de bois de santal pur. Cette brume parfum\u00e9e vous offre une exp\u00e9rience sensorielle unique, \u00e9veillant vos sens avec\u2026","rel":"","context":"Similar post","block_context":{"text":"Similar post","link":""},"img":{"alt_text":"","src":"","width":0,"height":0},"classes":[]},{"id":32462,"url":"https:\/\/sakaba.mghosteur.com\/en\/product\/sol-janeiro-brazilian-crush-68-jasmin-pink-dragonfruit-90ml\/","url_meta":{"origin":37162,"position":2},"title":"SOL JANEIRO BRAZILIAN CRUSH 68 JASMIN &amp; PINK DRAGONFRUIT 90ML","author":"admin","date":"May 14, 2024","format":false,"excerpt":"D\u00e9couvrez le Cheirosa '68 Hair & Body Perfume Mist de 90ml, un produit qui laisse la peau douce, lisse et rafra\u00eechie avec une fragrance exquise. Sa formule l\u00e9g\u00e8re, d\u00e9licate et revitalisante enveloppe votre peau d'une sensation de fra\u00eecheur incomparable. Plongez dans un univers sensoriel o\u00f9 chaque pulv\u00e9risation r\u00e9v\u00e8le une explosion\u2026","rel":"","context":"Similar post","block_context":{"text":"Similar post","link":""},"img":{"alt_text":"","src":"","width":0,"height":0},"classes":[]},{"id":32450,"url":"https:\/\/sakaba.mghosteur.com\/en\/product\/sol-janeiro-brazilian-crush-40-black-amber-plum-vanilla-rose-90ml\/","url_meta":{"origin":37162,"position":3},"title":"SOL JANEIRO BRAZILIAN CRUSH 40 BLACK AMBER PLUM &amp; VANILLA ROSE 90ML","author":"admin","date":"May 14, 2024","format":false,"excerpt":"Le Sol De Janeiro Brazil Crush Cheirosa '40 Black Amber Plum & Vanilla Woods Hair & Body Fragrance Mist (90 ml) est une brume parfum\u00e9e d\u00e9licate mais enivrante, impr\u00e9gn\u00e9e de notes de prune ambr\u00e9e noire, de bois de vanille et de fleurs de jasmin pour vous envelopper d'une fragrance exquise.\u2026","rel":"","context":"Similar post","block_context":{"text":"Similar post","link":""},"img":{"alt_text":"","src":"","width":0,"height":0},"classes":[]},{"id":32432,"url":"https:\/\/sakaba.mghosteur.com\/en\/product\/sol-janeiro-brazilian-71-caramelized-vanilla-90ml\/","url_meta":{"origin":37162,"position":4},"title":"SOL JANEIRO BRAZILIAN 71 CARAMELIZED VANILLA 90ML","author":"admin","date":"May 14, 2024","format":false,"excerpt":"D\u00e9couvrez la Brume parfum\u00e9e pour cheveux et corps Cheirosa '71 de Sol de Janeiro Brazil Crush, une exp\u00e9rience olfactive exquise qui vous transportera directement sur les plages ensoleill\u00e9es du Br\u00e9sil. Impr\u00e9gnez-vous de cette fragrance enivrante, o\u00f9 la vanille caram\u00e9lis\u00e9e se m\u00eale harmonieusement \u00e0 la douceur de la noix de macadamia\u2026","rel":"","context":"Similar post","block_context":{"text":"Similar post","link":""},"img":{"alt_text":"","src":"","width":0,"height":0},"classes":[]},{"id":32456,"url":"https:\/\/sakaba.mghosteur.com\/en\/product\/sol-janeiro-brazilian-crush-62-pistacho-salted-caramel-90ml\/","url_meta":{"origin":37162,"position":5},"title":"SOL JANEIRO BRAZILIAN CRUSH 62 PISTACHO &#038; SALTED CARAMEL 90ML","author":"admin","date":"May 14, 2024","format":false,"excerpt":"Le Brazil Crush Cheirosa '62 Pistache & Caramel Sal\u00e9 Hair & Body Fragrance Mist (240 ml) de Sol De Janeiro est bien plus qu'une simple brume parfum\u00e9e. C'est une invitation \u00e0 une exp\u00e9rience sensorielle envo\u00fbtante, inspir\u00e9e par les plages ensoleill\u00e9es de Rio de Janeiro. Cette brume multifonctionnelle captura l'essence m\u00eame\u2026","rel":"","context":"Similar post","block_context":{"text":"Similar post","link":""},"img":{"alt_text":"","src":"","width":0,"height":0},"classes":[]}],"_links":{"self":[{"href":"https:\/\/sakaba.mghosteur.com\/en\/wp-json\/wp\/v2\/product\/37162","targetHints":{"allow":["GET"]}}],"collection":[{"href":"https:\/\/sakaba.mghosteur.com\/en\/wp-json\/wp\/v2\/product"}],"about":[{"href":"https:\/\/sakaba.mghosteur.com\/en\/wp-json\/wp\/v2\/types\/product"}],"replies":[{"embeddable":true,"href":"https:\/\/sakaba.mghosteur.com\/en\/wp-json\/wp\/v2\/comments?post=37162"}],"version-history":[{"count":0,"href":"https:\/\/sakaba.mghosteur.com\/en\/wp-json\/wp\/v2\/product\/37162\/revisions"}],"wp:attachment":[{"href":"https:\/\/sakaba.mghosteur.com\/en\/wp-json\/wp\/v2\/media?parent=37162"}],"wp:term":[{"taxonomy":"product_brand","embeddable":true,"href":"https:\/\/sakaba.mghosteur.com\/en\/wp-json\/wp\/v2\/product_brand?post=37162"},{"taxonomy":"product_cat","embeddable":true,"href":"https:\/\/sakaba.mghosteur.com\/en\/wp-json\/wp\/v2\/product_cat?post=37162"},{"taxonomy":"product_tag","embeddable":true,"href":"https:\/\/sakaba.mghosteur.com\/en\/wp-json\/wp\/v2\/product_tag?post=37162"}],"curies":[{"name":"wp","href":"https:\/\/api.w.org\/{rel}","templated":true}]}}