{"id":37172,"date":"2024-10-09T15:59:28","date_gmt":"2024-10-09T15:59:28","guid":{"rendered":"https:\/\/sakaba.mghosteur.com\/?post_type=product&#038;p=37172"},"modified":"2025-04-04T03:47:19","modified_gmt":"2025-04-04T03:47:19","slug":"torriden-dive-in-soothing-cream-100ml","status":"publish","type":"product","link":"https:\/\/sakaba.mghosteur.com\/en\/product\/torriden-dive-in-soothing-cream-100ml\/","title":{"rendered":"TORRIDEN DIVE IN SOOTHING CREAM 100ML"},"content":{"rendered":"<p>Cr\u00e8me gel hydratante qui p\u00e9n\u00e8tre rapidement et profond\u00e9ment dans la peau. Sa texture gel l\u00e9g\u00e8re et aqueuse offre un fini rafra\u00eechissant. Elle est enrichie en Bue Complex HR contenant six extraits botaniques pour nourrir la peau et en acide hyaluronique 5D-Complex pour une hydratation en profondeur. Elle est exempte de parfum artificiel, de colorants, de parab\u00e8nes, d&#8217;huiles min\u00e9rales, d&#8217;alcool isopropylique et d&#8217;autres ingr\u00e9dients. Elle est hypoallerg\u00e9nique et convient \u00e0 tous les types de peau, y compris les peaux sensibles et \u00e0 tendance acn\u00e9ique.<\/p>","protected":false},"excerpt":{"rendered":"<p>Cr\u00e8me gel hydratante qui p\u00e9n\u00e8tre rapidement et profond\u00e9ment dans la peau. Sa texture gel l\u00e9g\u00e8re et aqueuse offre un fini rafra\u00eechissant. Elle est enrichie en Bue Complex HR contenant six extraits botaniques pour nourrir la peau et en acide hyaluronique 5D-Complex pour une hydratation en profondeur. Elle est exempte de parfum artificiel, de colorants, de<span class=\"read-more-faq\"><a href=\"https:\/\/sakaba.mghosteur.com\/en\/product\/torriden-dive-in-soothing-cream-100ml\/\">Read More<\/a><\/span><\/p>","protected":false},"featured_media":0,"comment_status":"open","ping_status":"closed","template":"","meta":[],"product_brand":[1099],"product_cat":[331,1018,451],"product_tag":[],"class_list":{"0":"post-37172","1":"product","2":"type-product","3":"status-publish","5":"product_brand-torriden","6":"product_cat-hydratant-visage","7":"product_cat-aai-produis-coreens","8":"product_cat-aab-soin-du-visage","10":"first","11":"instock","12":"shipping-taxable","13":"product-type-simple"},"jetpack-related-posts":[{"id":31755,"url":"https:\/\/sakaba.mghosteur.com\/en\/product\/byoma-moisturing-gel-cream\/","url_meta":{"origin":37172,"position":0},"title":"BYOMA MOISTURIZING GEL CREAM","author":"admin","date":"May 10, 2024","format":false,"excerpt":"Cette cr\u00e8me hydratante quotidienne l\u00e9g\u00e8re et sans huile offre une hydratation cibl\u00e9e et efficace aux peaux assoiff\u00e9es. Sa texture gel-cr\u00e8me unique s'absorbe instantan\u00e9ment, adoucissant et hydratant la peau gr\u00e2ce \u00e0 un m\u00e9lange d'ingr\u00e9dients soigneusement s\u00e9lectionn\u00e9s qui renforcent la barri\u00e8re cutan\u00e9e. C'est la texture l\u00e9g\u00e8re et rafra\u00eechissante d'un gel avec l'hydratation\u2026","rel":"","context":"Similar post","block_context":{"text":"Similar post","link":""},"img":{"alt_text":"","src":"","width":0,"height":0},"classes":[]},{"id":29966,"url":"https:\/\/sakaba.mghosteur.com\/en\/product\/hada-labo-tokyo-skin-plumping-gel-cream-with-super-hyaluronic-acid-collagen\/","url_meta":{"origin":37172,"position":1},"title":"Hada Labo Tokyo Skin Plumping Gel Cream with Super Hyaluronic Acid &#038; Collagen","author":"admin","date":"April 29, 2023","format":false,"excerpt":"D\u00e9couvrez le traitement de nuit anti-\u00e2ge Hada Labo Tokyo pour une peau hydrat\u00e9e, r\u00e9par\u00e9e et raffermie pendant votre sommeil. Ce gel-cr\u00e8me repulpant pour la peau est formul\u00e9 avec des ingr\u00e9dients cl\u00e9s tels que l'acide super hyaluronique (TM), le complexe de peptides de soja, le collag\u00e8ne et le ch\u00e8vrefeuille japonais. Cette\u2026","rel":"","context":"Similar post","block_context":{"text":"Similar post","link":""},"img":{"alt_text":"","src":"","width":0,"height":0},"classes":[]},{"id":31780,"url":"https:\/\/sakaba.mghosteur.com\/en\/product\/olay-ceramide-gel-de-douche-591ml\/","url_meta":{"origin":37172,"position":2},"title":"OLAY CERAMIDE GEL DE DOUCHE 591ML","author":"admin","date":"May 10, 2024","format":false,"excerpt":"R\u00e9v\u00e9lez une peau belle et saine avec le nettoyant pour le corps nettoyant et fortifiant Olay avec complexe de c\u00e9ramides et de vitamine B3. Cette formule avanc\u00e9e hydrate en profondeur pour aider \u00e0 renforcer la barri\u00e8re d'hydratation de votre peau et la laisser douce et r\u00e9g\u00e9n\u00e9r\u00e9e. Gr\u00e2ce \u00e0 la technologie\u2026","rel":"","context":"Similar post","block_context":{"text":"Similar post","link":""},"img":{"alt_text":"","src":"","width":0,"height":0},"classes":[]},{"id":31687,"url":"https:\/\/sakaba.mghosteur.com\/en\/product\/aplb-glutathione-niacinamide-5-3-body-wash\/","url_meta":{"origin":37172,"position":3},"title":"APLB GLUTATHIONE NIACINAMIDE 5.3% BODY WASH","author":"admin","date":"May 10, 2024","format":false,"excerpt":"D\u00e9couvrez ce produit exceptionnel pour votre routine de soin corporel : le Gel Douche Glutathion Niacinamide \/ LIPO GLUTA NIAC CEN 5.3%. Il associe le Glutathion \u00e0 1 000 ppm, la Niacinamide \u00e0 1 000 ppm et un extrait de Centella Asiatica \u00e0 5,1%, enrichi avec le Complexe Centella 3x.\u2026","rel":"","context":"Similar post","block_context":{"text":"Similar post","link":""},"img":{"alt_text":"","src":"","width":0,"height":0},"classes":[]},{"id":30306,"url":"https:\/\/sakaba.mghosteur.com\/en\/product\/atoderm-gel-douche-1l\/","url_meta":{"origin":37172,"position":4},"title":"ATODERM GEL DOUCHE 1L","author":"admin","date":"May 8, 2023","format":false,"excerpt":"D\u00e9couvrez Atoderm Gel douche de la marque BIODERMA, un produit doux et protecteur pour toute la famille (sauf nourrissons pr\u00e9matur\u00e9s). Gr\u00e2ce \u00e0 sa formule sans savon et \u00e0 sa texture gel moussant onctueuse, il nettoie en douceur tout en adoucissant et prot\u00e9geant la peau. Sa couleur bleut\u00e9e naturelle et son\u2026","rel":"","context":"Similar post","block_context":{"text":"Similar post","link":""},"img":{"alt_text":"","src":"","width":0,"height":0},"classes":[]},{"id":24480,"url":"https:\/\/sakaba.mghosteur.com\/en\/product\/bioderma-atoderm-gel-douche\/","url_meta":{"origin":37172,"position":5},"title":"ATODERM GEL DOUCHE 500ML","author":"admin","date":"November 10, 2022","format":false,"excerpt":"D\u00e9couvrez Atoderm Gel douche de la marque BIODERMA, un produit doux et protecteur pour toute la famille (sauf nourrissons pr\u00e9matur\u00e9s). Gr\u00e2ce \u00e0 sa formule sans savon et \u00e0 sa texture gel moussant onctueuse, il nettoie en douceur tout en adoucissant et prot\u00e9geant la peau. Sa couleur bleut\u00e9e naturelle et son\u2026","rel":"","context":"Similar post","block_context":{"text":"Similar post","link":""},"img":{"alt_text":"","src":"","width":0,"height":0},"classes":[]}],"_links":{"self":[{"href":"https:\/\/sakaba.mghosteur.com\/en\/wp-json\/wp\/v2\/product\/37172","targetHints":{"allow":["GET"]}}],"collection":[{"href":"https:\/\/sakaba.mghosteur.com\/en\/wp-json\/wp\/v2\/product"}],"about":[{"href":"https:\/\/sakaba.mghosteur.com\/en\/wp-json\/wp\/v2\/types\/product"}],"replies":[{"embeddable":true,"href":"https:\/\/sakaba.mghosteur.com\/en\/wp-json\/wp\/v2\/comments?post=37172"}],"version-history":[{"count":0,"href":"https:\/\/sakaba.mghosteur.com\/en\/wp-json\/wp\/v2\/product\/37172\/revisions"}],"wp:attachment":[{"href":"https:\/\/sakaba.mghosteur.com\/en\/wp-json\/wp\/v2\/media?parent=37172"}],"wp:term":[{"taxonomy":"product_brand","embeddable":true,"href":"https:\/\/sakaba.mghosteur.com\/en\/wp-json\/wp\/v2\/product_brand?post=37172"},{"taxonomy":"product_cat","embeddable":true,"href":"https:\/\/sakaba.mghosteur.com\/en\/wp-json\/wp\/v2\/product_cat?post=37172"},{"taxonomy":"product_tag","embeddable":true,"href":"https:\/\/sakaba.mghosteur.com\/en\/wp-json\/wp\/v2\/product_tag?post=37172"}],"curies":[{"name":"wp","href":"https:\/\/api.w.org\/{rel}","templated":true}]}}