{"id":56099,"date":"2026-01-02T12:26:14","date_gmt":"2026-01-02T12:26:14","guid":{"rendered":"https:\/\/sakaba.mghosteur.com\/?post_type=product&#038;p=56099"},"modified":"2026-01-02T12:26:15","modified_gmt":"2026-01-02T12:26:15","slug":"advanced-clinicals-retinol-advanced-firming-cream","status":"publish","type":"product","link":"https:\/\/sakaba.mghosteur.com\/en\/product\/advanced-clinicals-retinol-advanced-firming-cream\/","title":{"rendered":"Advanced Clinicals Retinol Advanced Firming Cream"},"content":{"rendered":"<p>ADVANCED CLINICAL \u2013 RETINOL CREAM est infus\u00e9e d\u2019aloe vera, de camomille, de glyc\u00e9rine et de th\u00e9 vert.<\/p>\n<p>Ces composants agissent tous ensemble pour raffermir efficacement la peau et r\u00e9duire l\u2019apparence de la peau endommag\u00e9e par le soleil, des rides, des ridules et de la peau cr\u00e9pue.<\/p>\n<p>Aloe Vera prot\u00e8ge contre les rougeurs et les irritations visibles.<\/p>\n<p>Th\u00e9 vert + camomille prot\u00e8ge contre les dommages environnementaux et r\u00e9duit les poches. La combinaison d\u2019ingr\u00e9dients rend cette cr\u00e8me pour le corps au r\u00e9tinol non irritante contrairement \u00e0 de nombreux autres produits \u00e0 base de r\u00e9tinol.<\/p>\n<p>Test\u00e9 cliniquement, test\u00e9 par des dermatologues et test\u00e9 contre les allergies.<\/p>\n<p>Cette formule de cr\u00e8me raffermissante avanc\u00e9e au r\u00e9tinol, p\u00e9n\u00e8tre facilement dans la peau et est suffisamment riche pour \u00eatre un hydratant corporel longue dur\u00e9e. Suffisamment douce pour \u00eatre utilis\u00e9e comme hydratant quotidien pour le visage.<\/p>\n<p>Formul\u00e9 pour \u00eatre sans danger pour tous les types de peau.<\/p>\n<p>Avec l\u2019\u00e2ge, notre peau perd de son \u00e9lasticit\u00e9 et de son hydratation, cette lotion pour le corps. ADVANCED CLINICAL \u2013 RETINOL CREAM est la combinaison parfaite d\u2019ingr\u00e9dients anti-\u00e2ge avec des antioxydants naturels pour vous aider \u00e0 promouvoir une peau plus radieuse et plus allure juv\u00e9nile.<\/p>\n<p>Formule non grasse sans parfum.<\/p>\n<p>Sans : parab\u00e8nes, alcools de s\u00e9chage, ingr\u00e9dients d\u2019origine animale, PEG, sulfates, colorants et talc.<\/p>\n<p>Fabriqu\u00e9 dans notre laboratoire r\u00e9glement\u00e9 et inspect\u00e9 par la FDA \u00e0 Chicago, aux \u00c9tats-Unis.<\/p>","protected":false},"excerpt":{"rendered":"<p>ADVANCED CLINICAL \u2013 RETINOL CREAM est infus\u00e9e d\u2019aloe vera, de camomille, de glyc\u00e9rine et de th\u00e9 vert. Ces composants agissent tous ensemble pour raffermir efficacement la peau et r\u00e9duire l\u2019apparence de la peau endommag\u00e9e par le soleil, des rides, des ridules et de la peau cr\u00e9pue. Aloe Vera prot\u00e8ge contre les rougeurs et les irritations<span class=\"read-more-faq\"><a href=\"https:\/\/sakaba.mghosteur.com\/en\/product\/advanced-clinicals-retinol-advanced-firming-cream\/\">Read More<\/a><\/span><\/p>","protected":false},"featured_media":0,"comment_status":"open","ping_status":"closed","template":"","meta":[],"product_brand":[1050],"product_cat":[286],"product_tag":[],"class_list":{"0":"post-56099","1":"product","2":"type-product","3":"status-publish","5":"product_brand-advanced","6":"product_cat-corps","8":"first","9":"instock","10":"shipping-taxable","11":"product-type-simple"},"jetpack-related-posts":[{"id":35978,"url":"https:\/\/sakaba.mghosteur.com\/en\/product\/medix-5-5-retinol-ferulic-acid-age-rewind-444ml\/","url_meta":{"origin":56099,"position":0},"title":"MEDIX 5.5 RETINOL FERULIC ACID AGE REWIND 444ML","author":"admin","date":"August 10, 2024","format":false,"excerpt":"MEDIX 5.5 \u2013 RETINOL CREAM contient d\u2019autres ingr\u00e9dients actifs tels que l\u2019acide f\u00e9rulique, le th\u00e9 vert, la vitamine E, le beurre de karit\u00e9 et l\u2019aloe vera qui agissent en synergie pour am\u00e9liorer la sant\u00e9 globale et l\u2019apparence de votre peau afin de donner \u00e0 votre peau un \u00e9clat jeune et\u2026","rel":"","context":"Similar post","block_context":{"text":"Similar post","link":""},"img":{"alt_text":"","src":"","width":0,"height":0},"classes":[]},{"id":56120,"url":"https:\/\/sakaba.mghosteur.com\/en\/product\/advanced-clinicals-dark-spot-brightening-cream\/","url_meta":{"origin":56099,"position":1},"title":"Advanced Clinicals Dark Spot Brightening Cream","author":"Sope DIA","date":"January 2, 2026","format":false,"excerpt":"Cr\u00e8me visage anti-taches : lisse et illumine visiblement le teint terne. Cette cr\u00e8me \u00e0 la vitamine C et \u00e0 l'acide lactique exfolie et hydrate pour am\u00e9liorer l'apparence des peaux irr\u00e9guli\u00e8res et fatigu\u00e9es. La peau est plus douce, plus uniforme et visiblement \u00e9clatante. Formul\u00e9e par des chimistes cosm\u00e9tiques pour les femmes\u2026","rel":"","context":"Similar post","block_context":{"text":"Similar post","link":""},"img":{"alt_text":"","src":"","width":0,"height":0},"classes":[]},{"id":56108,"url":"https:\/\/sakaba.mghosteur.com\/en\/product\/advanced-clinicals-vitamin-c-advanced-brightening-cream\/","url_meta":{"origin":56099,"position":2},"title":"Advanced Clinicals Vitamin C Advanced Brightening Cream","author":"Sope DIA","date":"January 2, 2026","format":false,"excerpt":"Cr\u00e8me \u00e0 la vitamine C pour un teint \u00e9clatant \u2013 Cette cr\u00e8me corporelle avanc\u00e9e \u00e0 la vitamine C am\u00e9liore l'aspect des peaux ternes et lisse les irr\u00e9gularit\u00e9s du teint pour un \u00e9clat visible. Formul\u00e9e pour une peau radieuse et rafra\u00eechie, elle a \u00e9t\u00e9 con\u00e7ue par des chimistes cosm\u00e9tiques pour les\u2026","rel":"","context":"Similar post","block_context":{"text":"Similar post","link":""},"img":{"alt_text":"","src":"","width":0,"height":0},"classes":[]},{"id":56117,"url":"https:\/\/sakaba.mghosteur.com\/en\/product\/advanced-clinicals-vitamin-c-advanced-brightening-cream-2\/","url_meta":{"origin":56099,"position":3},"title":"Advanced Clinicals Vitamin C Advanced Brightening Cream","author":"Sope DIA","date":"January 2, 2026","format":false,"excerpt":"Cr\u00e8me \u00e0 la vitamine C pour un teint \u00e9clatant \u2013 Cette cr\u00e8me corporelle avanc\u00e9e \u00e0 la vitamine C am\u00e9liore l'aspect des peaux ternes et lisse les irr\u00e9gularit\u00e9s du teint pour un \u00e9clat visible. Formul\u00e9e pour une peau radieuse et rafra\u00eechie, elle a \u00e9t\u00e9 con\u00e7ue par des chimistes cosm\u00e9tiques pour les\u2026","rel":"","context":"Similar post","block_context":{"text":"Similar post","link":""},"img":{"alt_text":"","src":"","width":0,"height":0},"classes":[]},{"id":31581,"url":"https:\/\/sakaba.mghosteur.com\/en\/product\/cosrx-the-retinol-super-vitamine-e-panthenol\/","url_meta":{"origin":56099,"position":4},"title":"COSRX THE RETINOL SUPER VITAMINE E + PANTHENOL","author":"admin","date":"May 10, 2024","format":false,"excerpt":"D\u00e9couvrez la cr\u00e8me The Retinol 0.1 Cream de COSRX, un incontournable pour votre routine de soin. Sa formule unique associe 0,1 % de r\u00e9tinol anti-\u00e2ge \u00e0 des actifs apaisants et hydratants, tels que la vitamine E et le panth\u00e9nol. Gr\u00e2ce \u00e0 cette combinaison, cette cr\u00e8me assure une initiation en douceur\u2026","rel":"","context":"Similar post","block_context":{"text":"Similar post","link":""},"img":{"alt_text":"","src":"","width":0,"height":0},"classes":[]},{"id":26966,"url":"https:\/\/sakaba.mghosteur.com\/en\/product\/bha-exfoliant-serum-2salicylic-acid-with-green-te\/","url_meta":{"origin":56099,"position":5},"title":"FACETHEORY BHA Exfoliating Serum S3","author":"admin","date":"November 28, 2022","format":false,"excerpt":"Le BHA Exfoliating Serum S3 de FACETHEORY est un exfoliant liquide sans rin\u00e7age reformul\u00e9 avec 5 % de BHA - 2 % d'acide salicylique et maintenant avec 3 % de carnitine - pour cibler l'acn\u00e9, les cellules mortes, les rides et les ridules tout en hydratant et nourrissant la peau.\u2026","rel":"","context":"Similar post","block_context":{"text":"Similar post","link":""},"img":{"alt_text":"","src":"","width":0,"height":0},"classes":[]}],"_links":{"self":[{"href":"https:\/\/sakaba.mghosteur.com\/en\/wp-json\/wp\/v2\/product\/56099","targetHints":{"allow":["GET"]}}],"collection":[{"href":"https:\/\/sakaba.mghosteur.com\/en\/wp-json\/wp\/v2\/product"}],"about":[{"href":"https:\/\/sakaba.mghosteur.com\/en\/wp-json\/wp\/v2\/types\/product"}],"replies":[{"embeddable":true,"href":"https:\/\/sakaba.mghosteur.com\/en\/wp-json\/wp\/v2\/comments?post=56099"}],"version-history":[{"count":1,"href":"https:\/\/sakaba.mghosteur.com\/en\/wp-json\/wp\/v2\/product\/56099\/revisions"}],"predecessor-version":[{"id":56101,"href":"https:\/\/sakaba.mghosteur.com\/en\/wp-json\/wp\/v2\/product\/56099\/revisions\/56101"}],"wp:attachment":[{"href":"https:\/\/sakaba.mghosteur.com\/en\/wp-json\/wp\/v2\/media?parent=56099"}],"wp:term":[{"taxonomy":"product_brand","embeddable":true,"href":"https:\/\/sakaba.mghosteur.com\/en\/wp-json\/wp\/v2\/product_brand?post=56099"},{"taxonomy":"product_cat","embeddable":true,"href":"https:\/\/sakaba.mghosteur.com\/en\/wp-json\/wp\/v2\/product_cat?post=56099"},{"taxonomy":"product_tag","embeddable":true,"href":"https:\/\/sakaba.mghosteur.com\/en\/wp-json\/wp\/v2\/product_tag?post=56099"}],"curies":[{"name":"wp","href":"https:\/\/api.w.org\/{rel}","templated":true}]}}