{"id":56105,"date":"2026-01-02T12:46:51","date_gmt":"2026-01-02T12:46:51","guid":{"rendered":"https:\/\/sakaba.mghosteur.com\/?post_type=product&#038;p=56105"},"modified":"2026-01-02T12:46:51","modified_gmt":"2026-01-02T12:46:51","slug":"advanced-clinicals-hyaluronic-acid-instant-skin-hydrator","status":"publish","type":"product","link":"https:\/\/sakaba.mghosteur.com\/en\/product\/advanced-clinicals-hyaluronic-acid-instant-skin-hydrator\/","title":{"rendered":"Advanced Clinicals Hyaluronic Acid Instant Skin Hydrator"},"content":{"rendered":"<ul class=\"a-unordered-list a-vertical a-spacing-mini\">\n<li class=\"a-spacing-mini\"><span class=\"a-list-item\"><span dir=\"auto\">CR\u00c8ME \u00c0 L&#8217;ACIDE HYALURONIQUE HYDRATE ET REPULPE VISIBLEMENT LES PEAUX S\u00c8CHES \u2013 Cette cr\u00e8me pour le corps hydrate intens\u00e9ment pour une peau visiblement repulp\u00e9e et lisse. Elle retient l&#8217;hydratation essentielle, laissant la peau fra\u00eeche, souple et revitalis\u00e9e. Formul\u00e9e par des chimistes cosm\u00e9tiques pour les femmes et les hommes souhaitant int\u00e9grer une hydratation suppl\u00e9mentaire \u00e0 leur routine de soins.<\/span><\/span><\/li>\n<li class=\"a-spacing-mini\"><span class=\"a-list-item\"><span dir=\"auto\">Lotion corporelle \u00e0 l&#8217;acide hyaluronique, au squalane, \u00e0 l&#8217;extrait d&#8217;algues et au panth\u00e9nol (vitamine B5) \u2013 Rafra\u00eechit et am\u00e9liore l&#8217;aspect du grain de peau. Sa formule nourrissante retient l&#8217;hydratation pour une peau visiblement douce et souple, et att\u00e9nue l&#8217;apparence des rides, du teint irr\u00e9gulier, des ridules et du grain de peau rugueux.<\/span><\/span><\/li>\n<li class=\"a-spacing-mini\"><span class=\"a-list-item\"><span dir=\"auto\">HYDRATATION POUR UNE PEAU DOUCE ET SOUPLE \u2013 Ce soin hydratant corporel riche et velout\u00e9 procure une hydratation intense, laissant la peau lisse, douce et rafra\u00eechie. Aussi riche qu&#8217;un beurre corporel, il ne laisse aucun film gras. La peau est hydrat\u00e9e, lisse et visiblement souple. Cette cr\u00e8me \u00e0 l&#8217;acide hyaluronique convient \u00e0 tout le corps, y compris le cou, les bras, les mains, les cuisses et les jambes.<\/span><\/span><\/li>\n<li class=\"a-spacing-mini\"><span class=\"a-list-item\"><span dir=\"auto\">POUR PEAUX S\u00c8CHES ET D\u00c9SHYDRAT\u00c9ES \u2013 Appliquer quotidiennement sur peau s\u00e8che ou humide, en massant jusqu&#8217;\u00e0 absorption compl\u00e8te pour une hydratation optimale. Id\u00e9al pour une utilisation matin et soir dans votre routine de soins beaut\u00e9.<\/span><\/span><\/li>\n<li class=\"a-spacing-mini\"><span class=\"a-list-item\"><span dir=\"auto\">SOINS DE LA PEAU BAS\u00c9S SUR LA SCIENCE \u2013 Advanced Clinicals propose des formules scientifiques \u00e0 base d&#8217;ingr\u00e9dients reconnus et \u00e9prouv\u00e9s. Formul\u00e9s par notre \u00e9quipe interne de recherche et d\u00e9veloppement, forte de plus de 25 ans d&#8217;expertise en soins de la peau, les produits Advanced Clinicals sont test\u00e9s dermatologiquement et con\u00e7us pour r\u00e9pondre \u00e0 vos besoins. Fabriqu\u00e9s dans le Midwest am\u00e9ricain \u00e0 partir de mati\u00e8res premi\u00e8res provenant du monde entier.<\/span><\/span><\/li>\n<\/ul>","protected":false},"excerpt":{"rendered":"<p>CR\u00c8ME \u00c0 L&#8217;ACIDE HYALURONIQUE HYDRATE ET REPULPE VISIBLEMENT LES PEAUX S\u00c8CHES \u2013 Cette cr\u00e8me pour le corps hydrate intens\u00e9ment pour une peau visiblement repulp\u00e9e et lisse. Elle retient l&#8217;hydratation essentielle, laissant la peau fra\u00eeche, souple et revitalis\u00e9e. Formul\u00e9e par des chimistes cosm\u00e9tiques pour les femmes et les hommes souhaitant int\u00e9grer une hydratation suppl\u00e9mentaire \u00e0 leur<span class=\"read-more-faq\"><a href=\"https:\/\/sakaba.mghosteur.com\/en\/product\/advanced-clinicals-hyaluronic-acid-instant-skin-hydrator\/\">Read More<\/a><\/span><\/p>","protected":false},"featured_media":0,"comment_status":"open","ping_status":"closed","template":"","meta":[],"product_brand":[1050],"product_cat":[286],"product_tag":[],"class_list":{"0":"post-56105","1":"product","2":"type-product","3":"status-publish","5":"product_brand-advanced","6":"product_cat-corps","8":"first","9":"instock","10":"shipping-taxable","11":"product-type-simple"},"jetpack-related-posts":[{"id":24015,"url":"https:\/\/sakaba.mghosteur.com\/en\/product\/neutrogena-hydro-boost-hyaluronic-acid-serum\/","url_meta":{"origin":56105,"position":0},"title":"NEUTROGENA HYDRO BOOST HYALURONIC ACID SERUM","author":"admin","date":"November 9, 2022","format":false,"excerpt":"Le s\u00e9rum visage quotidien \u00e0 l'acide hyaluronique Neutrogena Hydro Boost est un produit de soin de la peau ultra-l\u00e9ger qui offre une hydratation longue dur\u00e9e pour une peau extra-lisse et souple. Adapt\u00e9 aux peaux sensibles, il d\u00e9salt\u00e8re la peau en profondeur gr\u00e2ce \u00e0 sa formule unique contenant deux tailles d'acide\u2026","rel":"","context":"Similar post","block_context":{"text":"Similar post","link":""},"img":{"alt_text":"","src":"","width":0,"height":0},"classes":[]},{"id":24017,"url":"https:\/\/sakaba.mghosteur.com\/en\/product\/neutrogene-hydro-boost-body-gel-cream\/","url_meta":{"origin":56105,"position":1},"title":"NEUTROGENA Hydro Boost Body gel Cream","author":"admin","date":"November 9, 2022","format":false,"excerpt":"Le Gel-cr\u00e8me corporel Hydro Boost de Neutrogena est un produit de soin du corps expert en hydratation, con\u00e7u pour apporter une expertise avanc\u00e9e en mati\u00e8re d'hydratation du visage aux soins du corps. Cette formule ultra-l\u00e9g\u00e8re et rafra\u00eechissante est aliment\u00e9e par de l'acide hyaluronique, capable de retenir jusqu'\u00e0 1000 fois son\u2026","rel":"","context":"Similar post","block_context":{"text":"Similar post","link":""},"img":{"alt_text":"","src":"","width":0,"height":0},"classes":[]},{"id":27450,"url":"https:\/\/sakaba.mghosteur.com\/en\/product\/the-ordinary-hyaluronic-acid-2-b5\/","url_meta":{"origin":56105,"position":2},"title":"The Ordinary Hyaluronic Acid 2% + B5","author":"admin","date":"November 29, 2022","format":false,"excerpt":"L'Acide Hyaluronique 2% + B5 de la marque The Ordinary est une formule hautement efficace pour hydrater la peau et cibler les signes de vieillissement. Cette formule innovante combine des mol\u00e9cules d'acide hyaluronique de poids mol\u00e9culaire faible, moyen et \u00e9lev\u00e9 avec un polym\u00e8re crois\u00e9 HA de nouvelle g\u00e9n\u00e9ration pour offrir\u2026","rel":"","context":"Similar post","block_context":{"text":"Similar post","link":""},"img":{"alt_text":"","src":"","width":0,"height":0},"classes":[]},{"id":56108,"url":"https:\/\/sakaba.mghosteur.com\/en\/product\/advanced-clinicals-vitamin-c-advanced-brightening-cream\/","url_meta":{"origin":56105,"position":3},"title":"Advanced Clinicals Vitamin C Advanced Brightening Cream","author":"Sope DIA","date":"January 2, 2026","format":false,"excerpt":"Cr\u00e8me \u00e0 la vitamine C pour un teint \u00e9clatant \u2013 Cette cr\u00e8me corporelle avanc\u00e9e \u00e0 la vitamine C am\u00e9liore l'aspect des peaux ternes et lisse les irr\u00e9gularit\u00e9s du teint pour un \u00e9clat visible. Formul\u00e9e pour une peau radieuse et rafra\u00eechie, elle a \u00e9t\u00e9 con\u00e7ue par des chimistes cosm\u00e9tiques pour les\u2026","rel":"","context":"Similar post","block_context":{"text":"Similar post","link":""},"img":{"alt_text":"","src":"","width":0,"height":0},"classes":[]},{"id":56117,"url":"https:\/\/sakaba.mghosteur.com\/en\/product\/advanced-clinicals-vitamin-c-advanced-brightening-cream-2\/","url_meta":{"origin":56105,"position":4},"title":"Advanced Clinicals Vitamin C Advanced Brightening Cream","author":"Sope DIA","date":"January 2, 2026","format":false,"excerpt":"Cr\u00e8me \u00e0 la vitamine C pour un teint \u00e9clatant \u2013 Cette cr\u00e8me corporelle avanc\u00e9e \u00e0 la vitamine C am\u00e9liore l'aspect des peaux ternes et lisse les irr\u00e9gularit\u00e9s du teint pour un \u00e9clat visible. Formul\u00e9e pour une peau radieuse et rafra\u00eechie, elle a \u00e9t\u00e9 con\u00e7ue par des chimistes cosm\u00e9tiques pour les\u2026","rel":"","context":"Similar post","block_context":{"text":"Similar post","link":""},"img":{"alt_text":"","src":"","width":0,"height":0},"classes":[]},{"id":34860,"url":"https:\/\/sakaba.mghosteur.com\/en\/product\/glow-recipe-hey-you-youre-glowing-coffret\/","url_meta":{"origin":56105,"position":5},"title":"GLOW RECIPE HEY YOU, YOU\u2019RE GLOWING COFFRET","author":"admin","date":"June 3, 2024","format":false,"excerpt":"Un duo best-seller en format standard contenant de la niacinamide et de l'acide hyaluronique pour resserrer visiblement les pores et \u00e9claircir la peau pour un aspect hydrat\u00e9 et \u00e9clatant. Ce duo devenu viral comprend le tonique Watermelon Glow PHA + BHA Pore-Tight, qui lisse et hydrate pour une peau visiblement\u2026","rel":"","context":"Similar post","block_context":{"text":"Similar post","link":""},"img":{"alt_text":"","src":"","width":0,"height":0},"classes":[]}],"_links":{"self":[{"href":"https:\/\/sakaba.mghosteur.com\/en\/wp-json\/wp\/v2\/product\/56105","targetHints":{"allow":["GET"]}}],"collection":[{"href":"https:\/\/sakaba.mghosteur.com\/en\/wp-json\/wp\/v2\/product"}],"about":[{"href":"https:\/\/sakaba.mghosteur.com\/en\/wp-json\/wp\/v2\/types\/product"}],"replies":[{"embeddable":true,"href":"https:\/\/sakaba.mghosteur.com\/en\/wp-json\/wp\/v2\/comments?post=56105"}],"version-history":[{"count":1,"href":"https:\/\/sakaba.mghosteur.com\/en\/wp-json\/wp\/v2\/product\/56105\/revisions"}],"predecessor-version":[{"id":56107,"href":"https:\/\/sakaba.mghosteur.com\/en\/wp-json\/wp\/v2\/product\/56105\/revisions\/56107"}],"wp:attachment":[{"href":"https:\/\/sakaba.mghosteur.com\/en\/wp-json\/wp\/v2\/media?parent=56105"}],"wp:term":[{"taxonomy":"product_brand","embeddable":true,"href":"https:\/\/sakaba.mghosteur.com\/en\/wp-json\/wp\/v2\/product_brand?post=56105"},{"taxonomy":"product_cat","embeddable":true,"href":"https:\/\/sakaba.mghosteur.com\/en\/wp-json\/wp\/v2\/product_cat?post=56105"},{"taxonomy":"product_tag","embeddable":true,"href":"https:\/\/sakaba.mghosteur.com\/en\/wp-json\/wp\/v2\/product_tag?post=56105"}],"curies":[{"name":"wp","href":"https:\/\/api.w.org\/{rel}","templated":true}]}}