{"id":56120,"date":"2026-01-02T13:07:18","date_gmt":"2026-01-02T13:07:18","guid":{"rendered":"https:\/\/sakaba.mghosteur.com\/?post_type=product&#038;p=56120"},"modified":"2026-01-02T13:07:18","modified_gmt":"2026-01-02T13:07:18","slug":"advanced-clinicals-dark-spot-brightening-cream","status":"publish","type":"product","link":"https:\/\/sakaba.mghosteur.com\/en\/product\/advanced-clinicals-dark-spot-brightening-cream\/","title":{"rendered":"Advanced Clinicals Dark Spot Brightening Cream"},"content":{"rendered":"<ul class=\"a-unordered-list a-vertical a-spacing-mini\">\n<li class=\"a-spacing-mini\"><span class=\"a-list-item\"><span dir=\"auto\">Cr\u00e8me visage anti-taches : lisse et illumine visiblement le teint terne. Cette cr\u00e8me \u00e0 la vitamine C et \u00e0 l&#8217;acide lactique exfolie et hydrate pour am\u00e9liorer l&#8217;apparence des peaux irr\u00e9guli\u00e8res et fatigu\u00e9es. La peau est plus douce, plus uniforme et visiblement \u00e9clatante. Formul\u00e9e par des chimistes cosm\u00e9tiques pour les femmes et les hommes souhaitant am\u00e9liorer l&#8217;apparence g\u00e9n\u00e9rale de leur peau et obtenir un teint plus lisse.<\/span><\/span><\/li>\n<li class=\"a-spacing-mini\"><span class=\"a-list-item\"><span dir=\"auto\">Cr\u00e8me visage \u00e0 la vitamine C, \u00e0 l&#8217;acide lactique, \u00e0 la vitamine A, \u00e0 la caf\u00e9ine et \u00e0 la racine de r\u00e9glisse\u00a0: lisse le grain de peau et att\u00e9nue l&#8217;apparence des taches brunes. La peau est plus \u00e9clatante et unifi\u00e9e.<\/span><\/span><\/li>\n<li class=\"a-spacing-mini\"><span class=\"a-list-item\"><span dir=\"auto\">TEXTURE CR\u00c8ME RICHE POUR UNE PEAU DOUCE ET \u00c9CLATANTE \u2013 Cette cr\u00e8me glisse facilement sur la peau et l&#8217;hydrate pour un teint visiblement \u00e9clatant. Apr\u00e8s chaque utilisation, la peau est douce, revitalis\u00e9e et visiblement plus lisse. Id\u00e9ale pour celles et ceux qui souhaitent sublimer leur routine beaut\u00e9.<\/span><\/span><\/li>\n<li class=\"a-spacing-mini\"><span class=\"a-list-item\"><span dir=\"auto\">Id\u00e9al pour les teints ternes et les irr\u00e9gularit\u00e9s de texture\u00a0: rafra\u00eechit et lisse visiblement le teint pour un \u00e9clat plus lumineux. Appliquer sur le visage et le cou propres. \u00c9viter d\u2019utiliser simultan\u00e9ment du r\u00e9tinol\u00a0; utiliser la vitamine C le jour et le r\u00e9tinol le soir.<\/span><\/span><\/li>\n<li class=\"a-spacing-mini\"><span class=\"a-list-item\"><span dir=\"auto\">SOINS DE LA PEAU BAS\u00c9S SUR LA SCIENCE \u2013 Advanced Clinicals propose des formules scientifiques \u00e0 base d&#8217;ingr\u00e9dients reconnus et \u00e9prouv\u00e9s. Formul\u00e9s par notre \u00e9quipe interne de recherche et d\u00e9veloppement, forte de plus de 25 ans d&#8217;expertise en soins de la peau, les produits Advanced Clinicals sont test\u00e9s dermatologiquement et con\u00e7us pour r\u00e9pondre \u00e0 vos besoins. Fabriqu\u00e9s dans le Midwest am\u00e9ricain \u00e0 partir de mati\u00e8res premi\u00e8res provenant du monde entier.<\/span><\/span><\/li>\n<\/ul>","protected":false},"excerpt":{"rendered":"<p>Cr\u00e8me visage anti-taches : lisse et illumine visiblement le teint terne. Cette cr\u00e8me \u00e0 la vitamine C et \u00e0 l&#8217;acide lactique exfolie et hydrate pour am\u00e9liorer l&#8217;apparence des peaux irr\u00e9guli\u00e8res et fatigu\u00e9es. La peau est plus douce, plus uniforme et visiblement \u00e9clatante. Formul\u00e9e par des chimistes cosm\u00e9tiques pour les femmes et les hommes souhaitant am\u00e9liorer<span class=\"read-more-faq\"><a href=\"https:\/\/sakaba.mghosteur.com\/en\/product\/advanced-clinicals-dark-spot-brightening-cream\/\">Read More<\/a><\/span><\/p>","protected":false},"featured_media":0,"comment_status":"open","ping_status":"closed","template":"","meta":[],"product_brand":[1050],"product_cat":[331,451],"product_tag":[],"class_list":{"0":"post-56120","1":"product","2":"type-product","3":"status-publish","5":"product_brand-advanced","6":"product_cat-hydratant-visage","7":"product_cat-aab-soin-du-visage","9":"first","10":"instock","11":"shipping-taxable","12":"product-type-simple"},"jetpack-related-posts":[{"id":56108,"url":"https:\/\/sakaba.mghosteur.com\/en\/product\/advanced-clinicals-vitamin-c-advanced-brightening-cream\/","url_meta":{"origin":56120,"position":0},"title":"Advanced Clinicals Vitamin C Advanced Brightening Cream","author":"Sope DIA","date":"January 2, 2026","format":false,"excerpt":"Cr\u00e8me \u00e0 la vitamine C pour un teint \u00e9clatant \u2013 Cette cr\u00e8me corporelle avanc\u00e9e \u00e0 la vitamine C am\u00e9liore l'aspect des peaux ternes et lisse les irr\u00e9gularit\u00e9s du teint pour un \u00e9clat visible. Formul\u00e9e pour une peau radieuse et rafra\u00eechie, elle a \u00e9t\u00e9 con\u00e7ue par des chimistes cosm\u00e9tiques pour les\u2026","rel":"","context":"Similar post","block_context":{"text":"Similar post","link":""},"img":{"alt_text":"","src":"","width":0,"height":0},"classes":[]},{"id":56117,"url":"https:\/\/sakaba.mghosteur.com\/en\/product\/advanced-clinicals-vitamin-c-advanced-brightening-cream-2\/","url_meta":{"origin":56120,"position":1},"title":"Advanced Clinicals Vitamin C Advanced Brightening Cream","author":"Sope DIA","date":"January 2, 2026","format":false,"excerpt":"Cr\u00e8me \u00e0 la vitamine C pour un teint \u00e9clatant \u2013 Cette cr\u00e8me corporelle avanc\u00e9e \u00e0 la vitamine C am\u00e9liore l'aspect des peaux ternes et lisse les irr\u00e9gularit\u00e9s du teint pour un \u00e9clat visible. Formul\u00e9e pour une peau radieuse et rafra\u00eechie, elle a \u00e9t\u00e9 con\u00e7ue par des chimistes cosm\u00e9tiques pour les\u2026","rel":"","context":"Similar post","block_context":{"text":"Similar post","link":""},"img":{"alt_text":"","src":"","width":0,"height":0},"classes":[]},{"id":30367,"url":"https:\/\/sakaba.mghosteur.com\/en\/product\/neutrogena-rapid-tone-repair-200-vitamin-c-serum\/","url_meta":{"origin":56120,"position":2},"title":"Neutrogena Rapid Tone Repair Brightening 20% Vitamin C Serum Capsules","author":"admin","date":"May 9, 2023","format":false,"excerpt":"Obtenez une peau plus jeune et plus \u00e9clatante en une semaine avec les capsules de s\u00e9rum \u00e0 la vitamine C Rapid Tone Repair de Neutrogena. Chaque capsule biod\u00e9gradable contient 20 % de vitamine C pure pour r\u00e9duire visiblement les taches brunes et les signes du vieillissement cutan\u00e9. Ce s\u00e9rum lissant\u2026","rel":"","context":"Similar post","block_context":{"text":"Similar post","link":""},"img":{"alt_text":"","src":"","width":0,"height":0},"classes":[]},{"id":56129,"url":"https:\/\/sakaba.mghosteur.com\/en\/product\/advanced-clinicals-vitamin-c-brightening-serum\/","url_meta":{"origin":56120,"position":3},"title":"Advanced Clinicals Vitamin C Brightening Serum","author":"Sope DIA","date":"January 2, 2026","format":false,"excerpt":"S\u00c9RUM VISAGE \u00c0 LA VITAMINE C POUR UN TEINT \u00c9CLATANT \u2013 Ce s\u00e9rum \u00e0 la vitamine C contribue \u00e0 raviver l'\u00e9clat des peaux ternes et fatigu\u00e9es, pour un teint visiblement plus lumineux et \u00e9clatant. Formul\u00e9 par des chimistes cosm\u00e9tiques, il convient aux femmes et aux hommes souhaitant unifier leur teint\u2026","rel":"","context":"Similar post","block_context":{"text":"Similar post","link":""},"img":{"alt_text":"","src":"","width":0,"height":0},"classes":[]},{"id":56192,"url":"https:\/\/sakaba.mghosteur.com\/en\/product\/glow-filter-vitamin-illuminating-serum\/","url_meta":{"origin":56120,"position":4},"title":"Glow Filter Vitamin Illuminating Serum","author":"Sope DIA","date":"January 2, 2026","format":false,"excerpt":"\u00c9CLAT NATUREL \u00c0 LA VITAMINE C : VITAQUEEN Acerola 40 % procure une infusion rafra\u00eechissante, tonifie la peau, lui redonne de l'\u00e9clat et la rend plus saine pour une peau radieuse et \u00e9clatante \u2013 bonjour l'\u00e9clat ! TRIPLE SOIN BEAUT\u00c9 : La niacinamide 4 % + l'arbutine 2 % agissent\u2026","rel":"","context":"Similar post","block_context":{"text":"Similar post","link":""},"img":{"alt_text":"","src":"","width":0,"height":0},"classes":[]},{"id":26483,"url":"https:\/\/sakaba.mghosteur.com\/en\/product\/palmers-skin-success-fade-cream-night\/","url_meta":{"origin":56120,"position":5},"title":"PALMERS SKIN SUCCESS FADE CREAM NIGHT","author":"admin","date":"November 25, 2022","format":false,"excerpt":"La Cr\u00e8me de Nuit Anti-Taches de la marque Palmer's est sp\u00e9cialement formul\u00e9e pour cibler les taches brunes, les taches de vieillesse et le teint irr\u00e9gulier. Elle aide \u00e0 \u00e9quilibrer le teint et \u00e0 r\u00e9duire les d\u00e9colorations, tout en am\u00e9liorant la souplesse et l'\u00e9lasticit\u00e9 de la peau. Elle r\u00e9duit \u00e9galement l'apparence\u2026","rel":"","context":"Similar post","block_context":{"text":"Similar post","link":""},"img":{"alt_text":"","src":"","width":0,"height":0},"classes":[]}],"_links":{"self":[{"href":"https:\/\/sakaba.mghosteur.com\/en\/wp-json\/wp\/v2\/product\/56120","targetHints":{"allow":["GET"]}}],"collection":[{"href":"https:\/\/sakaba.mghosteur.com\/en\/wp-json\/wp\/v2\/product"}],"about":[{"href":"https:\/\/sakaba.mghosteur.com\/en\/wp-json\/wp\/v2\/types\/product"}],"replies":[{"embeddable":true,"href":"https:\/\/sakaba.mghosteur.com\/en\/wp-json\/wp\/v2\/comments?post=56120"}],"version-history":[{"count":1,"href":"https:\/\/sakaba.mghosteur.com\/en\/wp-json\/wp\/v2\/product\/56120\/revisions"}],"predecessor-version":[{"id":56122,"href":"https:\/\/sakaba.mghosteur.com\/en\/wp-json\/wp\/v2\/product\/56120\/revisions\/56122"}],"wp:attachment":[{"href":"https:\/\/sakaba.mghosteur.com\/en\/wp-json\/wp\/v2\/media?parent=56120"}],"wp:term":[{"taxonomy":"product_brand","embeddable":true,"href":"https:\/\/sakaba.mghosteur.com\/en\/wp-json\/wp\/v2\/product_brand?post=56120"},{"taxonomy":"product_cat","embeddable":true,"href":"https:\/\/sakaba.mghosteur.com\/en\/wp-json\/wp\/v2\/product_cat?post=56120"},{"taxonomy":"product_tag","embeddable":true,"href":"https:\/\/sakaba.mghosteur.com\/en\/wp-json\/wp\/v2\/product_tag?post=56120"}],"curies":[{"name":"wp","href":"https:\/\/api.w.org\/{rel}","templated":true}]}}