{"id":56123,"date":"2026-01-02T13:16:54","date_gmt":"2026-01-02T13:16:54","guid":{"rendered":"https:\/\/sakaba.mghosteur.com\/?post_type=product&#038;p=56123"},"modified":"2026-01-02T13:16:54","modified_gmt":"2026-01-02T13:16:54","slug":"advanced-clinicals-vitamin-c-brightening-gel-cream","status":"publish","type":"product","link":"https:\/\/sakaba.mghosteur.com\/en\/product\/advanced-clinicals-vitamin-c-brightening-gel-cream\/","title":{"rendered":"Advanced Clinicals Vitamin C Brightening Gel Cream"},"content":{"rendered":"<p>Advanced Clinicals Vitamin C brightening gel-cream est un gel-cr\u00e8me l\u00e9ger et hydratant. C\u2019est une association synergique de vitamine C et de prune de Kakadu qui poss\u00e8de la teneur en vitamine C la plus \u00e9lev\u00e9e au monde parmi tous les fruits soit 100 fois plus qu\u2019une orange. Le gel-cr\u00e8me aide \u00e0 att\u00e9nuer les taches d\u2019hyperpigmentation, favorise un teint uniforme, tout en stimulant la production de collag\u00e8ne pour am\u00e9liorer l\u2019\u00e9lasticit\u00e9 et la fermet\u00e9 de la peau. La formule de ce gel-cr\u00e8me aide \u00e0 minimiser les rougeurs ou les irritations de la peau, aide \u00e0 r\u00e9duire l\u2019apparence des rides, des ridules et des dommages caus\u00e9s par le soleil. Ce produit contient un m\u00e9lange de squalane, d\u2019huile de p\u00e9pins de raisin et de vitamine E qui renforce l\u2019hydratation et favorise un \u00e9clat sain.<\/p>","protected":false},"excerpt":{"rendered":"<p>Advanced Clinicals Vitamin C brightening gel-cream est un gel-cr\u00e8me l\u00e9ger et hydratant. C\u2019est une association synergique de vitamine C et de prune de Kakadu qui poss\u00e8de la teneur en vitamine C la plus \u00e9lev\u00e9e au monde parmi tous les fruits soit 100 fois plus qu\u2019une orange. Le gel-cr\u00e8me aide \u00e0 att\u00e9nuer les taches d\u2019hyperpigmentation, favorise<span class=\"read-more-faq\"><a href=\"https:\/\/sakaba.mghosteur.com\/en\/product\/advanced-clinicals-vitamin-c-brightening-gel-cream\/\">Read More<\/a><\/span><\/p>","protected":false},"featured_media":0,"comment_status":"open","ping_status":"closed","template":"","meta":[],"product_brand":[1050],"product_cat":[331,451],"product_tag":[],"class_list":{"0":"post-56123","1":"product","2":"type-product","3":"status-publish","5":"product_brand-advanced","6":"product_cat-hydratant-visage","7":"product_cat-aab-soin-du-visage","9":"first","10":"instock","11":"shipping-taxable","12":"product-type-simple"},"jetpack-related-posts":[{"id":56129,"url":"https:\/\/sakaba.mghosteur.com\/en\/product\/advanced-clinicals-vitamin-c-brightening-serum\/","url_meta":{"origin":56123,"position":0},"title":"Advanced Clinicals Vitamin C Brightening Serum","author":"Sope DIA","date":"January 2, 2026","format":false,"excerpt":"S\u00c9RUM VISAGE \u00c0 LA VITAMINE C POUR UN TEINT \u00c9CLATANT \u2013 Ce s\u00e9rum \u00e0 la vitamine C contribue \u00e0 raviver l'\u00e9clat des peaux ternes et fatigu\u00e9es, pour un teint visiblement plus lumineux et \u00e9clatant. Formul\u00e9 par des chimistes cosm\u00e9tiques, il convient aux femmes et aux hommes souhaitant unifier leur teint\u2026","rel":"","context":"Similar post","block_context":{"text":"Similar post","link":""},"img":{"alt_text":"","src":"","width":0,"height":0},"classes":[]},{"id":56120,"url":"https:\/\/sakaba.mghosteur.com\/en\/product\/advanced-clinicals-dark-spot-brightening-cream\/","url_meta":{"origin":56123,"position":1},"title":"Advanced Clinicals Dark Spot Brightening Cream","author":"Sope DIA","date":"January 2, 2026","format":false,"excerpt":"Cr\u00e8me visage anti-taches : lisse et illumine visiblement le teint terne. Cette cr\u00e8me \u00e0 la vitamine C et \u00e0 l'acide lactique exfolie et hydrate pour am\u00e9liorer l'apparence des peaux irr\u00e9guli\u00e8res et fatigu\u00e9es. La peau est plus douce, plus uniforme et visiblement \u00e9clatante. Formul\u00e9e par des chimistes cosm\u00e9tiques pour les femmes\u2026","rel":"","context":"Similar post","block_context":{"text":"Similar post","link":""},"img":{"alt_text":"","src":"","width":0,"height":0},"classes":[]},{"id":56108,"url":"https:\/\/sakaba.mghosteur.com\/en\/product\/advanced-clinicals-vitamin-c-advanced-brightening-cream\/","url_meta":{"origin":56123,"position":2},"title":"Advanced Clinicals Vitamin C Advanced Brightening Cream","author":"Sope DIA","date":"January 2, 2026","format":false,"excerpt":"Cr\u00e8me \u00e0 la vitamine C pour un teint \u00e9clatant \u2013 Cette cr\u00e8me corporelle avanc\u00e9e \u00e0 la vitamine C am\u00e9liore l'aspect des peaux ternes et lisse les irr\u00e9gularit\u00e9s du teint pour un \u00e9clat visible. Formul\u00e9e pour une peau radieuse et rafra\u00eechie, elle a \u00e9t\u00e9 con\u00e7ue par des chimistes cosm\u00e9tiques pour les\u2026","rel":"","context":"Similar post","block_context":{"text":"Similar post","link":""},"img":{"alt_text":"","src":"","width":0,"height":0},"classes":[]},{"id":56117,"url":"https:\/\/sakaba.mghosteur.com\/en\/product\/advanced-clinicals-vitamin-c-advanced-brightening-cream-2\/","url_meta":{"origin":56123,"position":3},"title":"Advanced Clinicals Vitamin C Advanced Brightening Cream","author":"Sope DIA","date":"January 2, 2026","format":false,"excerpt":"Cr\u00e8me \u00e0 la vitamine C pour un teint \u00e9clatant \u2013 Cette cr\u00e8me corporelle avanc\u00e9e \u00e0 la vitamine C am\u00e9liore l'aspect des peaux ternes et lisse les irr\u00e9gularit\u00e9s du teint pour un \u00e9clat visible. Formul\u00e9e pour une peau radieuse et rafra\u00eechie, elle a \u00e9t\u00e9 con\u00e7ue par des chimistes cosm\u00e9tiques pour les\u2026","rel":"","context":"Similar post","block_context":{"text":"Similar post","link":""},"img":{"alt_text":"","src":"","width":0,"height":0},"classes":[]},{"id":56126,"url":"https:\/\/sakaba.mghosteur.com\/en\/product\/advanced-clinicals-vitamin-c-brightening-body-oil\/","url_meta":{"origin":56123,"position":4},"title":"Advanced Clinicals Vitamin C Brightening Body Oil","author":"Sope DIA","date":"January 2, 2026","format":false,"excerpt":"L'HUILE CORPORELLE \u00c0 LA VITAMINE C REVIENT LES TEINTS TERN\u00c9S POUR UN \u00c9CLAT \u00c9CLATANT ET SOUPLE \u2013 Cette huile corporelle nourrissante am\u00e9liore l'hydratation tout en adoucissant l'apparence des peaux irr\u00e9guli\u00e8res et ternes. La peau est douce, visiblement rafra\u00eechie et revitalis\u00e9e, avec un \u00e9clat sain. Formul\u00e9e par des chimistes cosm\u00e9tiques pour\u2026","rel":"","context":"Similar post","block_context":{"text":"Similar post","link":""},"img":{"alt_text":"","src":"","width":0,"height":0},"classes":[]},{"id":56102,"url":"https:\/\/sakaba.mghosteur.com\/en\/product\/advanced-clinicals-green-coffee-bean-oil-thermo-firming-cream\/","url_meta":{"origin":56123,"position":5},"title":"Advanced Clinicals Green Coffee Bean Oil Thermo-Firming Cream","author":"Sope DIA","date":"January 2, 2026","format":false,"excerpt":"Cr\u00e8me \u00e0 l'huile de caf\u00e9 vert : hydrate visiblement pour une peau plus ferme et lisse. Ce lait corporel thermo-raffermissant hydrate intens\u00e9ment la peau, lui donnant un aspect plus rebondi et raffermi. L'hydratation suppl\u00e9mentaire favorise un effet liftant et lisse, pour une peau visiblement renouvel\u00e9e. Id\u00e9al pour les femmes et\u2026","rel":"","context":"Similar post","block_context":{"text":"Similar post","link":""},"img":{"alt_text":"","src":"","width":0,"height":0},"classes":[]}],"_links":{"self":[{"href":"https:\/\/sakaba.mghosteur.com\/en\/wp-json\/wp\/v2\/product\/56123","targetHints":{"allow":["GET"]}}],"collection":[{"href":"https:\/\/sakaba.mghosteur.com\/en\/wp-json\/wp\/v2\/product"}],"about":[{"href":"https:\/\/sakaba.mghosteur.com\/en\/wp-json\/wp\/v2\/types\/product"}],"replies":[{"embeddable":true,"href":"https:\/\/sakaba.mghosteur.com\/en\/wp-json\/wp\/v2\/comments?post=56123"}],"version-history":[{"count":1,"href":"https:\/\/sakaba.mghosteur.com\/en\/wp-json\/wp\/v2\/product\/56123\/revisions"}],"predecessor-version":[{"id":56125,"href":"https:\/\/sakaba.mghosteur.com\/en\/wp-json\/wp\/v2\/product\/56123\/revisions\/56125"}],"wp:attachment":[{"href":"https:\/\/sakaba.mghosteur.com\/en\/wp-json\/wp\/v2\/media?parent=56123"}],"wp:term":[{"taxonomy":"product_brand","embeddable":true,"href":"https:\/\/sakaba.mghosteur.com\/en\/wp-json\/wp\/v2\/product_brand?post=56123"},{"taxonomy":"product_cat","embeddable":true,"href":"https:\/\/sakaba.mghosteur.com\/en\/wp-json\/wp\/v2\/product_cat?post=56123"},{"taxonomy":"product_tag","embeddable":true,"href":"https:\/\/sakaba.mghosteur.com\/en\/wp-json\/wp\/v2\/product_tag?post=56123"}],"curies":[{"name":"wp","href":"https:\/\/api.w.org\/{rel}","templated":true}]}}