{"id":56129,"date":"2026-01-02T13:27:01","date_gmt":"2026-01-02T13:27:01","guid":{"rendered":"https:\/\/sakaba.mghosteur.com\/?post_type=product&#038;p=56129"},"modified":"2026-01-02T13:27:01","modified_gmt":"2026-01-02T13:27:01","slug":"advanced-clinicals-vitamin-c-brightening-serum","status":"publish","type":"product","link":"https:\/\/sakaba.mghosteur.com\/en\/product\/advanced-clinicals-vitamin-c-brightening-serum\/","title":{"rendered":"Advanced Clinicals Vitamin C Brightening Serum"},"content":{"rendered":"<ul class=\"a-unordered-list a-vertical a-spacing-mini\">\n<li class=\"a-spacing-mini\"><span class=\"a-list-item\"><span dir=\"auto\">S\u00c9RUM VISAGE \u00c0 LA VITAMINE C POUR UN TEINT \u00c9CLATANT \u2013 Ce s\u00e9rum \u00e0 la vitamine C contribue \u00e0 raviver l&#8217;\u00e9clat des peaux ternes et fatigu\u00e9es, pour un teint visiblement plus lumineux et \u00e9clatant. Formul\u00e9 par des chimistes cosm\u00e9tiques, il convient aux femmes et aux hommes souhaitant unifier leur teint ou att\u00e9nuer l&#8217;apparence des taches pigmentaires.<\/span><\/span><\/li>\n<li class=\"a-spacing-mini\"><span class=\"a-list-item\"><span dir=\"auto\">S\u00c9RUM \u00c0 LA VITAMINE C AVEC ACIDE F\u00c9RULIC, ACIDE LACTIQUE ET PEPTIDES &#8211; Ce s\u00e9rum illuminateur contribue \u00e0 unifier visiblement le teint, \u00e0 raviver l&#8217;\u00e9clat et \u00e0 rafra\u00eechir la peau. Il favorise un teint plus lumineux et \u00e9clatant.<\/span><\/span><\/li>\n<li class=\"a-spacing-mini\"><span class=\"a-list-item\"><span dir=\"auto\">TEXTURE GEL L\u00c9G\u00c8RE POUR UN TEINT \u00c9CLATANT ET LUMINEUX \u2013 Ce s\u00e9rum visage gel l\u00e9ger glisse sans effort sur la peau, l&#8217;hydratant et r\u00e9v\u00e9lant tout son \u00e9clat. La peau est douce, rafra\u00eechie et visiblement plus lumineuse. Id\u00e9al pour celles et ceux qui souhaitent sublimer leur routine beaut\u00e9.<\/span><\/span><\/li>\n<li class=\"a-spacing-mini\"><span class=\"a-list-item\"><span dir=\"auto\">Id\u00e9al pour les teints ternes et irr\u00e9guliers\u00a0: recommand\u00e9 pour un usage quotidien afin de raviver l\u2019\u00e9clat des peaux ternes. Appliquer une fine couche sur le visage et le cou propres. \u00c9viter l\u2019utilisation concomitante avec du r\u00e9tinol.<\/span><\/span><\/li>\n<li class=\"a-spacing-mini\"><span class=\"a-list-item\"><span dir=\"auto\">SOINS DE LA PEAU BAS\u00c9S SUR LA SCIENCE \u2013 Advanced Clinicals propose des formules scientifiques \u00e0 base d&#8217;ingr\u00e9dients reconnus et \u00e9prouv\u00e9s. Formul\u00e9s par notre \u00e9quipe interne de recherche et d\u00e9veloppement, forte de plus de 25 ans d&#8217;expertise en soins de la peau, les produits Advanced Clinicals sont test\u00e9s dermatologiquement et con\u00e7us pour r\u00e9pondre \u00e0 vos besoins. Fabriqu\u00e9s dans le Midwest am\u00e9ricain \u00e0 partir de mati\u00e8res premi\u00e8res provenant du monde entier.<\/span><\/span><\/li>\n<\/ul>","protected":false},"excerpt":{"rendered":"<p>S\u00c9RUM VISAGE \u00c0 LA VITAMINE C POUR UN TEINT \u00c9CLATANT \u2013 Ce s\u00e9rum \u00e0 la vitamine C contribue \u00e0 raviver l&#8217;\u00e9clat des peaux ternes et fatigu\u00e9es, pour un teint visiblement plus lumineux et \u00e9clatant. Formul\u00e9 par des chimistes cosm\u00e9tiques, il convient aux femmes et aux hommes souhaitant unifier leur teint ou att\u00e9nuer l&#8217;apparence des taches<span class=\"read-more-faq\"><a href=\"https:\/\/sakaba.mghosteur.com\/en\/product\/advanced-clinicals-vitamin-c-brightening-serum\/\">Read More<\/a><\/span><\/p>","protected":false},"featured_media":0,"comment_status":"open","ping_status":"closed","template":"","meta":[],"product_brand":[1050],"product_cat":[286],"product_tag":[],"class_list":{"0":"post-56129","1":"product","2":"type-product","3":"status-publish","5":"product_brand-advanced","6":"product_cat-corps","8":"first","9":"instock","10":"shipping-taxable","11":"product-type-simple"},"jetpack-related-posts":[{"id":56108,"url":"https:\/\/sakaba.mghosteur.com\/en\/product\/advanced-clinicals-vitamin-c-advanced-brightening-cream\/","url_meta":{"origin":56129,"position":0},"title":"Advanced Clinicals Vitamin C Advanced Brightening Cream","author":"Sope DIA","date":"January 2, 2026","format":false,"excerpt":"Cr\u00e8me \u00e0 la vitamine C pour un teint \u00e9clatant \u2013 Cette cr\u00e8me corporelle avanc\u00e9e \u00e0 la vitamine C am\u00e9liore l'aspect des peaux ternes et lisse les irr\u00e9gularit\u00e9s du teint pour un \u00e9clat visible. Formul\u00e9e pour une peau radieuse et rafra\u00eechie, elle a \u00e9t\u00e9 con\u00e7ue par des chimistes cosm\u00e9tiques pour les\u2026","rel":"","context":"Similar post","block_context":{"text":"Similar post","link":""},"img":{"alt_text":"","src":"","width":0,"height":0},"classes":[]},{"id":56117,"url":"https:\/\/sakaba.mghosteur.com\/en\/product\/advanced-clinicals-vitamin-c-advanced-brightening-cream-2\/","url_meta":{"origin":56129,"position":1},"title":"Advanced Clinicals Vitamin C Advanced Brightening Cream","author":"Sope DIA","date":"January 2, 2026","format":false,"excerpt":"Cr\u00e8me \u00e0 la vitamine C pour un teint \u00e9clatant \u2013 Cette cr\u00e8me corporelle avanc\u00e9e \u00e0 la vitamine C am\u00e9liore l'aspect des peaux ternes et lisse les irr\u00e9gularit\u00e9s du teint pour un \u00e9clat visible. Formul\u00e9e pour une peau radieuse et rafra\u00eechie, elle a \u00e9t\u00e9 con\u00e7ue par des chimistes cosm\u00e9tiques pour les\u2026","rel":"","context":"Similar post","block_context":{"text":"Similar post","link":""},"img":{"alt_text":"","src":"","width":0,"height":0},"classes":[]},{"id":32618,"url":"https:\/\/sakaba.mghosteur.com\/en\/product\/olehenriksen-banana-bright-vitamin-cserum\/","url_meta":{"origin":56129,"position":2},"title":"OLEHENRIKSEN BANANA Bright VITAMIN CSERUM","author":"admin","date":"May 15, 2024","format":false,"excerpt":"Enrichi de trois actifs qui donnent de l'\u00e9clat, le s\u00e9rum Banana Bright Vitamin C d'Ole Henriksen illumine, \u00e9quilibre et prot\u00e8ge visiblement la peau des polluants et des agresseurs ternes. Une concentration de 15 % de vitamine C favorise un teint plus lumineux et plus rebondi. R\u00e9put\u00e9 pour ses bienfaits unifiants,\u2026","rel":"","context":"Similar post","block_context":{"text":"Similar post","link":""},"img":{"alt_text":"","src":"","width":0,"height":0},"classes":[]},{"id":56192,"url":"https:\/\/sakaba.mghosteur.com\/en\/product\/glow-filter-vitamin-illuminating-serum\/","url_meta":{"origin":56129,"position":3},"title":"Glow Filter Vitamin Illuminating Serum","author":"Sope DIA","date":"January 2, 2026","format":false,"excerpt":"\u00c9CLAT NATUREL \u00c0 LA VITAMINE C : VITAQUEEN Acerola 40 % procure une infusion rafra\u00eechissante, tonifie la peau, lui redonne de l'\u00e9clat et la rend plus saine pour une peau radieuse et \u00e9clatante \u2013 bonjour l'\u00e9clat ! TRIPLE SOIN BEAUT\u00c9 : La niacinamide 4 % + l'arbutine 2 % agissent\u2026","rel":"","context":"Similar post","block_context":{"text":"Similar post","link":""},"img":{"alt_text":"","src":"","width":0,"height":0},"classes":[]},{"id":31711,"url":"https:\/\/sakaba.mghosteur.com\/en\/product\/byoma-brightening-serum\/","url_meta":{"origin":56129,"position":4},"title":"BYOMA BRIGHTENING SERUM","author":"admin","date":"May 10, 2024","format":false,"excerpt":"S\u00c9RUM \u00c9CLAIRCISSANT \u00c9CLAIRCIR ET HYDRATER 30 ML\/1,01 FL.OZ Ce puissant s\u00e9rum \u00e9claircissant pour le visage aide \u00e0 am\u00e9liorer consid\u00e9rablement le teint et la texture de la peau pour des r\u00e9sultats uniformes et \u00e9clatants. Ce s\u00e9rum l\u00e9ger illumine visiblement tout en aidant \u00e0 att\u00e9nuer les signes d'hyperpigmentation et le teint irr\u00e9gulier\u2026","rel":"","context":"Similar post","block_context":{"text":"Similar post","link":""},"img":{"alt_text":"","src":"","width":0,"height":0},"classes":[]},{"id":56120,"url":"https:\/\/sakaba.mghosteur.com\/en\/product\/advanced-clinicals-dark-spot-brightening-cream\/","url_meta":{"origin":56129,"position":5},"title":"Advanced Clinicals Dark Spot Brightening Cream","author":"Sope DIA","date":"January 2, 2026","format":false,"excerpt":"Cr\u00e8me visage anti-taches : lisse et illumine visiblement le teint terne. Cette cr\u00e8me \u00e0 la vitamine C et \u00e0 l'acide lactique exfolie et hydrate pour am\u00e9liorer l'apparence des peaux irr\u00e9guli\u00e8res et fatigu\u00e9es. La peau est plus douce, plus uniforme et visiblement \u00e9clatante. Formul\u00e9e par des chimistes cosm\u00e9tiques pour les femmes\u2026","rel":"","context":"Similar post","block_context":{"text":"Similar post","link":""},"img":{"alt_text":"","src":"","width":0,"height":0},"classes":[]}],"_links":{"self":[{"href":"https:\/\/sakaba.mghosteur.com\/en\/wp-json\/wp\/v2\/product\/56129","targetHints":{"allow":["GET"]}}],"collection":[{"href":"https:\/\/sakaba.mghosteur.com\/en\/wp-json\/wp\/v2\/product"}],"about":[{"href":"https:\/\/sakaba.mghosteur.com\/en\/wp-json\/wp\/v2\/types\/product"}],"replies":[{"embeddable":true,"href":"https:\/\/sakaba.mghosteur.com\/en\/wp-json\/wp\/v2\/comments?post=56129"}],"version-history":[{"count":1,"href":"https:\/\/sakaba.mghosteur.com\/en\/wp-json\/wp\/v2\/product\/56129\/revisions"}],"predecessor-version":[{"id":56131,"href":"https:\/\/sakaba.mghosteur.com\/en\/wp-json\/wp\/v2\/product\/56129\/revisions\/56131"}],"wp:attachment":[{"href":"https:\/\/sakaba.mghosteur.com\/en\/wp-json\/wp\/v2\/media?parent=56129"}],"wp:term":[{"taxonomy":"product_brand","embeddable":true,"href":"https:\/\/sakaba.mghosteur.com\/en\/wp-json\/wp\/v2\/product_brand?post=56129"},{"taxonomy":"product_cat","embeddable":true,"href":"https:\/\/sakaba.mghosteur.com\/en\/wp-json\/wp\/v2\/product_cat?post=56129"},{"taxonomy":"product_tag","embeddable":true,"href":"https:\/\/sakaba.mghosteur.com\/en\/wp-json\/wp\/v2\/product_tag?post=56129"}],"curies":[{"name":"wp","href":"https:\/\/api.w.org\/{rel}","templated":true}]}}