{"id":56141,"date":"2026-01-02T13:53:31","date_gmt":"2026-01-02T13:53:31","guid":{"rendered":"https:\/\/sakaba.mghosteur.com\/?post_type=product&#038;p=56141"},"modified":"2026-01-02T13:53:32","modified_gmt":"2026-01-02T13:53:32","slug":"anua-niacinamide-5-txa-brightening-pad","status":"publish","type":"product","link":"https:\/\/sakaba.mghosteur.com\/en\/product\/anua-niacinamide-5-txa-brightening-pad\/","title":{"rendered":"Anua Niacinamide 5 TXA Brightening Pad"},"content":{"rendered":"<p>Le ANUA Niacinamide 5 TXA Brightening Pad est un disque con\u00e7u pour unifier le teint, illuminer les zones ternes et traiter l\u2019hyperpigmentation tout en respectant les peaux sensibles. Infus\u00e9 de niacinamide et d\u2019acide tranexamique (TXA), il att\u00e9nue les taches pigmentaires et am\u00e9liore la clart\u00e9 de la peau. Sa formule est enrichie de 7 types de peptides pour apaiser, r\u00e9hydrater et renforcer la barri\u00e8re cutan\u00e9e, pendant que le PHA et la vitamine B12 exfolient en douceur pour lisser la texture de la peau et raviver son \u00e9clat. Sa forme unique \u00e9pouse parfaitement les courbes du visage, assurant une couvrance optimale des zones cibl\u00e9es comme les cernes ou les pommettes. Test\u00e9 dermatologiquement, ce soin localis\u00e9 offre une efficacit\u00e9 \u00e9claircissante et anti-rides sans agresser la peau.<\/p>","protected":false},"excerpt":{"rendered":"<p>Le ANUA Niacinamide 5 TXA Brightening Pad est un disque con\u00e7u pour unifier le teint, illuminer les zones ternes et traiter l\u2019hyperpigmentation tout en respectant les peaux sensibles. Infus\u00e9 de niacinamide et d\u2019acide tranexamique (TXA), il att\u00e9nue les taches pigmentaires et am\u00e9liore la clart\u00e9 de la peau. Sa formule est enrichie de 7 types de<span class=\"read-more-faq\"><a href=\"https:\/\/sakaba.mghosteur.com\/en\/product\/anua-niacinamide-5-txa-brightening-pad\/\">Read More<\/a><\/span><\/p>","protected":false},"featured_media":0,"comment_status":"open","ping_status":"closed","template":"","meta":[],"product_brand":[1030],"product_cat":[331,451],"product_tag":[],"class_list":{"0":"post-56141","1":"product","2":"type-product","3":"status-publish","5":"product_brand-anua","6":"product_cat-hydratant-visage","7":"product_cat-aab-soin-du-visage","9":"first","10":"instock","11":"shipping-taxable","12":"product-type-simple"},"jetpack-related-posts":[{"id":31816,"url":"https:\/\/sakaba.mghosteur.com\/en\/product\/anua-niacinamide-10-txa-4-dark-spot-30ml\/","url_meta":{"origin":56141,"position":0},"title":"ANUA NIACINAMIDE 10% +TXA 4% DARK SPOT 30ML","author":"admin","date":"May 10, 2024","format":false,"excerpt":"Anua Niacinamide 10% + TXA 4% Dark Spot 30ML est un s\u00e9rum qui contient 10% de niacinamide et 4% d'acide tranexamique pour aider \u00e0 r\u00e9duire la d\u00e9coloration et cibler les taches brunes tenaces et l'hyperpigmentation. Il contient \u00e9galement 2% d'arbutine pour aider \u00e0 corriger le teint irr\u00e9gulier en limitant la\u2026","rel":"","context":"Similar post","block_context":{"text":"Similar post","link":""},"img":{"alt_text":"","src":"","width":0,"height":0},"classes":[]},{"id":31813,"url":"https:\/\/sakaba.mghosteur.com\/en\/product\/anua-heartleaf-77-clear-pad-160ml\/","url_meta":{"origin":56141,"position":1},"title":"ANUA HEARTLEAF 77% CLEAR PAD 160ml","author":"admin","date":"May 10, 2024","format":false,"excerpt":"Anua Heartleaf 77% Clear Pad est un tampon nettoyant hydratant de 70 feuilles imbib\u00e9 d'extrait de heartleaf \u00e0 77 %. Il est con\u00e7u pour \u00e9liminer les impuret\u00e9s tout en apaisant la peau et convient \u00e0 tous les types de peau, en particulier les peaux sensibles. Le tampon utilise \u00e0 la\u2026","rel":"","context":"Similar post","block_context":{"text":"Similar post","link":""},"img":{"alt_text":"","src":"","width":0,"height":0},"classes":[]},{"id":56144,"url":"https:\/\/sakaba.mghosteur.com\/en\/product\/anua-rice-70-glow-milky-toner\/","url_meta":{"origin":56141,"position":2},"title":"Anua Rice 70 Glow Milky Toner","author":"Sope DIA","date":"January 2, 2026","format":false,"excerpt":"LOTION TONIQUE LAIT\u00c9E L\u00c9G\u00c8RE POUR UNE PEAU DE VERRE : Offre une hydratation intense gr\u00e2ce \u00e0 un m\u00e9lange d'eau de riz, de niacinamide et de c\u00e9ramides, tout en laissant un fini rafra\u00eechissant et non collant pour une peau de verre. EAU DE RIZ ET NIACINAMIDE POUR HYDRATER : Contient 70\u2026","rel":"","context":"Similar post","block_context":{"text":"Similar post","link":""},"img":{"alt_text":"","src":"","width":0,"height":0},"classes":[]},{"id":31451,"url":"https:\/\/sakaba.mghosteur.com\/en\/product\/numbuzin-vitamine-niacinamidee-concentrade-pad-5-180ml\/","url_meta":{"origin":56141,"position":3},"title":"NUMBUZIN VITAMINE NIACINAMIDEE CONCENTRADE PAD 5+ 180ml","author":"admin","date":"May 10, 2024","format":false,"excerpt":"D\u00e9couvrez le Numbuzin n\u00b05, un tampon concentr\u00e9 en vitamine niacinamide con\u00e7u pour laisser votre peau claire et revitalis\u00e9e. Sa formule \u00e9clairante associe habilement le glutathion, la niacinamide et la vitamine pour un effet optimal. Les tampons \u00e0 double face offrent un double effet : d'un c\u00f4t\u00e9, le glutathion lisse la\u2026","rel":"","context":"Similar post","block_context":{"text":"Similar post","link":""},"img":{"alt_text":"","src":"","width":0,"height":0},"classes":[]},{"id":27270,"url":"https:\/\/sakaba.mghosteur.com\/en\/product\/good-molecules-niacinamide-brightening-toner\/","url_meta":{"origin":56141,"position":4},"title":"GOOD MOLECULES NIACINAMIDE BRIGHTENING TONER","author":"admin","date":"November 29, 2022","format":false,"excerpt":"D\u00e9couvrez le toner \u00e9claircissant niacinamide de Good Molecules, un produit phare pour une peau \u00e9clatante et uniforme. Ce toner sans alcool a \u00e9t\u00e9 sp\u00e9cialement formul\u00e9 avec des ingr\u00e9dients \u00e9claircissants pour r\u00e9duire les signes de matit\u00e9, de teint irr\u00e9gulier et de pores dilat\u00e9s. Avec un pH de 6,4, il convient parfaitement\u2026","rel":"","context":"Similar post","block_context":{"text":"Similar post","link":""},"img":{"alt_text":"","src":"","width":0,"height":0},"classes":[]},{"id":31793,"url":"https:\/\/sakaba.mghosteur.com\/en\/product\/anua-peach-77-niacin-conditioning-milk-150ml\/","url_meta":{"origin":56141,"position":5},"title":"ANUA PEACH 77 NIACIN CONDITIONING MILK 150ML","author":"admin","date":"May 10, 2024","format":false,"excerpt":"Formul\u00e9 avec 77 % d'extrait de p\u00eache, de c\u00e9ramide et de trois types d'acide hyaluronique, ce lait revitalisant lisse et renforce la barri\u00e8re d'hydratation de la peau pour une peau saine. La formule lact\u00e9e contient de la vitamine B12 et de la niacinamide pour laisser la peau lumineuse et claire.\u2026","rel":"","context":"Similar post","block_context":{"text":"Similar post","link":""},"img":{"alt_text":"","src":"","width":0,"height":0},"classes":[]}],"_links":{"self":[{"href":"https:\/\/sakaba.mghosteur.com\/en\/wp-json\/wp\/v2\/product\/56141","targetHints":{"allow":["GET"]}}],"collection":[{"href":"https:\/\/sakaba.mghosteur.com\/en\/wp-json\/wp\/v2\/product"}],"about":[{"href":"https:\/\/sakaba.mghosteur.com\/en\/wp-json\/wp\/v2\/types\/product"}],"replies":[{"embeddable":true,"href":"https:\/\/sakaba.mghosteur.com\/en\/wp-json\/wp\/v2\/comments?post=56141"}],"version-history":[{"count":1,"href":"https:\/\/sakaba.mghosteur.com\/en\/wp-json\/wp\/v2\/product\/56141\/revisions"}],"predecessor-version":[{"id":56143,"href":"https:\/\/sakaba.mghosteur.com\/en\/wp-json\/wp\/v2\/product\/56141\/revisions\/56143"}],"wp:attachment":[{"href":"https:\/\/sakaba.mghosteur.com\/en\/wp-json\/wp\/v2\/media?parent=56141"}],"wp:term":[{"taxonomy":"product_brand","embeddable":true,"href":"https:\/\/sakaba.mghosteur.com\/en\/wp-json\/wp\/v2\/product_brand?post=56141"},{"taxonomy":"product_cat","embeddable":true,"href":"https:\/\/sakaba.mghosteur.com\/en\/wp-json\/wp\/v2\/product_cat?post=56141"},{"taxonomy":"product_tag","embeddable":true,"href":"https:\/\/sakaba.mghosteur.com\/en\/wp-json\/wp\/v2\/product_tag?post=56141"}],"curies":[{"name":"wp","href":"https:\/\/api.w.org\/{rel}","templated":true}]}}