{"id":56144,"date":"2026-01-02T13:58:12","date_gmt":"2026-01-02T13:58:12","guid":{"rendered":"https:\/\/sakaba.mghosteur.com\/?post_type=product&#038;p=56144"},"modified":"2026-01-02T13:58:12","modified_gmt":"2026-01-02T13:58:12","slug":"anua-rice-70-glow-milky-toner","status":"publish","type":"product","link":"https:\/\/sakaba.mghosteur.com\/en\/product\/anua-rice-70-glow-milky-toner\/","title":{"rendered":"Anua Rice 70 Glow Milky Toner"},"content":{"rendered":"<ul class=\"a-unordered-list a-vertical a-spacing-mini\">\n<li class=\"a-spacing-mini\"><span class=\"a-list-item\"><span dir=\"auto\">LOTION TONIQUE LAIT\u00c9E L\u00c9G\u00c8RE POUR UNE PEAU DE VERRE : Offre une hydratation intense gr\u00e2ce \u00e0 un m\u00e9lange d&#8217;eau de riz, de niacinamide et de c\u00e9ramides, tout en laissant un fini rafra\u00eechissant et non collant pour une peau de verre.<\/span><\/span><\/li>\n<li class=\"a-spacing-mini\"><span class=\"a-list-item\"><span dir=\"auto\">EAU DE RIZ ET NIACINAMIDE POUR HYDRATER : Contient 70 % d&#8217;EAU DE RIZ ANUA+ et de la niacinamide pour les peaux ternes.<\/span><\/span><\/li>\n<li class=\"a-spacing-mini\"><span class=\"a-list-item\"><span dir=\"auto\">C\u00c9RAMIDES ET PROT\u00c9INES POUR UNE BARRI\u00c8RE CUTAN\u00c9E SAINE : Contient de la C\u00c9RA-PROT\u00c9INE DE RIZ ANUA, un m\u00e9lange de c\u00e9ramides et de prot\u00e9ines qui constituent la barri\u00e8re naturelle de la peau, pour renforcer et prot\u00e9ger cette barri\u00e8re.<\/span><\/span><\/li>\n<li class=\"a-spacing-mini\"><span class=\"a-list-item\"><span dir=\"auto\">APAISE ET HYDRATE : Formul\u00e9 avec du panth\u00e9nol, de la glyc\u00e9rine et de l&#8217;allanto\u00efne pour apaiser les peaux irrit\u00e9es et procurer une hydratation instantan\u00e9e.<\/span><\/span><\/li>\n<li class=\"a-spacing-mini\"><span class=\"a-list-item\"><span dir=\"auto\">CONVIENT \u00c0 TOUS LES TYPES DE PEAU : Lotion tonique lact\u00e9e sans parfum, aux ingr\u00e9dients doux mais puissants, adapt\u00e9e \u00e0 tous les types de peau pour une utilisation quotidienne, matin et soir.<\/span><\/span><\/li>\n<\/ul>","protected":false},"excerpt":{"rendered":"<p>LOTION TONIQUE LAIT\u00c9E L\u00c9G\u00c8RE POUR UNE PEAU DE VERRE : Offre une hydratation intense gr\u00e2ce \u00e0 un m\u00e9lange d&#8217;eau de riz, de niacinamide et de c\u00e9ramides, tout en laissant un fini rafra\u00eechissant et non collant pour une peau de verre. EAU DE RIZ ET NIACINAMIDE POUR HYDRATER : Contient 70 % d&#8217;EAU DE RIZ ANUA+<span class=\"read-more-faq\"><a href=\"https:\/\/sakaba.mghosteur.com\/en\/product\/anua-rice-70-glow-milky-toner\/\">Read More<\/a><\/span><\/p>","protected":false},"featured_media":0,"comment_status":"open","ping_status":"closed","template":"","meta":[],"product_brand":[1030],"product_cat":[331,451],"product_tag":[],"class_list":{"0":"post-56144","1":"product","2":"type-product","3":"status-publish","5":"product_brand-anua","6":"product_cat-hydratant-visage","7":"product_cat-aab-soin-du-visage","9":"first","10":"instock","11":"shipping-taxable","12":"product-type-simple"},"jetpack-related-posts":[{"id":56135,"url":"https:\/\/sakaba.mghosteur.com\/en\/product\/anua-heartleaf-70-intense-calming-cream\/","url_meta":{"origin":56144,"position":0},"title":"Anua Heartleaf 70 Intense Calming Cream","author":"Sope DIA","date":"January 2, 2026","format":false,"excerpt":"LOTION TONIQUE APAISANTE POUR LE VISAGE \u2013 Enrichie en extrait de feuille de c\u0153ur \u00e0 la plus haute concentration, reconnu pour ses effets calmants, cette lotion tonique est con\u00e7ue pour apaiser, tonifier, hydrater et \u00e9quilibrer le pH de la peau. R\u00c9PARE LA BARRI\u00c8RE CUTAN\u00c9E ENDOMMAG\u00c9E \u2013 Contient des c\u00e9ramides et\u2026","rel":"","context":"Similar post","block_context":{"text":"Similar post","link":""},"img":{"alt_text":"","src":"","width":0,"height":0},"classes":[]},{"id":56147,"url":"https:\/\/sakaba.mghosteur.com\/en\/product\/beauty-of-joseon-glow-deep-serum-rice-alpha-arbutin-2\/","url_meta":{"origin":56144,"position":1},"title":"Beauty of Joseon Glow Deep Serum  Rice + Alpha-Arbutin","author":"Sope DIA","date":"January 2, 2026","format":false,"excerpt":"R\u00e9v\u00e9lation \u00e9clatante\u00a0: D\u00e9couvrez les secrets de beaut\u00e9 de Joseon avec le S\u00e9rum \u00c9clat Profond, un m\u00e9lange m\u00e9ticuleusement \u00e9labor\u00e9 \u00e0 base de riz et d\u2019alpha-arbutine pour un \u00e9clat incomparable. Att\u00e9nuez les taches brunes, les irr\u00e9gularit\u00e9s de pigmentation et les cicatrices d\u2019acn\u00e9 gr\u00e2ce \u00e0 une formule puissante enrichie en riz et en\u2026","rel":"","context":"Similar post","block_context":{"text":"Similar post","link":""},"img":{"alt_text":"","src":"","width":0,"height":0},"classes":[]},{"id":31793,"url":"https:\/\/sakaba.mghosteur.com\/en\/product\/anua-peach-77-niacin-conditioning-milk-150ml\/","url_meta":{"origin":56144,"position":2},"title":"ANUA PEACH 77 NIACIN CONDITIONING MILK 150ML","author":"admin","date":"May 10, 2024","format":false,"excerpt":"Formul\u00e9 avec 77 % d'extrait de p\u00eache, de c\u00e9ramide et de trois types d'acide hyaluronique, ce lait revitalisant lisse et renforce la barri\u00e8re d'hydratation de la peau pour une peau saine. La formule lact\u00e9e contient de la vitamine B12 et de la niacinamide pour laisser la peau lumineuse et claire.\u2026","rel":"","context":"Similar post","block_context":{"text":"Similar post","link":""},"img":{"alt_text":"","src":"","width":0,"height":0},"classes":[]},{"id":31783,"url":"https:\/\/sakaba.mghosteur.com\/en\/product\/anua-peach-77-niacin-essence-toner-250ml-30000\/","url_meta":{"origin":56144,"position":3},"title":"ANUA PEACH 77 NIACIN ESSENCE TONER 250ML","author":"admin","date":"May 10, 2024","format":false,"excerpt":"Une essence tonique hydratante avec 77 % d'extrait de fruit de Prunus Persica (p\u00eache) qui aide \u00e0 cr\u00e9er une base de maquillage longue tenue et lisse. Contient des ingr\u00e9dients hydratants comme le panth\u00e9nol et la c\u00e9ramide, il renforce la barri\u00e8re d'hydratation de la peau. Le syst\u00e8me de peeling fondant \u00e0\u2026","rel":"","context":"Similar post","block_context":{"text":"Similar post","link":""},"img":{"alt_text":"","src":"","width":0,"height":0},"classes":[]},{"id":24192,"url":"https:\/\/sakaba.mghosteur.com\/en\/product\/cerave-facial-moisturizing-lotion-am-60ml-2\/","url_meta":{"origin":56144,"position":4},"title":"CERAVE FACIAL MOISTURIZING LOTION AM 60ML","author":"admin","date":"November 9, 2022","format":false,"excerpt":"La lotion hydratante pour le visage CeraVe AM avec FPS 30 est une cr\u00e8me hydratante quotidienne essentielle qui aide \u00e0 prot\u00e9ger votre peau des rayons UVA et UVB nocifs, tout en restaurant votre barri\u00e8re cutan\u00e9e. Enrichi en acide hyaluronique, niacinamide et c\u00e9ramides, cette formule non com\u00e9dog\u00e8ne hydrate la peau en\u2026","rel":"","context":"Similar post","block_context":{"text":"Similar post","link":""},"img":{"alt_text":"","src":"","width":0,"height":0},"classes":[]},{"id":31466,"url":"https:\/\/sakaba.mghosteur.com\/en\/product\/tirtit-milk-skin-toner-refreshing-skin-150ml\/","url_meta":{"origin":56144,"position":5},"title":"TIRTIR MILK SKIN TONER REFRESHING SKIN 150ml","author":"admin","date":"May 10, 2024","format":false,"excerpt":"Offrez \u00e0 votre peau une hydratation intense, combattez efficacement la s\u00e9cheresse et la fatigue, tout en procurant une sensation apaisante in\u00e9gal\u00e9e pour obtenir ce teint convoit\u00e9 de peau de verre. [SOUTIEN DE LA BARRI\u00c8RE CUTAN\u00c9E] Renforcez la barri\u00e8re protectrice de votre peau pour att\u00e9nuer la s\u00e9cheresse et b\u00e9n\u00e9ficier aux peaux\u2026","rel":"","context":"Similar post","block_context":{"text":"Similar post","link":""},"img":{"alt_text":"","src":"","width":0,"height":0},"classes":[]}],"_links":{"self":[{"href":"https:\/\/sakaba.mghosteur.com\/en\/wp-json\/wp\/v2\/product\/56144","targetHints":{"allow":["GET"]}}],"collection":[{"href":"https:\/\/sakaba.mghosteur.com\/en\/wp-json\/wp\/v2\/product"}],"about":[{"href":"https:\/\/sakaba.mghosteur.com\/en\/wp-json\/wp\/v2\/types\/product"}],"replies":[{"embeddable":true,"href":"https:\/\/sakaba.mghosteur.com\/en\/wp-json\/wp\/v2\/comments?post=56144"}],"version-history":[{"count":1,"href":"https:\/\/sakaba.mghosteur.com\/en\/wp-json\/wp\/v2\/product\/56144\/revisions"}],"predecessor-version":[{"id":56146,"href":"https:\/\/sakaba.mghosteur.com\/en\/wp-json\/wp\/v2\/product\/56144\/revisions\/56146"}],"wp:attachment":[{"href":"https:\/\/sakaba.mghosteur.com\/en\/wp-json\/wp\/v2\/media?parent=56144"}],"wp:term":[{"taxonomy":"product_brand","embeddable":true,"href":"https:\/\/sakaba.mghosteur.com\/en\/wp-json\/wp\/v2\/product_brand?post=56144"},{"taxonomy":"product_cat","embeddable":true,"href":"https:\/\/sakaba.mghosteur.com\/en\/wp-json\/wp\/v2\/product_cat?post=56144"},{"taxonomy":"product_tag","embeddable":true,"href":"https:\/\/sakaba.mghosteur.com\/en\/wp-json\/wp\/v2\/product_tag?post=56144"}],"curies":[{"name":"wp","href":"https:\/\/api.w.org\/{rel}","templated":true}]}}