{"id":56147,"date":"2026-01-02T14:07:16","date_gmt":"2026-01-02T14:07:16","guid":{"rendered":"https:\/\/sakaba.mghosteur.com\/?post_type=product&#038;p=56147"},"modified":"2026-01-02T14:07:16","modified_gmt":"2026-01-02T14:07:16","slug":"beauty-of-joseon-glow-deep-serum-rice-alpha-arbutin-2","status":"publish","type":"product","link":"https:\/\/sakaba.mghosteur.com\/en\/product\/beauty-of-joseon-glow-deep-serum-rice-alpha-arbutin-2\/","title":{"rendered":"Beauty of Joseon Glow Deep Serum  Rice + Alpha-Arbutin"},"content":{"rendered":"<ul class=\"a-unordered-list a-vertical a-spacing-mini\">\n<li class=\"a-spacing-mini\"><span class=\"a-list-item\"><span dir=\"auto\">R\u00e9v\u00e9lation \u00e9clatante\u00a0: D\u00e9couvrez les secrets de beaut\u00e9 de Joseon avec le S\u00e9rum \u00c9clat Profond, un m\u00e9lange m\u00e9ticuleusement \u00e9labor\u00e9 \u00e0 base de riz et d\u2019alpha-arbutine pour un \u00e9clat incomparable. Att\u00e9nuez les taches brunes, les irr\u00e9gularit\u00e9s de pigmentation et les cicatrices d\u2019acn\u00e9 gr\u00e2ce \u00e0 une formule puissante enrichie en riz et en alpha-arbutine.<\/span><\/span><\/li>\n<li class=\"a-spacing-mini\"><span class=\"a-list-item\"><span dir=\"auto\">Soin cor\u00e9en essentiel\u00a0: Sublimez votre routine de soins avec le s\u00e9rum Beauty of Joseon Glow Deep Serum, un engagement envers les secrets intemporels de la beaut\u00e9 cor\u00e9enne qui vous ouvre la voie \u00e0 une peau \u00e9clatante et impeccable.<\/span><\/span><\/li>\n<li class=\"a-spacing-mini\"><span class=\"a-list-item\"><span dir=\"auto\">Ingr\u00e9dients cl\u00e9s\u00a0: Eau de riz 68\u00a0%\u00a0: Hydrate et illumine le teint. Alpha-albutine 2\u00a0%\u00a0: \u00c9clat, att\u00e9nue les taches brunes, prot\u00e8ge la peau et r\u00e9duit la pigmentation. Niacinamide\u00a0: Unifie le teint, renforce la barri\u00e8re cutan\u00e9e et lutte contre l\u2019acn\u00e9.<\/span><\/span><\/li>\n<li class=\"a-spacing-mini\"><span class=\"a-list-item\"><span dir=\"auto\">Hydratation intense, son de riz\u00a0: l\u2019eau de son de riz hydrate et assouplit la peau. B\u00e9n\u00e9ficiez d\u2019une hydratation intense et d\u2019une correction des taches pigmentaires pour une peau saine et \u00e9clatante.<\/span><\/span><\/li>\n<li class=\"a-spacing-mini\"><span class=\"a-list-item\"><span dir=\"auto\">R\u00e9pondez aux probl\u00e8mes de peau\u00a0: Convient \u00e0 tous les types de peau, m\u00eame sensibles. Att\u00e9nue le teint irr\u00e9gulier, les taches brunes et la s\u00e9cheresse. R\u00e9v\u00e9lez \u00e9clat et confiance en votre peau.<\/span><\/span><\/li>\n<\/ul>","protected":false},"excerpt":{"rendered":"<p>R\u00e9v\u00e9lation \u00e9clatante\u00a0: D\u00e9couvrez les secrets de beaut\u00e9 de Joseon avec le S\u00e9rum \u00c9clat Profond, un m\u00e9lange m\u00e9ticuleusement \u00e9labor\u00e9 \u00e0 base de riz et d\u2019alpha-arbutine pour un \u00e9clat incomparable. Att\u00e9nuez les taches brunes, les irr\u00e9gularit\u00e9s de pigmentation et les cicatrices d\u2019acn\u00e9 gr\u00e2ce \u00e0 une formule puissante enrichie en riz et en alpha-arbutine. Soin cor\u00e9en essentiel\u00a0: Sublimez<span class=\"read-more-faq\"><a href=\"https:\/\/sakaba.mghosteur.com\/en\/product\/beauty-of-joseon-glow-deep-serum-rice-alpha-arbutin-2\/\">Read More<\/a><\/span><\/p>","protected":false},"featured_media":0,"comment_status":"open","ping_status":"closed","template":"","meta":[],"product_brand":[797],"product_cat":[451,334],"product_tag":[],"class_list":{"0":"post-56147","1":"product","2":"type-product","3":"status-publish","5":"product_brand-beauty-of-joseon","6":"product_cat-aab-soin-du-visage","7":"product_cat-traitement-serum","9":"first","10":"instock","11":"shipping-taxable","12":"product-type-simple"},"jetpack-related-posts":[{"id":31367,"url":"https:\/\/sakaba.mghosteur.com\/en\/product\/beauty-of-joseon-glow-deep-serum-rice-alpha-arbutin\/","url_meta":{"origin":56147,"position":0},"title":"BEAUTY OF JOSEON GLOW DEEP SERUM RICE + ALPHA ARBUTIN","author":"admin","date":"May 10, 2024","format":false,"excerpt":"Glow Deep Serum : Rice + Alpha-Arbutin Description : Le S\u00e9rum Glow Deep : Rice + Alpha-Arbutin est sp\u00e9cialement formul\u00e9 pour les personnes souffrant de probl\u00e8mes de pigmentation et de teint irr\u00e9gulier. Enrichi avec 68 % d'eau de son de riz et 2 % d'alpha-arbutine, ce s\u00e9rum agit efficacement pour\u2026","rel":"","context":"Similar post","block_context":{"text":"Similar post","link":""},"img":{"alt_text":"","src":"","width":0,"height":0},"classes":[]},{"id":56158,"url":"https:\/\/sakaba.mghosteur.com\/en\/product\/cosrx-the-alpha-arbutin-2-discoloration-care-serum\/","url_meta":{"origin":56147,"position":1},"title":"COSRX The Alpha Arbutin 2 Discoloration Care Serum","author":"Sope DIA","date":"January 2, 2026","format":false,"excerpt":"Le\u00a0COSRX The Alpha-Arbutin 2% Discoloration Care Serum\u00a0est votre nouveau secret pour une peau lisse et \u00e9clatante ! Ce s\u00e9rum puissant est enrichi de 2 % d'alpha-arbutine, un ingr\u00e9dient \u00e9prouv\u00e9 qui aide \u00e0 r\u00e9duire les taches pigmentaires et les d\u00e9colorations cutan\u00e9es. Il agit efficacement pour att\u00e9nuer les taches brunes, uniformiser le\u2026","rel":"","context":"Similar post","block_context":{"text":"Similar post","link":""},"img":{"alt_text":"","src":"","width":0,"height":0},"classes":[]},{"id":56150,"url":"https:\/\/sakaba.mghosteur.com\/en\/product\/beauty-of-joseon-glow-serum-propolis-niacinamide\/","url_meta":{"origin":56147,"position":2},"title":"Beauty of Joseon Glow Serum  Propolis +Niacinamide","author":"Sope DIA","date":"January 2, 2026","format":false,"excerpt":"L'\u00e9clat des soins cor\u00e9ens\u00a0: Plongez dans l'univers de la K-beauty avec notre S\u00e9rum \u00c9clat, un m\u00e9lange harmonieux de pratiques de soins traditionnelles de la dynastie Joseon et d'innovations modernes. D\u00e9couvrez l'\u00e9clat qui d\u00e9finit la beaut\u00e9 cor\u00e9enne. \u00c9clat et exfoliation\u00a0: La niacinamide renforce et hydrate la peau. Elle am\u00e9liore le teint\u2026","rel":"","context":"Similar post","block_context":{"text":"Similar post","link":""},"img":{"alt_text":"","src":"","width":0,"height":0},"classes":[]},{"id":27402,"url":"https:\/\/sakaba.mghosteur.com\/en\/product\/the-inkey-list-alpha-arbutin-2\/","url_meta":{"origin":56147,"position":3},"title":"THE INKEY LIST ALPHA ARBUTIN","author":"admin","date":"November 29, 2022","format":false,"excerpt":"Le s\u00e9rum Alpha Arbutine de la marque The Inkey List est un v\u00e9ritable concentr\u00e9 d'efficacit\u00e9 pour retrouver une peau \u00e9clatante et un teint uniforme. Avec sa formule concentr\u00e9e \u00e0 2% d'alpha arbutine, ce s\u00e9rum est sp\u00e9cialement con\u00e7u pour r\u00e9duire l'apparence de l'hyperpigmentation et des taches brunes sur la peau. Gr\u00e2ce\u2026","rel":"","context":"Similar post","block_context":{"text":"Similar post","link":""},"img":{"alt_text":"","src":"","width":0,"height":0},"classes":[]},{"id":28241,"url":"https:\/\/sakaba.mghosteur.com\/en\/product\/the-ordinary-ascorbic-acid-8-alpha-arbutin-2\/","url_meta":{"origin":56147,"position":4},"title":"THE ORDINARY ASCORBIC ACID 8% ALPHA ARBUTIN 2%","author":"admin","date":"November 30, 2022","format":false,"excerpt":"Le s\u00e9rum Acide Ascorbique 8% + Alpha Arbutine 2% de la marque The Ordinary est un produit hautement efficace pour am\u00e9liorer la pigmentation et l'\u00e9clat de votre peau. Sa formule unique et sans eau combine deux agents \u00e9claircissants puissants : la vitamine C directe \u00e0 8% et l'alpha arbutine \u00e0\u2026","rel":"","context":"Similar post","block_context":{"text":"Similar post","link":""},"img":{"alt_text":"","src":"","width":0,"height":0},"classes":[]},{"id":28919,"url":"https:\/\/sakaba.mghosteur.com\/en\/product\/the-ordinary-alpha-arbutin-2-ha\/","url_meta":{"origin":56147,"position":5},"title":"THE ORDINARY ALPHA ARBUTIN 2% + HA","author":"admin","date":"March 8, 2023","format":false,"excerpt":"Le s\u00e9rum Alpha Arbutine 2% + HA de The Ordinary est un produit de soin de la peau \u00e0 base d'eau, con\u00e7u pour am\u00e9liorer visiblement la pigmentation et cibler les probl\u00e8mes de teint irr\u00e9gulier. Ce produit contient une concentration \u00e9lev\u00e9e d'alpha arbutine purifi\u00e9e, un ingr\u00e9dient \u00e9claircissant bien connu, qui agit\u2026","rel":"","context":"Similar post","block_context":{"text":"Similar post","link":""},"img":{"alt_text":"","src":"","width":0,"height":0},"classes":[]}],"_links":{"self":[{"href":"https:\/\/sakaba.mghosteur.com\/en\/wp-json\/wp\/v2\/product\/56147","targetHints":{"allow":["GET"]}}],"collection":[{"href":"https:\/\/sakaba.mghosteur.com\/en\/wp-json\/wp\/v2\/product"}],"about":[{"href":"https:\/\/sakaba.mghosteur.com\/en\/wp-json\/wp\/v2\/types\/product"}],"replies":[{"embeddable":true,"href":"https:\/\/sakaba.mghosteur.com\/en\/wp-json\/wp\/v2\/comments?post=56147"}],"version-history":[{"count":1,"href":"https:\/\/sakaba.mghosteur.com\/en\/wp-json\/wp\/v2\/product\/56147\/revisions"}],"predecessor-version":[{"id":56149,"href":"https:\/\/sakaba.mghosteur.com\/en\/wp-json\/wp\/v2\/product\/56147\/revisions\/56149"}],"wp:attachment":[{"href":"https:\/\/sakaba.mghosteur.com\/en\/wp-json\/wp\/v2\/media?parent=56147"}],"wp:term":[{"taxonomy":"product_brand","embeddable":true,"href":"https:\/\/sakaba.mghosteur.com\/en\/wp-json\/wp\/v2\/product_brand?post=56147"},{"taxonomy":"product_cat","embeddable":true,"href":"https:\/\/sakaba.mghosteur.com\/en\/wp-json\/wp\/v2\/product_cat?post=56147"},{"taxonomy":"product_tag","embeddable":true,"href":"https:\/\/sakaba.mghosteur.com\/en\/wp-json\/wp\/v2\/product_tag?post=56147"}],"curies":[{"name":"wp","href":"https:\/\/api.w.org\/{rel}","templated":true}]}}