{"id":56150,"date":"2026-01-02T14:10:30","date_gmt":"2026-01-02T14:10:30","guid":{"rendered":"https:\/\/sakaba.mghosteur.com\/?post_type=product&#038;p=56150"},"modified":"2026-01-02T14:10:30","modified_gmt":"2026-01-02T14:10:30","slug":"beauty-of-joseon-glow-serum-propolis-niacinamide","status":"publish","type":"product","link":"https:\/\/sakaba.mghosteur.com\/en\/product\/beauty-of-joseon-glow-serum-propolis-niacinamide\/","title":{"rendered":"Beauty of Joseon Glow Serum  Propolis +Niacinamide"},"content":{"rendered":"<ul class=\"a-unordered-list a-vertical a-spacing-mini\">\n<li class=\"a-spacing-mini\"><span class=\"a-list-item\"><span dir=\"auto\">L&#8217;\u00e9clat des soins cor\u00e9ens\u00a0: Plongez dans l&#8217;univers de la K-beauty avec notre S\u00e9rum \u00c9clat, un m\u00e9lange harmonieux de pratiques de soins traditionnelles de la dynastie Joseon et d&#8217;innovations modernes. D\u00e9couvrez l&#8217;\u00e9clat qui d\u00e9finit la beaut\u00e9 cor\u00e9enne.<\/span><\/span><\/li>\n<li class=\"a-spacing-mini\"><span class=\"a-list-item\"><span dir=\"auto\">\u00c9clat et exfoliation\u00a0: La niacinamide renforce et hydrate la peau. Elle am\u00e9liore le teint et resserre les pores. Le BHA exfolie en douceur.<\/span><\/span><\/li>\n<li class=\"a-spacing-mini\"><span class=\"a-list-item\"><span dir=\"auto\">Ingr\u00e9dients cl\u00e9s\u00a0: \u00c9lixir \u00e0 60\u00a0% de propolis et 2\u00a0% de niacinamide, l\u2019\u00e9nergie de la propolis et l\u2019essence revitalisante de la niacinamide. Notre s\u00e9rum r\u00e9unit les tr\u00e9sors de la m\u00e9decine cor\u00e9enne pour un soin nourrissant et anti-\u00e2ge.<\/span><\/span><\/li>\n<li class=\"a-spacing-mini\"><span class=\"a-list-item\"><span dir=\"auto\">Un cadeau id\u00e9al\u00a0: Parfait pour les grands-parents, les mamans, les papas, les amoureux comme cadeau d\u2019anniversaire ou pour toute autre occasion sp\u00e9ciale. Offrez \u00e0 vos proches ce s\u00e9rum \u00e9clat cor\u00e9en.<\/span><\/span><\/li>\n<li class=\"a-spacing-mini\"><span class=\"a-list-item\"><span dir=\"auto\">R\u00e9solvez vos probl\u00e8mes de peau\u00a0: Il est recommand\u00e9 d&#8217;effectuer un test cutan\u00e9 avant application sur le visage. En cas de r\u00e9action apr\u00e8s utilisation, veuillez consulter un sp\u00e9cialiste. Ce produit convient \u00e0 tous les types de peau, m\u00eame sensibles. Il att\u00e9nue le teint irr\u00e9gulier, les taches brunes et la s\u00e9cheresse. R\u00e9v\u00e9lez l&#8217;\u00e9clat et la confiance de votre peau.<\/span><\/span><\/li>\n<\/ul>","protected":false},"excerpt":{"rendered":"<p>L&#8217;\u00e9clat des soins cor\u00e9ens\u00a0: Plongez dans l&#8217;univers de la K-beauty avec notre S\u00e9rum \u00c9clat, un m\u00e9lange harmonieux de pratiques de soins traditionnelles de la dynastie Joseon et d&#8217;innovations modernes. D\u00e9couvrez l&#8217;\u00e9clat qui d\u00e9finit la beaut\u00e9 cor\u00e9enne. \u00c9clat et exfoliation\u00a0: La niacinamide renforce et hydrate la peau. Elle am\u00e9liore le teint et resserre les pores. Le<span class=\"read-more-faq\"><a href=\"https:\/\/sakaba.mghosteur.com\/en\/product\/beauty-of-joseon-glow-serum-propolis-niacinamide\/\">Read More<\/a><\/span><\/p>","protected":false},"featured_media":0,"comment_status":"open","ping_status":"closed","template":"","meta":[],"product_brand":[797],"product_cat":[451,334],"product_tag":[],"class_list":{"0":"post-56150","1":"product","2":"type-product","3":"status-publish","5":"product_brand-beauty-of-joseon","6":"product_cat-aab-soin-du-visage","7":"product_cat-traitement-serum","9":"first","10":"instock","11":"shipping-taxable","12":"product-type-simple"},"jetpack-related-posts":[{"id":30233,"url":"https:\/\/sakaba.mghosteur.com\/en\/product\/glow-serum-propolis-niacinamide\/","url_meta":{"origin":56150,"position":0},"title":"GLOW SERUM PROPOLIS +NIACINAMIDE","author":"admin","date":"May 4, 2023","format":false,"excerpt":"D\u00e9couvrez le S\u00e9rum \u00c9clat de la marque Beauty of Joseon, con\u00e7u pour les probl\u00e8mes de pores dilat\u00e9s et de peau enflamm\u00e9e. Ce s\u00e9rum contient 60 % d'extrait de propolis, ingr\u00e9dient traditionnel de soin de la peau utilis\u00e9 par les femmes de la dynastie Joseon pour hydrater et am\u00e9liorer la peau\u2026","rel":"","context":"Similar post","block_context":{"text":"Similar post","link":""},"img":{"alt_text":"","src":"","width":0,"height":0},"classes":[]},{"id":56147,"url":"https:\/\/sakaba.mghosteur.com\/en\/product\/beauty-of-joseon-glow-deep-serum-rice-alpha-arbutin-2\/","url_meta":{"origin":56150,"position":1},"title":"Beauty of Joseon Glow Deep Serum  Rice + Alpha-Arbutin","author":"Sope DIA","date":"January 2, 2026","format":false,"excerpt":"R\u00e9v\u00e9lation \u00e9clatante\u00a0: D\u00e9couvrez les secrets de beaut\u00e9 de Joseon avec le S\u00e9rum \u00c9clat Profond, un m\u00e9lange m\u00e9ticuleusement \u00e9labor\u00e9 \u00e0 base de riz et d\u2019alpha-arbutine pour un \u00e9clat incomparable. Att\u00e9nuez les taches brunes, les irr\u00e9gularit\u00e9s de pigmentation et les cicatrices d\u2019acn\u00e9 gr\u00e2ce \u00e0 une formule puissante enrichie en riz et en\u2026","rel":"","context":"Similar post","block_context":{"text":"Similar post","link":""},"img":{"alt_text":"","src":"","width":0,"height":0},"classes":[]},{"id":26388,"url":"https:\/\/sakaba.mghosteur.com\/en\/product\/cosrx-the-niacinamide-15-serum\/","url_meta":{"origin":56150,"position":2},"title":"COSRX THE NIACINAMIDE 15 SERUM","author":"admin","date":"November 25, 2022","format":false,"excerpt":"Le S\u00e9rum Niacinamide 15 est un soin puissant contre l'acn\u00e9, avec une concentration \u00e9lev\u00e9e de 15% de niacinamide. Ce s\u00e9rum est con\u00e7u pour fournir un contr\u00f4le total de l'acn\u00e9 en utilisant des ingr\u00e9dients synergiques. Il est \u00e9galement test\u00e9 non com\u00e9dog\u00e8ne, ce qui signifie qu'il n'obstrue pas les pores. Utilisez ce\u2026","rel":"","context":"Similar post","block_context":{"text":"Similar post","link":""},"img":{"alt_text":"","src":"","width":0,"height":0},"classes":[]},{"id":29474,"url":"https:\/\/sakaba.mghosteur.com\/en\/product\/cosrx-propelis-light-ampoule\/","url_meta":{"origin":56150,"position":3},"title":"COSRX PROPELIS LIGHT AMPOULE","author":"admin","date":"April 4, 2023","format":false,"excerpt":"D\u00e9couvrez l'Ampoule Propolis Light Fit compl\u00e8te, une formule l\u00e9g\u00e8re qui apporte des bienfaits intenses pour votre peau. Cette ampoule de soin intensif est con\u00e7ue pour rendre votre peau plus \u00e9clatante et plus lisse, sans effet collant. Elle est tr\u00e8s appr\u00e9ci\u00e9e par tous et reste la plus vendue toute l'ann\u00e9e. Ajoutez-la\u2026","rel":"","context":"Similar post","block_context":{"text":"Similar post","link":""},"img":{"alt_text":"","src":"","width":0,"height":0},"classes":[]},{"id":26418,"url":"https:\/\/sakaba.mghosteur.com\/en\/product\/cosrx-the-vitamin-c-23-serum\/","url_meta":{"origin":56150,"position":4},"title":"COSRX THE VITAMIN C 23 SERUM","author":"admin","date":"November 25, 2022","format":false,"excerpt":"Le S\u00e9rum Niacinamide 15 est un soin puissant contre l'acn\u00e9, avec une concentration \u00e9lev\u00e9e de 15% de niacinamide. Ce s\u00e9rum est con\u00e7u pour fournir un contr\u00f4le total de l'acn\u00e9 en utilisant des ingr\u00e9dients synergiques. Il est \u00e9galement test\u00e9 non com\u00e9dog\u00e8ne, ce qui signifie qu'il n'obstrue pas les pores. Utilisez ce\u2026","rel":"","context":"Similar post","block_context":{"text":"Similar post","link":""},"img":{"alt_text":"","src":"","width":0,"height":0},"classes":[]},{"id":31362,"url":"https:\/\/sakaba.mghosteur.com\/en\/product\/beauty-of-joseon-dynasty-cream-50ml\/","url_meta":{"origin":56150,"position":5},"title":"BEAUTY OF JOSEON DYNASTY CREAM 50ML","author":"admin","date":"May 10, 2024","format":false,"excerpt":"Dynasty Cream D\u00e9couvrez la \"Dynasty Cream\", le tout premier produit de la gamme Beauty of Joseon. Cette cr\u00e8me est un favori de longue date parmi nos clients. Sa texture ferme et onctueuse hydrate et nourrit votre peau en profondeur et durablement. Remplie d'ingr\u00e9dients b\u00e9n\u00e9fiques tels que l'eau de son de\u2026","rel":"","context":"Similar post","block_context":{"text":"Similar post","link":""},"img":{"alt_text":"","src":"","width":0,"height":0},"classes":[]}],"_links":{"self":[{"href":"https:\/\/sakaba.mghosteur.com\/en\/wp-json\/wp\/v2\/product\/56150","targetHints":{"allow":["GET"]}}],"collection":[{"href":"https:\/\/sakaba.mghosteur.com\/en\/wp-json\/wp\/v2\/product"}],"about":[{"href":"https:\/\/sakaba.mghosteur.com\/en\/wp-json\/wp\/v2\/types\/product"}],"replies":[{"embeddable":true,"href":"https:\/\/sakaba.mghosteur.com\/en\/wp-json\/wp\/v2\/comments?post=56150"}],"version-history":[{"count":1,"href":"https:\/\/sakaba.mghosteur.com\/en\/wp-json\/wp\/v2\/product\/56150\/revisions"}],"predecessor-version":[{"id":56152,"href":"https:\/\/sakaba.mghosteur.com\/en\/wp-json\/wp\/v2\/product\/56150\/revisions\/56152"}],"wp:attachment":[{"href":"https:\/\/sakaba.mghosteur.com\/en\/wp-json\/wp\/v2\/media?parent=56150"}],"wp:term":[{"taxonomy":"product_brand","embeddable":true,"href":"https:\/\/sakaba.mghosteur.com\/en\/wp-json\/wp\/v2\/product_brand?post=56150"},{"taxonomy":"product_cat","embeddable":true,"href":"https:\/\/sakaba.mghosteur.com\/en\/wp-json\/wp\/v2\/product_cat?post=56150"},{"taxonomy":"product_tag","embeddable":true,"href":"https:\/\/sakaba.mghosteur.com\/en\/wp-json\/wp\/v2\/product_tag?post=56150"}],"curies":[{"name":"wp","href":"https:\/\/api.w.org\/{rel}","templated":true}]}}