{"id":56153,"date":"2026-01-02T14:19:01","date_gmt":"2026-01-02T14:19:01","guid":{"rendered":"https:\/\/sakaba.mghosteur.com\/?post_type=product&#038;p=56153"},"modified":"2026-01-02T14:19:02","modified_gmt":"2026-01-02T14:19:02","slug":"beauty-of-joseon-ground-rice-and-honey-glow-mask","status":"publish","type":"product","link":"https:\/\/sakaba.mghosteur.com\/en\/product\/beauty-of-joseon-ground-rice-and-honey-glow-mask\/","title":{"rendered":"Beauty of Joseon Ground Rice and Honey Glow Mask"},"content":{"rendered":"<p data-start=\"53\" data-end=\"466\">Ground Rice and Honey Glow Mask de Beauty of Joseon, un masque nettoyant et exfoliant formul\u00e9 \u00e0 base de lie de makgeolli recycl\u00e9e et d\u2019ingr\u00e9dients naturels comme la poudre de cosse de riz et le miel.<br data-start=\"307\" data-end=\"310\" \/>Ce soin multit\u00e2che offre une action compl\u00e8te en combinant des effets \u00e9claircissants, antioxydants, hydratants et apaisants en une seule application.<\/p>\n<p data-start=\"468\" data-end=\"864\">L\u2019argile kaolin purifie efficacement les pores et absorbe l\u2019exc\u00e8s de s\u00e9bum, tandis que le miel hydrate intens\u00e9ment et apaise les inflammations, laissant la peau propre, douce et nourrie sans sensation de tiraillement.<br data-start=\"697\" data-end=\"700\" \/>La poudre de cosse de riz, gr\u00e2ce \u00e0 son action exfoliante en profondeur, am\u00e9liore la texture de la peau et convient \u00e0 tous les types de peau, m\u00eame sensibles.<\/p>","protected":false},"excerpt":{"rendered":"<p>Ground Rice and Honey Glow Mask de Beauty of Joseon, un masque nettoyant et exfoliant formul\u00e9 \u00e0 base de lie de makgeolli recycl\u00e9e et d\u2019ingr\u00e9dients naturels comme la poudre de cosse de riz et le miel.Ce soin multit\u00e2che offre une action compl\u00e8te en combinant des effets \u00e9claircissants, antioxydants, hydratants et apaisants en une seule application.<span class=\"read-more-faq\"><a href=\"https:\/\/sakaba.mghosteur.com\/en\/product\/beauty-of-joseon-ground-rice-and-honey-glow-mask\/\">Read More<\/a><\/span><\/p>","protected":false},"featured_media":0,"comment_status":"open","ping_status":"closed","template":"","meta":[],"product_brand":[797],"product_cat":[349],"product_tag":[],"class_list":{"0":"post-56153","1":"product","2":"type-product","3":"status-publish","5":"product_brand-beauty-of-joseon","6":"product_cat-masque","8":"first","9":"instock","10":"shipping-taxable","11":"product-type-simple"},"jetpack-related-posts":[{"id":56147,"url":"https:\/\/sakaba.mghosteur.com\/en\/product\/beauty-of-joseon-glow-deep-serum-rice-alpha-arbutin-2\/","url_meta":{"origin":56153,"position":0},"title":"Beauty of Joseon Glow Deep Serum  Rice + Alpha-Arbutin","author":"Sope DIA","date":"January 2, 2026","format":false,"excerpt":"R\u00e9v\u00e9lation \u00e9clatante\u00a0: D\u00e9couvrez les secrets de beaut\u00e9 de Joseon avec le S\u00e9rum \u00c9clat Profond, un m\u00e9lange m\u00e9ticuleusement \u00e9labor\u00e9 \u00e0 base de riz et d\u2019alpha-arbutine pour un \u00e9clat incomparable. Att\u00e9nuez les taches brunes, les irr\u00e9gularit\u00e9s de pigmentation et les cicatrices d\u2019acn\u00e9 gr\u00e2ce \u00e0 une formule puissante enrichie en riz et en\u2026","rel":"","context":"Similar post","block_context":{"text":"Similar post","link":""},"img":{"alt_text":"","src":"","width":0,"height":0},"classes":[]},{"id":56144,"url":"https:\/\/sakaba.mghosteur.com\/en\/product\/anua-rice-70-glow-milky-toner\/","url_meta":{"origin":56153,"position":1},"title":"Anua Rice 70 Glow Milky Toner","author":"Sope DIA","date":"January 2, 2026","format":false,"excerpt":"LOTION TONIQUE LAIT\u00c9E L\u00c9G\u00c8RE POUR UNE PEAU DE VERRE : Offre une hydratation intense gr\u00e2ce \u00e0 un m\u00e9lange d'eau de riz, de niacinamide et de c\u00e9ramides, tout en laissant un fini rafra\u00eechissant et non collant pour une peau de verre. EAU DE RIZ ET NIACINAMIDE POUR HYDRATER : Contient 70\u2026","rel":"","context":"Similar post","block_context":{"text":"Similar post","link":""},"img":{"alt_text":"","src":"","width":0,"height":0},"classes":[]},{"id":31367,"url":"https:\/\/sakaba.mghosteur.com\/en\/product\/beauty-of-joseon-glow-deep-serum-rice-alpha-arbutin\/","url_meta":{"origin":56153,"position":2},"title":"BEAUTY OF JOSEON GLOW DEEP SERUM RICE + ALPHA ARBUTIN","author":"admin","date":"May 10, 2024","format":false,"excerpt":"Glow Deep Serum : Rice + Alpha-Arbutin Description : Le S\u00e9rum Glow Deep : Rice + Alpha-Arbutin est sp\u00e9cialement formul\u00e9 pour les personnes souffrant de probl\u00e8mes de pigmentation et de teint irr\u00e9gulier. Enrichi avec 68 % d'eau de son de riz et 2 % d'alpha-arbutine, ce s\u00e9rum agit efficacement pour\u2026","rel":"","context":"Similar post","block_context":{"text":"Similar post","link":""},"img":{"alt_text":"","src":"","width":0,"height":0},"classes":[]},{"id":27583,"url":"https:\/\/sakaba.mghosteur.com\/en\/product\/beauty-of-joseonrelief-sun-rice-probiotcs-spf-50\/","url_meta":{"origin":56153,"position":3},"title":"BEAUTY OF JOSEON Relief Sun : Rice + Probiotics (SPF50+ PA++++)","author":"admin","date":"November 29, 2022","format":false,"excerpt":"D\u00e9couvrez le produit solaire organique Relief Sun de la marque Beauty of Joseon, enrichi avec 30 % d'extrait de riz et d'extraits de c\u00e9r\u00e9ales ferment\u00e9es pour une hydratation et une nutrition de la peau optimales. Sa texture l\u00e9g\u00e8re et cr\u00e9meuse ressemble \u00e0 une cr\u00e8me hydratante l\u00e9g\u00e8re qui ne colle pas\u2026","rel":"","context":"Similar post","block_context":{"text":"Similar post","link":""},"img":{"alt_text":"","src":"","width":0,"height":0},"classes":[]},{"id":30296,"url":"https:\/\/sakaba.mghosteur.com\/en\/product\/beauty-of-joseon-red-bean-refreshing-pore-mask\/","url_meta":{"origin":56153,"position":4},"title":"BEAUTY OF JOSEON RED BEAN REFRESHING PORE MASK","author":"admin","date":"May 8, 2023","format":false,"excerpt":"D\u00e9couvrez le Masque rafra\u00eechissant pour les pores aux haricots rouges de la marque Beauty of Joseon. Ce masque est con\u00e7u pour prendre soin de vos pores en \u00e9liminant les cellules mortes de la peau, en lavant le s\u00e9bum et les d\u00e9chets accumul\u00e9s et en abaissant la temp\u00e9rature de la peau.\u2026","rel":"","context":"Similar post","block_context":{"text":"Similar post","link":""},"img":{"alt_text":"","src":"","width":0,"height":0},"classes":[]},{"id":33045,"url":"https:\/\/sakaba.mghosteur.com\/en\/product\/dove-exfoliant-body-polish-rice-milk\/","url_meta":{"origin":56153,"position":5},"title":"DOVE EXFOLIANT BODY POLISH RICE MILK","author":"admin","date":"May 17, 2024","format":false,"excerpt":"Un gommage corporel cr\u00e9meux enrichi au lait de riz et \u00e0 la macadamia qui utilise une exfoliation mod\u00e9r\u00e9e pour r\u00e9v\u00e9ler une peau douce et soyeuse. Le gommage corporel exfoliant utilise une exfoliation mod\u00e9r\u00e9e pour \u00e9liminer les peaux mortes \u2022 Formule avec des nettoyants sans sulfate SLES d'origine naturelle \u2022 Formul\u00e9\u2026","rel":"","context":"Similar post","block_context":{"text":"Similar post","link":""},"img":{"alt_text":"","src":"","width":0,"height":0},"classes":[]}],"_links":{"self":[{"href":"https:\/\/sakaba.mghosteur.com\/en\/wp-json\/wp\/v2\/product\/56153","targetHints":{"allow":["GET"]}}],"collection":[{"href":"https:\/\/sakaba.mghosteur.com\/en\/wp-json\/wp\/v2\/product"}],"about":[{"href":"https:\/\/sakaba.mghosteur.com\/en\/wp-json\/wp\/v2\/types\/product"}],"replies":[{"embeddable":true,"href":"https:\/\/sakaba.mghosteur.com\/en\/wp-json\/wp\/v2\/comments?post=56153"}],"version-history":[{"count":1,"href":"https:\/\/sakaba.mghosteur.com\/en\/wp-json\/wp\/v2\/product\/56153\/revisions"}],"predecessor-version":[{"id":56154,"href":"https:\/\/sakaba.mghosteur.com\/en\/wp-json\/wp\/v2\/product\/56153\/revisions\/56154"}],"wp:attachment":[{"href":"https:\/\/sakaba.mghosteur.com\/en\/wp-json\/wp\/v2\/media?parent=56153"}],"wp:term":[{"taxonomy":"product_brand","embeddable":true,"href":"https:\/\/sakaba.mghosteur.com\/en\/wp-json\/wp\/v2\/product_brand?post=56153"},{"taxonomy":"product_cat","embeddable":true,"href":"https:\/\/sakaba.mghosteur.com\/en\/wp-json\/wp\/v2\/product_cat?post=56153"},{"taxonomy":"product_tag","embeddable":true,"href":"https:\/\/sakaba.mghosteur.com\/en\/wp-json\/wp\/v2\/product_tag?post=56153"}],"curies":[{"name":"wp","href":"https:\/\/api.w.org\/{rel}","templated":true}]}}