{"id":56155,"date":"2026-01-02T14:47:51","date_gmt":"2026-01-02T14:47:51","guid":{"rendered":"https:\/\/sakaba.mghosteur.com\/?post_type=product&#038;p=56155"},"modified":"2026-01-02T14:47:51","modified_gmt":"2026-01-02T14:47:51","slug":"cosrx-advanced-snail-hydrogel-eye-patch","status":"publish","type":"product","link":"https:\/\/sakaba.mghosteur.com\/en\/product\/cosrx-advanced-snail-hydrogel-eye-patch\/","title":{"rendered":"COSRX Advanced Snail Hydrogel Eye Patch"},"content":{"rendered":"<ul class=\"a-unordered-list a-vertical a-spacing-mini\">\n<li class=\"a-spacing-mini\"><span class=\"a-list-item\"><span dir=\"auto\">Masque contour des yeux concentr\u00e9 \u00e0 la mucine d&#8217;escargot : Enrichi en filtrat de s\u00e9cr\u00e9tion d&#8217;escargot et en niacinamide, ce masque hydrogel hydrate et illumine instantan\u00e9ment le regard. Il apporte une hydratation et une nutrition intenses aux peaux ternes et fatigu\u00e9es.<\/span><\/span><\/li>\n<li class=\"a-spacing-mini\"><span class=\"a-list-item\"><span dir=\"auto\">Solution multi-usages : Offrez-vous une dose d&#8217;ingr\u00e9dients concentr\u00e9s pour r\u00e9soudre efficacement vos multiples probl\u00e8mes de peau sur diff\u00e9rentes zones du visage. Le masque pour les yeux est disponible en deux tailles (petite et grande) pour apaiser et hydrater la peau en toute s\u00e9r\u00e9nit\u00e9.<\/span><\/span><\/li>\n<li class=\"a-spacing-mini\"><span class=\"a-list-item\"><span dir=\"auto\">Ingr\u00e9dient cl\u00e9 : Le filtrat de s\u00e9cr\u00e9tion d&#8217;escargot contient de la mucine, un ingr\u00e9dient efficace pour une hydratation intense. Il apaise instantan\u00e9ment les peaux ab\u00eem\u00e9es et hydrate en profondeur. Id\u00e9al pour les peaux d\u00e9shydrat\u00e9es et ab\u00eem\u00e9es.<\/span><\/span><\/li>\n<li class=\"a-spacing-mini\"><span class=\"a-list-item\"><span dir=\"auto\">Favorise l&#8217;\u00e9lasticit\u00e9 de la peau<\/span><\/span><\/li>\n<\/ul>","protected":false},"excerpt":{"rendered":"<p>Masque contour des yeux concentr\u00e9 \u00e0 la mucine d&#8217;escargot : Enrichi en filtrat de s\u00e9cr\u00e9tion d&#8217;escargot et en niacinamide, ce masque hydrogel hydrate et illumine instantan\u00e9ment le regard. Il apporte une hydratation et une nutrition intenses aux peaux ternes et fatigu\u00e9es. Solution multi-usages : Offrez-vous une dose d&#8217;ingr\u00e9dients concentr\u00e9s pour r\u00e9soudre efficacement vos multiples probl\u00e8mes<span class=\"read-more-faq\"><a href=\"https:\/\/sakaba.mghosteur.com\/en\/product\/cosrx-advanced-snail-hydrogel-eye-patch\/\">Read More<\/a><\/span><\/p>","protected":false},"featured_media":0,"comment_status":"open","ping_status":"closed","template":"","meta":[],"product_brand":[826],"product_cat":[353],"product_tag":[],"class_list":{"0":"post-56155","1":"product","2":"type-product","3":"status-publish","5":"product_brand-cosrx","6":"product_cat-soin-countour-des-yeux","8":"first","9":"instock","10":"shipping-taxable","11":"product-type-simple"},"jetpack-related-posts":[{"id":26901,"url":"https:\/\/sakaba.mghosteur.com\/en\/product\/advanced-snail-96-mucin-power-essence\/","url_meta":{"origin":56155,"position":0},"title":"COSRX ADVANCED SNAIL 96 MUCIN POWER ESSENCE","author":"admin","date":"November 28, 2022","format":false,"excerpt":"L'Advanced Snail 96 Mucin Power Essence de la marque COSRX est une essence l\u00e9g\u00e8re qui p\u00e9n\u00e8tre rapidement dans la peau pour donner \u00e0 votre peau un \u00e9clat naturel de l'int\u00e9rieur. Cette essence est cr\u00e9\u00e9e \u00e0 partir de mucine d'escargot filtr\u00e9e nutritive et \u00e0 faible stimulation pour garder votre peau hydrat\u00e9e\u2026","rel":"","context":"Similar post","block_context":{"text":"Similar post","link":""},"img":{"alt_text":"","src":"","width":0,"height":0},"classes":[]},{"id":31393,"url":"https:\/\/sakaba.mghosteur.com\/en\/product\/beauty-of-joseon-revive-serum-ginseng-snail-mucin\/","url_meta":{"origin":56155,"position":1},"title":"BEAUTY OF JOSEON Revive Serum  Ginseng + Snail Mucin","author":"admin","date":"May 10, 2024","format":false,"excerpt":"D\u00e9couvrez le S\u00e9rum Revive : Ginseng + Mucus d'escargot Un s\u00e9rum con\u00e7u pour raviver les peaux en manque de vitalit\u00e9. Formul\u00e9 avec du ginseng, un ingr\u00e9dient v\u00e9g\u00e9tal r\u00e9put\u00e9 depuis des si\u00e8cles, et 3 % de filtrat de s\u00e9cr\u00e9tion d'escargot, cette combinaison offre une synergie optimale pour renforcer l'\u00e9lasticit\u00e9 de la\u2026","rel":"","context":"Similar post","block_context":{"text":"Similar post","link":""},"img":{"alt_text":"","src":"","width":0,"height":0},"classes":[]},{"id":29432,"url":"https:\/\/sakaba.mghosteur.com\/en\/product\/cosrx-advanced-snail-mucin-power-sheet-mask\/","url_meta":{"origin":56155,"position":2},"title":"COSRX ADVANCED SNAIL MUCIN POWER SHEET MASK","author":"admin","date":"April 4, 2023","format":false,"excerpt":"D\u00e9couvrez le masque en feuille Advanced Snail Mucin Power Sheet Mask de la marque COSRX, parfait pour nourrir et hydrater votre peau en profondeur. Chaque paquet contient 10 feuilles de cellulose d'origine naturelle, imbib\u00e9es de 35 000 ppm de mucine d'escargot pour une efficacit\u00e9 maximale. La formule riche de ce\u2026","rel":"","context":"Similar post","block_context":{"text":"Similar post","link":""},"img":{"alt_text":"","src":"","width":0,"height":0},"classes":[]},{"id":30222,"url":"https:\/\/sakaba.mghosteur.com\/en\/product\/beauty-of-joseon-revive-serum-ginseng-snail-muci\/","url_meta":{"origin":56155,"position":3},"title":"BEAUTY OF JOSEON REVIVE SERUM GINSENG + SNAIL MUCI","author":"admin","date":"May 4, 2023","format":false,"excerpt":"D\u00e9couvrez le S\u00e9rum Revive de la marque Beauty of Joseon, sp\u00e9cialement con\u00e7u pour revitaliser les peaux en manque d'\u00e9nergie. Ce s\u00e9rum contient du ginseng, un ingr\u00e9dient v\u00e9g\u00e9tal utilis\u00e9 depuis des si\u00e8cles en phytoth\u00e9rapie orientale pour ses propri\u00e9t\u00e9s b\u00e9n\u00e9fiques. Avec une concentration de 63% en eau de racine de ginseng, ce\u2026","rel":"","context":"Similar post","block_context":{"text":"Similar post","link":""},"img":{"alt_text":"","src":"","width":0,"height":0},"classes":[]},{"id":30237,"url":"https:\/\/sakaba.mghosteur.com\/en\/product\/100-hydrogel-mask\/","url_meta":{"origin":56155,"position":4},"title":"100% HYDROGEL MASK","author":"admin","date":"May 4, 2023","format":false,"excerpt":"D\u00e9couvrez le masque hydratant 100% hydrogel Hydro Boost de la marque NEUTROGENA. Ce masque innovant est con\u00e7u pour hydrater en profondeur la peau s\u00e8che gr\u00e2ce \u00e0 sa formule \u00e0 base d'acide hyaluronique. Sa texture unique en hydrogel permet une absorption optimale de la formule hydratante pour des r\u00e9sultats cliniquement prouv\u00e9s.\u2026","rel":"","context":"Similar post","block_context":{"text":"Similar post","link":""},"img":{"alt_text":"","src":"","width":0,"height":0},"classes":[]},{"id":26438,"url":"https:\/\/sakaba.mghosteur.com\/en\/product\/cosrx-snail-92-all-in-one-cream\/","url_meta":{"origin":56155,"position":5},"title":"COSRX SNAIL 92 ALL IN ONE CREAM","author":"admin","date":"November 25, 2022","format":false,"excerpt":"Le produit Advanced Snail 92 Cr\u00e8me tout en un est une cr\u00e8me hydratante qui nourrit votre peau avec 92% de mucine d'escargot. Cette cr\u00e8me est id\u00e9ale pour apaiser les peaux irrit\u00e9es et sensibles apr\u00e8s des \u00e9ruptions cutan\u00e9es. Avec sa texture de gel riche et nourrissante, cette cr\u00e8me est facilement absorb\u00e9e\u2026","rel":"","context":"Similar post","block_context":{"text":"Similar post","link":""},"img":{"alt_text":"","src":"","width":0,"height":0},"classes":[]}],"_links":{"self":[{"href":"https:\/\/sakaba.mghosteur.com\/en\/wp-json\/wp\/v2\/product\/56155","targetHints":{"allow":["GET"]}}],"collection":[{"href":"https:\/\/sakaba.mghosteur.com\/en\/wp-json\/wp\/v2\/product"}],"about":[{"href":"https:\/\/sakaba.mghosteur.com\/en\/wp-json\/wp\/v2\/types\/product"}],"replies":[{"embeddable":true,"href":"https:\/\/sakaba.mghosteur.com\/en\/wp-json\/wp\/v2\/comments?post=56155"}],"version-history":[{"count":1,"href":"https:\/\/sakaba.mghosteur.com\/en\/wp-json\/wp\/v2\/product\/56155\/revisions"}],"predecessor-version":[{"id":56157,"href":"https:\/\/sakaba.mghosteur.com\/en\/wp-json\/wp\/v2\/product\/56155\/revisions\/56157"}],"wp:attachment":[{"href":"https:\/\/sakaba.mghosteur.com\/en\/wp-json\/wp\/v2\/media?parent=56155"}],"wp:term":[{"taxonomy":"product_brand","embeddable":true,"href":"https:\/\/sakaba.mghosteur.com\/en\/wp-json\/wp\/v2\/product_brand?post=56155"},{"taxonomy":"product_cat","embeddable":true,"href":"https:\/\/sakaba.mghosteur.com\/en\/wp-json\/wp\/v2\/product_cat?post=56155"},{"taxonomy":"product_tag","embeddable":true,"href":"https:\/\/sakaba.mghosteur.com\/en\/wp-json\/wp\/v2\/product_tag?post=56155"}],"curies":[{"name":"wp","href":"https:\/\/api.w.org\/{rel}","templated":true}]}}