{"id":56161,"date":"2026-01-02T15:16:40","date_gmt":"2026-01-02T15:16:40","guid":{"rendered":"https:\/\/sakaba.mghosteur.com\/?post_type=product&#038;p=56161"},"modified":"2026-01-02T15:16:41","modified_gmt":"2026-01-02T15:16:41","slug":"dr-teals-body-lotion-glow-radiance","status":"publish","type":"product","link":"https:\/\/sakaba.mghosteur.com\/en\/product\/dr-teals-body-lotion-glow-radiance\/","title":{"rendered":"Dr Teal&#8217;s Body Lotion  Glow &#038; Radiance"},"content":{"rendered":"<ul class=\"a-unordered-list a-vertical a-spacing-mini\">\n<li class=\"a-spacing-mini\"><span class=\"a-list-item\"><span dir=\"auto\">La lotion corporelle au sel d&#8217;Epsom pur du Dr Teal offre un m\u00e9lange parfait pour des soins complets de la peau.<\/span><\/span><\/li>\n<li class=\"a-spacing-mini\"><span class=\"a-list-item\"><span dir=\"auto\">Obtenez une peau \u00e9clatante et jeune gr\u00e2ce aux effets de la vitamine C<\/span><\/span><\/li>\n<li class=\"a-spacing-mini\"><span class=\"a-list-item\"><span dir=\"auto\">Profitez des bienfaits stimulants des huiles essentielles d&#8217;agrumes sur votre moral.<\/span><\/span><\/li>\n<li class=\"a-spacing-mini\"><span class=\"a-list-item\"><span dir=\"auto\">L&#8217;association d&#8217;aloe vera, de beurre de karit\u00e9 et de vitamine E, formul\u00e9e \u00e0 base d&#8217;aloe vera, de beurre de karit\u00e9 et de vitamine E, hydratera et nourrira votre peau.<\/span><\/span><\/li>\n<\/ul>","protected":false},"excerpt":{"rendered":"<p>La lotion corporelle au sel d&#8217;Epsom pur du Dr Teal offre un m\u00e9lange parfait pour des soins complets de la peau. Obtenez une peau \u00e9clatante et jeune gr\u00e2ce aux effets de la vitamine C Profitez des bienfaits stimulants des huiles essentielles d&#8217;agrumes sur votre moral. L&#8217;association d&#8217;aloe vera, de beurre de karit\u00e9 et de vitamine<span class=\"read-more-faq\"><a href=\"https:\/\/sakaba.mghosteur.com\/en\/product\/dr-teals-body-lotion-glow-radiance\/\">Read More<\/a><\/span><\/p>","protected":false},"featured_media":0,"comment_status":"open","ping_status":"closed","template":"","meta":[],"product_brand":[843],"product_cat":[286],"product_tag":[],"class_list":{"0":"post-56161","1":"product","2":"type-product","3":"status-publish","5":"product_brand-dr-teals","6":"product_cat-corps","8":"first","9":"instock","10":"shipping-taxable","11":"product-type-simple"},"jetpack-related-posts":[{"id":30146,"url":"https:\/\/sakaba.mghosteur.com\/en\/product\/dr-teal-s-body-wash-glow-radiance\/","url_meta":{"origin":56161,"position":0},"title":"DR TEALS GLOW &amp; RADIANCE WITH VITAMIN C &amp; CITRUS","author":"admin","date":"May 3, 2023","format":false,"excerpt":"Gel douche \u00c9tancher la peau assoiff\u00e9e Le gel douche ultra-hydratant Dr Teal's hydrate et revitalise la peau, lui redonnant sa douceur d'origine.\u00a0L'aloe vera, le beurre de karit\u00e9 et la vitamine E nourrissent et hydratent, tandis que le sel d'Epsom pur (sulfate de magn\u00e9sium USP) aide \u00e0 soulager les muscles fatigu\u00e9s\u2026","rel":"","context":"Similar post","block_context":{"text":"Similar post","link":""},"img":{"alt_text":"","src":"","width":0,"height":0},"classes":[]},{"id":30165,"url":"https:\/\/sakaba.mghosteur.com\/en\/product\/dr-teals-lavender-essential-oil\/","url_meta":{"origin":56161,"position":1},"title":"Dr Teals LAVENDER ESSENTIAL OIL","author":"admin","date":"May 3, 2023","format":false,"excerpt":"Lotion apaisante pour le corps \u00e0 la lavande La lotion pour le corps hydratante \u00e0 la lavande de Dr Teal offre une hydratation profonde \u00e0 la peau ainsi que tous les avantages de l'aromath\u00e9rapie pour l'esprit.\u00a0Ce riche m\u00e9lange de beurre de cacao, de beurre de karit\u00e9 et de vitamine E\u2026","rel":"","context":"Similar post","block_context":{"text":"Similar post","link":""},"img":{"alt_text":"","src":"","width":0,"height":0},"classes":[]},{"id":31729,"url":"https:\/\/sakaba.mghosteur.com\/en\/product\/medix-5-5-vitamin-c-tumeric-brighten-film-444ml\/","url_meta":{"origin":56161,"position":2},"title":"MEDIX 5.5 VITAMIN C + TUMERIC BRIGHTEN +FILM 444ML","author":"admin","date":"May 10, 2024","format":false,"excerpt":"VITAMINE C \u2013 Int\u00e9grez une lotion corporelle infus\u00e9e de vitamine C dans votre routine de soins quotidiens pour favoriser un teint plus sain, plus radieux et plus jeune. La vitamine C aide \u00e0 uniformiser le teint, tout en stimulant la production de collag\u00e8ne pour am\u00e9liorer l'\u00e9lasticit\u00e9 et la fermet\u00e9 de\u2026","rel":"","context":"Similar post","block_context":{"text":"Similar post","link":""},"img":{"alt_text":"","src":"","width":0,"height":0},"classes":[]},{"id":25567,"url":"https:\/\/sakaba.mghosteur.com\/en\/product\/dr-teals-coconut-oil-essential-oils\/","url_meta":{"origin":56161,"position":3},"title":"Dr Teal&#8217;s COCONUT OIL &amp; ESSENTIAL OILS","author":"admin","date":"November 14, 2022","format":false,"excerpt":"Lotion Corporelle Hydratante Les lotions hydratantes pour le corps du Dr Teal procurent une hydratation profonde \u00e0 la peau ainsi que tous les bienfaits de l'aromath\u00e9rapie pour l'esprit.\u00a0Un riche m\u00e9lange de beurre de cacao, de beurre de karit\u00e9 et de vitamine E est infus\u00e9 d'huiles essentielles comme la lavande et\u2026","rel":"","context":"Similar post","block_context":{"text":"Similar post","link":""},"img":{"alt_text":"","src":"","width":0,"height":0},"classes":[]},{"id":28366,"url":"https:\/\/sakaba.mghosteur.com\/en\/product\/palmers-cocoa-butter-formula-baby-butter-with-cocao-butter-aloe\/","url_meta":{"origin":56161,"position":4},"title":"Palmers Cocoa Butter Formula Baby Butter with cocao butter &#038; aloe","author":"admin","date":"November 30, 2022","format":false,"excerpt":"D\u00e9couvrez le Palmer's Cocoa Butter Formula Baby Butter, une lotion douce quotidienne con\u00e7ue pour hydrater, adoucir et apaiser la peau d\u00e9licate de b\u00e9b\u00e9. Cette formule unique associe le beurre de cacao pur, la vitamine E, l'alo\u00e8s et des \u00e9mollients riches pour offrir une hydratation sup\u00e9rieure et aider \u00e0 pr\u00e9server la\u2026","rel":"","context":"Similar post","block_context":{"text":"Similar post","link":""},"img":{"alt_text":"","src":"","width":0,"height":0},"classes":[]},{"id":35978,"url":"https:\/\/sakaba.mghosteur.com\/en\/product\/medix-5-5-retinol-ferulic-acid-age-rewind-444ml\/","url_meta":{"origin":56161,"position":5},"title":"MEDIX 5.5 RETINOL FERULIC ACID AGE REWIND 444ML","author":"admin","date":"August 10, 2024","format":false,"excerpt":"MEDIX 5.5 \u2013 RETINOL CREAM contient d\u2019autres ingr\u00e9dients actifs tels que l\u2019acide f\u00e9rulique, le th\u00e9 vert, la vitamine E, le beurre de karit\u00e9 et l\u2019aloe vera qui agissent en synergie pour am\u00e9liorer la sant\u00e9 globale et l\u2019apparence de votre peau afin de donner \u00e0 votre peau un \u00e9clat jeune et\u2026","rel":"","context":"Similar post","block_context":{"text":"Similar post","link":""},"img":{"alt_text":"","src":"","width":0,"height":0},"classes":[]}],"_links":{"self":[{"href":"https:\/\/sakaba.mghosteur.com\/en\/wp-json\/wp\/v2\/product\/56161","targetHints":{"allow":["GET"]}}],"collection":[{"href":"https:\/\/sakaba.mghosteur.com\/en\/wp-json\/wp\/v2\/product"}],"about":[{"href":"https:\/\/sakaba.mghosteur.com\/en\/wp-json\/wp\/v2\/types\/product"}],"replies":[{"embeddable":true,"href":"https:\/\/sakaba.mghosteur.com\/en\/wp-json\/wp\/v2\/comments?post=56161"}],"version-history":[{"count":1,"href":"https:\/\/sakaba.mghosteur.com\/en\/wp-json\/wp\/v2\/product\/56161\/revisions"}],"predecessor-version":[{"id":56163,"href":"https:\/\/sakaba.mghosteur.com\/en\/wp-json\/wp\/v2\/product\/56161\/revisions\/56163"}],"wp:attachment":[{"href":"https:\/\/sakaba.mghosteur.com\/en\/wp-json\/wp\/v2\/media?parent=56161"}],"wp:term":[{"taxonomy":"product_brand","embeddable":true,"href":"https:\/\/sakaba.mghosteur.com\/en\/wp-json\/wp\/v2\/product_brand?post=56161"},{"taxonomy":"product_cat","embeddable":true,"href":"https:\/\/sakaba.mghosteur.com\/en\/wp-json\/wp\/v2\/product_cat?post=56161"},{"taxonomy":"product_tag","embeddable":true,"href":"https:\/\/sakaba.mghosteur.com\/en\/wp-json\/wp\/v2\/product_tag?post=56161"}],"curies":[{"name":"wp","href":"https:\/\/api.w.org\/{rel}","templated":true}]}}