{"id":56167,"date":"2026-01-02T16:01:13","date_gmt":"2026-01-02T16:01:13","guid":{"rendered":"https:\/\/sakaba.mghosteur.com\/?post_type=product&#038;p=56167"},"modified":"2026-01-02T16:01:13","modified_gmt":"2026-01-02T16:01:13","slug":"eos-shea-better-cashmere-body-wash-coconut-waters","status":"publish","type":"product","link":"https:\/\/sakaba.mghosteur.com\/en\/product\/eos-shea-better-cashmere-body-wash-coconut-waters\/","title":{"rendered":"eos Shea Better Cashmere Body Wash  Coconut Waters"},"content":{"rendered":"<ul class=\"a-unordered-list a-vertical a-spacing-mini\">\n<li class=\"a-spacing-mini\"><span class=\"a-list-item\"><span dir=\"auto\">COMPL\u00c9TEZ VOTRE ROUTINE : Associez le gel douche eos \u00e0 notre lait corporel et \u00e0 notre huile corporelle pour une douche tout en douceur.<\/span><\/span><\/li>\n<li class=\"a-spacing-mini\"><span class=\"a-list-item\"><span dir=\"auto\">EAUX DE COCO : Notre parfum chaud et ensoleill\u00e9 Eaux de Coco contient des notes de noix de coco cr\u00e9meuse, d&#8217;hibiscus luxuriant et de musc solaire. C&#8217;est un excellent gel douche au beurre de karit\u00e9.<\/span><\/span><\/li>\n<li class=\"a-spacing-mini\"><span class=\"a-list-item\"><span dir=\"auto\">NOTRE PROMESSE : Notre gel douche hydratant au cachemire est recommand\u00e9 par les dermatologues pour les peaux sensibles, sans parab\u00e8nes ni phtalates, sans gluten et non test\u00e9 sur les animaux.<\/span><\/span><\/li>\n<li class=\"a-spacing-mini\"><span class=\"a-list-item\"><span dir=\"auto\">FORMULE HYBRIDE INNOVANTE POUR LE SOIN DU CORPS : Ce gel douche \u00e0 la noix de coco combine la fra\u00eecheur et la mousse nettoyante d&#8217;un gel avec le soin nourrissant et non dess\u00e9chant d&#8217;une cr\u00e8me pour une exp\u00e9rience de douche hydratante et agr\u00e9able.<\/span><\/span><\/li>\n<\/ul>","protected":false},"excerpt":{"rendered":"<p>COMPL\u00c9TEZ VOTRE ROUTINE : Associez le gel douche eos \u00e0 notre lait corporel et \u00e0 notre huile corporelle pour une douche tout en douceur. EAUX DE COCO : Notre parfum chaud et ensoleill\u00e9 Eaux de Coco contient des notes de noix de coco cr\u00e9meuse, d&#8217;hibiscus luxuriant et de musc solaire. C&#8217;est un excellent gel douche<span class=\"read-more-faq\"><a href=\"https:\/\/sakaba.mghosteur.com\/en\/product\/eos-shea-better-cashmere-body-wash-coconut-waters\/\">Read More<\/a><\/span><\/p>","protected":false},"featured_media":0,"comment_status":"open","ping_status":"closed","template":"","meta":[],"product_brand":[851],"product_cat":[359,451,334],"product_tag":[],"class_list":{"0":"post-56167","1":"product","2":"type-product","3":"status-publish","5":"product_brand-eos","6":"product_cat-gel-douche","7":"product_cat-aab-soin-du-visage","8":"product_cat-traitement-serum","10":"first","11":"instock","12":"shipping-taxable","13":"product-type-simple"},"jetpack-related-posts":[{"id":56172,"url":"https:\/\/sakaba.mghosteur.com\/en\/product\/eos-shea-better-cashmere-body-wash-fresh-cozy\/","url_meta":{"origin":56167,"position":0},"title":"eos Shea Better Cashmere Body Wash  Fresh &#038; Cozy","author":"Sope DIA","date":"January 2, 2026","format":false,"excerpt":"COMPL\u00c9TEZ VOTRE ROUTINE : Associez le gel douche eos \u00e0 notre lait corporel et \u00e0 notre huile corporelle pour une douche tout en douceur. FRA\u00ceCHEUR ET CONFORT : Le parfum id\u00e9al pour prendre soin de soi, une fragrance moderne et jeune qui \u00e9voque la fra\u00eecheur de la peau. Retrouvez la\u2026","rel":"","context":"Similar post","block_context":{"text":"Similar post","link":""},"img":{"alt_text":"","src":"","width":0,"height":0},"classes":[]},{"id":56175,"url":"https:\/\/sakaba.mghosteur.com\/en\/product\/eos-shea-better-cashmere-body-wash-vanilla-cashmere\/","url_meta":{"origin":56167,"position":1},"title":"eos Shea Better Cashmere Body Wash  Vanilla Cashmere","author":"Sope DIA","date":"January 2, 2026","format":false,"excerpt":"COMPL\u00c9TEZ VOTRE ROUTINE : Associez le gel douche eos \u00e0 notre lait corporel et \u00e0 notre huile corporelle pour une douche tout en douceur. VANILLE CACHEMIRE : Notre parfum doux et enveloppant Vanille Cachemire contient des notes de vanille fouett\u00e9e, de musc tendre et de caramel r\u00e9confortant. NOTRE PROMESSE :\u2026","rel":"","context":"Similar post","block_context":{"text":"Similar post","link":""},"img":{"alt_text":"","src":"","width":0,"height":0},"classes":[]},{"id":31833,"url":"https:\/\/sakaba.mghosteur.com\/en\/product\/olay-sugar-cocoa-butter-gel-de-douche-591ml\/","url_meta":{"origin":56167,"position":2},"title":"OLAY SUGAR + COCOA BUTTER GEL DE DOUCHE 591ML","author":"admin","date":"May 10, 2024","format":false,"excerpt":"Le nettoyant exfoliant et hydratant pour le corps Olay, \u00e0 base de sucre et de beurre de cacao, impr\u00e8gne votre peau d'ingr\u00e9dients de soins de la peau de premi\u00e8re qualit\u00e9. Utilisez cette formule quotidiennement pour masser doucement les cellules mortes de la peau afin de r\u00e9v\u00e9ler une peau radieuse et\u2026","rel":"","context":"Similar post","block_context":{"text":"Similar post","link":""},"img":{"alt_text":"","src":"","width":0,"height":0},"classes":[]},{"id":32156,"url":"https:\/\/sakaba.mghosteur.com\/en\/product\/tree-hut-gel-de-douche-coco-colada-radiant-refresh\/","url_meta":{"origin":56167,"position":3},"title":"TREE HUT GEL DE DOUCHE COCO COLADA","author":"admin","date":"May 13, 2024","format":false,"excerpt":"Rafra\u00eechissez votre routine de douche avec le gel nettoyant moussant Tree Hut au parfum estival et lumineux de Coco Colada. Enveloppez votre corps d'une mousse luxueuse qui nourrit la peau et laisse un parfum longue dur\u00e9e. Les produits nettoyants Tree Hut sont infus\u00e9s de complexe d'huiles hydratantes, riche en huiles\u2026","rel":"","context":"Similar post","block_context":{"text":"Similar post","link":""},"img":{"alt_text":"","src":"","width":0,"height":0},"classes":[]},{"id":32429,"url":"https:\/\/sakaba.mghosteur.com\/en\/product\/sol-janeiro-brazilian-4-play-moisturizing-shower-cream-gel-385ml\/","url_meta":{"origin":56167,"position":4},"title":"SOL JANEIRO BRAZILIAN 4 PLAY MOISTURIZING SHOWER CREAM GEL 385ML","author":"admin","date":"May 14, 2024","format":false,"excerpt":"D\u00e9couvrez le gel-cr\u00e8me douche hydratant br\u00e9silien 4 Play (385 ml) de Sol de Janeiro, un v\u00e9ritable chef-d'\u0153uvre des soins personnels. Ce produit r\u00e9volutionnaire chouchoute votre peau tout en \u00e9veillant vos sens. Ce gel-cr\u00e8me ne se contente pas de nettoyer en profondeur, il va bien au-del\u00e0. Gr\u00e2ce \u00e0 sa formule enrichie\u2026","rel":"","context":"Similar post","block_context":{"text":"Similar post","link":""},"img":{"alt_text":"","src":"","width":0,"height":0},"classes":[]},{"id":32417,"url":"https:\/\/sakaba.mghosteur.com\/en\/product\/sol-janeiro-bom-dia-bright-clarifying-aha-bha-body-wash-385ml\/","url_meta":{"origin":56167,"position":5},"title":"SOL JANEIRO BOM DIA BRIGHT CLARIFYING AHA BHA BODY WASH 385ML","author":"admin","date":"May 14, 2024","format":false,"excerpt":"SOL DE JANEIRO BOM DIA BRIGHT GEL DOUCHE CLARIFIANT AHA BHA 385 ML D\u00e9couvrez une exp\u00e9rience matinale rafra\u00eechissante avec le gel douche clarifiant Bom Dia Bright AHA & BHA (385 ml) de Sol de Janeiro. Cette fusion exaltante d'acides alpha-hydroxy et de salicyliques, subtilement parfum\u00e9e de notes de fleurs de\u2026","rel":"","context":"Similar post","block_context":{"text":"Similar post","link":""},"img":{"alt_text":"","src":"","width":0,"height":0},"classes":[]}],"_links":{"self":[{"href":"https:\/\/sakaba.mghosteur.com\/en\/wp-json\/wp\/v2\/product\/56167","targetHints":{"allow":["GET"]}}],"collection":[{"href":"https:\/\/sakaba.mghosteur.com\/en\/wp-json\/wp\/v2\/product"}],"about":[{"href":"https:\/\/sakaba.mghosteur.com\/en\/wp-json\/wp\/v2\/types\/product"}],"replies":[{"embeddable":true,"href":"https:\/\/sakaba.mghosteur.com\/en\/wp-json\/wp\/v2\/comments?post=56167"}],"version-history":[{"count":1,"href":"https:\/\/sakaba.mghosteur.com\/en\/wp-json\/wp\/v2\/product\/56167\/revisions"}],"predecessor-version":[{"id":56171,"href":"https:\/\/sakaba.mghosteur.com\/en\/wp-json\/wp\/v2\/product\/56167\/revisions\/56171"}],"wp:attachment":[{"href":"https:\/\/sakaba.mghosteur.com\/en\/wp-json\/wp\/v2\/media?parent=56167"}],"wp:term":[{"taxonomy":"product_brand","embeddable":true,"href":"https:\/\/sakaba.mghosteur.com\/en\/wp-json\/wp\/v2\/product_brand?post=56167"},{"taxonomy":"product_cat","embeddable":true,"href":"https:\/\/sakaba.mghosteur.com\/en\/wp-json\/wp\/v2\/product_cat?post=56167"},{"taxonomy":"product_tag","embeddable":true,"href":"https:\/\/sakaba.mghosteur.com\/en\/wp-json\/wp\/v2\/product_tag?post=56167"}],"curies":[{"name":"wp","href":"https:\/\/api.w.org\/{rel}","templated":true}]}}