{"id":56172,"date":"2026-01-02T16:05:58","date_gmt":"2026-01-02T16:05:58","guid":{"rendered":"https:\/\/sakaba.mghosteur.com\/?post_type=product&#038;p=56172"},"modified":"2026-01-02T16:05:59","modified_gmt":"2026-01-02T16:05:59","slug":"eos-shea-better-cashmere-body-wash-fresh-cozy","status":"publish","type":"product","link":"https:\/\/sakaba.mghosteur.com\/en\/product\/eos-shea-better-cashmere-body-wash-fresh-cozy\/","title":{"rendered":"eos Shea Better Cashmere Body Wash  Fresh &#038; Cozy"},"content":{"rendered":"<ul class=\"a-unordered-list a-vertical a-spacing-mini\">\n<li class=\"a-spacing-mini\"><span class=\"a-list-item\"><span dir=\"auto\">COMPL\u00c9TEZ VOTRE ROUTINE : Associez le gel douche eos \u00e0 notre lait corporel et \u00e0 notre huile corporelle pour une douche tout en douceur.<\/span><\/span><\/li>\n<li class=\"a-spacing-mini\"><span class=\"a-list-item\"><span dir=\"auto\">FRA\u00ceCHEUR ET CONFORT : Le parfum id\u00e9al pour prendre soin de soi, une fragrance moderne et jeune qui \u00e9voque la fra\u00eecheur de la peau. Retrouvez la sensation du soleil sur votre peau et la douceur des draps propres !<\/span><\/span><\/li>\n<li class=\"a-spacing-mini\"><span class=\"a-list-item\"><span dir=\"auto\">NOTRE PROMESSE : Notre gel douche hydratant au cachemire est recommand\u00e9 par les dermatologues pour les peaux sensibles, sans parab\u00e8nes ni phtalates, sans gluten et non test\u00e9 sur les animaux.<\/span><\/span><\/li>\n<li class=\"a-spacing-mini\"><span class=\"a-list-item\"><span dir=\"auto\">FORMULE HYBRIDE INNOVANTE POUR LE SOIN DU CORPS : Ce gel douche combine la fra\u00eecheur et la mousse nettoyante d&#8217;un gel avec le soin nourrissant et non dess\u00e9chant d&#8217;une cr\u00e8me pour une exp\u00e9rience d&#8217;hydratation optimale.<\/span><\/span><\/li>\n<\/ul>","protected":false},"excerpt":{"rendered":"<p>COMPL\u00c9TEZ VOTRE ROUTINE : Associez le gel douche eos \u00e0 notre lait corporel et \u00e0 notre huile corporelle pour une douche tout en douceur. FRA\u00ceCHEUR ET CONFORT : Le parfum id\u00e9al pour prendre soin de soi, une fragrance moderne et jeune qui \u00e9voque la fra\u00eecheur de la peau. Retrouvez la sensation du soleil sur votre<span class=\"read-more-faq\"><a href=\"https:\/\/sakaba.mghosteur.com\/en\/product\/eos-shea-better-cashmere-body-wash-fresh-cozy\/\">Read More<\/a><\/span><\/p>","protected":false},"featured_media":0,"comment_status":"open","ping_status":"closed","template":"","meta":[],"product_brand":[851],"product_cat":[359],"product_tag":[],"class_list":{"0":"post-56172","1":"product","2":"type-product","3":"status-publish","5":"product_brand-eos","6":"product_cat-gel-douche","8":"first","9":"instock","10":"shipping-taxable","11":"product-type-simple"},"jetpack-related-posts":[{"id":56167,"url":"https:\/\/sakaba.mghosteur.com\/en\/product\/eos-shea-better-cashmere-body-wash-coconut-waters\/","url_meta":{"origin":56172,"position":0},"title":"eos Shea Better Cashmere Body Wash  Coconut Waters","author":"Sope DIA","date":"January 2, 2026","format":false,"excerpt":"COMPL\u00c9TEZ VOTRE ROUTINE : Associez le gel douche eos \u00e0 notre lait corporel et \u00e0 notre huile corporelle pour une douche tout en douceur. EAUX DE COCO : Notre parfum chaud et ensoleill\u00e9 Eaux de Coco contient des notes de noix de coco cr\u00e9meuse, d'hibiscus luxuriant et de musc solaire.\u2026","rel":"","context":"Similar post","block_context":{"text":"Similar post","link":""},"img":{"alt_text":"","src":"","width":0,"height":0},"classes":[]},{"id":56175,"url":"https:\/\/sakaba.mghosteur.com\/en\/product\/eos-shea-better-cashmere-body-wash-vanilla-cashmere\/","url_meta":{"origin":56172,"position":1},"title":"eos Shea Better Cashmere Body Wash  Vanilla Cashmere","author":"Sope DIA","date":"January 2, 2026","format":false,"excerpt":"COMPL\u00c9TEZ VOTRE ROUTINE : Associez le gel douche eos \u00e0 notre lait corporel et \u00e0 notre huile corporelle pour une douche tout en douceur. VANILLE CACHEMIRE : Notre parfum doux et enveloppant Vanille Cachemire contient des notes de vanille fouett\u00e9e, de musc tendre et de caramel r\u00e9confortant. NOTRE PROMESSE :\u2026","rel":"","context":"Similar post","block_context":{"text":"Similar post","link":""},"img":{"alt_text":"","src":"","width":0,"height":0},"classes":[]},{"id":30306,"url":"https:\/\/sakaba.mghosteur.com\/en\/product\/atoderm-gel-douche-1l\/","url_meta":{"origin":56172,"position":2},"title":"ATODERM GEL DOUCHE 1L","author":"admin","date":"May 8, 2023","format":false,"excerpt":"D\u00e9couvrez Atoderm Gel douche de la marque BIODERMA, un produit doux et protecteur pour toute la famille (sauf nourrissons pr\u00e9matur\u00e9s). Gr\u00e2ce \u00e0 sa formule sans savon et \u00e0 sa texture gel moussant onctueuse, il nettoie en douceur tout en adoucissant et prot\u00e9geant la peau. Sa couleur bleut\u00e9e naturelle et son\u2026","rel":"","context":"Similar post","block_context":{"text":"Similar post","link":""},"img":{"alt_text":"","src":"","width":0,"height":0},"classes":[]},{"id":24480,"url":"https:\/\/sakaba.mghosteur.com\/en\/product\/bioderma-atoderm-gel-douche\/","url_meta":{"origin":56172,"position":3},"title":"ATODERM GEL DOUCHE 500ML","author":"admin","date":"November 10, 2022","format":false,"excerpt":"D\u00e9couvrez Atoderm Gel douche de la marque BIODERMA, un produit doux et protecteur pour toute la famille (sauf nourrissons pr\u00e9matur\u00e9s). Gr\u00e2ce \u00e0 sa formule sans savon et \u00e0 sa texture gel moussant onctueuse, il nettoie en douceur tout en adoucissant et prot\u00e9geant la peau. Sa couleur bleut\u00e9e naturelle et son\u2026","rel":"","context":"Similar post","block_context":{"text":"Similar post","link":""},"img":{"alt_text":"","src":"","width":0,"height":0},"classes":[]},{"id":30353,"url":"https:\/\/sakaba.mghosteur.com\/en\/product\/neutrogena-rainbath-bath-gel-fresh-plum\/","url_meta":{"origin":56172,"position":4},"title":"NEUTROGENA RAINBATH BATH GEL FRESH PLUM","author":"admin","date":"May 8, 2023","format":false,"excerpt":"D\u00e9couvrez le gel douche et bain Neutrogena Rainbath Restoring Fresh Plum, con\u00e7u pour aider \u00e0 restaurer l'apparence et la sensation saines de votre peau. Le parfum frais et m\u00fbr de prunes et de fleurs vous transporte dans une exp\u00e9rience de spa relaxante. Ce gel douche hydratant nettoie en douceur, adoucit\u2026","rel":"","context":"Similar post","block_context":{"text":"Similar post","link":""},"img":{"alt_text":"","src":"","width":0,"height":0},"classes":[]},{"id":32162,"url":"https:\/\/sakaba.mghosteur.com\/en\/product\/tree-hut-gel-de-douche-vitamine-c-brighten-tone\/","url_meta":{"origin":56172,"position":5},"title":"TREE HUT GEL DE DOUCHE VITAMINE C BRIGHTEN + TONE","author":"admin","date":"May 13, 2024","format":false,"excerpt":"Rafra\u00eechissez votre routine de douche avec le gel nettoyant moussant Tree Hut au parfum \u00e9clatant de vitamine C. Enveloppez votre corps d'une mousse luxueuse qui nourrit la peau et laisse un parfum longue dur\u00e9e. Les produits nettoyants Tree Hut sont infus\u00e9s de complexe d'huiles hydratantes, riche en huiles d'avocat, de\u2026","rel":"","context":"Similar post","block_context":{"text":"Similar post","link":""},"img":{"alt_text":"","src":"","width":0,"height":0},"classes":[]}],"_links":{"self":[{"href":"https:\/\/sakaba.mghosteur.com\/en\/wp-json\/wp\/v2\/product\/56172","targetHints":{"allow":["GET"]}}],"collection":[{"href":"https:\/\/sakaba.mghosteur.com\/en\/wp-json\/wp\/v2\/product"}],"about":[{"href":"https:\/\/sakaba.mghosteur.com\/en\/wp-json\/wp\/v2\/types\/product"}],"replies":[{"embeddable":true,"href":"https:\/\/sakaba.mghosteur.com\/en\/wp-json\/wp\/v2\/comments?post=56172"}],"version-history":[{"count":1,"href":"https:\/\/sakaba.mghosteur.com\/en\/wp-json\/wp\/v2\/product\/56172\/revisions"}],"predecessor-version":[{"id":56174,"href":"https:\/\/sakaba.mghosteur.com\/en\/wp-json\/wp\/v2\/product\/56172\/revisions\/56174"}],"wp:attachment":[{"href":"https:\/\/sakaba.mghosteur.com\/en\/wp-json\/wp\/v2\/media?parent=56172"}],"wp:term":[{"taxonomy":"product_brand","embeddable":true,"href":"https:\/\/sakaba.mghosteur.com\/en\/wp-json\/wp\/v2\/product_brand?post=56172"},{"taxonomy":"product_cat","embeddable":true,"href":"https:\/\/sakaba.mghosteur.com\/en\/wp-json\/wp\/v2\/product_cat?post=56172"},{"taxonomy":"product_tag","embeddable":true,"href":"https:\/\/sakaba.mghosteur.com\/en\/wp-json\/wp\/v2\/product_tag?post=56172"}],"curies":[{"name":"wp","href":"https:\/\/api.w.org\/{rel}","templated":true}]}}