{"id":56178,"date":"2026-01-02T16:12:39","date_gmt":"2026-01-02T16:12:39","guid":{"rendered":"https:\/\/sakaba.mghosteur.com\/?post_type=product&#038;p=56178"},"modified":"2026-01-02T16:12:39","modified_gmt":"2026-01-02T16:12:39","slug":"eos-shea-better-24h-moisture-body-lotion-fragrance-free","status":"publish","type":"product","link":"https:\/\/sakaba.mghosteur.com\/en\/product\/eos-shea-better-24h-moisture-body-lotion-fragrance-free\/","title":{"rendered":"eos Shea Better 24H Moisture Body Lotion  Fragrance Free"},"content":{"rendered":"<ul class=\"a-unordered-list a-vertical a-spacing-mini\">\n<li class=\"a-spacing-mini\"><span class=\"a-list-item\"><span dir=\"auto\">RECOMMAND\u00c9 PAR LES DERMATOLOGUES ET APPROUV\u00c9 PAR LA NEA\u00a0: D\u00e9sormais officiellement reconnu par la National Eczema Association comme s\u00fbr et efficace pour les peaux sensibles<\/span><\/span><\/li>\n<li class=\"a-spacing-mini\"><span class=\"a-list-item\"><span dir=\"auto\">SANS PARFUM ET HYPOALLERG\u00c9NIQUE : Sans parfum ni irritants ajout\u00e9s, pour un soin pur et nourrissant des peaux sensibles.<\/span><\/span><\/li>\n<li class=\"a-spacing-mini\"><span class=\"a-list-item\"><span dir=\"auto\">HYDRATATION 48 HEURES : Formule prouv\u00e9e pour une hydratation intense qui dure jusqu&#8217;\u00e0 48 heures et laisse la peau douce et lisse.<\/span><\/span><\/li>\n<li class=\"a-spacing-mini\"><span class=\"a-list-item\"><span dir=\"auto\">SOINS DE LA PEAU DURABLES\u00a0: Prot\u00e9gez et hydratez votre peau gr\u00e2ce \u00e0 7 huiles et beurres nourrissants, dont le beurre et l\u2019huile de karit\u00e9 naturels. Notre collection de parfums envo\u00fbtants vous procurera un plaisir intense \u00e0 l\u2019application et vous accompagnera tout au long de la journ\u00e9e.<\/span><\/span><\/li>\n<li class=\"a-spacing-mini\"><span class=\"a-list-item\"><span dir=\"auto\">TEXTURE L\u00c9G\u00c8RE ET NON GRASSE : Fond instantan\u00e9ment sur la peau pour une douceur longue dur\u00e9e, sans effet collant ni r\u00e9sidu.<\/span><\/span><\/li>\n<\/ul>","protected":false},"excerpt":{"rendered":"<p>RECOMMAND\u00c9 PAR LES DERMATOLOGUES ET APPROUV\u00c9 PAR LA NEA\u00a0: D\u00e9sormais officiellement reconnu par la National Eczema Association comme s\u00fbr et efficace pour les peaux sensibles SANS PARFUM ET HYPOALLERG\u00c9NIQUE : Sans parfum ni irritants ajout\u00e9s, pour un soin pur et nourrissant des peaux sensibles. HYDRATATION 48 HEURES : Formule prouv\u00e9e pour une hydratation intense qui<span class=\"read-more-faq\"><a href=\"https:\/\/sakaba.mghosteur.com\/en\/product\/eos-shea-better-24h-moisture-body-lotion-fragrance-free\/\">Read More<\/a><\/span><\/p>","protected":false},"featured_media":0,"comment_status":"open","ping_status":"closed","template":"","meta":[],"product_brand":[851],"product_cat":[286],"product_tag":[],"class_list":{"0":"post-56178","1":"product","2":"type-product","3":"status-publish","5":"product_brand-eos","6":"product_cat-corps","8":"first","9":"instock","10":"shipping-taxable","11":"product-type-simple"},"jetpack-related-posts":[{"id":28127,"url":"https:\/\/sakaba.mghosteur.com\/en\/product\/palmers-cocoa-butter-formula-with-vitamin-e-heals-softens-2\/","url_meta":{"origin":56178,"position":0},"title":"Palmers Cocoa Butter Body Lotion, Fragrance Free","author":"admin","date":"November 30, 2022","format":false,"excerpt":"D\u00e9couvrez la lotion corporelle sans parfum de la marque Palmer's, une solution efficace pour gu\u00e9rir et adoucir votre peau s\u00e8che et rugueuse. Cette lotion contient du beurre de cacao naturel et de la vitamine E, qui hydratent intens\u00e9ment votre peau pour une apparence plus saine. Avec une hydratation durable jusqu'\u00e0\u2026","rel":"","context":"Similar post","block_context":{"text":"Similar post","link":""},"img":{"alt_text":"","src":"","width":0,"height":0},"classes":[]},{"id":31527,"url":"https:\/\/sakaba.mghosteur.com\/en\/product\/vaseline-hand-butter-deep-nourishhment-101ml\/","url_meta":{"origin":56178,"position":1},"title":"VASELINE HAND BUTTER DEEP NOURISHHMENT 101ML","author":"admin","date":"May 10, 2024","format":false,"excerpt":"VASELINE\u00ae RADIANT X DEEP NOURISHMENT HAND BUTTER D\u00e9couvrez le nouveau beurre pour les mains Vaseline\u00ae Radiant X Deep Nourishment, une solution enrichissante pour une hydratation intense sans la sensation grasse. Sa texture riche et onctueuse p\u00e9n\u00e8tre facilement dans la peau, laissant une douceur irr\u00e9sistible, une texture lisse et un \u00e9clat\u2026","rel":"","context":"Similar post","block_context":{"text":"Similar post","link":""},"img":{"alt_text":"","src":"","width":0,"height":0},"classes":[]},{"id":33516,"url":"https:\/\/sakaba.mghosteur.com\/en\/product\/aveeno-daily-moisturizing-body-lotion-for-dry-skin-18oz\/","url_meta":{"origin":56178,"position":2},"title":"Aveeno Daily Moisturizing Body Lotion For Dry Skin, 18oz.","author":"admin","date":"May 22, 2024","format":false,"excerpt":"Nourrissez intens\u00e9ment la peau s\u00e8che avec une formule \u00e0 base d'avoine pr\u00e9biotique. La lotion quotidienne douce nourrit et aide \u00e0 reconstituer la barri\u00e8re d'hydratation naturelle de la peau et offre une hydratation cliniquement prouv\u00e9e qui dure 24 heures. Hydratation 24 heures cliniquement prouv\u00e9e La lotion quotidienne nourrit la peau s\u00e8che\u2026","rel":"","context":"Similar post","block_context":{"text":"Similar post","link":""},"img":{"alt_text":"","src":"","width":0,"height":0},"classes":[]},{"id":24031,"url":"https:\/\/sakaba.mghosteur.com\/en\/product\/aveeno-daily-moisturizing-lotion-nourishes-dry-skin-12-oz\/","url_meta":{"origin":56178,"position":3},"title":"Aveeno Daily Moisturizing Lotion Nourishes Dry Skin 12 oz","author":"admin","date":"November 9, 2022","format":false,"excerpt":"Nourrissez intens\u00e9ment la peau s\u00e8che avec une formule \u00e0 base d'avoine pr\u00e9biotique. La lotion quotidienne douce nourrit et aide \u00e0 reconstituer la barri\u00e8re d'hydratation naturelle de la peau et offre une hydratation cliniquement prouv\u00e9e qui dure 24 heures. Hydratation 24 heures cliniquement prouv\u00e9e La lotion quotidienne nourrit la peau s\u00e8che\u2026","rel":"","context":"Similar post","block_context":{"text":"Similar post","link":""},"img":{"alt_text":"","src":"","width":0,"height":0},"classes":[]},{"id":32086,"url":"https:\/\/sakaba.mghosteur.com\/en\/product\/naturium-the-glow-getter-multi-oil-body-butter\/","url_meta":{"origin":56178,"position":4},"title":"NATURIUM THE GLOW GETTER MULTI OIL BODY BUTTER","author":"admin","date":"May 13, 2024","format":false,"excerpt":"Ce beurre corporel fouett\u00e9 multi-huiles hydrate, nourrit et apaise intens\u00e9ment la peau. Formul\u00e9 avec un m\u00e9lange d'huiles botaniques riches en linol\u00e9ique, de beurre de karit\u00e9, de glyc\u00e9rine, de squalane et de peptides \u00e0 base de plantes qui aident \u00e0 raffermir l'apparence de la peau pour un \u00e9clat sain et hydrat\u00e9.\u2026","rel":"","context":"Similar post","block_context":{"text":"Similar post","link":""},"img":{"alt_text":"","src":"","width":0,"height":0},"classes":[]},{"id":29724,"url":"https:\/\/sakaba.mghosteur.com\/en\/product\/palmers-natural-e-vitamin-concentrated-cream\/","url_meta":{"origin":56178,"position":5},"title":"PALMERS NATURAL E VITAMIN CONCENTRATED CREAM","author":"admin","date":"April 17, 2023","format":false,"excerpt":"D\u00e9couvrez la cr\u00e8me concentr\u00e9e \u00e0 la vitamine E de la marque Palmer's pour une peau prot\u00e9g\u00e9e et r\u00e9g\u00e9n\u00e9r\u00e9e. Cette cr\u00e8me est con\u00e7ue avec la plus forte concentration de vitamine E et de beurre de cacao pour nourrir et soigner la peau en profondeur. Elle convient parfaitement aux peaux craquel\u00e9es, irrit\u00e9es\u2026","rel":"","context":"Similar post","block_context":{"text":"Similar post","link":""},"img":{"alt_text":"","src":"","width":0,"height":0},"classes":[]}],"_links":{"self":[{"href":"https:\/\/sakaba.mghosteur.com\/en\/wp-json\/wp\/v2\/product\/56178","targetHints":{"allow":["GET"]}}],"collection":[{"href":"https:\/\/sakaba.mghosteur.com\/en\/wp-json\/wp\/v2\/product"}],"about":[{"href":"https:\/\/sakaba.mghosteur.com\/en\/wp-json\/wp\/v2\/types\/product"}],"replies":[{"embeddable":true,"href":"https:\/\/sakaba.mghosteur.com\/en\/wp-json\/wp\/v2\/comments?post=56178"}],"version-history":[{"count":2,"href":"https:\/\/sakaba.mghosteur.com\/en\/wp-json\/wp\/v2\/product\/56178\/revisions"}],"predecessor-version":[{"id":56182,"href":"https:\/\/sakaba.mghosteur.com\/en\/wp-json\/wp\/v2\/product\/56178\/revisions\/56182"}],"wp:attachment":[{"href":"https:\/\/sakaba.mghosteur.com\/en\/wp-json\/wp\/v2\/media?parent=56178"}],"wp:term":[{"taxonomy":"product_brand","embeddable":true,"href":"https:\/\/sakaba.mghosteur.com\/en\/wp-json\/wp\/v2\/product_brand?post=56178"},{"taxonomy":"product_cat","embeddable":true,"href":"https:\/\/sakaba.mghosteur.com\/en\/wp-json\/wp\/v2\/product_cat?post=56178"},{"taxonomy":"product_tag","embeddable":true,"href":"https:\/\/sakaba.mghosteur.com\/en\/wp-json\/wp\/v2\/product_tag?post=56178"}],"curies":[{"name":"wp","href":"https:\/\/api.w.org\/{rel}","templated":true}]}}