{"id":56185,"date":"2026-01-02T16:26:38","date_gmt":"2026-01-02T16:26:38","guid":{"rendered":"https:\/\/sakaba.mghosteur.com\/?post_type=product&#038;p=56185"},"modified":"2026-01-02T16:26:38","modified_gmt":"2026-01-02T16:26:38","slug":"eos-cashmere-skin-shave-butter","status":"publish","type":"product","link":"https:\/\/sakaba.mghosteur.com\/en\/product\/eos-cashmere-skin-shave-butter\/","title":{"rendered":"eos Cashmere Skin Shave Butter"},"content":{"rendered":"<ul class=\"a-unordered-list a-vertical a-spacing-mini\">\n<li class=\"a-spacing-mini\"><span class=\"a-list-item\"><span dir=\"auto\">eos VANILLE CASMERE\u00a0: Notre cr\u00e8me \u00e0 raser non moussante offre un parfum doux et enveloppant de vanille cachemire qui capture la chaleur de la vanille fouett\u00e9e, la douceur du musc et le r\u00e9confort du caramel pour une fragrance riche et luxueuse avec une touche sensuelle.<\/span><\/span><\/li>\n<li class=\"a-spacing-mini\"><span class=\"a-list-item\"><span dir=\"auto\">COMPLEXE DOUX CACHEMIRE : La cr\u00e8me \u00e0 raser eos contient les beurres les plus naturellement hydratants et protecteurs pour une peau douce et velout\u00e9e comme du cachemire : le beurre de karit\u00e9 adoucit et nourrit, le beurre de cacao hydrate tandis que le beurre d&#8217;argan apaise et lisse la peau.<\/span><\/span><\/li>\n<li class=\"a-spacing-mini\"><span class=\"a-list-item\"><span dir=\"auto\">COMPL\u00c9TEZ VOTRE ROUTINE : Associez notre beurre \u00e0 raser \u00e0 notre gommage au sucre et \u00e0 notre cr\u00e8me pour le corps pour une peau douce comme du cachemire.<\/span><\/span><\/li>\n<li class=\"a-spacing-mini\"><span class=\"a-list-item\"><span dir=\"auto\">SOIN DE LA ZONE MAILLOT ENTIER APPROUV\u00c9 : Ce beurre de rasage riche et hydratant, sans mousse, prot\u00e8ge la peau des irritations et des br\u00fblures de rasoir, tout en assurant une glisse parfaite et un rasage doux et protecteur.<\/span><\/span><\/li>\n<li class=\"a-spacing-mini\"><span class=\"a-list-item\"><span dir=\"auto\">DEUXI\u00c8ME \u00c9TAPE DE SOIN POUR UNE HYDRATATION 24H\u00a0: Notre beurre de rasage au cachemire prot\u00e8ge, nourrit et pr\u00e9vient les irritations dues au rasage.<\/span><\/span><\/li>\n<\/ul>","protected":false},"excerpt":{"rendered":"<p>eos VANILLE CASMERE\u00a0: Notre cr\u00e8me \u00e0 raser non moussante offre un parfum doux et enveloppant de vanille cachemire qui capture la chaleur de la vanille fouett\u00e9e, la douceur du musc et le r\u00e9confort du caramel pour une fragrance riche et luxueuse avec une touche sensuelle. COMPLEXE DOUX CACHEMIRE : La cr\u00e8me \u00e0 raser eos contient<span class=\"read-more-faq\"><a href=\"https:\/\/sakaba.mghosteur.com\/en\/product\/eos-cashmere-skin-shave-butter\/\">Read More<\/a><\/span><\/p>","protected":false},"featured_media":0,"comment_status":"open","ping_status":"closed","template":"","meta":[],"product_brand":[851],"product_cat":[1103],"product_tag":[],"class_list":{"0":"post-56185","1":"product","2":"type-product","3":"status-publish","5":"product_brand-eos","6":"product_cat-creme-a-raser","8":"first","9":"instock","10":"shipping-taxable","11":"product-type-simple"},"jetpack-related-posts":[{"id":56187,"url":"https:\/\/sakaba.mghosteur.com\/en\/product\/eos-cashmere-body-oil-vanilla-cashmere\/","url_meta":{"origin":56185,"position":0},"title":"eos Cashmere Body Oil  Vanilla Cashmere","author":"Sope DIA","date":"January 2, 2026","format":false,"excerpt":"COMPLEXE DOUX CACHEMIRE : Notre formule d'huile corporelle Cachemire Vanille contient les beurres les plus naturellement hydratants et protecteurs pour une peau douce et velout\u00e9e comme du cachemire ; le beurre de karit\u00e9 adoucit et nourrit, le beurre de cacao hydrate tandis que le beurre d'argan apaise et lisse. HYDRATATION\u2026","rel":"","context":"Similar post","block_context":{"text":"Similar post","link":""},"img":{"alt_text":"","src":"","width":0,"height":0},"classes":[]},{"id":56175,"url":"https:\/\/sakaba.mghosteur.com\/en\/product\/eos-shea-better-cashmere-body-wash-vanilla-cashmere\/","url_meta":{"origin":56185,"position":1},"title":"eos Shea Better Cashmere Body Wash  Vanilla Cashmere","author":"Sope DIA","date":"January 2, 2026","format":false,"excerpt":"COMPL\u00c9TEZ VOTRE ROUTINE : Associez le gel douche eos \u00e0 notre lait corporel et \u00e0 notre huile corporelle pour une douche tout en douceur. VANILLE CACHEMIRE : Notre parfum doux et enveloppant Vanille Cachemire contient des notes de vanille fouett\u00e9e, de musc tendre et de caramel r\u00e9confortant. NOTRE PROMESSE :\u2026","rel":"","context":"Similar post","block_context":{"text":"Similar post","link":""},"img":{"alt_text":"","src":"","width":0,"height":0},"classes":[]},{"id":33258,"url":"https:\/\/sakaba.mghosteur.com\/en\/product\/eos-she-better-24h-moisture-shave-cream-vanila-bliss\/","url_meta":{"origin":56185,"position":2},"title":"EOS SHE BETTER 24H MOISTURE SHAVE CREAM VANILA BLISS","author":"admin","date":"May 20, 2024","format":false,"excerpt":"Cette cr\u00e8me et lotion de rasage pour femmes EOS Vanilla Bliss, fra\u00eeche et cr\u00e9meuse, pr\u00e9sente des notes de gousse de vanille, de cr\u00e8me douce et de cassonade. Obtenez votre rasage le plus doux, le plus lisse (et le plus proche) de tous les temps. La lotion de rasage EOS est\u2026","rel":"","context":"Similar post","block_context":{"text":"Similar post","link":""},"img":{"alt_text":"","src":"","width":0,"height":0},"classes":[]},{"id":33255,"url":"https:\/\/sakaba.mghosteur.com\/en\/product\/eos-she-better-24h-moisture-shave-cream-pomegranate-raspberry\/","url_meta":{"origin":56185,"position":3},"title":"EOS SHE BETTER 24H MOISTURE SHAVE CREAM POMEGRANATE RASPBERRY","author":"admin","date":"May 20, 2024","format":false,"excerpt":"La cr\u00e8me \u00e0 raser grenade framboise \u00e9clatante et juteuse a des notes de grenade sucr\u00e9e, de framboises acidul\u00e9es et de fleur de lotus aqueuse. Obtenez votre rasage le plus doux, le plus lisse (et le plus proche) de tous les temps. La cr\u00e8me \u00e0 raser riche et non moussante contient\u2026","rel":"","context":"Similar post","block_context":{"text":"Similar post","link":""},"img":{"alt_text":"","src":"","width":0,"height":0},"classes":[]},{"id":56167,"url":"https:\/\/sakaba.mghosteur.com\/en\/product\/eos-shea-better-cashmere-body-wash-coconut-waters\/","url_meta":{"origin":56185,"position":4},"title":"eos Shea Better Cashmere Body Wash  Coconut Waters","author":"Sope DIA","date":"January 2, 2026","format":false,"excerpt":"COMPL\u00c9TEZ VOTRE ROUTINE : Associez le gel douche eos \u00e0 notre lait corporel et \u00e0 notre huile corporelle pour une douche tout en douceur. EAUX DE COCO : Notre parfum chaud et ensoleill\u00e9 Eaux de Coco contient des notes de noix de coco cr\u00e9meuse, d'hibiscus luxuriant et de musc solaire.\u2026","rel":"","context":"Similar post","block_context":{"text":"Similar post","link":""},"img":{"alt_text":"","src":"","width":0,"height":0},"classes":[]},{"id":33261,"url":"https:\/\/sakaba.mghosteur.com\/en\/product\/eos-shea-better-dry-skin-shave-cream-coconut-oil\/","url_meta":{"origin":56185,"position":5},"title":"EOS SHEA BETTER DRY SKIN SHAVE CREAM COCONUT OIL","author":"admin","date":"May 20, 2024","format":false,"excerpt":"La cr\u00e8me \u00e0 raser pour peau s\u00e8che Eos Shea Better, richement r\u00e9g\u00e9n\u00e9rante et protectrice pour la peau, contient de l'huile de karit\u00e9 hydratante instantan\u00e9e et du beurre de karit\u00e9 protecteur longue dur\u00e9e pour une hydratation incroyable de 24 heures et un confort cutan\u00e9 durable.","rel":"","context":"Similar post","block_context":{"text":"Similar post","link":""},"img":{"alt_text":"","src":"","width":0,"height":0},"classes":[]}],"_links":{"self":[{"href":"https:\/\/sakaba.mghosteur.com\/en\/wp-json\/wp\/v2\/product\/56185","targetHints":{"allow":["GET"]}}],"collection":[{"href":"https:\/\/sakaba.mghosteur.com\/en\/wp-json\/wp\/v2\/product"}],"about":[{"href":"https:\/\/sakaba.mghosteur.com\/en\/wp-json\/wp\/v2\/types\/product"}],"replies":[{"embeddable":true,"href":"https:\/\/sakaba.mghosteur.com\/en\/wp-json\/wp\/v2\/comments?post=56185"}],"version-history":[{"count":1,"href":"https:\/\/sakaba.mghosteur.com\/en\/wp-json\/wp\/v2\/product\/56185\/revisions"}],"predecessor-version":[{"id":56186,"href":"https:\/\/sakaba.mghosteur.com\/en\/wp-json\/wp\/v2\/product\/56185\/revisions\/56186"}],"wp:attachment":[{"href":"https:\/\/sakaba.mghosteur.com\/en\/wp-json\/wp\/v2\/media?parent=56185"}],"wp:term":[{"taxonomy":"product_brand","embeddable":true,"href":"https:\/\/sakaba.mghosteur.com\/en\/wp-json\/wp\/v2\/product_brand?post=56185"},{"taxonomy":"product_cat","embeddable":true,"href":"https:\/\/sakaba.mghosteur.com\/en\/wp-json\/wp\/v2\/product_cat?post=56185"},{"taxonomy":"product_tag","embeddable":true,"href":"https:\/\/sakaba.mghosteur.com\/en\/wp-json\/wp\/v2\/product_tag?post=56185"}],"curies":[{"name":"wp","href":"https:\/\/api.w.org\/{rel}","templated":true}]}}