{"id":56187,"date":"2026-01-02T16:28:39","date_gmt":"2026-01-02T16:28:39","guid":{"rendered":"https:\/\/sakaba.mghosteur.com\/?post_type=product&#038;p=56187"},"modified":"2026-01-03T14:04:00","modified_gmt":"2026-01-03T14:04:00","slug":"eos-cashmere-body-oil-vanilla-cashmere","status":"publish","type":"product","link":"https:\/\/sakaba.mghosteur.com\/en\/product\/eos-cashmere-body-oil-vanilla-cashmere\/","title":{"rendered":"eos Cashmere Body Oil  Vanilla Cashmere"},"content":{"rendered":"<ul class=\"a-unordered-list a-vertical a-spacing-mini\">\n<li class=\"a-spacing-mini\"><span class=\"a-list-item\"><span dir=\"auto\">COMPLEXE DOUX CACHEMIRE : Notre formule d&#8217;huile corporelle Cachemire Vanille contient les beurres les plus naturellement hydratants et protecteurs pour une peau douce et velout\u00e9e comme du cachemire ; le beurre de karit\u00e9 adoucit et nourrit, le beurre de cacao hydrate tandis que le beurre d&#8217;argan apaise et lisse.<\/span><\/span><\/li>\n<li class=\"a-spacing-mini\"><span class=\"a-list-item\"><span dir=\"auto\">HYDRATATION L\u00c9G\u00c8RE 24H : L&#8217;huile corporelle eos s&#8217;applique facilement et laisse un fini velout\u00e9 et doux. Soin de la peau \u00e0 absorption rapide, non gras et non collant.<\/span><\/span><\/li>\n<li class=\"a-spacing-mini\"><span class=\"a-list-item\"><span dir=\"auto\">VANILLE CACHEMIRE : L&#8217;huile corporelle Vanille Cachemire d&#8217;eos allie la chaleur de la vanille fouett\u00e9e, la douceur du musc et le r\u00e9confort du caramel. Cette huile corporelle parfum\u00e9e offre une fragrance riche et luxueuse avec une touche sensuelle.<\/span><\/span><\/li>\n<li class=\"a-spacing-mini\"><span class=\"a-list-item\"><span dir=\"auto\">NOTRE PROMESSE\u00a0: Les produits de la collection Cashmere d\u2019eos sont recommand\u00e9s par les dermatologues et con\u00e7us pour les peaux sensibles. Ils sont sans parab\u00e8nes ni phtalates, sans gluten et non test\u00e9s sur les animaux.<\/span><\/span><\/li>\n<li class=\"a-spacing-mini\"><span class=\"a-list-item\"><span dir=\"auto\">INGR\u00c9DIENTS DURABLES POUR LES SOINS DE LA PEAU\u00a0: Le squalane biomim\u00e9tique d\u2019origine v\u00e9g\u00e9tale imite les huiles naturelles de la peau pour cr\u00e9er une sensation de confort et de douceur. Apaise, adoucit et lisse instantan\u00e9ment les peaux rugueuses et s\u00e8ches.<\/span><\/span><\/li>\n<\/ul>","protected":false},"excerpt":{"rendered":"<p>COMPLEXE DOUX CACHEMIRE : Notre formule d&#8217;huile corporelle Cachemire Vanille contient les beurres les plus naturellement hydratants et protecteurs pour une peau douce et velout\u00e9e comme du cachemire ; le beurre de karit\u00e9 adoucit et nourrit, le beurre de cacao hydrate tandis que le beurre d&#8217;argan apaise et lisse. HYDRATATION L\u00c9G\u00c8RE 24H : L&#8217;huile corporelle<span class=\"read-more-faq\"><a href=\"https:\/\/sakaba.mghosteur.com\/en\/product\/eos-cashmere-body-oil-vanilla-cashmere\/\">Read More<\/a><\/span><\/p>","protected":false},"featured_media":0,"comment_status":"open","ping_status":"closed","template":"","meta":[],"product_brand":[851],"product_cat":[286],"product_tag":[],"class_list":{"0":"post-56187","1":"product","2":"type-product","3":"status-publish","5":"product_brand-eos","6":"product_cat-corps","8":"first","9":"instock","10":"shipping-taxable","11":"product-type-simple"},"jetpack-related-posts":[{"id":56175,"url":"https:\/\/sakaba.mghosteur.com\/en\/product\/eos-shea-better-cashmere-body-wash-vanilla-cashmere\/","url_meta":{"origin":56187,"position":0},"title":"eos Shea Better Cashmere Body Wash  Vanilla Cashmere","author":"Sope DIA","date":"January 2, 2026","format":false,"excerpt":"COMPL\u00c9TEZ VOTRE ROUTINE : Associez le gel douche eos \u00e0 notre lait corporel et \u00e0 notre huile corporelle pour une douche tout en douceur. VANILLE CACHEMIRE : Notre parfum doux et enveloppant Vanille Cachemire contient des notes de vanille fouett\u00e9e, de musc tendre et de caramel r\u00e9confortant. NOTRE PROMESSE :\u2026","rel":"","context":"Similar post","block_context":{"text":"Similar post","link":""},"img":{"alt_text":"","src":"","width":0,"height":0},"classes":[]},{"id":56185,"url":"https:\/\/sakaba.mghosteur.com\/en\/product\/eos-cashmere-skin-shave-butter\/","url_meta":{"origin":56187,"position":1},"title":"eos Cashmere Skin Shave Butter","author":"Sope DIA","date":"January 2, 2026","format":false,"excerpt":"eos VANILLE CASMERE\u00a0: Notre cr\u00e8me \u00e0 raser non moussante offre un parfum doux et enveloppant de vanille cachemire qui capture la chaleur de la vanille fouett\u00e9e, la douceur du musc et le r\u00e9confort du caramel pour une fragrance riche et luxueuse avec une touche sensuelle. COMPLEXE DOUX CACHEMIRE : La\u2026","rel":"","context":"Similar post","block_context":{"text":"Similar post","link":""},"img":{"alt_text":"","src":"","width":0,"height":0},"classes":[]},{"id":56167,"url":"https:\/\/sakaba.mghosteur.com\/en\/product\/eos-shea-better-cashmere-body-wash-coconut-waters\/","url_meta":{"origin":56187,"position":2},"title":"eos Shea Better Cashmere Body Wash  Coconut Waters","author":"Sope DIA","date":"January 2, 2026","format":false,"excerpt":"COMPL\u00c9TEZ VOTRE ROUTINE : Associez le gel douche eos \u00e0 notre lait corporel et \u00e0 notre huile corporelle pour une douche tout en douceur. EAUX DE COCO : Notre parfum chaud et ensoleill\u00e9 Eaux de Coco contient des notes de noix de coco cr\u00e9meuse, d'hibiscus luxuriant et de musc solaire.\u2026","rel":"","context":"Similar post","block_context":{"text":"Similar post","link":""},"img":{"alt_text":"","src":"","width":0,"height":0},"classes":[]},{"id":56172,"url":"https:\/\/sakaba.mghosteur.com\/en\/product\/eos-shea-better-cashmere-body-wash-fresh-cozy\/","url_meta":{"origin":56187,"position":3},"title":"eos Shea Better Cashmere Body Wash  Fresh &#038; Cozy","author":"Sope DIA","date":"January 2, 2026","format":false,"excerpt":"COMPL\u00c9TEZ VOTRE ROUTINE : Associez le gel douche eos \u00e0 notre lait corporel et \u00e0 notre huile corporelle pour une douche tout en douceur. FRA\u00ceCHEUR ET CONFORT : Le parfum id\u00e9al pour prendre soin de soi, une fragrance moderne et jeune qui \u00e9voque la fra\u00eecheur de la peau. Retrouvez la\u2026","rel":"","context":"Similar post","block_context":{"text":"Similar post","link":""},"img":{"alt_text":"","src":"","width":0,"height":0},"classes":[]},{"id":33258,"url":"https:\/\/sakaba.mghosteur.com\/en\/product\/eos-she-better-24h-moisture-shave-cream-vanila-bliss\/","url_meta":{"origin":56187,"position":4},"title":"EOS SHE BETTER 24H MOISTURE SHAVE CREAM VANILA BLISS","author":"admin","date":"May 20, 2024","format":false,"excerpt":"Cette cr\u00e8me et lotion de rasage pour femmes EOS Vanilla Bliss, fra\u00eeche et cr\u00e9meuse, pr\u00e9sente des notes de gousse de vanille, de cr\u00e8me douce et de cassonade. Obtenez votre rasage le plus doux, le plus lisse (et le plus proche) de tous les temps. La lotion de rasage EOS est\u2026","rel":"","context":"Similar post","block_context":{"text":"Similar post","link":""},"img":{"alt_text":"","src":"","width":0,"height":0},"classes":[]},{"id":24832,"url":"https:\/\/sakaba.mghosteur.com\/en\/product\/eos-100-natural-shea-lip-balm-vanilla-bean\/","url_meta":{"origin":56187,"position":5},"title":"EOS 100% Natural Shea Lip Balm Vanilla Bean","author":"admin","date":"November 11, 2022","format":false,"excerpt":"Le Baume \u00e0 L\u00e8vres B\u00e2ton Vanille de la marque EOS est un produit de beaut\u00e9 naturel et biologique qui hydrate et nourrit vos l\u00e8vres tout en leur offrant une saveur de vanille douce, riche et cr\u00e9meuse. Ce baume \u00e0 l\u00e8vres est compos\u00e9 d'ingr\u00e9dients de qualit\u00e9 sup\u00e9rieure, tels que l'huile de\u2026","rel":"","context":"Similar post","block_context":{"text":"Similar post","link":""},"img":{"alt_text":"","src":"","width":0,"height":0},"classes":[]}],"_links":{"self":[{"href":"https:\/\/sakaba.mghosteur.com\/en\/wp-json\/wp\/v2\/product\/56187","targetHints":{"allow":["GET"]}}],"collection":[{"href":"https:\/\/sakaba.mghosteur.com\/en\/wp-json\/wp\/v2\/product"}],"about":[{"href":"https:\/\/sakaba.mghosteur.com\/en\/wp-json\/wp\/v2\/types\/product"}],"replies":[{"embeddable":true,"href":"https:\/\/sakaba.mghosteur.com\/en\/wp-json\/wp\/v2\/comments?post=56187"}],"version-history":[{"count":1,"href":"https:\/\/sakaba.mghosteur.com\/en\/wp-json\/wp\/v2\/product\/56187\/revisions"}],"predecessor-version":[{"id":56188,"href":"https:\/\/sakaba.mghosteur.com\/en\/wp-json\/wp\/v2\/product\/56187\/revisions\/56188"}],"wp:attachment":[{"href":"https:\/\/sakaba.mghosteur.com\/en\/wp-json\/wp\/v2\/media?parent=56187"}],"wp:term":[{"taxonomy":"product_brand","embeddable":true,"href":"https:\/\/sakaba.mghosteur.com\/en\/wp-json\/wp\/v2\/product_brand?post=56187"},{"taxonomy":"product_cat","embeddable":true,"href":"https:\/\/sakaba.mghosteur.com\/en\/wp-json\/wp\/v2\/product_cat?post=56187"},{"taxonomy":"product_tag","embeddable":true,"href":"https:\/\/sakaba.mghosteur.com\/en\/wp-json\/wp\/v2\/product_tag?post=56187"}],"curies":[{"name":"wp","href":"https:\/\/api.w.org\/{rel}","templated":true}]}}