{"id":56189,"date":"2026-01-02T16:35:27","date_gmt":"2026-01-02T16:35:27","guid":{"rendered":"https:\/\/sakaba.mghosteur.com\/?post_type=product&#038;p=56189"},"modified":"2026-01-02T16:35:28","modified_gmt":"2026-01-02T16:35:28","slug":"deep-cera-bakuchiol-plumping-serum","status":"publish","type":"product","link":"https:\/\/sakaba.mghosteur.com\/en\/product\/deep-cera-bakuchiol-plumping-serum\/","title":{"rendered":"Deep Cera Bakuchiol Plumping Serum"},"content":{"rendered":"<ul class=\"a-unordered-list a-vertical a-spacing-mini\">\n<li class=\"a-spacing-mini\"><span class=\"a-list-item\"><span dir=\"auto\">ALTERNATIVE NATURELLE AU R\u00c9TINOL\u00a0: D\u00e9couvrez le pouvoir du bakuchiol, une alternative naturelle au r\u00e9tinol. Formul\u00e9 avec 5\u00a0000\u00a0ppm de bakuchiol, ce s\u00e9rum stimule la production de collag\u00e8ne pour une peau plus lisse et plus ferme.<\/span><\/span><\/li>\n<li class=\"a-spacing-mini\"><span class=\"a-list-item\"><span dir=\"auto\">SANS IRRITATION\u00a0: Apaisez et prenez soin de votre peau avec le s\u00e9rum au bakuchiol, qui offre des bienfaits anti-\u00e2ge sans l\u2019irriter. Convient \u00e0 tous les types de peau, m\u00eame les plus sensibles.<\/span><\/span><\/li>\n<li class=\"a-spacing-mini\"><span class=\"a-list-item\"><span dir=\"auto\">AM\u00c9LIORE ET PR\u00c9VIENT LES RIDULES : Stimulez le collag\u00e8ne et l&#8217;hydratation gr\u00e2ce \u00e0 13 peptides, r\u00e9duisant visiblement les ridules et les rides pour une peau plus ferme et plus jeune.<\/span><\/span><\/li>\n<li class=\"a-spacing-mini\"><span class=\"a-list-item\"><span dir=\"auto\">RESTAURER L&#8217;\u00c9QUILIBRE S\u00c9BUM-HYDRATATION ET MINIMISER LES PORES\u00a0: R\u00e9duisez les pores et contr\u00f4lez l&#8217;exc\u00e8s de s\u00e9bum gr\u00e2ce \u00e0 4\u00a0% de niacinamide, pour un teint plus lisse et \u00e9quilibr\u00e9.<\/span><\/span><\/li>\n<li class=\"a-spacing-mini\"><span class=\"a-list-item\"><span dir=\"auto\">HYDRATATION PLUS PROFONDE ET BARRI\u00c8RE CUTAN\u00c9E RENFORC\u00c9E : Gr\u00e2ce \u00e0 une formule contenant 5 types de c\u00e9ramides micro-encapsul\u00e9s pour une r\u00e9tention d&#8217;hydratation maximale.<\/span><\/span><\/li>\n<\/ul>","protected":false},"excerpt":{"rendered":"<p>ALTERNATIVE NATURELLE AU R\u00c9TINOL\u00a0: D\u00e9couvrez le pouvoir du bakuchiol, une alternative naturelle au r\u00e9tinol. Formul\u00e9 avec 5\u00a0000\u00a0ppm de bakuchiol, ce s\u00e9rum stimule la production de collag\u00e8ne pour une peau plus lisse et plus ferme. SANS IRRITATION\u00a0: Apaisez et prenez soin de votre peau avec le s\u00e9rum au bakuchiol, qui offre des bienfaits anti-\u00e2ge sans l\u2019irriter.<span class=\"read-more-faq\"><a href=\"https:\/\/sakaba.mghosteur.com\/en\/product\/deep-cera-bakuchiol-plumping-serum\/\">Read More<\/a><\/span><\/p>","protected":false},"featured_media":0,"comment_status":"open","ping_status":"closed","template":"","meta":[],"product_brand":[1101],"product_cat":[451,334],"product_tag":[],"class_list":{"0":"post-56189","1":"product","2":"type-product","3":"status-publish","5":"product_brand-eqqual-berry","6":"product_cat-aab-soin-du-visage","7":"product_cat-traitement-serum","9":"first","10":"instock","11":"shipping-taxable","12":"product-type-simple"},"jetpack-related-posts":[{"id":29174,"url":"https:\/\/sakaba.mghosteur.com\/en\/product\/the-inkey-list-bakuchiol\/","url_meta":{"origin":56189,"position":0},"title":"THE INKEY LIST BAKUCHIOL","author":"admin","date":"March 20, 2023","format":false,"excerpt":"D\u00e9couvrez le Bakuchiol Hydratant de la marque The Inkey List, un produit naturel qui aide \u00e0 r\u00e9duire l'apparence des rides et ridules tout en uniformisant le teint de votre peau. Ce produit est formul\u00e9 avec du bakuchiol, une alternative naturelle au r\u00e9tinol, qui est d'origine v\u00e9g\u00e9tale et poss\u00e8de des propri\u00e9t\u00e9s\u2026","rel":"","context":"Similar post","block_context":{"text":"Similar post","link":""},"img":{"alt_text":"","src":"","width":0,"height":0},"classes":[]},{"id":26883,"url":"https:\/\/sakaba.mghosteur.com\/en\/product\/paula-choice-0-3-retinol-2-bakuchiol-treatment\/","url_meta":{"origin":56189,"position":1},"title":"PAULA CHOICE 0.3% RETINOL +2% BAKUCHIOL TREATMENT","author":"admin","date":"November 28, 2022","format":false,"excerpt":"Le Traitement 0,3 % r\u00e9tinol + 2 % bakuchiol de la marque Paula's Choice est un produit de soin de la peau qui cible les signes du vieillissement tels que les ridules, les rides profondes, les pores dilat\u00e9s et la perte de fermet\u00e9. La formule contient du r\u00e9tinol \u00e0 0,3\u2026","rel":"","context":"Similar post","block_context":{"text":"Similar post","link":""},"img":{"alt_text":"","src":"","width":0,"height":0},"classes":[]},{"id":27289,"url":"https:\/\/sakaba.mghosteur.com\/en\/product\/good-molecules-bakuchiol-oil-blend-for-dry-skin\/","url_meta":{"origin":56189,"position":2},"title":"GOOD MOLECULES BAKUCHIOL OIL BLEND FOR DRY SKIN","author":"admin","date":"November 29, 2022","format":false,"excerpt":"Ce produit est id\u00e9al pour ceux et celles qui cherchent \u00e0 hydrater leur peau s\u00e8che tout en luttant contre les signes de vieillissement. Le m\u00e9lange d'huiles de bakuchiol de Good Molecules p\u00e9n\u00e8tre en profondeur dans la peau pour lui redonner son \u00e9lasticit\u00e9 et sa fermet\u00e9 naturelle, tout en l'hydratant instantan\u00e9ment\u2026","rel":"","context":"Similar post","block_context":{"text":"Similar post","link":""},"img":{"alt_text":"","src":"","width":0,"height":0},"classes":[]},{"id":27435,"url":"https:\/\/sakaba.mghosteur.com\/en\/product\/the-inkey-list-collagen-booster\/","url_meta":{"origin":56189,"position":3},"title":"THE INKEY LIST COLLAGEN BOOSTER","author":"admin","date":"November 29, 2022","format":false,"excerpt":"Le Collagen Booster de The Inkey List est un must-have pour toute personne soucieuse de la sant\u00e9 de sa peau. Ce s\u00e9rum est con\u00e7u pour aider \u00e0 am\u00e9liorer la texture de la peau en stimulant la production naturelle de collag\u00e8ne, pour une apparence plus jeune et plus radieuse. Le peptide\u2026","rel":"","context":"Similar post","block_context":{"text":"Similar post","link":""},"img":{"alt_text":"","src":"","width":0,"height":0},"classes":[]},{"id":23957,"url":"https:\/\/sakaba.mghosteur.com\/en\/product\/cerave-skin-renewing-retinol-serum\/","url_meta":{"origin":56189,"position":4},"title":"CERAVE SKIN RENEWING RETINOL SERUM","author":"admin","date":"November 9, 2022","format":false,"excerpt":"Le s\u00e9rum r\u00e9g\u00e9n\u00e9rant au r\u00e9tinol pour la peau douce de CeraVe est un excellent choix pour votre routine de soins anti-\u00e2ge. Ce s\u00e9rum est sp\u00e9cialement formul\u00e9 pour am\u00e9liorer l'apparence des ridules et des rides, de la texture et de l'\u00e9clat de votre peau. En utilisant ce s\u00e9rum, vous pourrez b\u00e9n\u00e9ficier\u2026","rel":"","context":"Similar post","block_context":{"text":"Similar post","link":""},"img":{"alt_text":"","src":"","width":0,"height":0},"classes":[]},{"id":27254,"url":"https:\/\/sakaba.mghosteur.com\/en\/product\/good-molecules-bakuchiol-oil-blend-for-only-skin\/","url_meta":{"origin":56189,"position":5},"title":"GOOD MOLECULES BAKUCHIOL OIL BLEND FOR ONLY SKIN","author":"admin","date":"November 29, 2022","format":false,"excerpt":"Le produit propos\u00e9 est le m\u00e9lange d'huiles de Bakuchiol pour peaux grasses de Good Molecules. Cette huile pour le visage est con\u00e7ue pour aider \u00e0 raffermir et \u00e0 tonifier la peau tout en offrant une hydratation nourrissante. Le m\u00e9lange est l\u00e9ger et \u00e0 absorption rapide, ce qui le rend id\u00e9al\u2026","rel":"","context":"Similar post","block_context":{"text":"Similar post","link":""},"img":{"alt_text":"","src":"","width":0,"height":0},"classes":[]}],"_links":{"self":[{"href":"https:\/\/sakaba.mghosteur.com\/en\/wp-json\/wp\/v2\/product\/56189","targetHints":{"allow":["GET"]}}],"collection":[{"href":"https:\/\/sakaba.mghosteur.com\/en\/wp-json\/wp\/v2\/product"}],"about":[{"href":"https:\/\/sakaba.mghosteur.com\/en\/wp-json\/wp\/v2\/types\/product"}],"replies":[{"embeddable":true,"href":"https:\/\/sakaba.mghosteur.com\/en\/wp-json\/wp\/v2\/comments?post=56189"}],"version-history":[{"count":1,"href":"https:\/\/sakaba.mghosteur.com\/en\/wp-json\/wp\/v2\/product\/56189\/revisions"}],"predecessor-version":[{"id":56191,"href":"https:\/\/sakaba.mghosteur.com\/en\/wp-json\/wp\/v2\/product\/56189\/revisions\/56191"}],"wp:attachment":[{"href":"https:\/\/sakaba.mghosteur.com\/en\/wp-json\/wp\/v2\/media?parent=56189"}],"wp:term":[{"taxonomy":"product_brand","embeddable":true,"href":"https:\/\/sakaba.mghosteur.com\/en\/wp-json\/wp\/v2\/product_brand?post=56189"},{"taxonomy":"product_cat","embeddable":true,"href":"https:\/\/sakaba.mghosteur.com\/en\/wp-json\/wp\/v2\/product_cat?post=56189"},{"taxonomy":"product_tag","embeddable":true,"href":"https:\/\/sakaba.mghosteur.com\/en\/wp-json\/wp\/v2\/product_tag?post=56189"}],"curies":[{"name":"wp","href":"https:\/\/api.w.org\/{rel}","templated":true}]}}