{"id":56192,"date":"2026-01-02T16:39:25","date_gmt":"2026-01-02T16:39:25","guid":{"rendered":"https:\/\/sakaba.mghosteur.com\/?post_type=product&#038;p=56192"},"modified":"2026-01-02T16:39:25","modified_gmt":"2026-01-02T16:39:25","slug":"glow-filter-vitamin-illuminating-serum","status":"publish","type":"product","link":"https:\/\/sakaba.mghosteur.com\/en\/product\/glow-filter-vitamin-illuminating-serum\/","title":{"rendered":"Glow Filter Vitamin Illuminating Serum"},"content":{"rendered":"<ul class=\"a-unordered-list a-vertical a-spacing-mini\">\n<li class=\"a-spacing-mini\"><span class=\"a-list-item\"><span dir=\"auto\">\u00c9CLAT NATUREL \u00c0 LA VITAMINE C : VITAQUEEN Acerola 40 % procure une infusion rafra\u00eechissante, tonifie la peau, lui redonne de l&#8217;\u00e9clat et la rend plus saine pour une peau radieuse et \u00e9clatante \u2013 bonjour l&#8217;\u00e9clat !<\/span><\/span><\/li>\n<li class=\"a-spacing-mini\"><span class=\"a-list-item\"><span dir=\"auto\">TRIPLE SOIN BEAUT\u00c9 : La niacinamide 4 % + l&#8217;arbutine 2 % agissent pour am\u00e9liorer visiblement l&#8217;apparence des taches, aider la peau \u00e0 para\u00eetre plus claire et uniforme pour un teint impeccable.<\/span><\/span><\/li>\n<li class=\"a-spacing-mini\"><span class=\"a-list-item\"><span dir=\"auto\">SOLUTION ANTI-\u00c2GE ET \u00c9CLAT DE LA PEAU\u00a0: La vitamine E, l\u2019acide f\u00e9rulique et l\u2019acide tranexamique rehaussent l\u2019\u00e9clat, r\u00e9duisent les rides et favorisent une texture jeune et lisse.<\/span><\/span><\/li>\n<li class=\"a-spacing-mini\"><span class=\"a-list-item\"><span dir=\"auto\">HYDRATATION PROFONDE ET R\u00c9PARATION DE LA BARRI\u00c8RE : 5 c\u00e9ramides + 8 acides hyaluroniques retiennent l&#8217;hydratation, renforcent votre barri\u00e8re cutan\u00e9e et laissent la peau douce et souple \u2013 parfait aussi pour les peaux sensibles !<\/span><\/span><\/li>\n<li class=\"a-spacing-mini\"><span class=\"a-list-item\"><span dir=\"auto\">SOIN PERSONNEL L\u00c9GER ET NON COLLANT : Formule de gouttes sans silicone ni parab\u00e8ne, class\u00e9e verte EWG, \u00e0 absorption rapide, id\u00e9ale pour une application sur le cou, le visage et le corps.<\/span><\/span><\/li>\n<li class=\"a-spacing-mini\"><span class=\"a-list-item\"><span dir=\"auto\">CERTIFI\u00c9 EWG\u00a0: Chaque ingr\u00e9dient est soigneusement s\u00e9lectionn\u00e9 pour r\u00e9pondre aux normes les plus \u00e9lev\u00e9es en mati\u00e8re de puret\u00e9 et de s\u00e9curit\u00e9.<\/span><\/span><\/li>\n<\/ul>","protected":false},"excerpt":{"rendered":"<p>\u00c9CLAT NATUREL \u00c0 LA VITAMINE C : VITAQUEEN Acerola 40 % procure une infusion rafra\u00eechissante, tonifie la peau, lui redonne de l&#8217;\u00e9clat et la rend plus saine pour une peau radieuse et \u00e9clatante \u2013 bonjour l&#8217;\u00e9clat ! TRIPLE SOIN BEAUT\u00c9 : La niacinamide 4 % + l&#8217;arbutine 2 % agissent pour am\u00e9liorer visiblement l&#8217;apparence des<span class=\"read-more-faq\"><a href=\"https:\/\/sakaba.mghosteur.com\/en\/product\/glow-filter-vitamin-illuminating-serum\/\">Read More<\/a><\/span><\/p>","protected":false},"featured_media":0,"comment_status":"open","ping_status":"closed","template":"","meta":[],"product_brand":[1101],"product_cat":[451,334],"product_tag":[],"class_list":{"0":"post-56192","1":"product","2":"type-product","3":"status-publish","5":"product_brand-eqqual-berry","6":"product_cat-aab-soin-du-visage","7":"product_cat-traitement-serum","9":"first","10":"instock","11":"shipping-taxable","12":"product-type-simple"},"jetpack-related-posts":[{"id":56129,"url":"https:\/\/sakaba.mghosteur.com\/en\/product\/advanced-clinicals-vitamin-c-brightening-serum\/","url_meta":{"origin":56192,"position":0},"title":"Advanced Clinicals Vitamin C Brightening Serum","author":"Sope DIA","date":"January 2, 2026","format":false,"excerpt":"S\u00c9RUM VISAGE \u00c0 LA VITAMINE C POUR UN TEINT \u00c9CLATANT \u2013 Ce s\u00e9rum \u00e0 la vitamine C contribue \u00e0 raviver l'\u00e9clat des peaux ternes et fatigu\u00e9es, pour un teint visiblement plus lumineux et \u00e9clatant. Formul\u00e9 par des chimistes cosm\u00e9tiques, il convient aux femmes et aux hommes souhaitant unifier leur teint\u2026","rel":"","context":"Similar post","block_context":{"text":"Similar post","link":""},"img":{"alt_text":"","src":"","width":0,"height":0},"classes":[]},{"id":56120,"url":"https:\/\/sakaba.mghosteur.com\/en\/product\/advanced-clinicals-dark-spot-brightening-cream\/","url_meta":{"origin":56192,"position":1},"title":"Advanced Clinicals Dark Spot Brightening Cream","author":"Sope DIA","date":"January 2, 2026","format":false,"excerpt":"Cr\u00e8me visage anti-taches : lisse et illumine visiblement le teint terne. Cette cr\u00e8me \u00e0 la vitamine C et \u00e0 l'acide lactique exfolie et hydrate pour am\u00e9liorer l'apparence des peaux irr\u00e9guli\u00e8res et fatigu\u00e9es. La peau est plus douce, plus uniforme et visiblement \u00e9clatante. Formul\u00e9e par des chimistes cosm\u00e9tiques pour les femmes\u2026","rel":"","context":"Similar post","block_context":{"text":"Similar post","link":""},"img":{"alt_text":"","src":"","width":0,"height":0},"classes":[]},{"id":56108,"url":"https:\/\/sakaba.mghosteur.com\/en\/product\/advanced-clinicals-vitamin-c-advanced-brightening-cream\/","url_meta":{"origin":56192,"position":2},"title":"Advanced Clinicals Vitamin C Advanced Brightening Cream","author":"Sope DIA","date":"January 2, 2026","format":false,"excerpt":"Cr\u00e8me \u00e0 la vitamine C pour un teint \u00e9clatant \u2013 Cette cr\u00e8me corporelle avanc\u00e9e \u00e0 la vitamine C am\u00e9liore l'aspect des peaux ternes et lisse les irr\u00e9gularit\u00e9s du teint pour un \u00e9clat visible. Formul\u00e9e pour une peau radieuse et rafra\u00eechie, elle a \u00e9t\u00e9 con\u00e7ue par des chimistes cosm\u00e9tiques pour les\u2026","rel":"","context":"Similar post","block_context":{"text":"Similar post","link":""},"img":{"alt_text":"","src":"","width":0,"height":0},"classes":[]},{"id":56117,"url":"https:\/\/sakaba.mghosteur.com\/en\/product\/advanced-clinicals-vitamin-c-advanced-brightening-cream-2\/","url_meta":{"origin":56192,"position":3},"title":"Advanced Clinicals Vitamin C Advanced Brightening Cream","author":"Sope DIA","date":"January 2, 2026","format":false,"excerpt":"Cr\u00e8me \u00e0 la vitamine C pour un teint \u00e9clatant \u2013 Cette cr\u00e8me corporelle avanc\u00e9e \u00e0 la vitamine C am\u00e9liore l'aspect des peaux ternes et lisse les irr\u00e9gularit\u00e9s du teint pour un \u00e9clat visible. Formul\u00e9e pour une peau radieuse et rafra\u00eechie, elle a \u00e9t\u00e9 con\u00e7ue par des chimistes cosm\u00e9tiques pour les\u2026","rel":"","context":"Similar post","block_context":{"text":"Similar post","link":""},"img":{"alt_text":"","src":"","width":0,"height":0},"classes":[]},{"id":31667,"url":"https:\/\/sakaba.mghosteur.com\/en\/product\/aplb-glutathione-niacinamide-facial-24-8\/","url_meta":{"origin":56192,"position":4},"title":"APLB GLUTATHIONE NIACINAMIDE FACIAL 24.8%","author":"admin","date":"May 10, 2024","format":false,"excerpt":"D\u00e9couvrez la Cr\u00e8me Visage Glutathion Niacinamide, un v\u00e9ritable tr\u00e9sor pour votre peau. Avec une concentration remarquable de 24,8% (Glutathion 1 000 ppm, Niacinamide 20 000 ppm, Extrait de Centella Asiatica 22,7%), ce produit est une v\u00e9ritable r\u00e9v\u00e9lation pour votre routine de soins. Associ\u00e9 au Complexe Centella 3x, comprenant de l'acide\u2026","rel":"","context":"Similar post","block_context":{"text":"Similar post","link":""},"img":{"alt_text":"","src":"","width":0,"height":0},"classes":[]},{"id":56126,"url":"https:\/\/sakaba.mghosteur.com\/en\/product\/advanced-clinicals-vitamin-c-brightening-body-oil\/","url_meta":{"origin":56192,"position":5},"title":"Advanced Clinicals Vitamin C Brightening Body Oil","author":"Sope DIA","date":"January 2, 2026","format":false,"excerpt":"L'HUILE CORPORELLE \u00c0 LA VITAMINE C REVIENT LES TEINTS TERN\u00c9S POUR UN \u00c9CLAT \u00c9CLATANT ET SOUPLE \u2013 Cette huile corporelle nourrissante am\u00e9liore l'hydratation tout en adoucissant l'apparence des peaux irr\u00e9guli\u00e8res et ternes. La peau est douce, visiblement rafra\u00eechie et revitalis\u00e9e, avec un \u00e9clat sain. Formul\u00e9e par des chimistes cosm\u00e9tiques pour\u2026","rel":"","context":"Similar post","block_context":{"text":"Similar post","link":""},"img":{"alt_text":"","src":"","width":0,"height":0},"classes":[]}],"_links":{"self":[{"href":"https:\/\/sakaba.mghosteur.com\/en\/wp-json\/wp\/v2\/product\/56192","targetHints":{"allow":["GET"]}}],"collection":[{"href":"https:\/\/sakaba.mghosteur.com\/en\/wp-json\/wp\/v2\/product"}],"about":[{"href":"https:\/\/sakaba.mghosteur.com\/en\/wp-json\/wp\/v2\/types\/product"}],"replies":[{"embeddable":true,"href":"https:\/\/sakaba.mghosteur.com\/en\/wp-json\/wp\/v2\/comments?post=56192"}],"version-history":[{"count":1,"href":"https:\/\/sakaba.mghosteur.com\/en\/wp-json\/wp\/v2\/product\/56192\/revisions"}],"predecessor-version":[{"id":56194,"href":"https:\/\/sakaba.mghosteur.com\/en\/wp-json\/wp\/v2\/product\/56192\/revisions\/56194"}],"wp:attachment":[{"href":"https:\/\/sakaba.mghosteur.com\/en\/wp-json\/wp\/v2\/media?parent=56192"}],"wp:term":[{"taxonomy":"product_brand","embeddable":true,"href":"https:\/\/sakaba.mghosteur.com\/en\/wp-json\/wp\/v2\/product_brand?post=56192"},{"taxonomy":"product_cat","embeddable":true,"href":"https:\/\/sakaba.mghosteur.com\/en\/wp-json\/wp\/v2\/product_cat?post=56192"},{"taxonomy":"product_tag","embeddable":true,"href":"https:\/\/sakaba.mghosteur.com\/en\/wp-json\/wp\/v2\/product_tag?post=56192"}],"curies":[{"name":"wp","href":"https:\/\/api.w.org\/{rel}","templated":true}]}}