{"id":56196,"date":"2026-01-02T16:52:44","date_gmt":"2026-01-02T16:52:44","guid":{"rendered":"https:\/\/sakaba.mghosteur.com\/?post_type=product&#038;p=56196"},"modified":"2026-01-03T13:51:23","modified_gmt":"2026-01-03T13:51:23","slug":"dr-althea-345-relief-cream","status":"publish","type":"product","link":"https:\/\/sakaba.mghosteur.com\/en\/product\/dr-althea-345-relief-cream\/","title":{"rendered":"Dr. Althea 345 Relief Cream"},"content":{"rendered":"<ul class=\"a-unordered-list a-vertical a-spacing-mini\">\n<li class=\"a-spacing-mini\"><span class=\"a-list-item\">Hydratation intense et soulagement imm\u00e9diat \u2013 La texture gel procure une hydratation profonde sans alourdir la peau.<\/span><\/li>\n<li class=\"a-spacing-mini\"><span class=\"a-list-item\">Avec de la niacinamide et du panth\u00e9nol \u2013 Aide \u00e0 apaiser les irritations, \u00e0 renforcer la barri\u00e8re cutan\u00e9e et \u00e0 am\u00e9liorer l\u2019\u00e9clat de la peau.<\/span><\/li>\n<li class=\"a-spacing-mini\"><span class=\"a-list-item\">P\u00e9n\u00e8tre rapidement et fini non gras \u2013 Id\u00e9al pour les peaux sensibles, grasses et mixtes, avec une sensation l\u00e9g\u00e8re et rafra\u00eechissante.<\/span><\/li>\n<li class=\"a-spacing-mini\"><span class=\"a-list-item\">Formule propre et douce \u2013 Sans parab\u00e8nes, parfums artificiels ni irritants, parfaite pour les peaux les plus d\u00e9licates.<\/span><\/li>\n<li class=\"a-spacing-mini\"><span class=\"a-list-item\">Test\u00e9 dermatologiquement \u2013 \u200b\u200bSans danger pour un usage quotidien, id\u00e9al pour les peaux r\u00e9actives et les soins post-acn\u00e9iques.<\/span><\/li>\n<\/ul>","protected":false},"excerpt":{"rendered":"<p>Hydratation intense et soulagement imm\u00e9diat \u2013 La texture gel procure une hydratation profonde sans alourdir la peau. Avec de la niacinamide et du panth\u00e9nol \u2013 Aide \u00e0 apaiser les irritations, \u00e0 renforcer la barri\u00e8re cutan\u00e9e et \u00e0 am\u00e9liorer l\u2019\u00e9clat de la peau. P\u00e9n\u00e8tre rapidement et fini non gras \u2013 Id\u00e9al pour les peaux sensibles, grasses<span class=\"read-more-faq\"><a href=\"https:\/\/sakaba.mghosteur.com\/en\/product\/dr-althea-345-relief-cream\/\">Read More<\/a><\/span><\/p>","protected":false},"featured_media":0,"comment_status":"open","ping_status":"closed","template":"","meta":[],"product_brand":[1104],"product_cat":[331,451],"product_tag":[],"class_list":{"0":"post-56196","1":"product","2":"type-product","3":"status-publish","5":"product_brand-dr-althea","6":"product_cat-hydratant-visage","7":"product_cat-aab-soin-du-visage","9":"first","10":"instock","11":"shipping-taxable","12":"product-type-simple"},"jetpack-related-posts":[{"id":24697,"url":"https:\/\/sakaba.mghosteur.com\/en\/product\/cetaphil-pro-dermacontrol\/","url_meta":{"origin":56196,"position":0},"title":"CETAPHIL PRO DERMACONTROL","author":"admin","date":"November 10, 2022","format":false,"excerpt":"La cr\u00e8me hydratante Cetaphil Pro Dermacontrol est une cr\u00e8me hydratante l\u00e9g\u00e8re \u00e0 absorption rapide con\u00e7ue pour hydrater la peau mixte sensible pendant 24 heures. Il est cliniquement prouv\u00e9 qu'elle prot\u00e8ge contre les rayons UV du soleil, absorbe le s\u00e9bum, r\u00e9duit la brillance et hydrate la peau. Elle contient \u00e9galement la\u2026","rel":"","context":"Similar post","block_context":{"text":"Similar post","link":""},"img":{"alt_text":"","src":"","width":0,"height":0},"classes":[]},{"id":29690,"url":"https:\/\/sakaba.mghosteur.com\/en\/product\/palmers-hemp-oil-calming-relief-body-oil\/","url_meta":{"origin":56196,"position":1},"title":"PALMERS HEMP OIL CALMING RELIEF BODY OIL","author":"admin","date":"April 14, 2023","format":false,"excerpt":"Cette huile est sp\u00e9cialement formul\u00e9e pour apaiser les irritations cutan\u00e9es tout en augmentant l'hydratation de la peau. Elle am\u00e9liore \u00e9galement la texture et l'\u00e9clat de la peau, avec des r\u00e9sultats cliniquement prouv\u00e9s*. En effet, 96 % des utilisateurs ont constat\u00e9 une am\u00e9lioration de la texture de leur peau et 100\u2026","rel":"","context":"Similar post","block_context":{"text":"Similar post","link":""},"img":{"alt_text":"","src":"","width":0,"height":0},"classes":[]},{"id":33721,"url":"https:\/\/sakaba.mghosteur.com\/en\/product\/cerave-hydrating-facial-cleancer-710ml\/","url_meta":{"origin":56196,"position":2},"title":"CERAVE HYDRATING FACIAL CLEANCER 710ML","author":"admin","date":"May 22, 2024","format":false,"excerpt":"Le nettoyant hydratant CeraVe a \u00e9t\u00e9 con\u00e7u pour nettoyer et rafra\u00eechir la peau sans la d\u00e9caper ni la laisser s\u00e8che et tendue. Il contient de l'acide hyaluronique pour hydrater la peau et 3 c\u00e9ramides essentiels qui agissent ensemble pour retenir l'hydratation de la peau et aider \u00e0 restaurer la barri\u00e8re\u2026","rel":"","context":"Similar post","block_context":{"text":"Similar post","link":""},"img":{"alt_text":"","src":"","width":0,"height":0},"classes":[]},{"id":29074,"url":"https:\/\/sakaba.mghosteur.com\/en\/product\/cerave-hydrating-sunscreen-50face-spf-50\/","url_meta":{"origin":56196,"position":3},"title":"CERAVE HYDRATING SUNSCREEN 50face spf 50","author":"admin","date":"March 13, 2023","format":false,"excerpt":"La Cr\u00e8me Solaire Hydratante Min\u00e9rale SPF 50 Lotion Visage de la marque CeraVe est la solution parfaite pour prot\u00e9ger votre peau du soleil tout en la nourrissant et l'hydratant en profondeur. Cette cr\u00e8me solaire min\u00e9rale douce mais efficace est sp\u00e9cialement con\u00e7ue pour le visage et offre une protection \u00e0 large\u2026","rel":"","context":"Similar post","block_context":{"text":"Similar post","link":""},"img":{"alt_text":"","src":"","width":0,"height":0},"classes":[]},{"id":30434,"url":"https:\/\/sakaba.mghosteur.com\/en\/product\/gold-bond-diabetic-s-dry-skin-relief\/","url_meta":{"origin":56196,"position":4},"title":"GOLD BOND DIABETIC S DRY SKIN RELIEF","author":"admin","date":"May 11, 2023","format":false,"excerpt":"Nom du Produit : Lait Corporel pour Peau S\u00e8che des Diab\u00e9tiques de Gold Bond Le Lait Corporel pour Peau S\u00e8che des Diab\u00e9tiques de Gold Bond est la marque de lotion num\u00e9ro 1 sp\u00e9cialement con\u00e7ue pour hydrater la peau s\u00e8che des diab\u00e9tiques. Cette lotion procure un soulagement imm\u00e9diat et une hydratation\u2026","rel":"","context":"Similar post","block_context":{"text":"Similar post","link":""},"img":{"alt_text":"","src":"","width":0,"height":0},"classes":[]},{"id":24185,"url":"https:\/\/sakaba.mghosteur.com\/en\/product\/cerave-healing-ointment-10g\/","url_meta":{"origin":56196,"position":5},"title":"CERAVE HEALING OINTMENT 10G","author":"admin","date":"November 9, 2022","format":false,"excerpt":"La pommade cicatrisante CeraVe est une solution efficace pour les personnes ayant une peau extr\u00eamement s\u00e8che, craquel\u00e9e ou irrit\u00e9e. Cette formule unique, d\u00e9velopp\u00e9e avec des dermatologues, contient de l'acide hyaluronique pour une hydratation suppl\u00e9mentaire. Elle est formul\u00e9e avec trois c\u00e9ramides essentiels (1, 3, 6-II) pour aider \u00e0 restaurer et \u00e0\u2026","rel":"","context":"Similar post","block_context":{"text":"Similar post","link":""},"img":{"alt_text":"","src":"","width":0,"height":0},"classes":[]}],"_links":{"self":[{"href":"https:\/\/sakaba.mghosteur.com\/en\/wp-json\/wp\/v2\/product\/56196","targetHints":{"allow":["GET"]}}],"collection":[{"href":"https:\/\/sakaba.mghosteur.com\/en\/wp-json\/wp\/v2\/product"}],"about":[{"href":"https:\/\/sakaba.mghosteur.com\/en\/wp-json\/wp\/v2\/types\/product"}],"replies":[{"embeddable":true,"href":"https:\/\/sakaba.mghosteur.com\/en\/wp-json\/wp\/v2\/comments?post=56196"}],"version-history":[{"count":1,"href":"https:\/\/sakaba.mghosteur.com\/en\/wp-json\/wp\/v2\/product\/56196\/revisions"}],"predecessor-version":[{"id":56198,"href":"https:\/\/sakaba.mghosteur.com\/en\/wp-json\/wp\/v2\/product\/56196\/revisions\/56198"}],"wp:attachment":[{"href":"https:\/\/sakaba.mghosteur.com\/en\/wp-json\/wp\/v2\/media?parent=56196"}],"wp:term":[{"taxonomy":"product_brand","embeddable":true,"href":"https:\/\/sakaba.mghosteur.com\/en\/wp-json\/wp\/v2\/product_brand?post=56196"},{"taxonomy":"product_cat","embeddable":true,"href":"https:\/\/sakaba.mghosteur.com\/en\/wp-json\/wp\/v2\/product_cat?post=56196"},{"taxonomy":"product_tag","embeddable":true,"href":"https:\/\/sakaba.mghosteur.com\/en\/wp-json\/wp\/v2\/product_tag?post=56196"}],"curies":[{"name":"wp","href":"https:\/\/api.w.org\/{rel}","templated":true}]}}