{"id":56199,"date":"2026-01-02T16:57:02","date_gmt":"2026-01-02T16:57:02","guid":{"rendered":"https:\/\/sakaba.mghosteur.com\/?post_type=product&#038;p=56199"},"modified":"2026-01-02T16:57:02","modified_gmt":"2026-01-02T16:57:02","slug":"dr-althea-vitamin-c-boosting-serum","status":"publish","type":"product","link":"https:\/\/sakaba.mghosteur.com\/en\/product\/dr-althea-vitamin-c-boosting-serum\/","title":{"rendered":"Dr. Althea Vitamin C Boosting Serum"},"content":{"rendered":"<ul class=\"a-unordered-list a-vertical a-spacing-mini\">\n<li class=\"a-spacing-mini\"><span class=\"a-list-item\"><span dir=\"auto\">SOIN INTENSIF DU TEINT\u00a0: Contient 640\u00a0000\u00a0ppm d\u2019eau d\u2019argousier, riche en vitamine\u00a0C, pour unifier le teint et revitaliser les peaux ternes et fatigu\u00e9es. Sa formule douce p\u00e9n\u00e8tre plus facilement que la vitamine\u00a0C pure, ce qui la rend adapt\u00e9e \u00e0 tous les types de peau, m\u00eame les plus sensibles.<\/span><\/span><\/li>\n<li class=\"a-spacing-mini\"><span class=\"a-list-item\"><span dir=\"auto\">APAISEZ VOTRE PEAU\u00a0: L\u2019eau de feuilles de Centella Asiatica aide \u00e0 soulager les peaux stress\u00e9es par les agressions ext\u00e9rieures. Ses ingr\u00e9dients naturels favorisent la r\u00e9g\u00e9n\u00e9ration des peaux fragilis\u00e9es tout en am\u00e9liorant leur fermet\u00e9 et leur \u00e9lasticit\u00e9.<\/span><\/span><\/li>\n<li class=\"a-spacing-mini\"><span class=\"a-list-item\"><span dir=\"auto\">R\u00c9DUIT LES PORES : Formul\u00e9 avec de la niacinamide pour aider \u00e0 contr\u00f4ler la production de s\u00e9bum et \u00e0 affiner les pores afin de lisser le grain de peau irr\u00e9gulier sans dess\u00e9cher la peau, pour un teint plus lumineux et uniforme.<\/span><\/span><\/li>\n<li class=\"a-spacing-mini\"><span class=\"a-list-item\"><span dir=\"auto\">FORMULE L\u00c9G\u00c8RE\u00a0: Profitez d\u2019une sensation de fra\u00eecheur et d\u2019hydratation sans effet collant. Sans jaunissement ni odeurs d\u00e9sagr\u00e9ables, contrairement \u00e0 certains s\u00e9rums \u00e0 la vitamine C, elle est id\u00e9ale pour une utilisation \u00e0 tout moment et en tout lieu.<\/span><\/span><\/li>\n<li class=\"a-spacing-mini\"><span class=\"a-list-item\"><span dir=\"auto\">POURQUOI CHOISIR DR. ALTHEA\u00a0: Nos produits sont sans colorants artificiels, sans parfums artificiels et sans parab\u00e8nes, ce qui les rend doux pour votre peau. De plus, ils sont certifi\u00e9s vegan afin de r\u00e9pondre \u00e0 des normes \u00e9thiques et \u00e9cologiques.<\/span><\/span><\/li>\n<\/ul>","protected":false},"excerpt":{"rendered":"<p>SOIN INTENSIF DU TEINT\u00a0: Contient 640\u00a0000\u00a0ppm d\u2019eau d\u2019argousier, riche en vitamine\u00a0C, pour unifier le teint et revitaliser les peaux ternes et fatigu\u00e9es. Sa formule douce p\u00e9n\u00e8tre plus facilement que la vitamine\u00a0C pure, ce qui la rend adapt\u00e9e \u00e0 tous les types de peau, m\u00eame les plus sensibles. APAISEZ VOTRE PEAU\u00a0: L\u2019eau de feuilles de Centella<span class=\"read-more-faq\"><a href=\"https:\/\/sakaba.mghosteur.com\/en\/product\/dr-althea-vitamin-c-boosting-serum\/\">Read More<\/a><\/span><\/p>","protected":false},"featured_media":0,"comment_status":"open","ping_status":"closed","template":"","meta":[],"product_brand":[1104],"product_cat":[451,334],"product_tag":[],"class_list":{"0":"post-56199","1":"product","2":"type-product","3":"status-publish","5":"product_brand-dr-althea","6":"product_cat-aab-soin-du-visage","7":"product_cat-traitement-serum","9":"first","10":"instock","11":"shipping-taxable","12":"product-type-simple"},"jetpack-related-posts":[{"id":35992,"url":"https:\/\/sakaba.mghosteur.com\/en\/product\/medix-5-5-vitamin-c-tumeric-brighten-film-444ml-18500\/","url_meta":{"origin":56199,"position":0},"title":"MEDIX 5.5 VITAMIN C + TUMERIC BRIGHTEN +FILM 444ML 18500","author":"admin","date":"August 10, 2024","format":false,"excerpt":"L\u2019incorporation d\u2019une lotion pour le corps infus\u00e9e de vitamine C dans votre routine quotidienne de soins de la peau peut aider \u00e0 promouvoir un teint plus sain, plus radieux et plus jeune. La vitamine C aide \u00e0 favoriser un teint uniforme, tout en aidant \u00e9galement \u00e0 stimuler la production de\u2026","rel":"","context":"Similar post","block_context":{"text":"Similar post","link":""},"img":{"alt_text":"","src":"","width":0,"height":0},"classes":[]},{"id":27502,"url":"https:\/\/sakaba.mghosteur.com\/en\/product\/the-ordinary-vitamin-c-suspension-23-ha-spheres-2\/","url_meta":{"origin":56199,"position":1},"title":"The Ordinary VITAMIN C SUSPENSION 23% +HA SPHERES 2%","author":"admin","date":"November 29, 2022","format":false,"excerpt":"La Suspension Vitamine C 23% + Sph\u00e8res HA 2% de la marque The Ordinary est une formule efficace qui utilise directement de la vitamine C et de l'acide hyaluronique pour aider \u00e0 r\u00e9duire visiblement les signes du vieillissement en \u00e9claircissant et en \u00e9quilibrant le teint irr\u00e9gulier. Cette formule sans eau\u2026","rel":"","context":"Similar post","block_context":{"text":"Similar post","link":""},"img":{"alt_text":"","src":"","width":0,"height":0},"classes":[]},{"id":26951,"url":"https:\/\/sakaba.mghosteur.com\/en\/product\/facetheory-vitamin-c-cream-cleanser\/","url_meta":{"origin":56199,"position":2},"title":"FACETHEORY Vitamin C Cream Cleanser C1","author":"admin","date":"November 28, 2022","format":false,"excerpt":"D\u00e9couvrez la Cr\u00e8me Nettoyante \u00e0 la Vitamine C C1 de FACETHEORY, une formule douce mais efficace pour \u00e9liminer les impuret\u00e9s et les d\u00e9bris qui obstruent les pores de votre peau. La vitamine C stabilis\u00e9e neutralise les radicaux libres et prot\u00e8ge votre peau contre les dommages environnementaux futurs, tandis que la\u2026","rel":"","context":"Similar post","block_context":{"text":"Similar post","link":""},"img":{"alt_text":"","src":"","width":0,"height":0},"classes":[]},{"id":56129,"url":"https:\/\/sakaba.mghosteur.com\/en\/product\/advanced-clinicals-vitamin-c-brightening-serum\/","url_meta":{"origin":56199,"position":3},"title":"Advanced Clinicals Vitamin C Brightening Serum","author":"Sope DIA","date":"January 2, 2026","format":false,"excerpt":"S\u00c9RUM VISAGE \u00c0 LA VITAMINE C POUR UN TEINT \u00c9CLATANT \u2013 Ce s\u00e9rum \u00e0 la vitamine C contribue \u00e0 raviver l'\u00e9clat des peaux ternes et fatigu\u00e9es, pour un teint visiblement plus lumineux et \u00e9clatant. Formul\u00e9 par des chimistes cosm\u00e9tiques, il convient aux femmes et aux hommes souhaitant unifier leur teint\u2026","rel":"","context":"Similar post","block_context":{"text":"Similar post","link":""},"img":{"alt_text":"","src":"","width":0,"height":0},"classes":[]},{"id":29139,"url":"https:\/\/sakaba.mghosteur.com\/en\/product\/the-inkey-list-coffret-winter-skin-101\/","url_meta":{"origin":56199,"position":4},"title":"THE INKEY LIST COFFRET WINTER SKIN 101","author":"admin","date":"March 15, 2023","format":false,"excerpt":"L'ensemble INKEY List Winter Skin 101 de la marque THE INKEY LIST est la solution parfaite pour les peaux s\u00e8ches et hivernales qui ont besoin d'\u00eatre chouchout\u00e9es. Ce kit complet en 4 \u00e9tapes vous offre des produits en taille r\u00e9elle pour une peau renouvel\u00e9e et hydrat\u00e9e. Le Baume nettoyant \u00e0\u2026","rel":"","context":"Similar post","block_context":{"text":"Similar post","link":""},"img":{"alt_text":"","src":"","width":0,"height":0},"classes":[]},{"id":31578,"url":"https:\/\/sakaba.mghosteur.com\/en\/product\/cosrx-the-vitamin-c-13-20ml\/","url_meta":{"origin":56199,"position":5},"title":"COSRX THE VITAMIN C 13 20ML","author":"admin","date":"May 10, 2024","format":false,"excerpt":"D\u00e9couvrez le S\u00e9rum Vitamine C 13, un v\u00e9ritable \u00e9lixir de jeunesse pour votre peau ! Ce s\u00e9rum doux \u00e0 la vitamine C est sp\u00e9cialement con\u00e7u pour les peaux sensibles, id\u00e9al pour une utilisation quotidienne. Sa formule unique agit en profondeur pour att\u00e9nuer les imperfections, les taches brunes et les taches\u2026","rel":"","context":"Similar post","block_context":{"text":"Similar post","link":""},"img":{"alt_text":"","src":"","width":0,"height":0},"classes":[]}],"_links":{"self":[{"href":"https:\/\/sakaba.mghosteur.com\/en\/wp-json\/wp\/v2\/product\/56199","targetHints":{"allow":["GET"]}}],"collection":[{"href":"https:\/\/sakaba.mghosteur.com\/en\/wp-json\/wp\/v2\/product"}],"about":[{"href":"https:\/\/sakaba.mghosteur.com\/en\/wp-json\/wp\/v2\/types\/product"}],"replies":[{"embeddable":true,"href":"https:\/\/sakaba.mghosteur.com\/en\/wp-json\/wp\/v2\/comments?post=56199"}],"version-history":[{"count":1,"href":"https:\/\/sakaba.mghosteur.com\/en\/wp-json\/wp\/v2\/product\/56199\/revisions"}],"predecessor-version":[{"id":56201,"href":"https:\/\/sakaba.mghosteur.com\/en\/wp-json\/wp\/v2\/product\/56199\/revisions\/56201"}],"wp:attachment":[{"href":"https:\/\/sakaba.mghosteur.com\/en\/wp-json\/wp\/v2\/media?parent=56199"}],"wp:term":[{"taxonomy":"product_brand","embeddable":true,"href":"https:\/\/sakaba.mghosteur.com\/en\/wp-json\/wp\/v2\/product_brand?post=56199"},{"taxonomy":"product_cat","embeddable":true,"href":"https:\/\/sakaba.mghosteur.com\/en\/wp-json\/wp\/v2\/product_cat?post=56199"},{"taxonomy":"product_tag","embeddable":true,"href":"https:\/\/sakaba.mghosteur.com\/en\/wp-json\/wp\/v2\/product_tag?post=56199"}],"curies":[{"name":"wp","href":"https:\/\/api.w.org\/{rel}","templated":true}]}}