{"id":56202,"date":"2026-01-02T17:08:23","date_gmt":"2026-01-02T17:08:23","guid":{"rendered":"https:\/\/sakaba.mghosteur.com\/?post_type=product&#038;p=56202"},"modified":"2026-01-02T17:08:23","modified_gmt":"2026-01-02T17:08:23","slug":"5-daily-multi-vitamin-cream","status":"publish","type":"product","link":"https:\/\/sakaba.mghosteur.com\/en\/product\/5-daily-multi-vitamin-cream\/","title":{"rendered":"5 Daily Multi-Vitamin Cream"},"content":{"rendered":"<p>Numbuzin propose des soins personnalis\u00e9s pour r\u00e9pondre \u00e0 diff\u00e9rents besoins cutan\u00e9s. Des ingr\u00e9dients efficaces et de qualit\u00e9 sup\u00e9rieure pour r\u00e9soudre votre probl\u00e8me. Simplifiez votre routine de soins.<\/p>","protected":false},"excerpt":{"rendered":"<p>Numbuzin propose des soins personnalis\u00e9s pour r\u00e9pondre \u00e0 diff\u00e9rents besoins cutan\u00e9s. Des ingr\u00e9dients efficaces et de qualit\u00e9 sup\u00e9rieure pour r\u00e9soudre votre probl\u00e8me. Simplifiez votre routine de soins.<\/p>","protected":false},"featured_media":0,"comment_status":"open","ping_status":"closed","template":"","meta":[],"product_brand":[1020],"product_cat":[451],"product_tag":[],"class_list":{"0":"post-56202","1":"product","2":"type-product","3":"status-publish","5":"product_brand-numbuzin","6":"product_cat-aab-soin-du-visage","8":"first","9":"instock","10":"shipping-taxable","11":"product-type-simple"},"jetpack-related-posts":[{"id":27552,"url":"https:\/\/sakaba.mghosteur.com\/en\/product\/roge-cavailles-soin-toilette-deo-soin-dermato-2\/","url_meta":{"origin":56202,"position":0},"title":"Rog\u00e9 cavaill\u00e8s soin toilette d\u00e9o soin dermato","author":"admin","date":"November 29, 2022","format":false,"excerpt":"","rel":"","context":"Similar post","block_context":{"text":"Similar post","link":""},"img":{"alt_text":"","src":"","width":0,"height":0},"classes":[]},{"id":34646,"url":"https:\/\/sakaba.mghosteur.com\/en\/product\/fenty-pro-kissr-coffret-soin-du-levres\/","url_meta":{"origin":56202,"position":1},"title":"FENTY PRO KISS&#8217;R COFFRET SOIN DU LEVRES","author":"admin","date":"May 30, 2024","format":false,"excerpt":"Fenty Beauty Pro Kiss'r Duo Scrubstick + Lip Balm Set est un\u00a0ensemble de deux produits essentiels pour\u00a0le soin des\u00a0l\u00e8vres.\u00a0Offrez\u00a0\u00e0 vos l\u00e8vres le traitement qu'elles m\u00e9ritent! Pr\u00e9parez vos l\u00e8vres en les exfoliant \u00e0 l'aide du Pro Kiss'r scrub pour les lisser instantan\u00e9ment. Faites les ensuite briller gr\u00e2ce au mini Pro Kiss'r\u2026","rel":"","context":"Similar post","block_context":{"text":"Similar post","link":""},"img":{"alt_text":"","src":"","width":0,"height":0},"classes":[]},{"id":26248,"url":"https:\/\/sakaba.mghosteur.com\/en\/product\/lighten-up-plus-lightening-gel-natural-papaya\/","url_meta":{"origin":56202,"position":2},"title":"LIGHTEN UP PLUS LIGHTENING GEL NATURAL PAPAYA","author":"admin","date":"November 24, 2022","format":false,"excerpt":"","rel":"","context":"Similar post","block_context":{"text":"Similar post","link":""},"img":{"alt_text":"","src":"","width":0,"height":0},"classes":[]},{"id":25378,"url":"https:\/\/sakaba.mghosteur.com\/en\/product\/roge-cavailles-soin-toilette-intime-fraicheur\/","url_meta":{"origin":56202,"position":3},"title":"Rog\u00e9 Cavaill\u00e8s Soin Toilette Intime Fraicheur","author":"admin","date":"November 14, 2022","format":false,"excerpt":"","rel":"","context":"Similar post","block_context":{"text":"Similar post","link":""},"img":{"alt_text":"","src":"","width":0,"height":0},"classes":[]},{"id":33234,"url":"https:\/\/sakaba.mghosteur.com\/en\/product\/caudalie-vinoperfect-soin-eclaircissant-regard\/","url_meta":{"origin":56202,"position":4},"title":"CAUDALIE VINOPERFECT SOIN ECLAIRCISSANT REGARD","author":"admin","date":"May 20, 2024","format":false,"excerpt":"Formul\u00e9e \u00e0 97% d'ingr\u00e9dients d'origine naturelle, la Cr\u00e8me Yeux Illuminatrice Vinoperfect de Caudalie aide \u00e0 r\u00e9duire l'apparence des cernes. Cette cr\u00e8me pour les yeux hydrate la peau tout en corrigeant tous les types de cernes, qu'ils soient vasculaires (bleus ou violets) ou pigment\u00e9s (brun\u00e2tres). Convient \u00e0 tous les types de\u2026","rel":"","context":"Similar post","block_context":{"text":"Similar post","link":""},"img":{"alt_text":"","src":"","width":0,"height":0},"classes":[]},{"id":27243,"url":"https:\/\/sakaba.mghosteur.com\/en\/product\/laneige-lip-sleeping-box-4mini\/","url_meta":{"origin":56202,"position":5},"title":"LANEIGE LIP SLEEPING BOX 4MINI","author":"admin","date":"November 29, 2022","format":false,"excerpt":"","rel":"","context":"Similar post","block_context":{"text":"Similar post","link":""},"img":{"alt_text":"","src":"","width":0,"height":0},"classes":[]}],"_links":{"self":[{"href":"https:\/\/sakaba.mghosteur.com\/en\/wp-json\/wp\/v2\/product\/56202","targetHints":{"allow":["GET"]}}],"collection":[{"href":"https:\/\/sakaba.mghosteur.com\/en\/wp-json\/wp\/v2\/product"}],"about":[{"href":"https:\/\/sakaba.mghosteur.com\/en\/wp-json\/wp\/v2\/types\/product"}],"replies":[{"embeddable":true,"href":"https:\/\/sakaba.mghosteur.com\/en\/wp-json\/wp\/v2\/comments?post=56202"}],"version-history":[{"count":1,"href":"https:\/\/sakaba.mghosteur.com\/en\/wp-json\/wp\/v2\/product\/56202\/revisions"}],"predecessor-version":[{"id":56205,"href":"https:\/\/sakaba.mghosteur.com\/en\/wp-json\/wp\/v2\/product\/56202\/revisions\/56205"}],"wp:attachment":[{"href":"https:\/\/sakaba.mghosteur.com\/en\/wp-json\/wp\/v2\/media?parent=56202"}],"wp:term":[{"taxonomy":"product_brand","embeddable":true,"href":"https:\/\/sakaba.mghosteur.com\/en\/wp-json\/wp\/v2\/product_brand?post=56202"},{"taxonomy":"product_cat","embeddable":true,"href":"https:\/\/sakaba.mghosteur.com\/en\/wp-json\/wp\/v2\/product_cat?post=56202"},{"taxonomy":"product_tag","embeddable":true,"href":"https:\/\/sakaba.mghosteur.com\/en\/wp-json\/wp\/v2\/product_tag?post=56202"}],"curies":[{"name":"wp","href":"https:\/\/api.w.org\/{rel}","templated":true}]}}