{"id":56209,"date":"2026-01-02T17:20:08","date_gmt":"2026-01-02T17:20:08","guid":{"rendered":"https:\/\/sakaba.mghosteur.com\/?post_type=product&#038;p=56209"},"modified":"2026-01-02T17:20:08","modified_gmt":"2026-01-02T17:20:08","slug":"radiance-glowing-jumbo-essence-pad","status":"publish","type":"product","link":"https:\/\/sakaba.mghosteur.com\/en\/product\/radiance-glowing-jumbo-essence-pad\/","title":{"rendered":"Radiance Glowing Jumbo Essence Pad"},"content":{"rendered":"<p>ALLUMEZ l&#8217;\u00e9clat de votre peau avec 50 ingr\u00e9dients ferment\u00e9s !<\/p>","protected":false},"excerpt":{"rendered":"<p>ALLUMEZ l&#8217;\u00e9clat de votre peau avec 50 ingr\u00e9dients ferment\u00e9s !<\/p>","protected":false},"featured_media":0,"comment_status":"open","ping_status":"closed","template":"","meta":[],"product_brand":[1020],"product_cat":[451],"product_tag":[],"class_list":{"0":"post-56209","1":"product","2":"type-product","3":"status-publish","5":"product_brand-numbuzin","6":"product_cat-aab-soin-du-visage","8":"first","9":"instock","10":"shipping-taxable","11":"product-type-simple"},"jetpack-related-posts":[{"id":31445,"url":"https:\/\/sakaba.mghosteur.com\/en\/product\/numbuzin-3-toner-super-glowing-essence-200ml\/","url_meta":{"origin":56209,"position":0},"title":"NUMBUZIN 3 TONER SUPER GLOWING ESSENCE 200ML","author":"admin","date":"May 10, 2024","format":false,"excerpt":"D\u00e9couvrez le Numbuzin No.3 Super Glowing Essence Toner, une v\u00e9ritable r\u00e9v\u00e9lation pour votre routine de soins de la peau. Compos\u00e9 de 50 types d'ingr\u00e9dients ferment\u00e9s, ce toner est un indispensable pour am\u00e9liorer l'\u00e9clat, l'\u00e9lasticit\u00e9 et l'apparence g\u00e9n\u00e9rale de votre peau. Con\u00e7u pour ceux qui souffrent d'un teint terne ou d'un\u2026","rel":"","context":"Similar post","block_context":{"text":"Similar post","link":""},"img":{"alt_text":"","src":"","width":0,"height":0},"classes":[]},{"id":29438,"url":"https:\/\/sakaba.mghosteur.com\/en\/product\/cosrx-advanced-snail-radiance-dual-essence\/","url_meta":{"origin":56209,"position":1},"title":"COSRX ADVANCED SNAIL RADIANCE DUAL ESSENCE","author":"admin","date":"April 4, 2023","format":false,"excerpt":"Le Advanced Snail Radiance Dual Essence de COSRX est un produit r\u00e9volutionnaire qui offre une solution 2 en 1 pour am\u00e9liorer l'\u00e9lasticit\u00e9 et l'\u00e9clat de votre peau. Cette essence est con\u00e7ue pour combiner les bienfaits hydratants et r\u00e9g\u00e9n\u00e9rants de l'essence d'escargot avec les propri\u00e9t\u00e9s \u00e9claircissantes de l'essence de luminosit\u00e9, afin\u2026","rel":"","context":"Similar post","block_context":{"text":"Similar post","link":""},"img":{"alt_text":"","src":"","width":0,"height":0},"classes":[]},{"id":31714,"url":"https:\/\/sakaba.mghosteur.com\/en\/product\/haruhara-wonder-black-rice-hyaluronic-toner-the-first-essence\/","url_meta":{"origin":56209,"position":2},"title":"HARUHARA WONDER BLACK RICE HYALURONIC TONER THE FIRST ESSENCE","author":"admin","date":"May 10, 2024","format":false,"excerpt":"D\u00e9couvrez ce tonique l\u00e9ger, hydratant et rafra\u00eechissant, regorgeant d'ingr\u00e9dients nourrissants. Sa formule de fermentation unique transforme les ingr\u00e9dients bruts en une configuration plus flexible, que la peau peut absorber ais\u00e9ment. D\u00e9velopp\u00e9e avec la technologie brevet\u00e9e Ultra Deep, cette formule cible une absorption puissante, d\u00e9livrant ainsi des ingr\u00e9dients actifs en profondeur\u2026","rel":"","context":"Similar post","block_context":{"text":"Similar post","link":""},"img":{"alt_text":"","src":"","width":0,"height":0},"classes":[]},{"id":34192,"url":"https:\/\/sakaba.mghosteur.com\/en\/product\/first-aid-beauty-facial-radiance-pads\/","url_meta":{"origin":56209,"position":3},"title":"FIRST AID BEAUTY FACIAL RADIANCE PADS","author":"admin","date":"May 27, 2024","format":false,"excerpt":"Les tampons \u00e9clat du visage First Aid Beauty sont des tampons pr\u00e9-imbib\u00e9s qui \u00e9claircissent, tonifient et exfolient la peau en une seule lingette. Ils sont con\u00e7us pour un usage quotidien et sont sans danger pour les peaux sensibles. Les tampons contiennent de l'acide glycolique, de l'acide lactique, de l'acide alpha-hydroxy\u2026","rel":"","context":"Similar post","block_context":{"text":"Similar post","link":""},"img":{"alt_text":"","src":"","width":0,"height":0},"classes":[]},{"id":31708,"url":"https:\/\/sakaba.mghosteur.com\/en\/product\/haruhara-wonder-black-rice-hyaluronic-cream-50ml\/","url_meta":{"origin":56209,"position":4},"title":"HARUHARA WONDER BLACK RICE HYALURONIC CREAM 50ml","author":"admin","date":"May 10, 2024","format":false,"excerpt":"Retenant l'hydratation de la peau en cr\u00e9ant une barri\u00e8re protectrice pour \u00e9viter la perte d'humidit\u00e9, ce produit exploite l'acide hyaluronique hautement concentr\u00e9 ainsi que d'autres propri\u00e9t\u00e9s nourrissantes. Certifi\u00e9 v\u00e9g\u00e9talien et non test\u00e9 sur les animaux, il est compos\u00e9 \u00e0 95 % d'ingr\u00e9dients naturels, conforme aux normes EWG-Green. D'une contenance de\u2026","rel":"","context":"Similar post","block_context":{"text":"Similar post","link":""},"img":{"alt_text":"","src":"","width":0,"height":0},"classes":[]},{"id":29453,"url":"https:\/\/sakaba.mghosteur.com\/en\/product\/cosrx-galactomyces-95-tone-balancing-essence\/","url_meta":{"origin":56209,"position":5},"title":"COSRX GALACTOMYCES 95 TONE BALANCING ESSENCE","author":"admin","date":"April 4, 2023","format":false,"excerpt":"D\u00e9couvrez l'essence \u00e9quilibrante de ton Galactomyces 95 de la marque COSRX ! Cette essence multi-action est con\u00e7ue pour les peaux ternes et rugueuses. Elle contient 95% de filtrat de ferment de Galactomyces pour nourrir et hydrater la peau, tout en la rendant plus \u00e9clatante et plus claire. Gr\u00e2ce \u00e0 l'acide\u2026","rel":"","context":"Similar post","block_context":{"text":"Similar post","link":""},"img":{"alt_text":"","src":"","width":0,"height":0},"classes":[]}],"_links":{"self":[{"href":"https:\/\/sakaba.mghosteur.com\/en\/wp-json\/wp\/v2\/product\/56209","targetHints":{"allow":["GET"]}}],"collection":[{"href":"https:\/\/sakaba.mghosteur.com\/en\/wp-json\/wp\/v2\/product"}],"about":[{"href":"https:\/\/sakaba.mghosteur.com\/en\/wp-json\/wp\/v2\/types\/product"}],"replies":[{"embeddable":true,"href":"https:\/\/sakaba.mghosteur.com\/en\/wp-json\/wp\/v2\/comments?post=56209"}],"version-history":[{"count":1,"href":"https:\/\/sakaba.mghosteur.com\/en\/wp-json\/wp\/v2\/product\/56209\/revisions"}],"predecessor-version":[{"id":56211,"href":"https:\/\/sakaba.mghosteur.com\/en\/wp-json\/wp\/v2\/product\/56209\/revisions\/56211"}],"wp:attachment":[{"href":"https:\/\/sakaba.mghosteur.com\/en\/wp-json\/wp\/v2\/media?parent=56209"}],"wp:term":[{"taxonomy":"product_brand","embeddable":true,"href":"https:\/\/sakaba.mghosteur.com\/en\/wp-json\/wp\/v2\/product_brand?post=56209"},{"taxonomy":"product_cat","embeddable":true,"href":"https:\/\/sakaba.mghosteur.com\/en\/wp-json\/wp\/v2\/product_cat?post=56209"},{"taxonomy":"product_tag","embeddable":true,"href":"https:\/\/sakaba.mghosteur.com\/en\/wp-json\/wp\/v2\/product_tag?post=56209"}],"curies":[{"name":"wp","href":"https:\/\/api.w.org\/{rel}","templated":true}]}}