{"id":56216,"date":"2026-01-03T11:41:47","date_gmt":"2026-01-03T11:41:47","guid":{"rendered":"https:\/\/sakaba.mghosteur.com\/?post_type=product&#038;p=56216"},"modified":"2026-01-03T11:41:47","modified_gmt":"2026-01-03T11:41:47","slug":"tree-hut-cotton-candy-shea-sugar-scrub","status":"publish","type":"product","link":"https:\/\/sakaba.mghosteur.com\/en\/product\/tree-hut-cotton-candy-shea-sugar-scrub\/","title":{"rendered":"Tree Hut Cotton Candy Shea Sugar Scrub"},"content":{"rendered":"<ul class=\"a-unordered-list a-vertical a-spacing-mini\">\n<li class=\"a-spacing-mini\"><span class=\"a-list-item\"><span dir=\"auto\">GOMMAGE AU SUCRE BARBE \u00c0 PAPA\u00a0: La marque de gommage corporel n\u00b0\u00a01 aux \u00c9tats-Unis* exfolie en douceur pour \u00e9liminer les cellules mortes et r\u00e9v\u00e9ler une peau douce et lisse. Laissez-vous envo\u00fbter par le parfum gourmand d\u2019une friandise de f\u00eate foraine aux notes de fraise, de sucre fil\u00e9 et de cr\u00e8me sucr\u00e9e.<\/span><\/span><\/li>\n<li class=\"a-spacing-mini\"><span class=\"a-list-item\"><span dir=\"auto\">DES INGR\u00c9DIENTS BIENFAITS POUR LA PEAU\u00a0: Formul\u00e9 avec du vrai sucre, du beurre de karit\u00e9, de la fraise et un m\u00e9lange d\u2019huiles naturelles comme l\u2019avocat, la macadamia, l\u2019orange douce, l\u2019amande douce, l\u2019onagre et le carthame.<\/span><\/span><\/li>\n<li class=\"a-spacing-mini\"><span class=\"a-list-item\"><span dir=\"auto\">REDONNEZ \u00c0 VOTRE PEAU SON \u00c9CLAT NATUREL\u00a0: Le sucre est un exfoliant naturel qui \u00e9limine efficacement les cellules mortes tout en stimulant la circulation sanguine \u00e0 la surface de la peau\u00a0; la fraise contient des antioxydants et de la vitamine C b\u00e9n\u00e9fiques pour la peau, qui aident \u00e0 la revitaliser et \u00e0 l\u2019hydrater.<\/span><\/span><\/li>\n<li class=\"a-spacing-mini\"><span class=\"a-list-item\"><span dir=\"auto\">NOURRIT ET ADOUCIT LA PEAUX S\u00c8CHES\u00a0: Le beurre de karit\u00e9 hydrate, nourrit et adoucit en profondeur les peaux s\u00e8ches tout en favorisant leur \u00e9lasticit\u00e9. Un m\u00e9lange d\u2019huiles naturelles revitalise la peau pour pr\u00e9venir le dess\u00e8chement et \u00e9quilibrer son hydratation, pour un teint \u00e9clatant.<\/span><\/span><\/li>\n<li class=\"a-spacing-mini\"><span class=\"a-list-item\"><span dir=\"auto\">SUBLIMEZ VOTRE ROUTINE DE DOUCHE\u00a0: Sans alcool, sans formald\u00e9hyde, sans gluten, sans parab\u00e8nes, sans sulfates et v\u00e9gan\u00a0; parfait pour tous les types de peau et id\u00e9al pour pr\u00e9parer la peau avant le rasage, le bronzage ou pour raviver son \u00e9clat de jeunesse.<\/span><\/span><\/li>\n<\/ul>","protected":false},"excerpt":{"rendered":"<p>GOMMAGE AU SUCRE BARBE \u00c0 PAPA\u00a0: La marque de gommage corporel n\u00b0\u00a01 aux \u00c9tats-Unis* exfolie en douceur pour \u00e9liminer les cellules mortes et r\u00e9v\u00e9ler une peau douce et lisse. Laissez-vous envo\u00fbter par le parfum gourmand d\u2019une friandise de f\u00eate foraine aux notes de fraise, de sucre fil\u00e9 et de cr\u00e8me sucr\u00e9e. DES INGR\u00c9DIENTS BIENFAITS POUR<span class=\"read-more-faq\"><a href=\"https:\/\/sakaba.mghosteur.com\/en\/product\/tree-hut-cotton-candy-shea-sugar-scrub\/\">Read More<\/a><\/span><\/p>","protected":false},"featured_media":0,"comment_status":"open","ping_status":"closed","template":"","meta":[],"product_brand":[995],"product_cat":[361],"product_tag":[],"class_list":{"0":"post-56216","1":"product","2":"type-product","3":"status-publish","5":"product_brand-tree-hut","6":"product_cat-gommage-corps","8":"first","9":"instock","10":"shipping-taxable","11":"product-type-simple"},"jetpack-related-posts":[{"id":56229,"url":"https:\/\/sakaba.mghosteur.com\/en\/product\/tree-hut-vanilla-shea-sugar-scrub\/","url_meta":{"origin":56216,"position":0},"title":"Tree Hut Vanilla Shea Sugar Scrub","author":"Sope DIA","date":"January 3, 2026","format":false,"excerpt":"GOMMAGE AU SUCRE ET \u00c0 LA VANILLE : La marque de gommage corporel n\u00b0 1 aux \u00c9tats-Unis\u00a0 exfolie en douceur pour \u00e9liminer les cellules mortes et r\u00e9v\u00e9ler une peau douce et lisse. Laissez-vous envo\u00fbter par le parfum onctueux de la vanille cr\u00e9meuse, rehauss\u00e9 de notes chaudes de santal et de\u2026","rel":"","context":"Similar post","block_context":{"text":"Similar post","link":""},"img":{"alt_text":"","src":"","width":0,"height":0},"classes":[]},{"id":24412,"url":"https:\/\/sakaba.mghosteur.com\/en\/product\/palmers-coconut-sugar-facial-scrub\/","url_meta":{"origin":56216,"position":1},"title":"PALMERS COCONUT SUGAR FACIAL SCRUB","author":"admin","date":"November 10, 2022","format":false,"excerpt":"D\u00e9couvrez l'huile pour le visage \u00e0 la noix de coco Palmer's, un produit qui peut faire des merveilles pour votre peau. Cette huile est con\u00e7ue pour polir, exfolier et adoucir votre peau, tout en resurfa\u00e7ant sa texture pour un teint plus lumineux et plus frais. Il est suffisamment doux pour\u2026","rel":"","context":"Similar post","block_context":{"text":"Similar post","link":""},"img":{"alt_text":"","src":"","width":0,"height":0},"classes":[]},{"id":56221,"url":"https:\/\/sakaba.mghosteur.com\/en\/product\/tree-hut-tangerine-shea-sugar-scrub\/","url_meta":{"origin":56216,"position":2},"title":"Tree Hut Tangerine Shea Sugar Scrub","author":"Sope DIA","date":"January 3, 2026","format":false,"excerpt":"PARFUMS EXCEPTIONNELS : Un plaisir hesp\u00e9rid\u00e9 aux notes de mandarine juteuse, de pamplemousse et d'orange, avec une touche de bois de santal. R\u00c9V\u00c9LEZ UNE PEAU \u00c9CLATANTE\u00a0: Appliquez une quantit\u00e9 g\u00e9n\u00e9reuse de gommage corporel Tree Hut sur peau humide ou s\u00e8che. Massez en mouvements circulaires pour une application uniforme et une\u2026","rel":"","context":"Similar post","block_context":{"text":"Similar post","link":""},"img":{"alt_text":"","src":"","width":0,"height":0},"classes":[]},{"id":26605,"url":"https:\/\/sakaba.mghosteur.com\/en\/product\/fenty-skin-buff-ryder-exfoliating-body-scrub\/","url_meta":{"origin":56216,"position":3},"title":"FENTY SKIN BUFF RYDER EXFOLIATING BODY  SCRUB","author":"admin","date":"November 28, 2022","format":false,"excerpt":"D\u00e9couvrez le BUFF RYDER EXFOLIATING BODY SCRUB WITH SUPERFINE SAND + FRUIT ENZYMES de la marque FENTY, le gommage corporel inspir\u00e9 de la Barbade qui transformera votre peau en une douceur soyeuse en un rien de temps. Ce m\u00e9lange unique de sucre, de sel, de sable ultrafin, d'enzymes de fruits\u2026","rel":"","context":"Similar post","block_context":{"text":"Similar post","link":""},"img":{"alt_text":"","src":"","width":0,"height":0},"classes":[]},{"id":33045,"url":"https:\/\/sakaba.mghosteur.com\/en\/product\/dove-exfoliant-body-polish-rice-milk\/","url_meta":{"origin":56216,"position":4},"title":"DOVE EXFOLIANT BODY POLISH RICE MILK","author":"admin","date":"May 17, 2024","format":false,"excerpt":"Un gommage corporel cr\u00e9meux enrichi au lait de riz et \u00e0 la macadamia qui utilise une exfoliation mod\u00e9r\u00e9e pour r\u00e9v\u00e9ler une peau douce et soyeuse. Le gommage corporel exfoliant utilise une exfoliation mod\u00e9r\u00e9e pour \u00e9liminer les peaux mortes \u2022 Formule avec des nettoyants sans sulfate SLES d'origine naturelle \u2022 Formul\u00e9\u2026","rel":"","context":"Similar post","block_context":{"text":"Similar post","link":""},"img":{"alt_text":"","src":"","width":0,"height":0},"classes":[]},{"id":33039,"url":"https:\/\/sakaba.mghosteur.com\/en\/product\/dove-exfoliant-body-polish-mango\/","url_meta":{"origin":56216,"position":5},"title":"DOVE EXFOLIANT BODY POLISH MANGO","author":"admin","date":"May 17, 2024","format":false,"excerpt":"Un gommage corporel au parfum de mangue tropicale qui r\u00e9v\u00e8le votre \u00e9clat naturel en exfoliant mod\u00e9r\u00e9ment la peau. Le gommage corporel utilise une exfoliation mod\u00e9r\u00e9e pour \u00e9liminer la peau terne \u2022 Formul\u00e9 avec des nettoyants sans sulfate d'origine naturelle \u2022 Parfum de mangue juteuse et d'amande cr\u00e9meuse \u2022 Avec \u00bc\u2026","rel":"","context":"Similar post","block_context":{"text":"Similar post","link":""},"img":{"alt_text":"","src":"","width":0,"height":0},"classes":[]}],"_links":{"self":[{"href":"https:\/\/sakaba.mghosteur.com\/en\/wp-json\/wp\/v2\/product\/56216","targetHints":{"allow":["GET"]}}],"collection":[{"href":"https:\/\/sakaba.mghosteur.com\/en\/wp-json\/wp\/v2\/product"}],"about":[{"href":"https:\/\/sakaba.mghosteur.com\/en\/wp-json\/wp\/v2\/types\/product"}],"replies":[{"embeddable":true,"href":"https:\/\/sakaba.mghosteur.com\/en\/wp-json\/wp\/v2\/comments?post=56216"}],"version-history":[{"count":1,"href":"https:\/\/sakaba.mghosteur.com\/en\/wp-json\/wp\/v2\/product\/56216\/revisions"}],"predecessor-version":[{"id":56217,"href":"https:\/\/sakaba.mghosteur.com\/en\/wp-json\/wp\/v2\/product\/56216\/revisions\/56217"}],"wp:attachment":[{"href":"https:\/\/sakaba.mghosteur.com\/en\/wp-json\/wp\/v2\/media?parent=56216"}],"wp:term":[{"taxonomy":"product_brand","embeddable":true,"href":"https:\/\/sakaba.mghosteur.com\/en\/wp-json\/wp\/v2\/product_brand?post=56216"},{"taxonomy":"product_cat","embeddable":true,"href":"https:\/\/sakaba.mghosteur.com\/en\/wp-json\/wp\/v2\/product_cat?post=56216"},{"taxonomy":"product_tag","embeddable":true,"href":"https:\/\/sakaba.mghosteur.com\/en\/wp-json\/wp\/v2\/product_tag?post=56216"}],"curies":[{"name":"wp","href":"https:\/\/api.w.org\/{rel}","templated":true}]}}