{"id":56221,"date":"2026-01-03T11:52:06","date_gmt":"2026-01-03T11:52:06","guid":{"rendered":"https:\/\/sakaba.mghosteur.com\/?post_type=product&#038;p=56221"},"modified":"2026-01-03T11:52:06","modified_gmt":"2026-01-03T11:52:06","slug":"tree-hut-tangerine-shea-sugar-scrub","status":"publish","type":"product","link":"https:\/\/sakaba.mghosteur.com\/en\/product\/tree-hut-tangerine-shea-sugar-scrub\/","title":{"rendered":"Tree Hut Tangerine Shea Sugar Scrub"},"content":{"rendered":"<ul class=\"a-unordered-list a-vertical a-spacing-mini\">\n<li class=\"a-spacing-mini\"><span class=\"a-list-item\"><span dir=\"auto\">PARFUMS EXCEPTIONNELS : Un plaisir hesp\u00e9rid\u00e9 aux notes de mandarine juteuse, de pamplemousse et d&#8217;orange, avec une touche de bois de santal.<\/span><\/span><\/li>\n<li class=\"a-spacing-mini\"><span class=\"a-list-item\"><span dir=\"auto\">R\u00c9V\u00c9LEZ UNE PEAU \u00c9CLATANTE\u00a0: Appliquez une quantit\u00e9 g\u00e9n\u00e9reuse de gommage corporel Tree Hut sur peau humide ou s\u00e8che. Massez en mouvements circulaires pour une application uniforme et une exfoliation efficace. Rincez abondamment et profitez d\u2019une peau douce et soyeuse. Notre formule unique, \u00e0 base de sucre et d\u2019huiles naturelles, \u00e9limine en douceur les cellules mortes pour r\u00e9v\u00e9ler un teint radieux.<\/span><\/span><\/li>\n<li class=\"a-spacing-mini\"><span class=\"a-list-item\"><span dir=\"auto\">DU VRAI BEURRE DE KARIT\u00c9, DE VRAIS R\u00c9SULTATS\u00a0: Notre beurre de karit\u00e9 de qualit\u00e9 sup\u00e9rieure, 100\u00a0% naturel, hydrate intens\u00e9ment, nourrit et adoucit les peaux s\u00e8ches, tout en favorisant leur \u00e9lasticit\u00e9 et leur hydratation sans les dess\u00e9cher. Notre gommage au sucre et au beurre de karit\u00e9 est fi\u00e8rement v\u00e9gan, sans parab\u00e8nes, sans sulfates, sans alcool, sans formald\u00e9hyde et non test\u00e9 sur les animaux.<\/span><\/span><\/li>\n<li class=\"a-spacing-mini\"><span class=\"a-list-item\"><span dir=\"auto\">SUBLIMEZ VOTRE ROUTINE DE DOUCHE\u00a0: Nos formules, riches en ingr\u00e9dients v\u00e9g\u00e9taux bienfaisants, laissent votre peau saine et forte. Notre gamme enrichit votre routine de douche gr\u00e2ce \u00e0 des ingr\u00e9dients naturels adapt\u00e9s \u00e0 tous les types de peau. Le gommage au sucre et au beurre de karit\u00e9 Tree Hut est id\u00e9al pour pr\u00e9parer votre peau au rasage, au bronzage ou pour raviver son \u00e9clat de jeunesse.<\/span><\/span><\/li>\n<li class=\"a-spacing-mini\"><span class=\"a-list-item\"><span dir=\"auto\">FABRIQU\u00c9 AUX \u00c9TATS-UNIS\u00a0: Notre marque familiale propose des soins pour la peau et le corps fabriqu\u00e9s aux \u00c9tats-Unis, transformant votre routine d\u2019hygi\u00e8ne en un v\u00e9ritable rituel de bien-\u00eatre. Avec notre collection de gommages corporels Tree Hut, nos produits de rasage et nos hydratants corporels, best-sellers, Tree Hut vous offre des parfums longue dur\u00e9e et un teint \u00e9clatant.<\/span><\/span><\/li>\n<\/ul>","protected":false},"excerpt":{"rendered":"<p>PARFUMS EXCEPTIONNELS : Un plaisir hesp\u00e9rid\u00e9 aux notes de mandarine juteuse, de pamplemousse et d&#8217;orange, avec une touche de bois de santal. R\u00c9V\u00c9LEZ UNE PEAU \u00c9CLATANTE\u00a0: Appliquez une quantit\u00e9 g\u00e9n\u00e9reuse de gommage corporel Tree Hut sur peau humide ou s\u00e8che. Massez en mouvements circulaires pour une application uniforme et une exfoliation efficace. Rincez abondamment et<span class=\"read-more-faq\"><a href=\"https:\/\/sakaba.mghosteur.com\/en\/product\/tree-hut-tangerine-shea-sugar-scrub\/\">Read More<\/a><\/span><\/p>","protected":false},"featured_media":0,"comment_status":"open","ping_status":"closed","template":"","meta":[],"product_brand":[995],"product_cat":[361],"product_tag":[],"class_list":{"0":"post-56221","1":"product","2":"type-product","3":"status-publish","5":"product_brand-tree-hut","6":"product_cat-gommage-corps","8":"first","9":"instock","10":"shipping-taxable","11":"product-type-simple"},"jetpack-related-posts":[{"id":56216,"url":"https:\/\/sakaba.mghosteur.com\/en\/product\/tree-hut-cotton-candy-shea-sugar-scrub\/","url_meta":{"origin":56221,"position":0},"title":"Tree Hut Cotton Candy Shea Sugar Scrub","author":"Sope DIA","date":"January 3, 2026","format":false,"excerpt":"GOMMAGE AU SUCRE BARBE \u00c0 PAPA\u00a0: La marque de gommage corporel n\u00b0\u00a01 aux \u00c9tats-Unis* exfolie en douceur pour \u00e9liminer les cellules mortes et r\u00e9v\u00e9ler une peau douce et lisse. Laissez-vous envo\u00fbter par le parfum gourmand d\u2019une friandise de f\u00eate foraine aux notes de fraise, de sucre fil\u00e9 et de cr\u00e8me\u2026","rel":"","context":"Similar post","block_context":{"text":"Similar post","link":""},"img":{"alt_text":"","src":"","width":0,"height":0},"classes":[]},{"id":56238,"url":"https:\/\/sakaba.mghosteur.com\/en\/product\/tree-hut-vanilla-whipped-shea-body-butter\/","url_meta":{"origin":56221,"position":1},"title":"Tree Hut Vanilla Whipped Shea Body Butter","author":"Sope DIA","date":"January 3, 2026","format":false,"excerpt":"BEURRE CORPOREL \u00c0 LA VANILLE : Ce beurre corporel fouett\u00e9 hydrate durablement la peau et la laisse douce, lisse et \u00e9clatante. Son parfum chaud et onctueux m\u00eale des notes de vanille onctueuse, de bois de santal et de cr\u00e8me de coco. INGR\u00c9DIENTS BIENFAISANTS POUR LA PEAU\u00a0: Formul\u00e9 \u00e0 base de\u2026","rel":"","context":"Similar post","block_context":{"text":"Similar post","link":""},"img":{"alt_text":"","src":"","width":0,"height":0},"classes":[]},{"id":56229,"url":"https:\/\/sakaba.mghosteur.com\/en\/product\/tree-hut-vanilla-shea-sugar-scrub\/","url_meta":{"origin":56221,"position":2},"title":"Tree Hut Vanilla Shea Sugar Scrub","author":"Sope DIA","date":"January 3, 2026","format":false,"excerpt":"GOMMAGE AU SUCRE ET \u00c0 LA VANILLE : La marque de gommage corporel n\u00b0 1 aux \u00c9tats-Unis\u00a0 exfolie en douceur pour \u00e9liminer les cellules mortes et r\u00e9v\u00e9ler une peau douce et lisse. Laissez-vous envo\u00fbter par le parfum onctueux de la vanille cr\u00e9meuse, rehauss\u00e9 de notes chaudes de santal et de\u2026","rel":"","context":"Similar post","block_context":{"text":"Similar post","link":""},"img":{"alt_text":"","src":"","width":0,"height":0},"classes":[]},{"id":32195,"url":"https:\/\/sakaba.mghosteur.com\/en\/product\/tree-hut-whippep-shea-boby-butter-watermelon\/","url_meta":{"origin":56221,"position":3},"title":"TREE HUT WHIPPEP BOBY BUTTER WATERMELON","author":"admin","date":"May 13, 2024","format":false,"excerpt":"Imaginez une peau lisse et hydrat\u00e9e sans le poids des beurres corporels traditionnels. Le beurre corporel de karit\u00e9 fouett\u00e9 \u00e0 la past\u00e8que Tree Hut est le soin parfait pour la peau apr\u00e8s le bain ou comme rafra\u00eechisseur de peau. Il laissera votre peau douce et avec une odeur incroyable !\u2026","rel":"","context":"Similar post","block_context":{"text":"Similar post","link":""},"img":{"alt_text":"","src":"","width":0,"height":0},"classes":[]},{"id":56226,"url":"https:\/\/sakaba.mghosteur.com\/en\/product\/tree-hut-tropical-mango-shea-sugar-scrub\/","url_meta":{"origin":56221,"position":4},"title":"Tree Hut Tropical Mango Shea Sugar Scrub","author":"Sope DIA","date":"January 3, 2026","format":false,"excerpt":"BEURRE DE KARIT\u00c9 100 % PUR ET NATUREL - Soin hydratant de qualit\u00e9 sup\u00e9rieure qui adoucit et lisse merveilleusement les peaux s\u00e8ches et gerc\u00e9es. HUILE DE GRAINES DE CARTHAME, HUILE D'AVOCAT, HUILE D'AMANDE DOUCE, HUILE DE GRAINES DE MACADAMIA, HUILE D'ORANGE - Des soins cutan\u00e9s exceptionnels qui pr\u00e9viennent le dess\u00e8chement\u2026","rel":"","context":"Similar post","block_context":{"text":"Similar post","link":""},"img":{"alt_text":"","src":"","width":0,"height":0},"classes":[]},{"id":56218,"url":"https:\/\/sakaba.mghosteur.com\/en\/product\/tree-hut-moroccan-rose-shea-sugar-scrub\/","url_meta":{"origin":56221,"position":5},"title":"Tree Hut Moroccan Rose Shea Sugar Scrub","author":"Sope DIA","date":"January 3, 2026","format":false,"excerpt":"BEURRE DE KARIT\u00c9 100 % PUR ET NATUREL - Soin hydratant de qualit\u00e9 sup\u00e9rieure qui adoucit et lisse merveilleusement les peaux s\u00e8ches et gerc\u00e9es. HUILE DE GRAINES DE CARTHAME, HUILE D'AVOCAT, HUILE D'AMANDE DOUCE, HUILE DE GRAINES DE MACADAMIA, HUILE D'ORANGE - Des soins cutan\u00e9s exceptionnels qui pr\u00e9viennent le dess\u00e8chement\u2026","rel":"","context":"Similar post","block_context":{"text":"Similar post","link":""},"img":{"alt_text":"","src":"","width":0,"height":0},"classes":[]}],"_links":{"self":[{"href":"https:\/\/sakaba.mghosteur.com\/en\/wp-json\/wp\/v2\/product\/56221","targetHints":{"allow":["GET"]}}],"collection":[{"href":"https:\/\/sakaba.mghosteur.com\/en\/wp-json\/wp\/v2\/product"}],"about":[{"href":"https:\/\/sakaba.mghosteur.com\/en\/wp-json\/wp\/v2\/types\/product"}],"replies":[{"embeddable":true,"href":"https:\/\/sakaba.mghosteur.com\/en\/wp-json\/wp\/v2\/comments?post=56221"}],"version-history":[{"count":1,"href":"https:\/\/sakaba.mghosteur.com\/en\/wp-json\/wp\/v2\/product\/56221\/revisions"}],"predecessor-version":[{"id":56223,"href":"https:\/\/sakaba.mghosteur.com\/en\/wp-json\/wp\/v2\/product\/56221\/revisions\/56223"}],"wp:attachment":[{"href":"https:\/\/sakaba.mghosteur.com\/en\/wp-json\/wp\/v2\/media?parent=56221"}],"wp:term":[{"taxonomy":"product_brand","embeddable":true,"href":"https:\/\/sakaba.mghosteur.com\/en\/wp-json\/wp\/v2\/product_brand?post=56221"},{"taxonomy":"product_cat","embeddable":true,"href":"https:\/\/sakaba.mghosteur.com\/en\/wp-json\/wp\/v2\/product_cat?post=56221"},{"taxonomy":"product_tag","embeddable":true,"href":"https:\/\/sakaba.mghosteur.com\/en\/wp-json\/wp\/v2\/product_tag?post=56221"}],"curies":[{"name":"wp","href":"https:\/\/api.w.org\/{rel}","templated":true}]}}