{"id":56224,"date":"2026-01-03T11:59:18","date_gmt":"2026-01-03T11:59:18","guid":{"rendered":"https:\/\/sakaba.mghosteur.com\/?post_type=product&#038;p=56224"},"modified":"2026-01-03T13:56:01","modified_gmt":"2026-01-03T13:56:01","slug":"tree-hut-strawberry-shea-sugar-scrub-2","status":"publish","type":"product","link":"https:\/\/sakaba.mghosteur.com\/en\/product\/tree-hut-strawberry-shea-sugar-scrub-2\/","title":{"rendered":"Tree Hut Strawberry Shea Sugar Scrub"},"content":{"rendered":"<ul class=\"a-unordered-list a-vertical a-spacing-mini\">\n<li class=\"a-spacing-mini\"><span class=\"a-list-item\"><span dir=\"auto\">Revitalisez votre peau\u00a0: notre gommage corporel exfoliant \u00e9limine en douceur les rugosit\u00e9s, r\u00e9v\u00e9lant une peau fra\u00eeche et lisse. Profitez d\u2019une sensation de douceur et de rajeunissement qui sublime votre beaut\u00e9 naturelle\u00a0!<\/span><\/span><\/li>\n<li class=\"a-spacing-mini\"><span class=\"a-list-item\"><span dir=\"auto\">Hydratation intense : Formul\u00e9 avec des ingr\u00e9dients nourrissants, ce gommage \u00e9quilibre l&#8217;hydratation de votre peau, aidant \u00e0 restaurer son hydratation naturelle pour un teint sain et \u00e9clatant.<\/span><\/span><\/li>\n<li class=\"a-spacing-mini\"><span class=\"a-list-item\"><span dir=\"auto\">Soin enrichi \u00e0 la fraise\u00a0: Infus\u00e9 d\u2019extrait de fraise, reconnu pour ses antioxydants et sa vitamine C, ce gommage procure une hydratation intense, favorisant la sant\u00e9 et la vitalit\u00e9 de la peau.<\/span><\/span><\/li>\n<li class=\"a-spacing-mini\"><span class=\"a-list-item\"><span dir=\"auto\">Parfum rafra\u00eechissant\u00a0: Appr\u00e9ciez le d\u00e9licieux parfum de fraises fra\u00eeches et d\u2019orange acidul\u00e9e. Ce parfum vivifiant apporte une touche de joie \u00e0 votre routine de soin, transformant chaque application en un v\u00e9ritable plaisir\u00a0!<\/span><\/span><\/li>\n<li class=\"a-spacing-mini\"><span class=\"a-list-item\"><span dir=\"auto\">Doux et efficace : con\u00e7u pour tous les types de peau, notre gommage exfolie en douceur et r\u00e9v\u00e8le la beaut\u00e9 naturelle de votre peau. R\u00e9v\u00e9lez l&#8217;\u00e9clat unique de votre peau au quotidien !<\/span><\/span><\/li>\n<\/ul>","protected":false},"excerpt":{"rendered":"<p>Revitalisez votre peau\u00a0: notre gommage corporel exfoliant \u00e9limine en douceur les rugosit\u00e9s, r\u00e9v\u00e9lant une peau fra\u00eeche et lisse. Profitez d\u2019une sensation de douceur et de rajeunissement qui sublime votre beaut\u00e9 naturelle\u00a0! Hydratation intense : Formul\u00e9 avec des ingr\u00e9dients nourrissants, ce gommage \u00e9quilibre l&#8217;hydratation de votre peau, aidant \u00e0 restaurer son hydratation naturelle pour un teint<span class=\"read-more-faq\"><a href=\"https:\/\/sakaba.mghosteur.com\/en\/product\/tree-hut-strawberry-shea-sugar-scrub-2\/\">Read More<\/a><\/span><\/p>","protected":false},"featured_media":0,"comment_status":"open","ping_status":"closed","template":"","meta":[],"product_brand":[995],"product_cat":[361],"product_tag":[],"class_list":{"0":"post-56224","1":"product","2":"type-product","3":"status-publish","5":"product_brand-tree-hut","6":"product_cat-gommage-corps","8":"first","9":"instock","10":"shipping-taxable","11":"product-type-simple"},"jetpack-related-posts":[{"id":56216,"url":"https:\/\/sakaba.mghosteur.com\/en\/product\/tree-hut-cotton-candy-shea-sugar-scrub\/","url_meta":{"origin":56224,"position":0},"title":"Tree Hut Cotton Candy Shea Sugar Scrub","author":"Sope DIA","date":"January 3, 2026","format":false,"excerpt":"GOMMAGE AU SUCRE BARBE \u00c0 PAPA\u00a0: La marque de gommage corporel n\u00b0\u00a01 aux \u00c9tats-Unis* exfolie en douceur pour \u00e9liminer les cellules mortes et r\u00e9v\u00e9ler une peau douce et lisse. Laissez-vous envo\u00fbter par le parfum gourmand d\u2019une friandise de f\u00eate foraine aux notes de fraise, de sucre fil\u00e9 et de cr\u00e8me\u2026","rel":"","context":"Similar post","block_context":{"text":"Similar post","link":""},"img":{"alt_text":"","src":"","width":0,"height":0},"classes":[]},{"id":56221,"url":"https:\/\/sakaba.mghosteur.com\/en\/product\/tree-hut-tangerine-shea-sugar-scrub\/","url_meta":{"origin":56224,"position":1},"title":"Tree Hut Tangerine Shea Sugar Scrub","author":"Sope DIA","date":"January 3, 2026","format":false,"excerpt":"PARFUMS EXCEPTIONNELS : Un plaisir hesp\u00e9rid\u00e9 aux notes de mandarine juteuse, de pamplemousse et d'orange, avec une touche de bois de santal. R\u00c9V\u00c9LEZ UNE PEAU \u00c9CLATANTE\u00a0: Appliquez une quantit\u00e9 g\u00e9n\u00e9reuse de gommage corporel Tree Hut sur peau humide ou s\u00e8che. Massez en mouvements circulaires pour une application uniforme et une\u2026","rel":"","context":"Similar post","block_context":{"text":"Similar post","link":""},"img":{"alt_text":"","src":"","width":0,"height":0},"classes":[]},{"id":33045,"url":"https:\/\/sakaba.mghosteur.com\/en\/product\/dove-exfoliant-body-polish-rice-milk\/","url_meta":{"origin":56224,"position":2},"title":"DOVE EXFOLIANT BODY POLISH RICE MILK","author":"admin","date":"May 17, 2024","format":false,"excerpt":"Un gommage corporel cr\u00e9meux enrichi au lait de riz et \u00e0 la macadamia qui utilise une exfoliation mod\u00e9r\u00e9e pour r\u00e9v\u00e9ler une peau douce et soyeuse. Le gommage corporel exfoliant utilise une exfoliation mod\u00e9r\u00e9e pour \u00e9liminer les peaux mortes \u2022 Formule avec des nettoyants sans sulfate SLES d'origine naturelle \u2022 Formul\u00e9\u2026","rel":"","context":"Similar post","block_context":{"text":"Similar post","link":""},"img":{"alt_text":"","src":"","width":0,"height":0},"classes":[]},{"id":33039,"url":"https:\/\/sakaba.mghosteur.com\/en\/product\/dove-exfoliant-body-polish-mango\/","url_meta":{"origin":56224,"position":3},"title":"DOVE EXFOLIANT BODY POLISH MANGO","author":"admin","date":"May 17, 2024","format":false,"excerpt":"Un gommage corporel au parfum de mangue tropicale qui r\u00e9v\u00e8le votre \u00e9clat naturel en exfoliant mod\u00e9r\u00e9ment la peau. Le gommage corporel utilise une exfoliation mod\u00e9r\u00e9e pour \u00e9liminer la peau terne \u2022 Formul\u00e9 avec des nettoyants sans sulfate d'origine naturelle \u2022 Parfum de mangue juteuse et d'amande cr\u00e9meuse \u2022 Avec \u00bc\u2026","rel":"","context":"Similar post","block_context":{"text":"Similar post","link":""},"img":{"alt_text":"","src":"","width":0,"height":0},"classes":[]},{"id":33036,"url":"https:\/\/sakaba.mghosteur.com\/en\/product\/dove-exfoliant-body-polish-brown-sugar-coconut\/","url_meta":{"origin":56224,"position":4},"title":"DOVE EXFOLIANT BODY POLISH BROWN SUGAR &amp; COCONUT","author":"admin","date":"May 17, 2024","format":false,"excerpt":"Un gommage corporel au doux parfum de noix de coco qui r\u00e9v\u00e8le votre \u00e9clat naturel en exfoliant la peau en profondeur. Le gommage corporel exfoliant \u00e9limine la peau terne et s\u00e8che \u2022 Fabriqu\u00e9 \u00e0 partir de nettoyants naturels sans sulfate \u2022 Enrichi avec \u00bc de cr\u00e8me hydratante pour prendre soin\u2026","rel":"","context":"Similar post","block_context":{"text":"Similar post","link":""},"img":{"alt_text":"","src":"","width":0,"height":0},"classes":[]},{"id":56229,"url":"https:\/\/sakaba.mghosteur.com\/en\/product\/tree-hut-vanilla-shea-sugar-scrub\/","url_meta":{"origin":56224,"position":5},"title":"Tree Hut Vanilla Shea Sugar Scrub","author":"Sope DIA","date":"January 3, 2026","format":false,"excerpt":"GOMMAGE AU SUCRE ET \u00c0 LA VANILLE : La marque de gommage corporel n\u00b0 1 aux \u00c9tats-Unis\u00a0 exfolie en douceur pour \u00e9liminer les cellules mortes et r\u00e9v\u00e9ler une peau douce et lisse. Laissez-vous envo\u00fbter par le parfum onctueux de la vanille cr\u00e9meuse, rehauss\u00e9 de notes chaudes de santal et de\u2026","rel":"","context":"Similar post","block_context":{"text":"Similar post","link":""},"img":{"alt_text":"","src":"","width":0,"height":0},"classes":[]}],"_links":{"self":[{"href":"https:\/\/sakaba.mghosteur.com\/en\/wp-json\/wp\/v2\/product\/56224","targetHints":{"allow":["GET"]}}],"collection":[{"href":"https:\/\/sakaba.mghosteur.com\/en\/wp-json\/wp\/v2\/product"}],"about":[{"href":"https:\/\/sakaba.mghosteur.com\/en\/wp-json\/wp\/v2\/types\/product"}],"replies":[{"embeddable":true,"href":"https:\/\/sakaba.mghosteur.com\/en\/wp-json\/wp\/v2\/comments?post=56224"}],"version-history":[{"count":1,"href":"https:\/\/sakaba.mghosteur.com\/en\/wp-json\/wp\/v2\/product\/56224\/revisions"}],"predecessor-version":[{"id":56225,"href":"https:\/\/sakaba.mghosteur.com\/en\/wp-json\/wp\/v2\/product\/56224\/revisions\/56225"}],"wp:attachment":[{"href":"https:\/\/sakaba.mghosteur.com\/en\/wp-json\/wp\/v2\/media?parent=56224"}],"wp:term":[{"taxonomy":"product_brand","embeddable":true,"href":"https:\/\/sakaba.mghosteur.com\/en\/wp-json\/wp\/v2\/product_brand?post=56224"},{"taxonomy":"product_cat","embeddable":true,"href":"https:\/\/sakaba.mghosteur.com\/en\/wp-json\/wp\/v2\/product_cat?post=56224"},{"taxonomy":"product_tag","embeddable":true,"href":"https:\/\/sakaba.mghosteur.com\/en\/wp-json\/wp\/v2\/product_tag?post=56224"}],"curies":[{"name":"wp","href":"https:\/\/api.w.org\/{rel}","templated":true}]}}