{"id":56232,"date":"2026-01-03T12:19:10","date_gmt":"2026-01-03T12:19:10","guid":{"rendered":"https:\/\/sakaba.mghosteur.com\/?post_type=product&#038;p=56232"},"modified":"2026-01-03T12:19:10","modified_gmt":"2026-01-03T12:19:10","slug":"tree-hut-vitamin-c-shea-sugar-scrub","status":"publish","type":"product","link":"https:\/\/sakaba.mghosteur.com\/en\/product\/tree-hut-vitamin-c-shea-sugar-scrub\/","title":{"rendered":"Tree Hut Vitamin C Shea Sugar Scrub"},"content":{"rendered":"<p>Le gommage exfoliant pour le corps \u00e9limine la peau terne et s\u00e8che pour r\u00e9v\u00e9ler une peau \u00e9clatante, douce et lisse. Il nourrit en profondeur et \u00e9quilibre l\u2019hydratation de la peau pour aider \u00e0 restaurer l\u2019\u00e9clat naturel de la peau.<\/p>","protected":false},"excerpt":{"rendered":"<p>Le gommage exfoliant pour le corps \u00e9limine la peau terne et s\u00e8che pour r\u00e9v\u00e9ler une peau \u00e9clatante, douce et lisse. Il nourrit en profondeur et \u00e9quilibre l\u2019hydratation de la peau pour aider \u00e0 restaurer l\u2019\u00e9clat naturel de la peau.<\/p>","protected":false},"featured_media":0,"comment_status":"open","ping_status":"closed","template":"","meta":[],"product_brand":[995],"product_cat":[361],"product_tag":[],"class_list":{"0":"post-56232","1":"product","2":"type-product","3":"status-publish","5":"product_brand-tree-hut","6":"product_cat-gommage-corps","8":"first","9":"instock","10":"shipping-taxable","11":"product-type-simple"},"jetpack-related-posts":[{"id":56126,"url":"https:\/\/sakaba.mghosteur.com\/en\/product\/advanced-clinicals-vitamin-c-brightening-body-oil\/","url_meta":{"origin":56232,"position":0},"title":"Advanced Clinicals Vitamin C Brightening Body Oil","author":"Sope DIA","date":"January 2, 2026","format":false,"excerpt":"L'HUILE CORPORELLE \u00c0 LA VITAMINE C REVIENT LES TEINTS TERN\u00c9S POUR UN \u00c9CLAT \u00c9CLATANT ET SOUPLE \u2013 Cette huile corporelle nourrissante am\u00e9liore l'hydratation tout en adoucissant l'apparence des peaux irr\u00e9guli\u00e8res et ternes. La peau est douce, visiblement rafra\u00eechie et revitalis\u00e9e, avec un \u00e9clat sain. Formul\u00e9e par des chimistes cosm\u00e9tiques pour\u2026","rel":"","context":"Similar post","block_context":{"text":"Similar post","link":""},"img":{"alt_text":"","src":"","width":0,"height":0},"classes":[]},{"id":31547,"url":"https:\/\/sakaba.mghosteur.com\/en\/product\/vaseline-glutha-hya-serum-burst-lotion-overnight-radiance-repair\/","url_meta":{"origin":56232,"position":1},"title":"VASELINE GLUTHA HYA SERUM BURST LOTION OVERNIGHT RADIANCE REPAIR","author":"admin","date":"May 10, 2024","format":false,"excerpt":"D\u00e9couvrez le Lotion Eclat Nuit R\u00e9paratrice Vaseline\u00ae Gluta-Hya Serum Burst, une solution aussi puissante que 10 masques en feuille, mais avec une texture l\u00e9g\u00e8re qui \u00e9clate en gouttelettes d'eau pour une absorption en profondeur par votre peau. Ressentez la diff\u00e9rence avec une peau plus \u00e9clatante et repulp\u00e9e. Avantages : Formul\u00e9\u2026","rel":"","context":"Similar post","block_context":{"text":"Similar post","link":""},"img":{"alt_text":"","src":"","width":0,"height":0},"classes":[]},{"id":56147,"url":"https:\/\/sakaba.mghosteur.com\/en\/product\/beauty-of-joseon-glow-deep-serum-rice-alpha-arbutin-2\/","url_meta":{"origin":56232,"position":2},"title":"Beauty of Joseon Glow Deep Serum  Rice + Alpha-Arbutin","author":"Sope DIA","date":"January 2, 2026","format":false,"excerpt":"R\u00e9v\u00e9lation \u00e9clatante\u00a0: D\u00e9couvrez les secrets de beaut\u00e9 de Joseon avec le S\u00e9rum \u00c9clat Profond, un m\u00e9lange m\u00e9ticuleusement \u00e9labor\u00e9 \u00e0 base de riz et d\u2019alpha-arbutine pour un \u00e9clat incomparable. Att\u00e9nuez les taches brunes, les irr\u00e9gularit\u00e9s de pigmentation et les cicatrices d\u2019acn\u00e9 gr\u00e2ce \u00e0 une formule puissante enrichie en riz et en\u2026","rel":"","context":"Similar post","block_context":{"text":"Similar post","link":""},"img":{"alt_text":"","src":"","width":0,"height":0},"classes":[]},{"id":56129,"url":"https:\/\/sakaba.mghosteur.com\/en\/product\/advanced-clinicals-vitamin-c-brightening-serum\/","url_meta":{"origin":56232,"position":3},"title":"Advanced Clinicals Vitamin C Brightening Serum","author":"Sope DIA","date":"January 2, 2026","format":false,"excerpt":"S\u00c9RUM VISAGE \u00c0 LA VITAMINE C POUR UN TEINT \u00c9CLATANT \u2013 Ce s\u00e9rum \u00e0 la vitamine C contribue \u00e0 raviver l'\u00e9clat des peaux ternes et fatigu\u00e9es, pour un teint visiblement plus lumineux et \u00e9clatant. Formul\u00e9 par des chimistes cosm\u00e9tiques, il convient aux femmes et aux hommes souhaitant unifier leur teint\u2026","rel":"","context":"Similar post","block_context":{"text":"Similar post","link":""},"img":{"alt_text":"","src":"","width":0,"height":0},"classes":[]},{"id":56192,"url":"https:\/\/sakaba.mghosteur.com\/en\/product\/glow-filter-vitamin-illuminating-serum\/","url_meta":{"origin":56232,"position":4},"title":"Glow Filter Vitamin Illuminating Serum","author":"Sope DIA","date":"January 2, 2026","format":false,"excerpt":"\u00c9CLAT NATUREL \u00c0 LA VITAMINE C : VITAQUEEN Acerola 40 % procure une infusion rafra\u00eechissante, tonifie la peau, lui redonne de l'\u00e9clat et la rend plus saine pour une peau radieuse et \u00e9clatante \u2013 bonjour l'\u00e9clat ! TRIPLE SOIN BEAUT\u00c9 : La niacinamide 4 % + l'arbutine 2 % agissent\u2026","rel":"","context":"Similar post","block_context":{"text":"Similar post","link":""},"img":{"alt_text":"","src":"","width":0,"height":0},"classes":[]},{"id":31459,"url":"https:\/\/sakaba.mghosteur.com\/en\/product\/laneige-bouncy-firm-sleepling-mask-masque-de-nuit-60ml\/","url_meta":{"origin":56232,"position":5},"title":"LANEIGE BOUNCY &amp; FIRM SLEEPLING MASK MASQUE DE NUIT 60ML","author":"admin","date":"May 10, 2024","format":false,"excerpt":"D\u00e9couvrez le masque de nuit Bouncy & Firm de Laneige, un alli\u00e9 pour r\u00e9v\u00e9ler l'\u00e9clat naturel de votre peau. Ce masque nocturne est sp\u00e9cialement formul\u00e9 pour revitaliser et raffermir votre peau pendant que vous dormez. Enrichi d'un complexe \u00e0 base de pivoine et de collag\u00e8ne\u2122 ainsi que de peptides, il\u2026","rel":"","context":"Similar post","block_context":{"text":"Similar post","link":""},"img":{"alt_text":"","src":"","width":0,"height":0},"classes":[]}],"_links":{"self":[{"href":"https:\/\/sakaba.mghosteur.com\/en\/wp-json\/wp\/v2\/product\/56232","targetHints":{"allow":["GET"]}}],"collection":[{"href":"https:\/\/sakaba.mghosteur.com\/en\/wp-json\/wp\/v2\/product"}],"about":[{"href":"https:\/\/sakaba.mghosteur.com\/en\/wp-json\/wp\/v2\/types\/product"}],"replies":[{"embeddable":true,"href":"https:\/\/sakaba.mghosteur.com\/en\/wp-json\/wp\/v2\/comments?post=56232"}],"version-history":[{"count":1,"href":"https:\/\/sakaba.mghosteur.com\/en\/wp-json\/wp\/v2\/product\/56232\/revisions"}],"predecessor-version":[{"id":56234,"href":"https:\/\/sakaba.mghosteur.com\/en\/wp-json\/wp\/v2\/product\/56232\/revisions\/56234"}],"wp:attachment":[{"href":"https:\/\/sakaba.mghosteur.com\/en\/wp-json\/wp\/v2\/media?parent=56232"}],"wp:term":[{"taxonomy":"product_brand","embeddable":true,"href":"https:\/\/sakaba.mghosteur.com\/en\/wp-json\/wp\/v2\/product_brand?post=56232"},{"taxonomy":"product_cat","embeddable":true,"href":"https:\/\/sakaba.mghosteur.com\/en\/wp-json\/wp\/v2\/product_cat?post=56232"},{"taxonomy":"product_tag","embeddable":true,"href":"https:\/\/sakaba.mghosteur.com\/en\/wp-json\/wp\/v2\/product_tag?post=56232"}],"curies":[{"name":"wp","href":"https:\/\/api.w.org\/{rel}","templated":true}]}}