{"id":56235,"date":"2026-01-03T12:26:54","date_gmt":"2026-01-03T12:26:54","guid":{"rendered":"https:\/\/sakaba.mghosteur.com\/?post_type=product&#038;p=56235"},"modified":"2026-01-03T12:26:54","modified_gmt":"2026-01-03T12:26:54","slug":"watermelon-whipped-shea-body-butter","status":"publish","type":"product","link":"https:\/\/sakaba.mghosteur.com\/en\/product\/watermelon-whipped-shea-body-butter\/","title":{"rendered":"Watermelon Whipped Shea Body Butter"},"content":{"rendered":"<p>Redonnez \u00e0 votre peau toute son hydratation sans la sensation grasse des beurres corporels traditionnels. Notre formule l\u00e9g\u00e8re et a\u00e9rienne glisse sur la peau tout en l&#8217;hydratant intens\u00e9ment. Le Beurre Corporel Fouett\u00e9 \u00e0 la Past\u00e8que est le soin id\u00e9al apr\u00e8s le bain ou pour rafra\u00eechir votre peau. Son parfum rafra\u00eechissant de past\u00e8que laissera votre peau douce, hydrat\u00e9e et d\u00e9licieusement parfum\u00e9e\u00a0!<\/p>","protected":false},"excerpt":{"rendered":"<p>Redonnez \u00e0 votre peau toute son hydratation sans la sensation grasse des beurres corporels traditionnels. Notre formule l\u00e9g\u00e8re et a\u00e9rienne glisse sur la peau tout en l&#8217;hydratant intens\u00e9ment. Le Beurre Corporel Fouett\u00e9 \u00e0 la Past\u00e8que est le soin id\u00e9al apr\u00e8s le bain ou pour rafra\u00eechir votre peau. Son parfum rafra\u00eechissant de past\u00e8que laissera votre peau<span class=\"read-more-faq\"><a href=\"https:\/\/sakaba.mghosteur.com\/en\/product\/watermelon-whipped-shea-body-butter\/\">Read More<\/a><\/span><\/p>","protected":false},"featured_media":0,"comment_status":"open","ping_status":"closed","template":"","meta":[],"product_brand":[995],"product_cat":[286],"product_tag":[],"class_list":{"0":"post-56235","1":"product","2":"type-product","3":"status-publish","5":"product_brand-tree-hut","6":"product_cat-corps","8":"first","9":"instock","10":"shipping-taxable","11":"product-type-simple"},"jetpack-related-posts":[{"id":32195,"url":"https:\/\/sakaba.mghosteur.com\/en\/product\/tree-hut-whippep-shea-boby-butter-watermelon\/","url_meta":{"origin":56235,"position":0},"title":"TREE HUT WHIPPEP BOBY BUTTER WATERMELON","author":"admin","date":"May 13, 2024","format":false,"excerpt":"Imaginez une peau lisse et hydrat\u00e9e sans le poids des beurres corporels traditionnels. Le beurre corporel de karit\u00e9 fouett\u00e9 \u00e0 la past\u00e8que Tree Hut est le soin parfait pour la peau apr\u00e8s le bain ou comme rafra\u00eechisseur de peau. Il laissera votre peau douce et avec une odeur incroyable !\u2026","rel":"","context":"Similar post","block_context":{"text":"Similar post","link":""},"img":{"alt_text":"","src":"","width":0,"height":0},"classes":[]},{"id":26474,"url":"https:\/\/sakaba.mghosteur.com\/en\/product\/tree-hut-tropical-glow-firming-whipped-shea-body-butter\/","url_meta":{"origin":56235,"position":1},"title":"TREE HUT TROPICAL GLOW FIRMING WHIPPED SHEA BODY BUTTER","author":"admin","date":"November 25, 2022","format":false,"excerpt":"Un beurre corporel aromatis\u00e9. Offrez \u00e0 votre peau l'hydratation qu'elle m\u00e9rite en optant pour le beurre corporel fouett\u00e9 \u00e0 la past\u00e8que de Tree Hut. A\u00e9r\u00e9 et l\u00e9ger, ce beurre corporel p\u00e9n\u00e8tre rapidement dans la peau pour la nourrir en profondeur, am\u00e9liorer son \u00e9lasticit\u00e9, l'adoucir, retenir l'humidit\u00e9, offrir une exfoliation douce\u2026","rel":"","context":"Similar post","block_context":{"text":"Similar post","link":""},"img":{"alt_text":"","src":"","width":0,"height":0},"classes":[]},{"id":56238,"url":"https:\/\/sakaba.mghosteur.com\/en\/product\/tree-hut-vanilla-whipped-shea-body-butter\/","url_meta":{"origin":56235,"position":2},"title":"Tree Hut Vanilla Whipped Shea Body Butter","author":"Sope DIA","date":"January 3, 2026","format":false,"excerpt":"BEURRE CORPOREL \u00c0 LA VANILLE : Ce beurre corporel fouett\u00e9 hydrate durablement la peau et la laisse douce, lisse et \u00e9clatante. Son parfum chaud et onctueux m\u00eale des notes de vanille onctueuse, de bois de santal et de cr\u00e8me de coco. INGR\u00c9DIENTS BIENFAISANTS POUR LA PEAU\u00a0: Formul\u00e9 \u00e0 base de\u2026","rel":"","context":"Similar post","block_context":{"text":"Similar post","link":""},"img":{"alt_text":"","src":"","width":0,"height":0},"classes":[]},{"id":56108,"url":"https:\/\/sakaba.mghosteur.com\/en\/product\/advanced-clinicals-vitamin-c-advanced-brightening-cream\/","url_meta":{"origin":56235,"position":3},"title":"Advanced Clinicals Vitamin C Advanced Brightening Cream","author":"Sope DIA","date":"January 2, 2026","format":false,"excerpt":"Cr\u00e8me \u00e0 la vitamine C pour un teint \u00e9clatant \u2013 Cette cr\u00e8me corporelle avanc\u00e9e \u00e0 la vitamine C am\u00e9liore l'aspect des peaux ternes et lisse les irr\u00e9gularit\u00e9s du teint pour un \u00e9clat visible. Formul\u00e9e pour une peau radieuse et rafra\u00eechie, elle a \u00e9t\u00e9 con\u00e7ue par des chimistes cosm\u00e9tiques pour les\u2026","rel":"","context":"Similar post","block_context":{"text":"Similar post","link":""},"img":{"alt_text":"","src":"","width":0,"height":0},"classes":[]},{"id":56117,"url":"https:\/\/sakaba.mghosteur.com\/en\/product\/advanced-clinicals-vitamin-c-advanced-brightening-cream-2\/","url_meta":{"origin":56235,"position":4},"title":"Advanced Clinicals Vitamin C Advanced Brightening Cream","author":"Sope DIA","date":"January 2, 2026","format":false,"excerpt":"Cr\u00e8me \u00e0 la vitamine C pour un teint \u00e9clatant \u2013 Cette cr\u00e8me corporelle avanc\u00e9e \u00e0 la vitamine C am\u00e9liore l'aspect des peaux ternes et lisse les irr\u00e9gularit\u00e9s du teint pour un \u00e9clat visible. Formul\u00e9e pour une peau radieuse et rafra\u00eechie, elle a \u00e9t\u00e9 con\u00e7ue par des chimistes cosm\u00e9tiques pour les\u2026","rel":"","context":"Similar post","block_context":{"text":"Similar post","link":""},"img":{"alt_text":"","src":"","width":0,"height":0},"classes":[]},{"id":56105,"url":"https:\/\/sakaba.mghosteur.com\/en\/product\/advanced-clinicals-hyaluronic-acid-instant-skin-hydrator\/","url_meta":{"origin":56235,"position":5},"title":"Advanced Clinicals Hyaluronic Acid Instant Skin Hydrator","author":"Sope DIA","date":"January 2, 2026","format":false,"excerpt":"CR\u00c8ME \u00c0 L'ACIDE HYALURONIQUE HYDRATE ET REPULPE VISIBLEMENT LES PEAUX S\u00c8CHES \u2013 Cette cr\u00e8me pour le corps hydrate intens\u00e9ment pour une peau visiblement repulp\u00e9e et lisse. Elle retient l'hydratation essentielle, laissant la peau fra\u00eeche, souple et revitalis\u00e9e. Formul\u00e9e par des chimistes cosm\u00e9tiques pour les femmes et les hommes souhaitant int\u00e9grer\u2026","rel":"","context":"Similar post","block_context":{"text":"Similar post","link":""},"img":{"alt_text":"","src":"","width":0,"height":0},"classes":[]}],"_links":{"self":[{"href":"https:\/\/sakaba.mghosteur.com\/en\/wp-json\/wp\/v2\/product\/56235","targetHints":{"allow":["GET"]}}],"collection":[{"href":"https:\/\/sakaba.mghosteur.com\/en\/wp-json\/wp\/v2\/product"}],"about":[{"href":"https:\/\/sakaba.mghosteur.com\/en\/wp-json\/wp\/v2\/types\/product"}],"replies":[{"embeddable":true,"href":"https:\/\/sakaba.mghosteur.com\/en\/wp-json\/wp\/v2\/comments?post=56235"}],"version-history":[{"count":1,"href":"https:\/\/sakaba.mghosteur.com\/en\/wp-json\/wp\/v2\/product\/56235\/revisions"}],"predecessor-version":[{"id":56237,"href":"https:\/\/sakaba.mghosteur.com\/en\/wp-json\/wp\/v2\/product\/56235\/revisions\/56237"}],"wp:attachment":[{"href":"https:\/\/sakaba.mghosteur.com\/en\/wp-json\/wp\/v2\/media?parent=56235"}],"wp:term":[{"taxonomy":"product_brand","embeddable":true,"href":"https:\/\/sakaba.mghosteur.com\/en\/wp-json\/wp\/v2\/product_brand?post=56235"},{"taxonomy":"product_cat","embeddable":true,"href":"https:\/\/sakaba.mghosteur.com\/en\/wp-json\/wp\/v2\/product_cat?post=56235"},{"taxonomy":"product_tag","embeddable":true,"href":"https:\/\/sakaba.mghosteur.com\/en\/wp-json\/wp\/v2\/product_tag?post=56235"}],"curies":[{"name":"wp","href":"https:\/\/api.w.org\/{rel}","templated":true}]}}